{"id":37420,"date":"2026-03-18T16:30:37","date_gmt":"2026-03-18T16:30:37","guid":{"rendered":"https:\/\/soydeaqui.ddns.net\/pachuca\/index.php\/producto\/modulo-de-baterias-externas-epb-para-extension-de-tiempo-de-respaldo-compatible-con-ups-topologia-online-de-5-6-y-10-kva-de-panduit\/"},"modified":"2026-03-18T16:30:42","modified_gmt":"2026-03-18T16:30:42","slug":"modulo-de-baterias-externas-epb-para-extension-de-tiempo-de-respaldo-compatible-con-ups-topologia-online-de-5-6-y-10-kva-de-panduit","status":"publish","type":"product","link":"https:\/\/soydeaqui.ddns.net\/pachuca\/index.php\/producto\/modulo-de-baterias-externas-epb-para-extension-de-tiempo-de-respaldo-compatible-con-ups-topologia-online-de-5-6-y-10-kva-de-panduit\/","title":{"rendered":"M\u00f3dulo de Bater\u00edas Externas (EPB), Para Extensi\u00f3n de Tiempo de Respaldo, Compatible con UPS Topolog\u00eda Online de 5, 6, y 10 kVA de Panduit"},"content":{"rendered":"<div style='width: 100%; max-width: 1200px; margin: 0 auto; font-family: sans-serif; line-height: 1.6; color: inherit; background-color: transparent;'> <!-- Imagen del producto --> <\/p>\n<div style='display: flex; justify-content: center; margin-bottom: 30px;'> <img style='width: 100%; max-width: 466px; height: auto; border: 1px solid rgba(150&comma;150&comma;150&comma;0.3); border-radius: 8px;' src='https:\/\/ftp3.syscom.mx\/usuarios\/fotos\/U01S11V\/211237-descarga.png' alt=''> <\/div>\n<p> <!-- Descripci\u00f3n principal --> <\/p>\n<div style='margin-bottom: 30px;'>\n<p style='font-size: 15px; margin: 0 0 15px; color: inherit;'>La UPS SmartZone\u2122 de Panduit\u00ae&comma; con bater\u00edas VRLA libres de mantenimiento y unidades monof\u00e1sicas de 5\u201310kVA de 208 V y 230 V&comma; es un sistema puro de Doble Conversi\u00f3n en L\u00ednea que brinda protecci\u00f3n y respaldo de alimentaci\u00f3n el\u00e9ctrica altamente eficientes y seguros para su equipo IT. Con su excelente rendimiento el\u00e9ctrico&comma; monitoreo inteligente mejorado y funciones de red&comma; cumple con ENERGY STAR\u00ae 2.0&comma; de compatibilidad electromagn\u00e9tica (EMC) y est\u00e1ndares de seguridad con el fin de satisfacer las crecientes demandas energ\u00e9ticas de los centros de datos&comma; las empresas y los equipos de IT Edge.<\/p>\n<\/p><\/div>\n<p> <!-- Especificaciones t\u00e9cnicas --> <\/p>\n<div style='margin-bottom: 30px;'>\n<h3 style='font-size: 22px; border-bottom: 2px solid currentColor; padding-bottom: 5px; margin-top: 0; margin-bottom: 15px; color: inherit; opacity: 0.8;'>Especificaciones t\u00e9cnicas<\/h3>\n<ul style='padding-left: 20px; font-size: 15px; color: inherit; list-style-type: disc;'>\n<li style='margin-bottom: 5px;'><strong>Voltaje de Operaci\u00f3n:<\/strong> 240 Vcd<\/li>\n<li style='margin-bottom: 5px;'><strong>Bater\u00edas:<\/strong> 12V\/9Ah tipo VRLA<\/li>\n<li style='margin-bottom: 5px;'><strong>Cantidad de bater\u00edas:<\/strong> 20<\/li>\n<li style='margin-bottom: 5px;'>Tecnolog\u00eda de carga r\u00e1pida<\/li>\n<li style='margin-bottom: 5px;'><strong>Tiempo t\u00edpico de recarga:<\/strong> 4-6 horas<\/li>\n<li style='margin-bottom: 5px;'><strong>Tama\u00f1o de Rack:<\/strong> 3U<\/li>\n<li style='margin-bottom: 5px;'><strong>Dimensiones:<\/strong> 440 x 133 x 666 mm (Ancho x Alto x Profundidad)<\/li>\n<li style='margin-bottom: 5px;'><strong>Peso:<\/strong> 67.5 Kg<\/li>\n<li style='margin-bottom: 5px;'><strong>GARANT\u00cdA:<\/strong> 2 a\u00f1os en bater\u00eda<\/li>\n<\/ul><\/div>\n<\/p><\/div>\n","protected":false},"excerpt":{"rendered":"<p>M\u00f3dulo de Bater\u00edas Externas (EPB), Para Extensi\u00f3n de Tiempo de Respaldo, Compatible con UPS Topolog\u00eda Online de 5, 6, y 10 kVA de Panduit<\/p>\n","protected":false},"featured_media":37419,"comment_status":"open","ping_status":"closed","template":"","meta":[],"product_brand":[],"product_cat":[1061],"product_tag":[445,1063,1062],"class_list":{"0":"post-37420","1":"product","2":"type-product","3":"status-publish","4":"has-post-thumbnail","6":"product_cat-ups-no-breaks","7":"product_tag-panduit","8":"product_tag-ups-no-breaks","9":"product_tag-ups-respaldo","11":"first","12":"outofstock","13":"sale","14":"shipping-taxable","15":"purchasable","16":"product-type-simple"},"_links":{"self":[{"href":"https:\/\/soydeaqui.ddns.net\/pachuca\/index.php\/wp-json\/wp\/v2\/product\/37420","targetHints":{"allow":["GET"]}}],"collection":[{"href":"https:\/\/soydeaqui.ddns.net\/pachuca\/index.php\/wp-json\/wp\/v2\/product"}],"about":[{"href":"https:\/\/soydeaqui.ddns.net\/pachuca\/index.php\/wp-json\/wp\/v2\/types\/product"}],"replies":[{"embeddable":true,"href":"https:\/\/soydeaqui.ddns.net\/pachuca\/index.php\/wp-json\/wp\/v2\/comments?post=37420"}],"wp:featuredmedia":[{"embeddable":true,"href":"https:\/\/soydeaqui.ddns.net\/pachuca\/index.php\/wp-json\/wp\/v2\/media\/37419"}],"wp:attachment":[{"href":"https:\/\/soydeaqui.ddns.net\/pachuca\/index.php\/wp-json\/wp\/v2\/media?parent=37420"}],"wp:term":[{"taxonomy":"product_brand","embeddable":true,"href":"https:\/\/soydeaqui.ddns.net\/pachuca\/index.php\/wp-json\/wp\/v2\/product_brand?post=37420"},{"taxonomy":"product_cat","embeddable":true,"href":"https:\/\/soydeaqui.ddns.net\/pachuca\/index.php\/wp-json\/wp\/v2\/product_cat?post=37420"},{"taxonomy":"product_tag","embeddable":true,"href":"https:\/\/soydeaqui.ddns.net\/pachuca\/index.php\/wp-json\/wp\/v2\/product_tag?post=37420"}],"curies":[{"name":"wp","href":"https:\/\/api.w.org\/{rel}","templated":true}]}}