{"id":3741,"date":"2026-03-18T06:11:25","date_gmt":"2026-03-18T06:11:25","guid":{"rendered":"https:\/\/soydeaqui.ddns.net\/pachuca\/index.php\/producto\/kit-de-alarma-vista48-con-comunicador-2g-boton-de-panico-y-deteccion-de-caidas-inalambrico-gabinete-transformador-y-bateria\/"},"modified":"2026-03-18T06:11:25","modified_gmt":"2026-03-18T06:11:25","slug":"kit-de-alarma-vista48-con-comunicador-2g-boton-de-panico-y-deteccion-de-caidas-inalambrico-gabinete-transformador-y-bateria","status":"publish","type":"product","link":"https:\/\/soydeaqui.ddns.net\/pachuca\/index.php\/producto\/kit-de-alarma-vista48-con-comunicador-2g-boton-de-panico-y-deteccion-de-caidas-inalambrico-gabinete-transformador-y-bateria\/","title":{"rendered":"Kit de Alarma VISTA48 con Comunicador 2G, Bot\u00f3n de P\u00e1nico y Detecci\u00f3n de Ca\u00eddas inal\u00e1mbrico, Gabinete, transformador y Bater\u00eda"},"content":{"rendered":"<div style='width: 100%; max-width: 1200px; margin: 0 auto; font-family: sans-serif; line-height: 1.6; color: inherit; background-color: transparent;'> <!-- Imagen principal --> <\/p>\n<div style='width: 100%; margin-bottom: 30px;'> <img style='width: 100%; height: auto; border: 1px solid rgba(150&comma;150&comma;150&comma;0.3); border-radius: 8px;' src='https:\/\/ftp3.syscom.mx\/usuarios\/vvega\/M2M\/mini012g\/MINI012G - Banner.jpg' alt=''> <\/div>\n<p> <!-- Nota importante --> <\/p>\n<div style='width: 100%; margin-bottom: 30px; text-align: center;'> <em style='color: inherit; font-size: 14px; opacity: 0.8;'>*NOTA: Estos equipos adquiridos en cualquier categoria de &#8216;asterisco&#8217; pueden variar los meses de servicio<\/em> <\/div>\n<p> <!-- Nombre del producto --> <\/p>\n<div style='width: 100%; margin-bottom: 30px; text-align: center;'> <img style='width: 300px; height: auto; border: 1px solid rgba(150&comma;150&comma;150&comma;0.3); border-radius: 8px;' src='https:\/\/ftp3.syscom.mx\/usuarios\/vvega\/M2M\/mini012g\/MINI012G Nombre.png' alt=''> <\/div>\n<p> <!-- T\u00edtulo principal --> <\/p>\n<div style='width: 100%; margin-bottom: 30px; text-align: center;'>\n<h3 style='font-size: 24px; border-bottom: 2px solid currentColor; padding-bottom: 5px; margin-top: 0; color: inherit; opacity: 0.8;'>Comunicador de Alarma UNIVERSAL 2G<\/h3>\n<\/p><\/div>\n<p> <!-- Descripci\u00f3n principal --> <\/p>\n<div style='width: 100%; margin-bottom: 30px; text-align: center;'>\n<p style='margin: 0 auto; max-width: 800px; font-size: 16px; color: inherit; opacity: 0.9;'>Comunicador Multimarca \u00fanico en el mercado extremadamente peque\u00f1o compatible con el 99% de paneles de alarma para el env\u00edo de eventos y poder armar y desarmar&comma; todo desde una sola aplicaci\u00f3n (RCONTROL)&comma; ideal para convertir tu panel de alarma en un equipo inteligente!<\/p>\n<\/p><\/div>\n<p> <!-- Secci\u00f3n de caracter\u00edsticas en 3 columnas --> <\/p>\n<div style='display: flex; flex-wrap: wrap; gap: 30px; margin-bottom: 30px;'> <!-- Caracter\u00edstica 1 --> <\/p>\n<div style='flex: 1 1 300px; min-width: 280px;'>\n<div style='width: 100%; border: 1px solid rgba(150&comma; 150&comma; 150&comma; 0.4); border-radius: 8px; overflow: hidden; display: flex; flex-direction: column;'>\n<div style='background-color: rgba(238&comma;238&comma;238&comma;0.8); padding: 0;'> <img style='width: 100%; height: auto; border: none;' src='https:\/\/ftp3.syscom.mx\/usuarios\/vvega\/M2M\/mini012g\/mini012g.png' alt=''> <\/div>\n<div style='border-top: 5px solid #1449b8; padding: 15px; background-color: #fff;'>\n<h4 style='font-size: 18px; margin-top: 0; color: inherit;'>Comunicador LITE Red 2G<\/h4>\n<p style='color: gray; font-size: 14px; margin: 5px 0 15px;'>Principales<\/p>\n<ul style='padding-left: 20px; margin: 0; font-size: 14px; color: inherit;'>\n<li style='margin-bottom: 5px;'>Extremo Alta Seguridad.<\/li>\n<li style='margin-bottom: 5px;'>SIM Incluido (opera con TELCEL).<\/li>\n<li style='margin-bottom: 5px;'>Incluye 1 A\u00d1O servicio 2G sin Costo.<\/li>\n<li style='margin-bottom: 5px;'>A\u00f1o adicional agregando <a href='https:\/\/www.syscom.mx\/principal\/searchcont?route=VOUCHER1Y-M2M-SERVICES-93423&#038;autodetect=voucher1y' target='_blank' rel='noopener' style='color: #1449b8; text-decoration: underline;'>VOUCHER1Y.<\/a><\/li>\n<li style='margin-bottom: 5px;'><strong style='color: inherit;'>NOTA:<\/strong> <em style='color: inherit;'>Si el voucher no es renovado dentro del mes correspondiente una vez finalizado su anualidad&comma; el equipo pasara a suspendido y se tendra que adquirir un REACTIVAM2M + VOUCHER1Y<\/em><\/li>\n<\/ul><\/div>\n<\/p><\/div>\n<\/p><\/div>\n<p> <!-- Caracter\u00edstica 2 --> <\/p>\n<div style='flex: 1 1 300px; min-width: 280px;'>\n<div style='width: 100%; border: 1px solid rgba(150&comma; 150&comma; 150&comma; 0.4); border-radius: 8px; overflow: hidden; display: flex; flex-direction: column;'>\n<div style='background-color: rgba(238&comma;238&comma;238&comma;0.8); padding: 0;'> <img style='width: 100%; height: auto; border: none;' src='https:\/\/ftp3.syscom.mx\/usuarios\/vvega\/M2M\/mini012g\/Mini012g - RControl.png' alt=''> <\/div>\n<div style='border-top: 5px solid #1449b8; padding: 15px; background-color: #fff;'>\n<h4 style='font-size: 18px; margin-top: 0; color: inherit;'>1 A\u00f1o de Servicio GRATIS<\/h4>\n<p style='color: gray; font-size: 14px; margin: 5px 0 15px;'>Aplicacion y Plataforma<\/p>\n<ul style='padding-left: 20px; margin: 0; font-size: 14px; color: inherit;'>\n<li style='margin-bottom: 5px;'><strong style='color: inherit;'>LOGO<\/strong> Directo en la aplicacion GRATIS!<\/li>\n<li style='margin-bottom: 5px;'><strong style='color: inherit;'>Armado Total y Desarmado<\/strong> desde la APP.<\/li>\n<li style='margin-bottom: 5px;'><strong style='color: inherit;'>Notificaciones PUSH<\/strong> y por correo electronico.<\/li>\n<li style='margin-bottom: 5px;'>Identificacion de usuarios y posibilidad de etiquetado de zonas.<\/li>\n<li style='margin-bottom: 5px;'>Soporta hasta 100 usuarios en la APP con identificacion (quien armo \/desarmo)<\/li>\n<li style='margin-bottom: 5px;'>1 a\u00f1o de Historial de Eventos.<\/li>\n<\/ul><\/div>\n<\/p><\/div>\n<\/p><\/div>\n<p> <!-- Caracter\u00edstica 3 --> <\/p>\n<div style='flex: 1 1 300px; min-width: 280px;'>\n<div style='width: 100%; border: 1px solid rgba(150&comma; 150&comma; 150&comma; 0.4); border-radius: 8px; overflow: hidden; display: flex; flex-direction: column;'>\n<div style='background-color: rgba(238&comma;238&comma;238&comma;0.8); padding: 0;'> <img style='width: 100%; height: auto; border: none;' src='https:\/\/ftp3.syscom.mx\/usuarios\/vvega\/M2M\/mini012g\/mini012g.png' alt=''> <\/div>\n<div style='border-top: 5px solid #1449b8; padding: 15px; background-color: #fff;'>\n<h4 style='font-size: 18px; margin-top: 0; color: inherit;'>Peque\u00f1o y Ligero<\/h4>\n<p style='color: gray; font-size: 14px; margin: 5px 0 15px;'>Especificaciones Tecnicas<\/p>\n<ul style='padding-left: 20px; margin: 0; font-size: 14px; color: inherit;'>\n<li style='margin-bottom: 5px;'>GSM\/GPRS Quaq-band<\/li>\n<li style='margin-bottom: 5px;'>Fuente Principal de 7 a 18 Vcc<\/li>\n<li style='margin-bottom: 5px;'>Consumo: 15 mA en espera&comma; pico 200 mA<\/li>\n<li style='margin-bottom: 5px;'>Soporta ContactID \/ SIA<\/li>\n<li style='margin-bottom: 5px;'>Antena: SMA&comma; 50 ohms<\/li>\n<li style='margin-bottom: 5px;'>Dimensiones: 3 x 4.5 x 1.5 cms<\/li>\n<li style='margin-bottom: 5px;'>Peso sin Antena: 25 gr<\/li>\n<\/ul><\/div>\n<\/p><\/div>\n<\/p><\/div>\n<\/p><\/div>\n<p> <!-- Nota general --> <\/p>\n<div style='width: 100%; margin: 30px 0; text-align: center;'>\n<p style='font-size: 14px; color: inherit;'><strong style='color: inherit;'>NOTA:<\/strong> Estos dispositivos trabajan sobre redes celulares por lo que su operatividad depende de la estabilidad de estos servicios.<\/p>\n<\/p><\/div>\n<p> <!-- Imagen CMS --> <\/p>\n<div style='width: 100%; margin-bottom: 30px;'> <img style='width: 100%; height: auto; border: 1px solid rgba(150&comma;150&comma;150&comma;0.3); border-radius: 8px;' src='https:\/\/ftp3.syscom.mx\/usuarios\/vvega\/M2M\/mini012g\/CMS.jpg' alt=''> <\/div>\n<p> <!-- Programaci\u00f3n remota --> <\/p>\n<div style='width: 100%; margin-bottom: 30px; text-align: center;'>\n<h3 style='font-size: 20px; color: #c0392b; margin-top: 0; margin-bottom: 10px;'>Evite traslados Innecesarios con Programaci\u00f3n Remota<\/h3>\n<p style='margin: 5px 0; color: inherit;'><strong style='color: inherit;'>Programaci\u00f3n Remota (Compatible con Honeywell\u00ae y DSC)<\/strong><\/p>\n<p style='margin: 5px 0; color: inherit;'>Realizar configuraciones en el panel sin tener que ir al lugar donde est\u00e1 instalado.<\/p>\n<p style='margin-top: 15px; color: inherit;'>El t\u00e9cnico \u00fanicamente reemplaza o instala equipos pero la configuraci\u00f3n se realiza remotamente desde la Central (mayor seguridad).<\/p>\n<\/p><\/div>\n<p> <!-- Contenido del kit --> <\/p>\n<div style='width: 100%; margin-bottom: 30px;'>\n<h4 style='font-size: 18px; border-bottom: 2px solid currentColor; padding-bottom: 5px; margin-top: 0; color: inherit; opacity: 0.8;'>EL KIT INCLUYE<\/h4>\n<ul style='padding-left: 20px; font-size: 14px; color: inherit;'>\n<li style='margin-bottom: 5px;'>-1 Panel de alarma con teclado 6162RF y gabinete VISTA48 SGRPRUV4<\/li>\n<li style='margin-bottom: 5px;'>-1 Comunicador con antena MINI012G<\/li>\n<li style='margin-bottom: 5px;'>-1 Bot\u00f3n de P\u00e1nico SFWSTFALL<\/li>\n<li style='margin-bottom: 5px;'>-1 Transformador RT1640LS<\/li>\n<li style='margin-bottom: 5px;'>-1 Bater\u00eda PL4.512<\/li>\n<\/ul><\/div>\n<\/p><\/div>\n","protected":false},"excerpt":{"rendered":"<p>Kit de Alarma VISTA48 con Comunicador 2G, Bot\u00f3n de P\u00e1nico y Detecci\u00f3n de Ca\u00eddas inal\u00e1mbrico, Gabinete, transformador y Bater\u00eda<\/p>\n","protected":false},"featured_media":3740,"comment_status":"open","ping_status":"closed","template":"","meta":[],"product_brand":[],"product_cat":[179],"product_tag":[45,61,180],"class_list":{"0":"post-3741","1":"product","2":"type-product","3":"status-publish","4":"has-post-thumbnail","6":"product_cat-paneles-de-alarma-total-connect-honeywell","7":"product_tag-honeywell-home-resideo","8":"product_tag-paneles-de-alarma","9":"product_tag-total-connect-honeywell","11":"first","12":"outofstock","13":"sale","14":"shipping-taxable","15":"purchasable","16":"product-type-simple"},"_links":{"self":[{"href":"https:\/\/soydeaqui.ddns.net\/pachuca\/index.php\/wp-json\/wp\/v2\/product\/3741","targetHints":{"allow":["GET"]}}],"collection":[{"href":"https:\/\/soydeaqui.ddns.net\/pachuca\/index.php\/wp-json\/wp\/v2\/product"}],"about":[{"href":"https:\/\/soydeaqui.ddns.net\/pachuca\/index.php\/wp-json\/wp\/v2\/types\/product"}],"replies":[{"embeddable":true,"href":"https:\/\/soydeaqui.ddns.net\/pachuca\/index.php\/wp-json\/wp\/v2\/comments?post=3741"}],"wp:featuredmedia":[{"embeddable":true,"href":"https:\/\/soydeaqui.ddns.net\/pachuca\/index.php\/wp-json\/wp\/v2\/media\/3740"}],"wp:attachment":[{"href":"https:\/\/soydeaqui.ddns.net\/pachuca\/index.php\/wp-json\/wp\/v2\/media?parent=3741"}],"wp:term":[{"taxonomy":"product_brand","embeddable":true,"href":"https:\/\/soydeaqui.ddns.net\/pachuca\/index.php\/wp-json\/wp\/v2\/product_brand?post=3741"},{"taxonomy":"product_cat","embeddable":true,"href":"https:\/\/soydeaqui.ddns.net\/pachuca\/index.php\/wp-json\/wp\/v2\/product_cat?post=3741"},{"taxonomy":"product_tag","embeddable":true,"href":"https:\/\/soydeaqui.ddns.net\/pachuca\/index.php\/wp-json\/wp\/v2\/product_tag?post=3741"}],"curies":[{"name":"wp","href":"https:\/\/api.w.org\/{rel}","templated":true}]}}