{"id":37370,"date":"2026-03-18T16:29:23","date_gmt":"2026-03-18T16:29:23","guid":{"rendered":"https:\/\/soydeaqui.ddns.net\/pachuca\/index.php\/producto\/microinversor-800-w-127-vca-para-interconexion-a-red-electrica-ip67-conexion-para-cable-troncal-soporta-oversizing-a-2-modulos-de-hasta-540-w\/"},"modified":"2026-03-18T16:29:30","modified_gmt":"2026-03-18T16:29:30","slug":"microinversor-800-w-127-vca-para-interconexion-a-red-electrica-ip67-conexion-para-cable-troncal-soporta-oversizing-a-2-modulos-de-hasta-540-w","status":"publish","type":"product","link":"https:\/\/soydeaqui.ddns.net\/pachuca\/index.php\/producto\/microinversor-800-w-127-vca-para-interconexion-a-red-electrica-ip67-conexion-para-cable-troncal-soporta-oversizing-a-2-modulos-de-hasta-540-w\/","title":{"rendered":"Microinversor 800 W, 127 Vca, para Interconexi\u00f3n a Red El\u00e9ctrica, IP67, Conexi\u00f3n para Cable Troncal, Soporta Oversizing a 2 M\u00f3dulos de Hasta 540 W"},"content":{"rendered":"<div style='width: 100%; max-width: 1200px; margin: 0 auto; font-family: sans-serif; line-height: 1.6; color: inherit;'> <!-- Secci\u00f3n de im\u00e1genes y descripciones --> <\/p>\n<div style='display: flex; flex-wrap: wrap; gap: 30px; margin-bottom: 30px;'>\n<div style='flex: 1 1 300px; min-width: 280px; text-align: center;'> <img style='width: 100%; height: auto; border: 1px solid rgba(150&comma;150&comma;150&comma;0.3); border-radius: 8px;' src='https:\/\/ftp3.syscom.mx\/usuarios\/mchaparro\/HOYMILES\/SINGLE1.png' alt='Monitoreo y administraci\u00f3n'> <\/p>\n<p style='margin-top: 15px; font-size: 15px; color: inherit;'>Monitoreo y administraci\u00f3n v\u00eda app o PC por medio del DTUPROS<\/p>\n<\/p><\/div>\n<div style='flex: 1 1 300px; min-width: 280px; text-align: center;'> <img style='width: 100%; height: auto; border: 1px solid rgba(150&comma;150&comma;150&comma;0.3); border-radius: 8px;' src='https:\/\/ftp3.syscom.mx\/usuarios\/mchaparro\/HOYMILES\/SINGLE2.png' alt='Protecci\u00f3n IP67'> <\/p>\n<p style='margin-top: 15px; font-size: 15px; color: inherit;'>IP67 ideal para instalar a la intemperie debajo del mismo montaje de los m\u00f3dulos<\/p>\n<\/p><\/div>\n<div style='flex: 1 1 300px; min-width: 280px; text-align: center;'> <img style='width: 100%; height: auto; border: 1px solid rgba(150&comma;150&comma;150&comma;0.3); border-radius: 8px;' src='https:\/\/ftp3.syscom.mx\/usuarios\/mchaparro\/HOYMILES\/SINGLE3.png' alt='Plataforma de monitoreo'> <\/p>\n<p style='margin-top: 15px; font-size: 15px; color: inherit;'>Plataforma de monitoreo por medio de DTUPROS con gr\u00e1ficas de generaci\u00f3n diaria<\/p>\n<p style='margin-top: 10px; font-size: 14px; color: inherit; opacity: 0.8;'>No incluye el DTU para monitoreo DTUPROS<\/p>\n<\/p><\/div>\n<\/p><\/div>\n<p> <!-- Secci\u00f3n de especificaciones --> <\/p>\n<div style='margin-bottom: 40px;'>\n<h3 style='font-size: 22px; border-bottom: 2px solid currentColor; padding-bottom: 5px; margin-top: 0; color: inherit; opacity: 0.8;'>Especificaciones<\/h3>\n<div style='display: grid; grid-template-columns: 1fr 2fr 1fr; gap: 20px; margin-top: 20px;'>\n<div style='grid-column: span 3; display: contents;'>\n<div style='font-weight: bold; padding: 10px; background-color: rgba(150&comma;150&comma;150&comma;0.1); border-radius: 4px; grid-column: span 3;'>Datos de entrada de Corriente Directa (CD)<\/div>\n<div style='padding: 10px; border-bottom: 1px solid rgba(150&comma;150&comma;150&comma;0.3);'>Potencia M\u00e1xima Fotovoltaica en Watts<\/div>\n<div style='padding: 10px; border-bottom: 1px solid rgba(150&comma;150&comma;150&comma;0.3);'><\/div>\n<div style='padding: 10px; border-bottom: 1px solid rgba(150&comma;150&comma;150&comma;0.3); text-align: right;'>2 x 540 W<\/div>\n<div style='padding: 10px; border-bottom: 1px solid rgba(150&comma;150&comma;150&comma;0.3);'>Voltaje M\u00e1ximo de entrada (Voc)<\/div>\n<div style='padding: 10px; border-bottom: 1px solid rgba(150&comma;150&comma;150&comma;0.3);'><\/div>\n<div style='padding: 10px; border-bottom: 1px solid rgba(150&comma;150&comma;150&comma;0.3); text-align: right;'>65 Vcc<\/div>\n<div style='padding: 10px; border-bottom: 1px solid rgba(150&comma;150&comma;150&comma;0.3);'>Corriente m\u00e1xima de corriente directa<\/div>\n<div style='padding: 10px; border-bottom: 1px solid rgba(150&comma;150&comma;150&comma;0.3);'><\/div>\n<div style='padding: 10px; border-bottom: 1px solid rgba(150&comma;150&comma;150&comma;0.3); text-align: right;'>2 x 25 A<\/div>\n<div style='font-weight: bold; padding: 10px; background-color: rgba(150&comma;150&comma;150&comma;0.1); border-radius: 4px; grid-column: span 3; margin-top: 20px;'>Par\u00e1metros de Salida de Corriente Alterna (CA)<\/div>\n<div style='padding: 10px; border-bottom: 1px solid rgba(150&comma;150&comma;150&comma;0.3);'>Potencia m\u00e1xima de salida<\/div>\n<div style='padding: 10px; border-bottom: 1px solid rgba(150&comma;150&comma;150&comma;0.3);'><\/div>\n<div style='padding: 10px; border-bottom: 1px solid rgba(150&comma;150&comma;150&comma;0.3); text-align: right;'>800 W<\/div>\n<div style='padding: 10px; border-bottom: 1px solid rgba(150&comma;150&comma;150&comma;0.3);'>Voltaje nominal de salida CA<\/div>\n<div style='padding: 10px; border-bottom: 1px solid rgba(150&comma;150&comma;150&comma;0.3);'><\/div>\n<div style='padding: 10px; border-bottom: 1px solid rgba(150&comma;150&comma;150&comma;0.3); text-align: right;'>127 Vca<\/div>\n<div style='padding: 10px; border-bottom: 1px solid rgba(150&comma;150&comma;150&comma;0.3);'>Corriente m\u00e1xima CA<\/div>\n<div style='padding: 10px; border-bottom: 1px solid rgba(150&comma;150&comma;150&comma;0.3);'><\/div>\n<div style='padding: 10px; border-bottom: 1px solid rgba(150&comma;150&comma;150&comma;0.3); text-align: right;'>6.67 A<\/div>\n<div style='font-weight: bold; padding: 10px; background-color: rgba(150&comma;150&comma;150&comma;0.1); border-radius: 4px; grid-column: span 3; margin-top: 20px;'>Datos Generales<\/div>\n<div style='padding: 10px; border-bottom: 1px solid rgba(150&comma;150&comma;150&comma;0.3);'>Eficiencia m\u00e1xima<\/div>\n<div style='padding: 10px; border-bottom: 1px solid rgba(150&comma;150&comma;150&comma;0.3);'><\/div>\n<div style='padding: 10px; border-bottom: 1px solid rgba(150&comma;150&comma;150&comma;0.3); text-align: right;'>99.8 %<\/div>\n<div style='padding: 10px; border-bottom: 1px solid rgba(150&comma;150&comma;150&comma;0.3);'>Frecuencia nominal\/rangos<\/div>\n<div style='padding: 10px; border-bottom: 1px solid rgba(150&comma;150&comma;150&comma;0.3);'><\/div>\n<div style='padding: 10px; border-bottom: 1px solid rgba(150&comma;150&comma;150&comma;0.3); text-align: right;'>55 &#8211; 65 Hz<\/div>\n<div style='padding: 10px; border-bottom: 1px solid rgba(150&comma;150&comma;150&comma;0.3);'>Dimensiones<\/div>\n<div style='padding: 10px; border-bottom: 1px solid rgba(150&comma;150&comma;150&comma;0.3);'><\/div>\n<div style='padding: 10px; border-bottom: 1px solid rgba(150&comma;150&comma;150&comma;0.3); text-align: right;'>261 x 180 x 31 mm<\/div>\n<div style='padding: 10px; border-bottom: 1px solid rgba(150&comma;150&comma;150&comma;0.3);'>Peso<\/div>\n<div style='padding: 10px; border-bottom: 1px solid rgba(150&comma;150&comma;150&comma;0.3);'><\/div>\n<div style='padding: 10px; border-bottom: 1px solid rgba(150&comma;150&comma;150&comma;0.3); text-align: right;'>3.1 Kg<\/div>\n<div style='padding: 10px; border-bottom: 1px solid rgba(150&comma;150&comma;150&comma;0.3);'>N\u00famero de unidades por ramal<\/div>\n<div style='padding: 10px; border-bottom: 1px solid rgba(150&comma;150&comma;150&comma;0.3);'><\/div>\n<div style='padding: 10px; border-bottom: 1px solid rgba(150&comma;150&comma;150&comma;0.3); text-align: right;'>3 Microinversores<\/div>\n<div style='padding: 10px; border-bottom: 1px solid rgba(150&comma;150&comma;150&comma;0.3);'>Certificados<\/div>\n<div style='padding: 10px; border-bottom: 1px solid rgba(150&comma;150&comma;150&comma;0.3);'><\/div>\n<div style='padding: 10px; border-bottom: 1px solid rgba(150&comma;150&comma;150&comma;0.3); text-align: right;'>UL1741&comma; IEEE1547<\/div>\n<\/p><\/div>\n<\/p><\/div>\n<\/p><\/div>\n<p> <!-- Secci\u00f3n de caracter\u00edsticas --> <\/p>\n<div style='margin-bottom: 40px;'>\n<h3 style='font-size: 22px; border-bottom: 2px solid currentColor; padding-bottom: 5px; margin-top: 0; color: inherit; opacity: 0.8;'>Caracter\u00edsticas<\/h3>\n<ul style='padding-left: 20px; font-size: 15px; color: inherit; margin-top: 20px;'>\n<li style='margin-bottom: 8px;'>Dual MPPT<\/li>\n<li style='margin-bottom: 8px;'>Disipador de calor de aluminio<\/li>\n<li style='margin-bottom: 8px;'>2 pares de conectores MC4<\/li>\n<li style='margin-bottom: 8px;'>Instalaci\u00f3n en zonas reducidas o dif\u00edciles<\/li>\n<li style='margin-bottom: 8px;'>Escalable<\/li>\n<li style='margin-bottom: 8px;'>Super ligero<\/li>\n<\/ul><\/div>\n<p> <!-- Secci\u00f3n de ventajas --> <\/p>\n<div style='margin-bottom: 40px;'>\n<h3 style='font-size: 22px; border-bottom: 2px solid currentColor; padding-bottom: 5px; margin-top: 0; color: inherit; opacity: 0.8;'>Ventajas<\/h3>\n<ul style='padding-left: 20px; font-size: 15px; color: inherit; margin-top: 20px;'>\n<li style='margin-bottom: 8px;'>Bajo costo de inversi\u00f3n<\/li>\n<li style='margin-bottom: 8px;'>Conexi\u00f3n y generaci\u00f3n de paneles independiente<\/li>\n<li style='margin-bottom: 8px;'>Encendido ultrarr\u00e1pido<\/li>\n<li style='margin-bottom: 8px;'>Notificaciones en tiempo real<\/li>\n<li style='margin-bottom: 8px;'>Monitoreo de rendimiento de forma remota con DTU<\/li>\n<\/ul><\/div>\n<p> <!-- Secci\u00f3n de beneficios --> <\/p>\n<div style='margin-bottom: 40px;'>\n<h3 style='font-size: 22px; border-bottom: 2px solid currentColor; padding-bottom: 5px; margin-top: 0; color: inherit; opacity: 0.8;'>Beneficios<\/h3>\n<ul style='padding-left: 20px; font-size: 15px; color: inherit; margin-top: 20px;'>\n<li style='margin-bottom: 8px;'>Alta eficiencia&comma; excelente beneficio<\/li>\n<li style='margin-bottom: 8px;'>M\u00e1xima eficiencia de conversi\u00f3n&comma; hasta 95%<\/li>\n<li style='margin-bottom: 8px;'>Aproveche al m\u00e1ximo la potencia del sol con tecnolog\u00eda MPPT<\/li>\n<\/ul><\/div>\n<p> <!-- Separador final --> <\/p>\n<hr style='border: 0; border-top: 1px solid rgba(150&comma; 150&comma; 150&comma; 0.3); margin: 40px 0;'> <\/div>\n","protected":false},"excerpt":{"rendered":"<p>Microinversor 800 W, 127 Vca, para Interconexi\u00f3n a Red El\u00e9ctrica, IP67, Conexi\u00f3n para Cable Troncal, Soporta Oversizing a 2 M\u00f3dulos de Hasta 540 W<\/p>\n","protected":false},"featured_media":37369,"comment_status":"open","ping_status":"closed","template":"","meta":[],"product_brand":[],"product_cat":[1092],"product_tag":[964,1094,1093],"class_list":{"0":"post-37370","1":"product","2":"type-product","3":"status-publish","4":"has-post-thumbnail","6":"product_cat-inversores-interconexion-on-grid","7":"product_tag-energia-solar","8":"product_tag-hoymiles","9":"product_tag-inversores-interconexion-on-grid","11":"first","12":"outofstock","13":"sale","14":"shipping-taxable","15":"purchasable","16":"product-type-simple"},"_links":{"self":[{"href":"https:\/\/soydeaqui.ddns.net\/pachuca\/index.php\/wp-json\/wp\/v2\/product\/37370","targetHints":{"allow":["GET"]}}],"collection":[{"href":"https:\/\/soydeaqui.ddns.net\/pachuca\/index.php\/wp-json\/wp\/v2\/product"}],"about":[{"href":"https:\/\/soydeaqui.ddns.net\/pachuca\/index.php\/wp-json\/wp\/v2\/types\/product"}],"replies":[{"embeddable":true,"href":"https:\/\/soydeaqui.ddns.net\/pachuca\/index.php\/wp-json\/wp\/v2\/comments?post=37370"}],"wp:featuredmedia":[{"embeddable":true,"href":"https:\/\/soydeaqui.ddns.net\/pachuca\/index.php\/wp-json\/wp\/v2\/media\/37369"}],"wp:attachment":[{"href":"https:\/\/soydeaqui.ddns.net\/pachuca\/index.php\/wp-json\/wp\/v2\/media?parent=37370"}],"wp:term":[{"taxonomy":"product_brand","embeddable":true,"href":"https:\/\/soydeaqui.ddns.net\/pachuca\/index.php\/wp-json\/wp\/v2\/product_brand?post=37370"},{"taxonomy":"product_cat","embeddable":true,"href":"https:\/\/soydeaqui.ddns.net\/pachuca\/index.php\/wp-json\/wp\/v2\/product_cat?post=37370"},{"taxonomy":"product_tag","embeddable":true,"href":"https:\/\/soydeaqui.ddns.net\/pachuca\/index.php\/wp-json\/wp\/v2\/product_tag?post=37370"}],"curies":[{"name":"wp","href":"https:\/\/api.w.org\/{rel}","templated":true}]}}