{"id":37355,"date":"2026-03-18T16:28:59","date_gmt":"2026-03-18T16:28:59","guid":{"rendered":"https:\/\/soydeaqui.ddns.net\/pachuca\/index.php\/producto\/microinversor-1-kw-220-vca-para-interconexion-a-red-electrica-ip67-conexion-para-cable-troncal-soporta-oversizing-a-2-modulos-de-hasta-670-w\/"},"modified":"2026-03-18T16:29:07","modified_gmt":"2026-03-18T16:29:07","slug":"microinversor-1-kw-220-vca-para-interconexion-a-red-electrica-ip67-conexion-para-cable-troncal-soporta-oversizing-a-2-modulos-de-hasta-670-w","status":"publish","type":"product","link":"https:\/\/soydeaqui.ddns.net\/pachuca\/index.php\/producto\/microinversor-1-kw-220-vca-para-interconexion-a-red-electrica-ip67-conexion-para-cable-troncal-soporta-oversizing-a-2-modulos-de-hasta-670-w\/","title":{"rendered":"Microinversor 1 Kw, 220 Vca, para Interconexi\u00f3n a Red El\u00e9ctrica, IP67, Conexi\u00f3n para Cable Troncal, Soporta Oversizing a 2 M\u00f3dulos de Hasta 670 W"},"content":{"rendered":"<div style='width: 100%; max-width: 1200px; margin: 0 auto; font-family: sans-serif; line-height: 1.6; color: inherit; background-color: transparent;'>\n<div style='display: flex; flex-wrap: wrap; gap: 30px; margin-bottom: 30px;'>\n<div style='flex: 1 1 300px; min-width: 280px;'> <img style='width: 100%; height: auto; border: 1px solid rgba(150&comma;150&comma;150&comma;0.3); border-radius: 8px;' src='https:\/\/ftp3.syscom.mx\/usuarios\/mchaparro\/HOYMILES\/SINGLE1.png' alt=''> <\/p>\n<p style='text-align: center; margin-top: 15px; font-size: 15px; color: inherit; opacity: 0.9;'>Monitoreo y administraci\u00f3n v\u00eda app o PC por medio del DTUPROS<\/p>\n<\/p><\/div>\n<div style='flex: 1 1 300px; min-width: 280px;'> <img style='width: 100%; height: auto; border: 1px solid rgba(150&comma;150&comma;150&comma;0.3); border-radius: 8px;' src='https:\/\/ftp3.syscom.mx\/usuarios\/mchaparro\/HOYMILES\/SINGLE2.png' alt=''> <\/p>\n<p style='text-align: center; margin-top: 15px; font-size: 15px; color: inherit; opacity: 0.9;'>IP67 ideal para instalar a la intemperie debajo del mismo montaje de los m\u00f3dulos<\/p>\n<\/p><\/div>\n<div style='flex: 1 1 300px; min-width: 280px;'> <img style='width: 100%; height: auto; border: 1px solid rgba(150&comma;150&comma;150&comma;0.3); border-radius: 8px;' src='https:\/\/ftp3.syscom.mx\/usuarios\/mchaparro\/HOYMILES\/SINGLE3.png' alt=''> <\/p>\n<p style='text-align: center; margin-top: 15px; font-size: 15px; color: inherit; opacity: 0.9;'>Plataforma de monitoreo por medio de DTUPROS con gr\u00e1ficas de generaci\u00f3n diaria<\/p>\n<\/p><\/div>\n<\/p><\/div>\n<div style='text-align: center; margin: 30px 0; font-size: 15px; color: inherit; opacity: 0.8;'> No incluye el DTU para monitoreo DTUPROS <\/div>\n<div style='display: flex; flex-wrap: wrap; gap: 30px; margin-bottom: 30px;'>\n<div style='flex: 1 1 100%; min-width: 280px;'>\n<h3 style='font-size: 22px; border-bottom: 2px solid currentColor; padding-bottom: 5px; margin-top: 0; color: inherit; opacity: 0.8;'>Caracter\u00edsticas t\u00e9cnicas<\/h3>\n<ul style='padding-left: 20px; font-size: 15px; color: inherit; margin-top: 15px;'>\n<li style='margin-bottom: 5px;'><strong>Capacidad de sobrecarga:<\/strong> Soporta oversizing a 2 m\u00f3dulos de hasta 670 W<\/li>\n<li style='margin-bottom: 5px;'><strong>Tensi\u00f3n de salida:<\/strong> 220 Vca<\/li>\n<li style='margin-bottom: 5px;'><strong>Conexi\u00f3n:<\/strong> Interconexi\u00f3n a red el\u00e9ctrica<\/li>\n<li style='margin-bottom: 5px;'><strong>Protecci\u00f3n:<\/strong> IP67<\/li>\n<li style='margin-bottom: 5px;'><strong>Conexi\u00f3n para:<\/strong> Cable troncal<\/li>\n<li style='margin-bottom: 5px;'><strong>Cantidad de m\u00f3dulos:<\/strong> 2 m\u00f3dulos por microinversor<\/li>\n<\/ul><\/div>\n<\/p><\/div>\n<div style='display: flex; flex-wrap: wrap; gap: 20px; margin-bottom: 30px;'>\n<div style='flex: 1 1 250px; border: 1px solid rgba(150&comma; 150&comma; 150&comma; 0.4); border-radius: 8px; overflow: hidden; display: flex; flex-direction: column;'>\n<div style='padding: 15px; border-bottom: 1px solid rgba(150&comma; 150&comma; 150&comma; 0.2); font-weight: bold; font-size: 18px; color: inherit;'>Datos de entrada de Corriente Directa (CD)<\/div>\n<div style='padding: 15px; color: inherit;'>\n<ul style='padding-left: 20px; margin: 0; font-size: 14px; list-style-type: disc;'>\n<li style='margin-bottom: 5px;'><strong>Potencia M\u00e1xima Fotovoltaica:<\/strong> 2 x 625 W<\/li>\n<li style='margin-bottom: 5px;'><strong>Voltaje M\u00e1ximo de entrada (Voc):<\/strong> 60 Vcc<\/li>\n<li style='margin-bottom: 5px;'><strong>Corriente m\u00e1xima de corriente directa:<\/strong> 4 x 16 A<\/li>\n<\/ul><\/div>\n<\/p><\/div>\n<div style='flex: 1 1 250px; border: 1px solid rgba(150&comma; 150&comma; 150&comma; 0.4); border-radius: 8px; overflow: hidden; display: flex; flex-direction: column;'>\n<div style='padding: 15px; border-bottom: 1px solid rgba(150&comma; 150&comma; 150&comma; 0.2); font-weight: bold; font-size: 18px; color: inherit;'>Par\u00e1metros de Salida de Corriente Alterna (CA)<\/div>\n<div style='padding: 15px; color: inherit;'>\n<ul style='padding-left: 20px; margin: 0; font-size: 14px; list-style-type: disc;'>\n<li style='margin-bottom: 5px;'><strong>Potencia m\u00e1xima de salida:<\/strong> 1000 W<\/li>\n<li style='margin-bottom: 5px;'><strong>Voltaje nominal de salida CA:<\/strong> 220 Vca<\/li>\n<li style='margin-bottom: 5px;'><strong>Corriente m\u00e1xima CA:<\/strong> 4.17 A<\/li>\n<\/ul><\/div>\n<\/p><\/div>\n<div style='flex: 1 1 250px; border: 1px solid rgba(150&comma; 150&comma; 150&comma; 0.4); border-radius: 8px; overflow: hidden; display: flex; flex-direction: column;'>\n<div style='padding: 15px; border-bottom: 1px solid rgba(150&comma; 150&comma; 150&comma; 0.2); font-weight: bold; font-size: 18px; color: inherit;'>Datos Generales<\/div>\n<div style='padding: 15px; color: inherit;'>\n<ul style='padding-left: 20px; margin: 0; font-size: 14px; list-style-type: disc;'>\n<li style='margin-bottom: 5px;'><strong>Eficiencia m\u00e1xima:<\/strong> 99.8 %<\/li>\n<li style='margin-bottom: 5px;'><strong>Frecuencia nominal\/rangos:<\/strong> 55 &#8211; 65 Hz<\/li>\n<li style='margin-bottom: 5px;'><strong>Dimensiones:<\/strong> 261 x 223 x 31 mm<\/li>\n<li style='margin-bottom: 5px;'><strong>Peso:<\/strong> 3.1 Kg<\/li>\n<li style='margin-bottom: 5px;'><strong>N\u00famero de unidades por ramal:<\/strong> 3 Microinversores<\/li>\n<li style='margin-bottom: 5px;'><strong>Certificados:<\/strong> UL1741&comma; IEEE1547<\/li>\n<\/ul><\/div>\n<\/p><\/div>\n<\/p><\/div>\n<div style='display: flex; flex-wrap: wrap; gap: 30px; margin-bottom: 30px;'>\n<div style='flex: 1 1 300px; min-width: 280px;'>\n<h3 style='font-size: 22px; border-bottom: 2px solid currentColor; padding-bottom: 5px; margin-top: 0; color: inherit; opacity: 0.8;'>Caracter\u00edsticas principales<\/h3>\n<ul style='padding-left: 20px; font-size: 15px; color: inherit; margin-top: 15px;'>\n<li style='margin-bottom: 5px;'>Dual MPPT<\/li>\n<li style='margin-bottom: 5px;'>Disipador de calor de aluminio<\/li>\n<li style='margin-bottom: 5px;'>4 pares de conectores MC4<\/li>\n<li style='margin-bottom: 5px;'>Instalaci\u00f3n en zonas reducidas o dif\u00edciles<\/li>\n<li style='margin-bottom: 5px;'>Escalable<\/li>\n<li style='margin-bottom: 5px;'>Super ligero<\/li>\n<\/ul><\/div>\n<div style='flex: 1 1 300px; min-width: 280px;'>\n<h3 style='font-size: 22px; border-bottom: 2px solid currentColor; padding-bottom: 5px; margin-top: 0; color: inherit; opacity: 0.8;'>Beneficios<\/h3>\n<ul style='padding-left: 20px; font-size: 15px; color: inherit; margin-top: 15px;'>\n<li style='margin-bottom: 5px;'>Los microinversores se montan sobre la misma estructura de los m\u00f3dulos<\/li>\n<li style='margin-bottom: 5px;'>Conexiones de los m\u00f3dulos por medio de sus propios conectores<\/li>\n<li style='margin-bottom: 5px;'>Instalaci\u00f3n sencilla<\/li>\n<li style='margin-bottom: 5px;'>Alta eficiencia&comma; excelente beneficio<\/li>\n<li style='margin-bottom: 5px;'>M\u00e1xima eficiencia de conversi\u00f3n&comma; hasta 95%<\/li>\n<li style='margin-bottom: 5px;'>Aproveche al m\u00e1ximo la potencia del sol con tecnolog\u00eda MPPT<\/li>\n<\/ul><\/div>\n<\/p><\/div>\n<div style='text-align: center; margin: 30px 0;'> <a href='https:\/\/global.hoymiles.com\/platform\/login' style='text-decoration: none;'> <img style='width: 100%; max-width: 300px; height: auto; border: 1px solid rgba(150&comma;150&comma;150&comma;0.3); border-radius: 8px;' src='https:\/\/www.hoymiles.com\/wp-content\/uploads\/2021\/04\/app-i-phone-8.png' alt='Plataforma de monitoreo Hoymiles'> <\/p>\n<p style='margin-top: 15px; font-size: 15px; color: inherit; opacity: 0.9;'>Presione sobre la imagen para ingresar a la plataforma de monitoreo<\/p>\n<p> <\/a> <\/div>\n<hr style='border: 0; border-top: 1px solid rgba(150&comma; 150&comma; 150&comma; 0.3); margin: 30px 0;'> <\/div>\n","protected":false},"excerpt":{"rendered":"<p>Microinversor 1 Kw, 220 Vca, para Interconexi\u00f3n a Red El\u00e9ctrica, IP67, Conexi\u00f3n para Cable Troncal, Soporta Oversizing a 2 M\u00f3dulos de Hasta 670 W<\/p>\n","protected":false},"featured_media":37354,"comment_status":"open","ping_status":"closed","template":"","meta":[],"product_brand":[],"product_cat":[1092],"product_tag":[964,1094,1093],"class_list":{"0":"post-37355","1":"product","2":"type-product","3":"status-publish","4":"has-post-thumbnail","6":"product_cat-inversores-interconexion-on-grid","7":"product_tag-energia-solar","8":"product_tag-hoymiles","9":"product_tag-inversores-interconexion-on-grid","11":"first","12":"instock","13":"sale","14":"shipping-taxable","15":"purchasable","16":"product-type-simple"},"_links":{"self":[{"href":"https:\/\/soydeaqui.ddns.net\/pachuca\/index.php\/wp-json\/wp\/v2\/product\/37355","targetHints":{"allow":["GET"]}}],"collection":[{"href":"https:\/\/soydeaqui.ddns.net\/pachuca\/index.php\/wp-json\/wp\/v2\/product"}],"about":[{"href":"https:\/\/soydeaqui.ddns.net\/pachuca\/index.php\/wp-json\/wp\/v2\/types\/product"}],"replies":[{"embeddable":true,"href":"https:\/\/soydeaqui.ddns.net\/pachuca\/index.php\/wp-json\/wp\/v2\/comments?post=37355"}],"wp:featuredmedia":[{"embeddable":true,"href":"https:\/\/soydeaqui.ddns.net\/pachuca\/index.php\/wp-json\/wp\/v2\/media\/37354"}],"wp:attachment":[{"href":"https:\/\/soydeaqui.ddns.net\/pachuca\/index.php\/wp-json\/wp\/v2\/media?parent=37355"}],"wp:term":[{"taxonomy":"product_brand","embeddable":true,"href":"https:\/\/soydeaqui.ddns.net\/pachuca\/index.php\/wp-json\/wp\/v2\/product_brand?post=37355"},{"taxonomy":"product_cat","embeddable":true,"href":"https:\/\/soydeaqui.ddns.net\/pachuca\/index.php\/wp-json\/wp\/v2\/product_cat?post=37355"},{"taxonomy":"product_tag","embeddable":true,"href":"https:\/\/soydeaqui.ddns.net\/pachuca\/index.php\/wp-json\/wp\/v2\/product_tag?post=37355"}],"curies":[{"name":"wp","href":"https:\/\/api.w.org\/{rel}","templated":true}]}}