{"id":37351,"date":"2026-03-18T16:28:54","date_gmt":"2026-03-18T16:28:54","guid":{"rendered":"https:\/\/soydeaqui.ddns.net\/pachuca\/index.php\/producto\/caja-rectangular-tipo-fsc-de-aluminio-libre-de-cobre-de-1-2\/"},"modified":"2026-03-18T16:28:55","modified_gmt":"2026-03-18T16:28:55","slug":"caja-rectangular-tipo-fsc-de-aluminio-libre-de-cobre-de-1-2","status":"publish","type":"product","link":"https:\/\/soydeaqui.ddns.net\/pachuca\/index.php\/producto\/caja-rectangular-tipo-fsc-de-aluminio-libre-de-cobre-de-1-2\/","title":{"rendered":"Caja Rectangular Tipo FSC de Aluminio libre de Cobre de  1\/2&#8243;."},"content":{"rendered":"<div style='width: 100%; max-width: 1200px; margin: 0 auto; font-family: sans-serif; line-height: 1.6; color: inherit; background-color: transparent;'> <!-- Secci\u00f3n de caracter\u00edsticas --> <\/p>\n<div style='display: flex; flex-wrap: wrap; gap: 30px; margin-bottom: 30px;'>\n<div style='flex: 1 1 300px; min-width: 280px;'>\n<h3 style='font-size: 22px; border-bottom: 2px solid currentColor; padding-bottom: 5px; margin-top: 0; color: inherit; opacity: 0.8;'>Caracter\u00edsticas<\/h3>\n<ul style='padding-left: 20px; font-size: 15px; color: inherit;'>\n<li style='margin-bottom: 5px;'>Aplicaci\u00f3n: Se utiliza en instalaciones de tuber\u00eda Conduit roscada para alambrar&comma; hacer empalmes y derivaciones; adem\u00e1s permiten contactos&comma; interruptores&comma; etc.<\/li>\n<li style='margin-bottom: 5px;'>Material: Aluminio libre de Cobre (menos de 4\/10 o 1%)<\/li>\n<li style='margin-bottom: 5px;'>Bordes redondeados en las entradas y aberturas de las tapas que protegen el aislamiento del cable.<\/li>\n<li style='margin-bottom: 5px;'>Acabado de una pintura en polvo aplicada electrost\u00e1ticamente y con una pel\u00edcula fina de poli\u00e9ster.<\/li>\n<li style='margin-bottom: 5px;'>Aprobaci\u00f3n para su uso en lugares h\u00famedos con empaque de neopreno (No incluido&comma; se ordena por separado Modelo HUB-FSRG).<\/li>\n<li style='margin-bottom: 5px;'>Tiene tornillo de tierra en la parte interna.<\/li>\n<li style='margin-bottom: 5px;'>Tama\u00f1o: 1\/2&#8242;<\/li>\n<\/ul><\/div>\n<\/p><\/div>\n<p> <!-- Separador --> <\/p>\n<hr style='border: 0; border-top: 1px solid rgba(150&comma; 150&comma; 150&comma; 0.3); margin: 30px 0;'> <\/div>\n","protected":false},"excerpt":{"rendered":"<p>Caja Rectangular Tipo FSC de Aluminio libre de Cobre de  1\/2&#8243;.<\/p>\n","protected":false},"featured_media":37350,"comment_status":"open","ping_status":"closed","template":"","meta":[],"product_brand":[],"product_cat":[655],"product_tag":[572,705,656],"class_list":{"0":"post-37351","1":"product","2":"type-product","3":"status-publish","4":"has-post-thumbnail","6":"product_cat-tuberia-metalica-conduit-accesorios","7":"product_tag-canalizacion","8":"product_tag-hubbell","9":"product_tag-tuberia-metalica-conduit-accesorios","11":"first","12":"outofstock","13":"sale","14":"shipping-taxable","15":"purchasable","16":"product-type-simple"},"_links":{"self":[{"href":"https:\/\/soydeaqui.ddns.net\/pachuca\/index.php\/wp-json\/wp\/v2\/product\/37351","targetHints":{"allow":["GET"]}}],"collection":[{"href":"https:\/\/soydeaqui.ddns.net\/pachuca\/index.php\/wp-json\/wp\/v2\/product"}],"about":[{"href":"https:\/\/soydeaqui.ddns.net\/pachuca\/index.php\/wp-json\/wp\/v2\/types\/product"}],"replies":[{"embeddable":true,"href":"https:\/\/soydeaqui.ddns.net\/pachuca\/index.php\/wp-json\/wp\/v2\/comments?post=37351"}],"wp:featuredmedia":[{"embeddable":true,"href":"https:\/\/soydeaqui.ddns.net\/pachuca\/index.php\/wp-json\/wp\/v2\/media\/37350"}],"wp:attachment":[{"href":"https:\/\/soydeaqui.ddns.net\/pachuca\/index.php\/wp-json\/wp\/v2\/media?parent=37351"}],"wp:term":[{"taxonomy":"product_brand","embeddable":true,"href":"https:\/\/soydeaqui.ddns.net\/pachuca\/index.php\/wp-json\/wp\/v2\/product_brand?post=37351"},{"taxonomy":"product_cat","embeddable":true,"href":"https:\/\/soydeaqui.ddns.net\/pachuca\/index.php\/wp-json\/wp\/v2\/product_cat?post=37351"},{"taxonomy":"product_tag","embeddable":true,"href":"https:\/\/soydeaqui.ddns.net\/pachuca\/index.php\/wp-json\/wp\/v2\/product_tag?post=37351"}],"curies":[{"name":"wp","href":"https:\/\/api.w.org\/{rel}","templated":true}]}}