{"id":3730,"date":"2026-03-18T06:11:19","date_gmt":"2026-03-18T06:11:19","guid":{"rendered":"https:\/\/soydeaqui.ddns.net\/pachuca\/index.php\/producto\/kit-de-panel-de-alarma-hibrido-4g-lte-con-boton-de-panico-y-deteccion-de-caidas-inalambrico-incluye-sim-con-2-anos-de-datos-y-app-gratis\/"},"modified":"2026-03-18T06:11:19","modified_gmt":"2026-03-18T06:11:19","slug":"kit-de-panel-de-alarma-hibrido-4g-lte-con-boton-de-panico-y-deteccion-de-caidas-inalambrico-incluye-sim-con-2-anos-de-datos-y-app-gratis","status":"publish","type":"product","link":"https:\/\/soydeaqui.ddns.net\/pachuca\/index.php\/producto\/kit-de-panel-de-alarma-hibrido-4g-lte-con-boton-de-panico-y-deteccion-de-caidas-inalambrico-incluye-sim-con-2-anos-de-datos-y-app-gratis\/","title":{"rendered":"Kit de Panel de Alarma H\u00edbrido 4G LTE con bot\u00f3n de P\u00e1nico y Detecci\u00f3n de Ca\u00eddas Inal\u00e1mbrico, Incluye SIM con 2 a\u00f1os de Datos y APP Gratis"},"content":{"rendered":"<div style='width: 100%; max-width: 1200px; margin: 0 auto; font-family: sans-serif; line-height: 1.6; color: inherit; background-color: transparent;'> <!-- Im\u00e1genes principales --> <\/p>\n<div style='display: flex; flex-direction: column; align-items: center; gap: 20px; margin-bottom: 30px;'> <img style='width: 100%; max-width: 1000px; height: auto; border: 1px solid rgba(150&comma;150&comma;150&comma;0.3); border-radius: 8px;' src='https:\/\/ftp3.syscom.mx\/usuarios\/vvega\/M2M\/pro4gen2\/PRO4GLTEM_web.jpg' alt=''> <img style='width: 100%; max-width: 300px; height: auto; border: 1px solid rgba(150&comma;150&comma;150&comma;0.3); border-radius: 8px;' src='https:\/\/ftp3.syscom.mx\/usuarios\/vvega\/M2M\/pro4gen2\/pro4gen2.jpg' alt=''> <\/div>\n<p> <!-- T\u00edtulo y descripci\u00f3n --> <\/p>\n<h3 style='font-size: 24px; text-align: center; margin-bottom: 20px; color: inherit; opacity: 0.8;'>Panel de Alarma Cloud Hibrido Certificacion UL<\/h3>\n<p style='text-align: center; margin: 0 70px 20px; font-size: 16px; color: inherit;'> Panel de Alarma hibrido con comunicador 4GLTEM incluido&comma; totalmente compatible con inalambricos Honeywell (serie 5800) y SFIRE (serie SFWST)&comma; control remoto por medio de smartphone. <\/p>\n<p style='text-align: center; margin: 0 70px 30px; font-size: 16px; color: inherit;'> Programaci\u00f3n del panel via smarphone \/ Nube&comma; disfrute de una progamaci\u00f3n sencilla&comma; sin complicaciones&comma; evite traslados innecesarios para cambios en el panel. <\/p>\n<p> <!-- Secci\u00f3n de caracter\u00edsticas en 3 columnas --> <\/p>\n<div style='display: flex; flex-wrap: wrap; gap: 30px; margin-bottom: 40px;'> <!-- Caracter\u00edstica 1 --> <\/p>\n<div style='flex: 1 1 300px; min-width: 280px; border: 1px solid rgba(150&comma;150&comma;150&comma;0.3); border-radius: 8px; overflow: hidden; display: flex; flex-direction: column;'>\n<div style='background-color: #eee; padding: 0;'> <img style='width: 100%; height: auto; border: none; border-radius: 0;' src='https:\/\/ftp3.syscom.mx\/usuarios\/fotos\/BancoFotografiasSyscom\/M2MSERVICES\/PRO4GLTEM\/PRO4GLTEM-AD-3-l.PNG' alt='' width='1000' height='1000'> <\/div>\n<div style='border-top: 5px solid #DF001D; padding: 0 15px;'>\n<h2 style='font-size: 20px; margin-top: 15px; margin-bottom: 10px; color: inherit;'>A prueba del Futuro&comma; Red 4G-LTEM<\/h2>\n<h4 style='color: rgba(150&comma;150&comma;150&comma;0.8); margin-bottom: 15px;'>Principales<\/h4>\n<ul style='padding-left: 20px; margin: 0 0 20px 0; font-size: 14px; color: inherit;'>\n<li style='margin-bottom: 8px;'>Cuenta M2M de Administraci\u00f3n gratuita&comma; edite usuarios&comma; configure el panel&comma; activacion o suspenci\u00f3n del servicio.<\/li>\n<li style='margin-bottom: 8px;'>Compatible con IFTTT para controlar el panel mediante Asistentes de Voz (Google \/ Alexa)<\/li>\n<li style='margin-bottom: 8px;'>Extremo Alta Seguridad.<\/li>\n<li style='margin-bottom: 8px;'>SIM Multicarrier incluido (Telcel&comma; Movistar&comma; AT&#038;T&comma; Iusacell).<\/li>\n<li style='margin-bottom: 8px;'>Incluye 2 A\u00d1OS servicio 4GLTEM sin Costo.<\/li>\n<li style='margin-bottom: 8px;'>A\u00f1o adicional agregando <a href='https:\/\/www.syscom.mx\/principal\/searchcont?route=VOUCHERLTEM-M2M-SERVICES-188046&#038;autodetect=voucherltem' target='_blank' rel='noopener' style='color: #DF001D; text-decoration: underline;'>VOUCHERLTEM.<\/a><\/li>\n<li style='margin-bottom: 8px;'><strong>NOTA:<\/strong> <em>Si el voucher no es renovado dentro del mes correspondiente&comma; el equipo pasara a suspendido y se tendra que adquirir un REACTIVAM2M + VOUCHERLTEM<\/em><\/li>\n<\/ul><\/div>\n<\/p><\/div>\n<p> <!-- Caracter\u00edstica 2 --> <\/p>\n<div style='flex: 1 1 300px; min-width: 280px; border: 1px solid rgba(150&comma;150&comma;150&comma;0.3); border-radius: 8px; overflow: hidden; display: flex; flex-direction: column;'>\n<div style='background-color: #eee; padding: 0;'> <img style='width: 100%; height: auto; border: none; border-radius: 0;' src='https:\/\/ftp3.syscom.mx\/usuarios\/vvega\/M2M\/pro4gen2\/PRO4GEN2%20-%20RControl.png' alt='' width='1000' height='1000'> <\/div>\n<div style='border-top: 5px solid #DF001D; padding: 0 15px;'>\n<h2 style='font-size: 20px; margin-top: 15px; margin-bottom: 10px; color: inherit;'>2 A\u00f1os de Servicio GRATIS<\/h2>\n<h4 style='color: rgba(150&comma;150&comma;150&comma;0.8); margin-bottom: 15px;'>Aplicacion y Plataforma<\/h4>\n<ul style='padding-left: 20px; margin: 0 0 20px 0; font-size: 14px; color: inherit;'>\n<li style='margin-bottom: 8px;'><strong>LOGO<\/strong> Directo en la aplicacion GRATIS!<\/li>\n<li style='margin-bottom: 8px;'><strong>Boton de PANICO<\/strong> Virtual en la Aplicaci\u00f3n*<\/li>\n<li style='margin-bottom: 8px;'><strong>Estatus y Bypass<\/strong> de Zonas*.<\/li>\n<li style='margin-bottom: 8px;'><strong>Armado Total \/ Parcial*<\/strong> y Desarmado desde la APP.<\/li>\n<li style='margin-bottom: 8px;'><strong>Programaci\u00f3n Total<\/strong> desde Aplicacion o via Web.<\/li>\n<li style='margin-bottom: 8px;'>Identificacion de usuarios y posibilidad de etiquetado de zonas.<\/li>\n<li style='margin-bottom: 8px;'>Soporta hasta 100 usuarios en la APP con identificacion (quien armo \/desarmo)<\/li>\n<li style='margin-bottom: 8px;'><em>*Ver modelos compatibles mas abajo<\/em>.<\/li>\n<\/ul><\/div>\n<\/p><\/div>\n<p> <!-- Caracter\u00edstica 3 --> <\/p>\n<div style='flex: 1 1 300px; min-width: 280px; border: 1px solid rgba(150&comma;150&comma;150&comma;0.3); border-radius: 8px; overflow: hidden; display: flex; flex-direction: column;'>\n<div style='background-color: #eee; padding: 0;'> <img style='width: 100%; height: auto; border: none; border-radius: 0;' src='https:\/\/ftp3.syscom.mx\/usuarios\/fotos\/BancoFotografiasSyscom\/M2MSERVICES\/PRO4GLTEM\/PRO4GLTEM-AD-1-l.PNG' alt='' width='1000' height='1000'> <\/div>\n<div style='border-top: 5px solid #DF001D; padding: 0 15px;'>\n<h2 style='font-size: 20px; margin-top: 15px; margin-bottom: 10px; color: inherit;'>Peque\u00f1o y Ligero<\/h2>\n<h4 style='color: rgba(150&comma;150&comma;150&comma;0.8); margin-bottom: 15px;'>Especificaciones Tecnicas<\/h4>\n<ul style='padding-left: 20px; margin: 0 0 20px 0; font-size: 14px; color: inherit;'>\n<li style='margin-bottom: 8px;'>Doble SIM Interconstruido 4G-LTEM<\/li>\n<li style='margin-bottom: 8px;'>2 Particiones<\/li>\n<li style='margin-bottom: 8px;'>8 Zonas cableadas (acepta doblaje)<\/li>\n<li style='margin-bottom: 8px;'>32 Zonas inalambricas (345 Mhz).<\/li>\n<li style='margin-bottom: 8px;'>Soporta hasta 16 Controles Remotos.<\/li>\n<li style='margin-bottom: 8px;'>1 salida de Sirena y 1 salida programable<\/li>\n<li style='margin-bottom: 8px;'>Receptor de zonas inalambricas interconstruido.<\/li>\n<li style='margin-bottom: 8px;'>Sirena Piezoelectrico interna (100dB).<\/li>\n<li style='margin-bottom: 8px;'>Cargador bateria resplado 12V<\/li>\n<li style='margin-bottom: 8px;'>Antena: SMA&comma; 50 ohms<\/li>\n<\/ul>\n<p style='margin: 0;'><strong>. <\/strong><\/p>\n<\/p><\/div>\n<\/p><\/div>\n<\/p><\/div>\n<p> <!-- Imagen adicional --> <\/p>\n<div style='text-align: center; margin: 40px 0;'> <img style='width: 100%; max-width: 900px; height: auto; border: 1px solid rgba(150&comma;150&comma;150&comma;0.3); border-radius: 8px;' src='https:\/\/ftp3.syscom.mx\/usuarios\/vvega\/M2M\/pro4gen2\/pro4gen2_dt42.jpg' alt=''> <\/div>\n<p> <!-- Programaci\u00f3n remota --> <\/p>\n<div style='text-align: center; margin: 40px 0;'>\n<h2 style='font-size: 22px; margin-bottom: 15px; color: #c0392b; display: inline-block; border-bottom: 2px solid #c0392b; padding-bottom: 8px; color: inherit;'>Evite traslados Innecesarios con Programaci\u00f3n Remota<\/h2>\n<p style='margin: 15px 0 5px 0; font-weight: bold; color: inherit;'>Programaci\u00f3n Remota<\/p>\n<div style='max-width: 800px; margin: 0 auto;'>\n<p style='margin: 10px 0; color: inherit;'>Realizar configuraciones en el panel sin tener que ir al lugar donde est\u00e1 instalado.<\/p>\n<p style='margin: 10px 0; color: inherit;'>El t\u00e9cnico \u00fanicamente reemplaza o instala equipos pero la configuraci\u00f3n se realiza remotamente desde la Central (mayor seguridad).<\/p>\n<\/p><\/div>\n<\/p><\/div>\n<p> <!-- Notas importantes --> <\/p>\n<div style='margin: 30px 0; padding: 20px; border-left: 4px solid rgba(150&comma;150&comma;150&comma;0.4); background-color: rgba(150&comma;150&comma;150&comma;0.05);'>\n<p style='margin: 0; font-size: 14px; color: inherit; text-align: center;'><strong>NOTA:<\/strong> Estos dispositivos trabajan sobre redes celulares por lo que su operatividad depende de la estabilidad de estos servicios.<\/p>\n<\/p><\/div>\n<p> <!-- Kit incluye --> <\/p>\n<div style='margin: 30px 0;'>\n<h3 style='font-size: 20px; margin-bottom: 15px; color: inherit; opacity: 0.8; text-align: center;'>EL KIT INCLUYE:<\/h3>\n<ul style='padding-left: 40px; font-size: 15px; color: inherit;'>\n<li style='margin-bottom: 8px;'>&#8211; 1 Panel de alarma PRO4GEN2<\/li>\n<li style='margin-bottom: 8px;'>&#8211; 1 Bot\u00f3n de p\u00e1nico SFWSTFALL<\/li>\n<li style='margin-bottom: 8px;'>&#8211; 1 Transformador RT1640LS<\/li>\n<li style='margin-bottom: 8px;'>&#8211; 1 Control remoto SFWST102<\/li>\n<li style='margin-bottom: 8px;'>&#8211; 1 Bater\u00eda PL1.212<\/li>\n<li style='margin-bottom: 8px;'><strong>*.<\/strong><\/li>\n<\/ul><\/div>\n<p> <!-- Nota asterisco --> <\/p>\n<div style='margin: 30px 0; padding: 20px; border-left: 4px solid rgba(150&comma;150&comma;150&comma;0.4); background-color: rgba(150&comma;150&comma;150&comma;0.05);'>\n<p style='margin: 0; font-size: 14px; color: inherit; text-align: center;'><em>*NOTA: Estos equipos adquiridos en cualquier categoria de &#8216;asterisco&#8217; pueden variar los meses de servicio<\/em><\/p>\n<\/p><\/div>\n<\/p><\/div>\n","protected":false},"excerpt":{"rendered":"<p>Kit de Panel de Alarma H\u00edbrido 4G LTE con bot\u00f3n de P\u00e1nico y Detecci\u00f3n de Ca\u00eddas Inal\u00e1mbrico, Incluye SIM con 2 a\u00f1os de Datos y APP Gratis<\/p>\n","protected":false},"featured_media":3729,"comment_status":"open","ping_status":"closed","template":"","meta":[],"product_brand":[],"product_cat":[60],"product_tag":[188,61,62],"class_list":{"0":"post-3730","1":"product","2":"type-product","3":"status-publish","4":"has-post-thumbnail","6":"product_cat-todos","7":"product_tag-m2m-services","8":"product_tag-paneles-de-alarma","9":"product_tag-todos","11":"first","12":"outofstock","13":"sale","14":"shipping-taxable","15":"purchasable","16":"product-type-simple"},"_links":{"self":[{"href":"https:\/\/soydeaqui.ddns.net\/pachuca\/index.php\/wp-json\/wp\/v2\/product\/3730","targetHints":{"allow":["GET"]}}],"collection":[{"href":"https:\/\/soydeaqui.ddns.net\/pachuca\/index.php\/wp-json\/wp\/v2\/product"}],"about":[{"href":"https:\/\/soydeaqui.ddns.net\/pachuca\/index.php\/wp-json\/wp\/v2\/types\/product"}],"replies":[{"embeddable":true,"href":"https:\/\/soydeaqui.ddns.net\/pachuca\/index.php\/wp-json\/wp\/v2\/comments?post=3730"}],"wp:featuredmedia":[{"embeddable":true,"href":"https:\/\/soydeaqui.ddns.net\/pachuca\/index.php\/wp-json\/wp\/v2\/media\/3729"}],"wp:attachment":[{"href":"https:\/\/soydeaqui.ddns.net\/pachuca\/index.php\/wp-json\/wp\/v2\/media?parent=3730"}],"wp:term":[{"taxonomy":"product_brand","embeddable":true,"href":"https:\/\/soydeaqui.ddns.net\/pachuca\/index.php\/wp-json\/wp\/v2\/product_brand?post=3730"},{"taxonomy":"product_cat","embeddable":true,"href":"https:\/\/soydeaqui.ddns.net\/pachuca\/index.php\/wp-json\/wp\/v2\/product_cat?post=3730"},{"taxonomy":"product_tag","embeddable":true,"href":"https:\/\/soydeaqui.ddns.net\/pachuca\/index.php\/wp-json\/wp\/v2\/product_tag?post=3730"}],"curies":[{"name":"wp","href":"https:\/\/api.w.org\/{rel}","templated":true}]}}