{"id":373,"date":"2026-03-18T05:39:04","date_gmt":"2026-03-18T05:39:04","guid":{"rendered":"https:\/\/soydeaqui.ddns.net\/pachuca\/index.php\/producto\/cerradura-inteligente-inalambrica-wifi-ip52-app-gratis-compatibilidad-con-pantallas-akubela\/"},"modified":"2026-03-18T05:39:05","modified_gmt":"2026-03-18T05:39:05","slug":"cerradura-inteligente-inalambrica-wifi-ip52-app-gratis-compatibilidad-con-pantallas-akubela","status":"publish","type":"product","link":"https:\/\/soydeaqui.ddns.net\/pachuca\/index.php\/producto\/cerradura-inteligente-inalambrica-wifi-ip52-app-gratis-compatibilidad-con-pantallas-akubela\/","title":{"rendered":"Cerradura inteligente inalambrica Wifi, IP52, App gratis, Compatibilidad con Pantallas Akubela"},"content":{"rendered":"<div style='width: 100%; max-width: 1200px; margin: 0 auto; font-family: sans-serif; line-height: 1.6; color: inherit; background-color: transparent;'>\n<div style='width: 100%; margin-bottom: 30px;'>\n<h2 style='text-align: center; font-size: 20px; color: inherit; margin-bottom: 15px; margin-top: 0;'>Introducci\u00f3n del producto<\/h2>\n<p style='text-align: justify; font-size: 15px; color: inherit; margin-bottom: 15px;'>La cerradura inteligente SL50 cuenta con una mirilla para monitorear en tiempo real el \u00e1rea exterior de la puerta y un radar de ondas milim\u00e9tricas para una seguridad proactiva. Al detectar actividad sospechosa&comma; env\u00eda una alerta de inmediato. Con un sistema de reconocimiento de huellas dactilares de \u00faltima generaci\u00f3n&comma; la cerradura garantiza un acceso preciso y seguro&comma; adem\u00e1s de ser compatible con varios m\u00e9todos de desbloqueo&comma; como contrase\u00f1as&comma; tarjetas M1 y acceso remoto a trav\u00e9s de la aplicaci\u00f3n. Con su funci\u00f3n de desbloqueo autom\u00e1tico&comma; la SL50 mejora la comodidad y la seguridad&comma; proporcionando una experiencia de entrada fluida.<\/p>\n<p style='text-align: justify; font-size: 15px; color: inherit;'>Con una pantalla<\/p>\n<\/p><\/div>\n<div style='display: flex; flex-wrap: wrap; gap: 30px; margin-bottom: 30px;'>\n<div style='flex: 1 1 300px; min-width: 280px;'>\n<h3 style='font-size: 18px; border-bottom: 2px solid currentColor; padding-bottom: 5px; margin-top: 0; color: inherit; opacity: 0.8;'>Caracter\u00edsticas<\/h3>\n<ul style='padding-left: 20px; font-size: 14px; color: inherit; list-style-type: disc;'>\n<li style='margin-bottom: 5px; color: inherit;'><strong>Material:<\/strong> Aleaci\u00f3n de aluminio<\/li>\n<li style='margin-bottom: 5px; color: inherit;'><strong>Mecanismo:<\/strong> Cerradura de puerta totalmente autom\u00e1tica<\/li>\n<li style='margin-bottom: 5px; color: inherit;'><strong>Red:<\/strong> Wi-Fi de 2&comma;4 GHz<\/li>\n<li style='margin-bottom: 5px; color: inherit;'><strong>Pantalla:<\/strong> 4 pulgadas&comma; 480 x 800<\/li>\n<li style='margin-bottom: 5px; color: inherit;'><strong>C\u00e1mara:<\/strong> 2 MP \/ Luz infrarroja adicional<\/li>\n<li style='margin-bottom: 5px; color: inherit;'><strong>Grosor de puerta a usar:<\/strong> 40mm m\u00ednimo &#8211; m\u00e1ximo 100mm<\/li>\n<li style='margin-bottom: 5px; color: inherit;'><strong>Usuarios administradores:<\/strong> 10<\/li>\n<li style='margin-bottom: 5px; color: inherit;'><strong>Usuarios operadores:<\/strong> 240 (num\u00e9ricos&comma; huella o tarjeta)<\/li>\n<li style='margin-bottom: 5px; color: inherit;'><strong>Idiomas:<\/strong> 22 (entre ellos espa\u00f1ol e ingl\u00e9s)<\/li>\n<li style='margin-bottom: 5px; color: inherit;'><strong>Incluye:<\/strong> Llave f\u00edsica<\/li>\n<li style='margin-bottom: 5px; color: inherit;'><strong>Incluye:<\/strong> 2 tarjetas de acceso<\/li>\n<li style='margin-bottom: 5px; color: inherit;'><strong>App:<\/strong> BelaHome&comma; iOS y Android<\/li>\n<\/ul><\/div>\n<div style='flex: 1 1 300px; min-width: 280px;'>\n<h3 style='font-size: 18px; border-bottom: 2px solid currentColor; padding-bottom: 5px; margin-top: 0; color: inherit; opacity: 0.8;'>Caracter\u00edsticas F\u00edsicas y El\u00e9ctricas<\/h3>\n<ul style='padding-left: 20px; font-size: 14px; color: inherit; list-style-type: disc;'>\n<li style='margin-bottom: 5px; color: inherit;'><strong>Cuerpo de la cerradura:<\/strong> 6068<\/li>\n<li style='margin-bottom: 5px; color: inherit;'><strong>Cilindro de la cerradura:<\/strong> Grado C<\/li>\n<li style='margin-bottom: 5px; color: inherit;'><strong>Dimensiones del producto:<\/strong> 418&comma;6 x 75 x 56 mm (panel frontal)&comma; 421&comma;6 x 81&comma;2 x 72&comma;9 mm (panel trasero)<\/li>\n<li style='margin-bottom: 5px; color: inherit;'><strong>Capacidad de la bater\u00eda:<\/strong> 5000 mAh (6 meses de uso \/ 10 desbloqueos al d\u00eda)<\/li>\n<\/ul><\/div>\n<div style='flex: 1 1 300px; min-width: 280px;'>\n<h3 style='font-size: 18px; border-bottom: 2px solid currentColor; padding-bottom: 5px; margin-top: 0; color: inherit; opacity: 0.8;'>Caracter\u00edsticas F\u00edsicas y El\u00e9ctricas<\/h3>\n<ul style='padding-left: 20px; font-size: 14px; color: inherit; list-style-type: disc;'>\n<li style='margin-bottom: 5px; color: inherit;'><strong>Alimentaci\u00f3n de emergencia:<\/strong> Micro USB de 5 V y 1A<\/li>\n<li style='margin-bottom: 5px; color: inherit;'><strong>Voltaje de funcionamiento:<\/strong> 7&comma;0 V ~ 8&comma;4 V&comma; voltaje de alarma de bajo voltaje: 6&comma;8 \u00b1 0&comma;2 V<\/li>\n<li style='margin-bottom: 5px; color: inherit;'><strong>Condiciones de funcionamiento:<\/strong> -25 \u00b0C ~ +70 \u00b0C<\/li>\n<li style='margin-bottom: 5px; color: inherit;'><strong>Humedad de funcionamiento:<\/strong> 20 % ~ 93 % HR<\/li>\n<li style='margin-bottom: 5px; color: inherit;'><strong>Clasificaci\u00f3n IP:<\/strong> IP52<\/li>\n<li style='margin-bottom: 5px; color: inherit;'><strong>M\u00e9todos de desbloqueo:<\/strong> Huella dactilar\/Contrase\u00f1a\/Tarjeta IC\/Llave\/M\u00f3vil&comma; App\/Serie HyPanel&comma; 250 unidades en total<\/li>\n<\/ul><\/div>\n<\/p><\/div>\n<div style='width: 100%; margin: 30px 0;'> <img style='width: 100%; height: auto; border: 1px solid rgba(150&comma;150&comma;150&comma;0.3); border-radius: 8px;' src='https:\/\/ftp3.syscom.mx\/usuarios\/mbarrio\/bll\/CapturaSL50.JPG' alt=''> <\/div>\n<div style='width: 100%; margin: 30px 0;'> <img style='width: 100%; height: auto; border: 1px solid rgba(150&comma;150&comma;150&comma;0.3); border-radius: 8px;' src='https:\/\/ftp3.syscom.mx\/usuarios\/mbarrio\/bll\/CapturaCC.JPG' alt=''> <\/div>\n<div style='width: 100%; margin: 30px 0;'>\n<div style='position: relative; padding-bottom: 56.25%; height: 0; overflow: hidden;'>   <\/div>\n<\/p><\/div>\n<\/p><\/div>\n","protected":false},"excerpt":{"rendered":"<p>Cerradura inteligente inalambrica Wifi, IP52, App gratis, Compatibilidad con Pantallas Akubela<\/p>\n","protected":false},"featured_media":372,"comment_status":"open","ping_status":"closed","template":"","meta":[],"product_brand":[],"product_cat":[72],"product_tag":[97,30,73],"class_list":{"0":"post-373","1":"product","2":"type-product","3":"status-publish","4":"has-post-thumbnail","6":"product_cat-lutron-caseta-wireless","7":"product_tag-akubela","8":"product_tag-automatizacion-casa-inteligente","9":"product_tag-lutron-caseta-wireless","11":"first","12":"instock","13":"sale","14":"shipping-taxable","15":"purchasable","16":"product-type-simple"},"_links":{"self":[{"href":"https:\/\/soydeaqui.ddns.net\/pachuca\/index.php\/wp-json\/wp\/v2\/product\/373","targetHints":{"allow":["GET"]}}],"collection":[{"href":"https:\/\/soydeaqui.ddns.net\/pachuca\/index.php\/wp-json\/wp\/v2\/product"}],"about":[{"href":"https:\/\/soydeaqui.ddns.net\/pachuca\/index.php\/wp-json\/wp\/v2\/types\/product"}],"replies":[{"embeddable":true,"href":"https:\/\/soydeaqui.ddns.net\/pachuca\/index.php\/wp-json\/wp\/v2\/comments?post=373"}],"wp:featuredmedia":[{"embeddable":true,"href":"https:\/\/soydeaqui.ddns.net\/pachuca\/index.php\/wp-json\/wp\/v2\/media\/372"}],"wp:attachment":[{"href":"https:\/\/soydeaqui.ddns.net\/pachuca\/index.php\/wp-json\/wp\/v2\/media?parent=373"}],"wp:term":[{"taxonomy":"product_brand","embeddable":true,"href":"https:\/\/soydeaqui.ddns.net\/pachuca\/index.php\/wp-json\/wp\/v2\/product_brand?post=373"},{"taxonomy":"product_cat","embeddable":true,"href":"https:\/\/soydeaqui.ddns.net\/pachuca\/index.php\/wp-json\/wp\/v2\/product_cat?post=373"},{"taxonomy":"product_tag","embeddable":true,"href":"https:\/\/soydeaqui.ddns.net\/pachuca\/index.php\/wp-json\/wp\/v2\/product_tag?post=373"}],"curies":[{"name":"wp","href":"https:\/\/api.w.org\/{rel}","templated":true}]}}