{"id":37250,"date":"2026-03-18T16:26:25","date_gmt":"2026-03-18T16:26:25","guid":{"rendered":"https:\/\/soydeaqui.ddns.net\/pachuca\/index.php\/producto\/centro-de-carga-para-empotrar-04-polos-100-a-1-fase-3-hilos-120-240-v-ac-60hz\/"},"modified":"2026-03-18T16:26:26","modified_gmt":"2026-03-18T16:26:26","slug":"centro-de-carga-para-empotrar-04-polos-100-a-1-fase-3-hilos-120-240-v-ac-60hz","status":"publish","type":"product","link":"https:\/\/soydeaqui.ddns.net\/pachuca\/index.php\/producto\/centro-de-carga-para-empotrar-04-polos-100-a-1-fase-3-hilos-120-240-v-ac-60hz\/","title":{"rendered":"Centro de Carga para Empotrar, 04 Polos, 100 A, 1 Fase 3 Hilos, 120\/240 V AC, 60Hz"},"content":{"rendered":"<div style='width: 100%; max-width: 1200px; margin: 0 auto; font-family: sans-serif; line-height: 1.6; color: inherit; background-color: transparent;'> <!-- Secci\u00f3n de descripci\u00f3n general --> <\/p>\n<div style='margin-bottom: 30px;'>\n<h3 style='font-size: 22px; border-bottom: 2px solid currentColor; padding-bottom: 5px; margin-top: 0; color: inherit; opacity: 0.8;'>Descripci\u00f3n General<\/h3>\n<p style='font-size: 15px; color: inherit;'>Los centros de carga C2Q son la soluci\u00f3n perfecta para el sistema de distribuci\u00f3n el\u00e9ctrica en hogares y aplicaciones comerciales ligeras.<\/p>\n<\/p><\/div>\n<p> <!-- Secci\u00f3n de caracter\u00edsticas --> <\/p>\n<div style='display: flex; flex-wrap: wrap; gap: 30px; margin-bottom: 30px;'>\n<div style='flex: 1 1 300px; min-width: 280px;'>\n<h3 style='font-size: 22px; border-bottom: 2px solid currentColor; padding-bottom: 5px; margin-top: 0; color: inherit; opacity: 0.8;'>Caracter\u00edsticas Principales<\/h3>\n<ul style='padding-left: 20px; font-size: 15px; color: inherit;'>\n<li style='margin-bottom: 5px;'>Uso residencial y comercial ligero<\/li>\n<li style='margin-bottom: 5px;'>Distribuci\u00f3n el\u00e9ctrica segura y vers\u00e1til<\/li>\n<li style='margin-bottom: 5px;'>Conectores tipo opresor para una conexi\u00f3n m\u00e1s sencilla y segura<\/li>\n<\/ul><\/div>\n<p> <!-- Secci\u00f3n de especificaciones --> <\/p>\n<div style='flex: 1 1 300px; min-width: 280px;'>\n<h3 style='font-size: 22px; border-bottom: 2px solid currentColor; padding-bottom: 5px; margin-top: 0; color: inherit; opacity: 0.8;'>Especificaciones T\u00e9cnicas<\/h3>\n<ul style='padding-left: 20px; font-size: 15px; color: inherit;'>\n<li style='margin-bottom: 5px;'><strong>Voltaje de operaci\u00f3n:<\/strong> 120\/240 VCA<\/li>\n<li style='margin-bottom: 5px;'><strong>Corriente nominal:<\/strong> 100 A<\/li>\n<li style='margin-bottom: 5px;'><strong>Configuraci\u00f3n:<\/strong> 1 Fase&comma; 3 Hilos<\/li>\n<li style='margin-bottom: 5px;'><strong>Capacidad interruptiva:<\/strong> 10 kA<\/li>\n<li style='margin-bottom: 5px;'><strong>Frecuencia:<\/strong> 50\/60 Hz<\/li>\n<li style='margin-bottom: 5px;'><strong>Conexiones:<\/strong> Aluminio esta\u00f1ado<\/li>\n<li style='margin-bottom: 5px;'><strong>Color:<\/strong> Gris<\/li>\n<li style='margin-bottom: 5px;'><strong>Montaje:<\/strong> Empotrar<\/li>\n<\/ul><\/div>\n<\/p><\/div>\n<p> <!-- Secci\u00f3n de aplicaciones --> <\/p>\n<div style='margin-bottom: 30px;'>\n<h3 style='font-size: 22px; border-bottom: 2px solid currentColor; padding-bottom: 5px; margin-top: 0; color: inherit; opacity: 0.8;'>Aplicaciones<\/h3>\n<ul style='padding-left: 20px; font-size: 15px; color: inherit;'>\n<li style='margin-bottom: 5px;'>Uso residencial y comercial ligero<\/li>\n<li style='margin-bottom: 5px;'>Distribuci\u00f3n el\u00e9ctrica segura y vers\u00e1til<\/li>\n<\/ul><\/div>\n<p> <!-- Secci\u00f3n de diagrama de conexiones --> <\/p>\n<div style='margin-bottom: 30px;'>\n<h3 style='font-size: 22px; border-bottom: 2px solid currentColor; padding-bottom: 5px; margin-top: 0; color: inherit; opacity: 0.8;'>Diagrama de Conexiones<\/h3>\n<p style='font-size: 15px; color: inherit;'>El C2Q04E tiene la siguiente configuraci\u00f3n de conexiones:<\/p>\n<ul style='padding-left: 20px; font-size: 15px; color: inherit;'>\n<li style='margin-bottom: 5px;'><strong>Entrada:<\/strong> 1 Fase&comma; 3 Hilos (L1&comma; L2&comma; N)<\/li>\n<li style='margin-bottom: 5px;'><strong>Salida:<\/strong> 4 circuitos monof\u00e1sicos<\/li>\n<li style='margin-bottom: 5px;'><strong>Disposici\u00f3n:<\/strong> 1P 1P 2P 1P<\/li>\n<\/ul><\/div>\n<p> <!-- Separador --> <\/p>\n<hr style='border: 0; border-top: 1px solid rgba(150&comma; 150&comma; 150&comma; 0.3); margin: 30px 0;'> <!-- Secci\u00f3n de certificaciones --> <\/p>\n<div style='margin-bottom: 30px;'>\n<h3 style='font-size: 22px; border-bottom: 2px solid currentColor; padding-bottom: 5px; margin-top: 0; color: inherit; opacity: 0.8;'>Certificaciones<\/h3>\n<ul style='padding-left: 20px; font-size: 15px; color: inherit;'>\n<li style='margin-bottom: 5px;'>NOM-003-SCFI-2014<\/li>\n<li style='margin-bottom: 5px;'>NMX-J-515-ANCE-2014<\/li>\n<\/ul><\/div>\n<p> <!-- Secci\u00f3n de dimensiones --> <\/p>\n<div style='margin-bottom: 30px;'>\n<h3 style='font-size: 22px; border-bottom: 2px solid currentColor; padding-bottom: 5px; margin-top: 0; color: inherit; opacity: 0.8;'>Dimensiones<\/h3>\n<p style='font-size: 15px; color: inherit;'>Las dimensiones del modelo C2Q04E son:<\/p>\n<ul style='padding-left: 20px; font-size: 15px; color: inherit;'>\n<li style='margin-bottom: 5px;'><strong>Caja:<\/strong> 165 mm (Largo) x 185 mm (Alto) x 75 mm (Profundo)<\/li>\n<li style='margin-bottom: 5px;'><strong>Tapa:<\/strong> 190 mm (Largo) x 210 mm (Alto)<\/li>\n<\/ul><\/div>\n<\/p><\/div>\n","protected":false},"excerpt":{"rendered":"<p>Centro de Carga para Empotrar, 04 Polos, 100 A, 1 Fase 3 Hilos, 120\/240 V AC, 60Hz<\/p>\n","protected":false},"featured_media":37249,"comment_status":"open","ping_status":"closed","template":"","meta":[],"product_brand":[],"product_cat":[1069],"product_tag":[1066,1070,1079],"class_list":{"0":"post-37250","1":"product","2":"type-product","3":"status-publish","4":"has-post-thumbnail","6":"product_cat-centros-de-carga-e-interruptores","7":"product_tag-area-electrica","8":"product_tag-centros-de-carga-e-interruptores","9":"product_tag-chint","11":"first","12":"instock","13":"sale","14":"shipping-taxable","15":"purchasable","16":"product-type-simple"},"_links":{"self":[{"href":"https:\/\/soydeaqui.ddns.net\/pachuca\/index.php\/wp-json\/wp\/v2\/product\/37250","targetHints":{"allow":["GET"]}}],"collection":[{"href":"https:\/\/soydeaqui.ddns.net\/pachuca\/index.php\/wp-json\/wp\/v2\/product"}],"about":[{"href":"https:\/\/soydeaqui.ddns.net\/pachuca\/index.php\/wp-json\/wp\/v2\/types\/product"}],"replies":[{"embeddable":true,"href":"https:\/\/soydeaqui.ddns.net\/pachuca\/index.php\/wp-json\/wp\/v2\/comments?post=37250"}],"wp:featuredmedia":[{"embeddable":true,"href":"https:\/\/soydeaqui.ddns.net\/pachuca\/index.php\/wp-json\/wp\/v2\/media\/37249"}],"wp:attachment":[{"href":"https:\/\/soydeaqui.ddns.net\/pachuca\/index.php\/wp-json\/wp\/v2\/media?parent=37250"}],"wp:term":[{"taxonomy":"product_brand","embeddable":true,"href":"https:\/\/soydeaqui.ddns.net\/pachuca\/index.php\/wp-json\/wp\/v2\/product_brand?post=37250"},{"taxonomy":"product_cat","embeddable":true,"href":"https:\/\/soydeaqui.ddns.net\/pachuca\/index.php\/wp-json\/wp\/v2\/product_cat?post=37250"},{"taxonomy":"product_tag","embeddable":true,"href":"https:\/\/soydeaqui.ddns.net\/pachuca\/index.php\/wp-json\/wp\/v2\/product_tag?post=37250"}],"curies":[{"name":"wp","href":"https:\/\/api.w.org\/{rel}","templated":true}]}}