{"id":37248,"date":"2026-03-18T16:26:21","date_gmt":"2026-03-18T16:26:21","guid":{"rendered":"https:\/\/soydeaqui.ddns.net\/pachuca\/index.php\/producto\/centro-de-carga-para-sobreponer-02-polos-50-a-1-fase-3-hilos-120-240-v-ac-60hz\/"},"modified":"2026-03-18T16:26:21","modified_gmt":"2026-03-18T16:26:21","slug":"centro-de-carga-para-sobreponer-02-polos-50-a-1-fase-3-hilos-120-240-v-ac-60hz","status":"publish","type":"product","link":"https:\/\/soydeaqui.ddns.net\/pachuca\/index.php\/producto\/centro-de-carga-para-sobreponer-02-polos-50-a-1-fase-3-hilos-120-240-v-ac-60hz\/","title":{"rendered":"Centro de Carga para Sobreponer, 02 Polos, 50 A, 1 Fase 3 Hilos, 120\/240 V AC, 60Hz"},"content":{"rendered":"<div style='width: 100%; max-width: 1200px; margin: 0 auto; font-family: sans-serif; line-height: 1.6; color: inherit; background-color: transparent;'> <!-- Secci\u00f3n de introducci\u00f3n --> <\/p>\n<div style='margin-bottom: 30px;'>\n<p style='font-size: 16px; color: inherit; margin: 0 0 15px 0;'>Los centros de carga C2Q son la soluci\u00f3n perfecta para el sistema de distribuci\u00f3n el\u00e9ctrica en los hogares y en aplicaciones comerciales ligeras.<\/p>\n<\/p><\/div>\n<p> <!-- Secci\u00f3n de caracter\u00edsticas --> <\/p>\n<div style='display: flex; flex-wrap: wrap; gap: 30px; margin-bottom: 30px;'>\n<div style='flex: 1 1 300px; min-width: 280px;'>\n<h3 style='font-size: 22px; border-bottom: 2px solid currentColor; padding-bottom: 5px; margin-top: 0; color: inherit; opacity: 0.8;'>Caracter\u00edsticas Principales<\/h3>\n<ul style='padding-left: 20px; font-size: 15px; color: inherit;'>\n<li style='margin-bottom: 5px;'>Uso residencial y comercial ligero<\/li>\n<li style='margin-bottom: 5px;'>Distribuci\u00f3n el\u00e9ctrica segura y vers\u00e1til<\/li>\n<li style='margin-bottom: 5px;'>Conectores tipo opresor para una conexi\u00f3n m\u00e1s sencilla y segura<\/li>\n<li style='margin-bottom: 5px;'>Sistema de zapatas con opresores (a partir de 4 circuitos)<\/li>\n<li style='margin-bottom: 5px;'>Corriente nominal: 50 A<\/li>\n<li style='margin-bottom: 5px;'>1 Fase&comma; 3 Hilos<\/li>\n<li style='margin-bottom: 5px;'>Voltaje de operaci\u00f3n: 120\/240 VCA<\/li>\n<li style='margin-bottom: 5px;'>Capacidad interruptiva: 10kA<\/li>\n<li style='margin-bottom: 5px;'>Frecuencia: CA 50\/60Hz<\/li>\n<li style='margin-bottom: 5px;'>Conexiones: Aluminio esta\u00f1ado<\/li>\n<\/ul><\/div>\n<p> <!-- Secci\u00f3n de aplicaciones --> <\/p>\n<div style='flex: 1 1 300px; min-width: 280px;'>\n<h3 style='font-size: 22px; border-bottom: 2px solid currentColor; padding-bottom: 5px; margin-top: 0; color: inherit; opacity: 0.8;'>Aplicaciones<\/h3>\n<ul style='padding-left: 20px; font-size: 15px; color: inherit;'>\n<li style='margin-bottom: 5px;'>Uso residencial y comercial ligero<\/li>\n<li style='margin-bottom: 5px;'>Distribuci\u00f3n el\u00e9ctrica segura y vers\u00e1til<\/li>\n<li style='margin-bottom: 5px;'>Conectores tipo opresor para una conexi\u00f3n m\u00e1s sencilla y segura<\/li>\n<\/ul><\/div>\n<\/p><\/div>\n<p> <!-- Secci\u00f3n de especificaciones --> <\/p>\n<div style='display: flex; flex-wrap: wrap; gap: 20px; margin-bottom: 30px;'>\n<div style='flex: 1 1 250px; border: 1px solid rgba(150&comma; 150&comma; 150&comma; 0.4); border-radius: 8px; overflow: hidden; display: flex; flex-direction: column;'>\n<div style='padding: 15px; border-bottom: 1px solid rgba(150&comma; 150&comma; 150&comma; 0.2); font-weight: bold; font-size: 18px; color: inherit;'>Especificaciones T\u00e9cnicas<\/div>\n<div style='padding: 15px; color: inherit;'>\n<ul style='padding-left: 20px; margin: 0; font-size: 14px; list-style-type: disc;'>\n<li style='margin-bottom: 5px;'><strong>Voltaje:<\/strong> 120\/240 VCA<\/li>\n<li style='margin-bottom: 5px;'><strong>Corriente:<\/strong> 50 A<\/li>\n<li style='margin-bottom: 5px;'><strong>Configuraci\u00f3n:<\/strong> 1 Fase&comma; 3 Hilos<\/li>\n<li style='margin-bottom: 5px;'><strong>Capacidad interruptiva:<\/strong> 10kA<\/li>\n<li style='margin-bottom: 5px;'><strong>Frecuencia:<\/strong> 50\/60Hz<\/li>\n<li style='margin-bottom: 5px;'><strong>Conexiones:<\/strong> Aluminio esta\u00f1ado<\/li>\n<\/ul><\/div>\n<\/p><\/div>\n<p> <!-- Secci\u00f3n de informaci\u00f3n adicional --> <\/p>\n<div style='flex: 1 1 250px; border: 1px solid rgba(150&comma; 150&comma; 150&comma; 0.4); border-radius: 8px; overflow: hidden; display: flex; flex-direction: column;'>\n<div style='padding: 15px; border-bottom: 1px solid rgba(150&comma; 150&comma; 150&comma; 0.2); font-weight: bold; font-size: 18px; color: inherit;'>Informaci\u00f3n Adicional<\/div>\n<div style='padding: 15px; color: inherit;'>\n<ul style='padding-left: 20px; margin: 0; font-size: 14px; list-style-type: disc;'>\n<li style='margin-bottom: 5px;'><strong>Color:<\/strong> Gris<\/li>\n<li style='margin-bottom: 5px;'><strong>Montaje:<\/strong> Sobreponer<\/li>\n<li style='margin-bottom: 5px;'><strong>Certificaciones:<\/strong> NOM003SCFI2014&comma; NMX-J-515-ANCE 2014<\/li>\n<li style='margin-bottom: 5px;'><strong>Zapatas:<\/strong> Con opresores (a partir de 4 circuitos)<\/li>\n<\/ul><\/div>\n<\/p><\/div>\n<\/p><\/div>\n<p> <!-- Secci\u00f3n de diagramas --> <\/p>\n<div style='margin-bottom: 30px;'>\n<h3 style='font-size: 22px; border-bottom: 2px solid currentColor; padding-bottom: 5px; margin-top: 0; color: inherit; opacity: 0.8;'>Diagramas de Conexi\u00f3n<\/h3>\n<p style='margin-bottom: 15px; color: inherit; font-size: 15px;'>Diagrama el\u00e9ctrico para modelo C2Q02S:<\/p>\n<div style='display: flex; flex-wrap: wrap; gap: 15px;'>\n<div style='flex: 1 1 300px; min-width: 280px; border: 1px solid rgba(150&comma; 150&comma; 150&comma; 0.3); border-radius: 8px; padding: 15px; background-color: rgba(200&comma; 200&comma; 200&comma; 0.05);'> <strong style='display: block; margin-bottom: 10px; color: inherit;'>Entrada<\/strong> <\/p>\n<div style='display: flex; flex-wrap: wrap; gap: 10px;'>\n<div style='flex: 1 1 40%; min-width: 100px; border: 1px solid rgba(150&comma; 150&comma; 150&comma; 0.3); padding: 8px; border-radius: 5px; text-align: center; color: inherit; font-size: 14px;'> L1<\/div>\n<div style='flex: 1 1 40%; min-width: 100px; border: 1px solid rgba(150&comma; 150&comma; 150&comma; 0.3); padding: 8px; border-radius: 5px; text-align: center; color: inherit; font-size: 14px;'> L2<\/div>\n<div style='flex: 1 1 40%; min-width: 100px; border: 1px solid rgba(150&comma; 150&comma; 150&comma; 0.3); padding: 8px; border-radius: 5px; text-align: center; color: inherit; font-size: 14px;'> N<\/div>\n<\/p><\/div>\n<\/p><\/div>\n<div style='flex: 1 1 300px; min-width: 280px; border: 1px solid rgba(150&comma; 150&comma; 150&comma; 0.3); border-radius: 8px; padding: 15px; background-color: rgba(200&comma; 200&comma; 200&comma; 0.05);'> <strong style='display: block; margin-bottom: 10px; color: inherit;'>Salida<\/strong> <\/p>\n<div style='display: flex; flex-wrap: wrap; gap: 10px;'>\n<div style='flex: 1 1 40%; min-width: 100px; border: 1px solid rgba(150&comma; 150&comma; 150&comma; 0.3); padding: 8px; border-radius: 5px; text-align: center; color: inherit; font-size: 14px;'> 1<\/div>\n<div style='flex: 1 1 40%; min-width: 100px; border: 1px solid rgba(150&comma; 150&comma; 150&comma; 0.3); padding: 8px; border-radius: 5px; text-align: center; color: inherit; font-size: 14px;'> 2<\/div>\n<\/p><\/div>\n<div style='margin-top: 10px; font-size: 14px; color: inherit;'> 1P 1P <\/div>\n<div style='margin-top: 5px; font-size: 14px; color: inherit;'> 2 Interruptores 1 Polo<\/div>\n<\/p><\/div>\n<\/p><\/div>\n<\/p><\/div>\n<p> <!-- Separador final --> <\/p>\n<hr style='border: 0; border-top: 1px solid rgba(150&comma; 150&comma; 150&comma; 0.3); margin: 30px 0;'> <\/div>\n","protected":false},"excerpt":{"rendered":"<p>Centro de Carga para Sobreponer, 02 Polos, 50 A, 1 Fase 3 Hilos, 120\/240 V AC, 60Hz<\/p>\n","protected":false},"featured_media":37247,"comment_status":"open","ping_status":"closed","template":"","meta":[],"product_brand":[],"product_cat":[1069],"product_tag":[1066,1070,1079],"class_list":{"0":"post-37248","1":"product","2":"type-product","3":"status-publish","4":"has-post-thumbnail","6":"product_cat-centros-de-carga-e-interruptores","7":"product_tag-area-electrica","8":"product_tag-centros-de-carga-e-interruptores","9":"product_tag-chint","11":"first","12":"outofstock","13":"sale","14":"shipping-taxable","15":"purchasable","16":"product-type-simple"},"_links":{"self":[{"href":"https:\/\/soydeaqui.ddns.net\/pachuca\/index.php\/wp-json\/wp\/v2\/product\/37248","targetHints":{"allow":["GET"]}}],"collection":[{"href":"https:\/\/soydeaqui.ddns.net\/pachuca\/index.php\/wp-json\/wp\/v2\/product"}],"about":[{"href":"https:\/\/soydeaqui.ddns.net\/pachuca\/index.php\/wp-json\/wp\/v2\/types\/product"}],"replies":[{"embeddable":true,"href":"https:\/\/soydeaqui.ddns.net\/pachuca\/index.php\/wp-json\/wp\/v2\/comments?post=37248"}],"wp:featuredmedia":[{"embeddable":true,"href":"https:\/\/soydeaqui.ddns.net\/pachuca\/index.php\/wp-json\/wp\/v2\/media\/37247"}],"wp:attachment":[{"href":"https:\/\/soydeaqui.ddns.net\/pachuca\/index.php\/wp-json\/wp\/v2\/media?parent=37248"}],"wp:term":[{"taxonomy":"product_brand","embeddable":true,"href":"https:\/\/soydeaqui.ddns.net\/pachuca\/index.php\/wp-json\/wp\/v2\/product_brand?post=37248"},{"taxonomy":"product_cat","embeddable":true,"href":"https:\/\/soydeaqui.ddns.net\/pachuca\/index.php\/wp-json\/wp\/v2\/product_cat?post=37248"},{"taxonomy":"product_tag","embeddable":true,"href":"https:\/\/soydeaqui.ddns.net\/pachuca\/index.php\/wp-json\/wp\/v2\/product_tag?post=37248"}],"curies":[{"name":"wp","href":"https:\/\/api.w.org\/{rel}","templated":true}]}}