{"id":3724,"date":"2026-03-18T06:11:15","date_gmt":"2026-03-18T06:11:15","guid":{"rendered":"https:\/\/soydeaqui.ddns.net\/pachuca\/index.php\/producto\/funda-para-tarjeta-rfid-de-plastico-compatible-con-nx0140-y-nx0143\/"},"modified":"2026-03-18T06:11:17","modified_gmt":"2026-03-18T06:11:17","slug":"funda-para-tarjeta-rfid-de-plastico-compatible-con-nx0140-y-nx0143","status":"publish","type":"product","link":"https:\/\/soydeaqui.ddns.net\/pachuca\/index.php\/producto\/funda-para-tarjeta-rfid-de-plastico-compatible-con-nx0140-y-nx0143\/","title":{"rendered":"Funda para Tarjeta RFID de Pl\u00e1stico, Compatible con NX0140 y NX0143"},"content":{"rendered":"<div style='width: 100%; max-width: 1200px; margin: 0 auto; font-family: sans-serif; line-height: 1.6; color: inherit; background-color: transparent;'>\n<div style='display: flex; flex-wrap: wrap; gap: 30px; margin-bottom: 30px;'>\n<div style='flex: 1 1 300px; min-width: 280px;'>\n<h3 style='font-size: 22px; border-bottom: 2px solid currentColor; padding-bottom: 5px; margin-top: 0; color: inherit; opacity: 0.8;'>Funciones principales<\/h3>\n<ul style='padding-left: 20px; font-size: 15px; color: inherit;'>\n<li style='margin-bottom: 5px;'>Protecci\u00f3n de tarjetas RFID frente a su uso diario<\/li>\n<li style='margin-bottom: 5px;'>Mayor resistencia a la humedad y a la suciedad.<\/li>\n<li style='margin-bottom: 5px;'>Se puede usar con cord\u00f3n <a href='https:\/\/www.syscom.mx\/producto\/ibernex-nx0143-207604.html' target='_blank' rel='noopener' style='color: #0091ff; text-decoration: none; font-weight: bold;'>NX0143<\/a><\/li>\n<li style='margin-bottom: 5px;'>Compatible con tarjeta <a href='https:\/\/www.syscom.mx\/producto\/ibernex-nx0140-207591.html' target='_blank' rel='noopener' style='color: #0091ff; text-decoration: none; font-weight: bold;'>NX0140<\/a><\/li>\n<\/ul><\/div>\n<div style='flex: 1 1 300px; min-width: 280px;'>\n<h3 style='font-size: 22px; border-bottom: 2px solid currentColor; padding-bottom: 5px; margin-top: 0; color: inherit; opacity: 0.8;'>Caracter\u00edsticas el\u00e9ctricas y f\u00edsicas<\/h3>\n<ul style='padding-left: 20px; font-size: 15px; color: inherit;'>\n<li style='margin-bottom: 5px;'>Funda de pl\u00e1stico<\/li>\n<li style='margin-bottom: 5px;'>Dimensiones de la tarjeta: 85.6 x 54 x 0.76 mm<\/li>\n<\/ul><\/div>\n<div style='flex: 1 1 300px; min-width: 280px;'>\n<h3 style='font-size: 22px; border-bottom: 2px solid currentColor; padding-bottom: 5px; margin-top: 0; color: inherit; opacity: 0.8;'>Caracter\u00edsticas Destacadas<\/h3>\n<p style='font-size: 15px; color: inherit;'>La funda NX0141 permite al personal llevar su tarjeta de indentificaci\u00f3n RFID siempre protegida y visible por ambos lados<\/p>\n<\/p><\/div>\n<\/p><\/div>\n<hr style='border: 0; border-top: 1px solid rgba(150&comma; 150&comma; 150&comma; 0.3); margin: 30px 0;'>\n<div style='text-align: center; margin-bottom: 30px;'> <img style='width: 100%; height: auto; border: 1px solid rgba(150&comma;150&comma;150&comma;0.3); border-radius: 8px;' src='https:\/\/ftp3.syscom.mx\/usuarios\/scorrea\/A\/IBERNEX\/I\/PRESENTACION_BIBLIOTECA_REVIT-2.jpg' alt=''> <\/div>\n<hr style='border: 0; border-top: 1px solid rgba(150&comma; 150&comma; 150&comma; 0.3); margin: 30px 0;'>\n<div style='text-align: center; margin-bottom: 30px;'> <img style='width: 100%; height: auto; border: 1px solid rgba(150&comma;150&comma;150&comma;0.3); border-radius: 8px;' src='https:\/\/ftp3.syscom.mx\/usuarios\/scorrea\/A\/IBERNEX\/I\/principal.png' alt=''> <\/div>\n<h3 style='text-align: center; font-size: 20px; margin-top: 30px; margin-bottom: 20px; color: inherit; opacity: 0.9;'>SISTEMA DE LLAMADA PACIENTE-ENFERMERA<\/h3>\n<div style='display: flex; flex-wrap: wrap; gap: 30px; margin-bottom: 30px;'>\n<div style='flex: 1 1 300px; min-width: 280px;'>\n<p style='font-size: 15px; color: inherit;'>Helpnex ayuda a mejorar la comunicaci\u00f3n entre los pacientes y el personal m\u00e9dico de tu residencia o centro m\u00e9dico&comma; utilizando la tecnolog\u00eda sociosanitaria de punta para mejorar el bienestar y la productividad del centro.<\/p>\n<\/p><\/div>\n<div style='flex: 1 1 300px; min-width: 280px;'>\n<div style='position: relative; padding-bottom: 56.25%; height: 0; overflow: hidden; margin-bottom: 30px;'>   <\/div>\n<\/p><\/div>\n<\/p><\/div>\n<hr style='border: 0; border-top: 1px solid rgba(150&comma; 150&comma; 150&comma; 0.3); margin: 30px 0;'>\n<div style='display: flex; flex-wrap: wrap; gap: 30px; margin-bottom: 30px;'>\n<div style='flex: 1 1 300px; min-width: 280px;'>\n<p style='font-size: 15px; color: inherit;'>Helpnex cubre las necesidades de comunicaci\u00f3n y trazabilidad de las instalaciones&comma; incrementando la productividad y el bienestar del centro y de sus miembros.<\/p>\n<p style='font-size: 15px; color: inherit;'>El Sistema de llamadas paciente-enfermera de Helpnex es la soluci\u00f3n de comunicaci\u00f3n m\u00e1s completa en tecnolog\u00eda sociosanitaria. Mejora el servicio y la atenci\u00f3n al paciente y la gesti\u00f3n de recursos de tu centro con la comunicaci\u00f3n instant\u00e1nea paciente-enfermera de Ibernex.<\/p>\n<\/p><\/div>\n<div style='flex: 1 1 300px; min-width: 280px;'>\n<div style='position: relative; padding-bottom: 56.25%; height: 0; overflow: hidden; margin-bottom: 30px;'>   <\/div>\n<\/p><\/div>\n<\/p><\/div>\n<hr style='border: 0; border-top: 1px solid rgba(150&comma; 150&comma; 150&comma; 0.3); margin: 30px 0;'>\n<div style='display: flex; align-items: center; flex-wrap: wrap; margin-bottom: 30px;'>\n<div style='flex: 1 1 200px; min-width: 200px; margin-right: 20px;'> <a title='Cat\u00e1logo de productos' href='https:\/\/ftp3.syscom.mx\/usuarios\/scorrea\/A\/IBERNEX\/Catalogo_productos.pdf' target='_blank' rel='noopener'> <img style='width: 100%; height: auto; border: 1px solid rgba(150&comma;150&comma;150&comma;0.3); border-radius: 8px;' src='https:\/\/ftp3.syscom.mx\/usuarios\/scorrea\/A\/IBERNEX\/I\/helpnex.png' alt=''> <\/a> <\/div>\n<\/p><\/div>\n<div style='display: flex; flex-wrap: wrap; gap: 30px; margin-bottom: 30px;'>\n<div style='flex: 1 1 300px; min-width: 280px;'> <img style='width: 100%; height: auto; border: 1px solid rgba(150&comma;150&comma;150&comma;0.3); border-radius: 8px;' src='https:\/\/ftp3.syscom.mx\/usuarios\/scorrea\/A\/IBERNEX\/I\/enfermera5.jpg' alt=''> <\/div>\n<div style='flex: 1 1 300px; min-width: 280px;'>\n<h3 style='font-size: 18px; margin-top: 0; margin-bottom: 15px; color: inherit; opacity: 0.9;'>\u00bfEn qu\u00e9 consiste nuestro sistema de llamadas paciente \u2013 enfermera?<\/h3>\n<ul style='padding-left: 20px; font-size: 15px; color: inherit;'>\n<li style='margin-bottom: 10px;'><strong>Codificaci\u00f3n de tareas y alarmas atendidas<\/strong>: Permite visualizar y atender las alarmas generadas por los pacientes a trav\u00e9s de los dispositivos instalados en la habitaci\u00f3n. El paciente puede detallar el motivo de la alarma y el personal&comma; al atender dicha alarma&comma; puede anadir todo tipo de observaciones. Adem\u00e1s&comma; todas las alarmas quedan registradas en la base de datos.<\/li>\n<li style='margin-bottom: 10px;'><strong>Trazabilidad<\/strong>: Desde el punto de control&comma; el sistema de llamada asistencial de Helpnex proporciona la visualizaci\u00f3n de las alarmas en el plano en tiempo real&comma; facilitando el conocimiento de la posici\u00f3n del residente o paciente. Interfaz personalizada para cada centro.<\/li>\n<li style='margin-bottom: 10px;'><strong>Informes en diferentes formatos<\/strong>: Exporta desde la plataforma Helpnex informes personalizados en los que aparece toda la informaci\u00f3n sobre lo ocurrido en el centro. Incrementa&comma; as\u00ed&comma; la eficiencia en la gesti\u00f3n de los recursos y en la toma de decisiones.<\/li>\n<li style='margin-bottom: 10px;'><strong>Tecnolog\u00eda IP<\/strong>: La comunicaci\u00f3n de datos del sistema de llamadas paciente-enfermera de Helpnex se basa en tecnolog\u00eda IP&comma; lo que permite la transmisi\u00f3n de la informaci\u00f3n en tiempo real.<\/li>\n<li style='margin-bottom: 10px;'><strong>Posibilidad de alimentaci\u00f3n PoE<\/strong>: Elimina la necesidad de utilizar tomas de corriente en las ubicaciones de cada dispositivo del sistema y permite una aplicaci\u00f3n m\u00e1s sencilla con la alimentaci\u00f3n a trav\u00e9s de Ethernet (PoE) abaratando notablemente la instalaci\u00f3n y reduciendo costes.<\/li>\n<li style='margin-bottom: 10px;'><strong>Seguridad en las comunicaciones<\/strong>: Garantiza el funcionamiento las 24 horas del d\u00eda&comma; 7 d\u00edas a la semana.<\/li>\n<li style='margin-bottom: 10px;'><strong>Movilidad: DECTs&comma; pagers&comma; Smartphones<\/strong>: El sistema de llamada inal\u00e1mbrico para la comunicaci\u00f3n entre paciente y enfermera puede instalarse en DECTs&comma; pagers y Smartphones.<\/li>\n<\/ul><\/div>\n<\/p><\/div>\n<hr style='border: 0; border-top: 1px solid rgba(150&comma; 150&comma; 150&comma; 0.3); margin: 30px 0;'>\n<h3 style='font-size: 20px; margin-top: 30px; margin-bottom: 20px; color: inherit; opacity: 0.9;'>Beneficios del Sistema de llamadas paciente-enfermera de Helpnex<\/h3>\n<div style='display: flex; flex-wrap: wrap; gap: 30px; margin-bottom: 30px;'>\n<div style='flex: 1 1 300px; min-width: 280px;'>\n<div style='border: 1px solid rgba(150&comma; 150&comma; 150&comma; 0.4); border-radius: 8px; overflow: hidden; display: flex; flex-direction: column;'>\n<div style='padding: 15px; border-bottom: 1px solid rgba(150&comma; 150&comma; 150&comma; 0.2); font-weight: bold; font-size: 18px; color: inherit;'>Optimiza el tiempo dedicado a la atenci\u00f3n de avisos de pacientes.<\/div>\n<div style='padding: 15px; color: inherit;'> <img style='width: 100%; height: auto; border: 1px solid rgba(150&comma;150&comma;150&comma;0.3); border-radius: 8px; margin-bottom: 15px;' src='https:\/\/ibernex.es\/wp-content\/uploads\/2018\/03\/BENEFICIOS-HELPNEX.png' alt=''> <\/div>\n<\/p><\/div>\n<\/p><\/div>\n<div style='flex: 1 1 300px; min-width: 280px;'>\n<div style='border: 1px solid rgba(150&comma; 150&comma; 150&comma; 0.4); border-radius: 8px; overflow: hidden; display: flex; flex-direction: column;'>\n<div style='padding: 15px; border-bottom: 1px solid rgba(150&comma; 150&comma; 150&comma; 0.2); font-weight: bold; font-size: 18px; color: inherit;'>Monitoriza las tareas realizadas por el personal.<\/div>\n<div style='padding: 15px; color: inherit;'> <img style='width: 100%; height: auto; border: 1px solid rgba(150&comma;150&comma;150&comma;0.3); border-radius: 8px; margin-bottom: 15px;' src='https:\/\/ibernex.es\/wp-content\/uploads\/2018\/03\/BENEFICIOS-HELPNEX.png' alt=''> <\/div>\n<\/p><\/div>\n<\/p><\/div>\n<div style='flex: 1 1 300px; min-width: 280px;'>\n<div style='border: 1px solid rgba(150&comma; 150&comma; 150&comma; 0.4); border-radius: 8px; overflow: hidden; display: flex; flex-direction: column;'>\n<div style='padding: 15px; border-bottom: 1px solid rgba(150&comma; 150&comma; 150&comma; 0.2); font-weight: bold; font-size: 18px; color: inherit;'>Ahorra en costes de operatividad e incrementa la productividad del centro.<\/div>\n<div style='padding: 15px; color: inherit;'> <img style='width: 100%; height: auto; border: 1px solid rgba(150&comma;150&comma;150&comma;0.3); border-radius: 8px; margin-bottom: 15px;' src='https:\/\/ibernex.es\/wp-content\/uploads\/2018\/03\/BENEFICIOS-HELPNEX.png' alt=''> <\/div>\n<\/p><\/div>\n<\/p><\/div>\n<div style='flex: 1 1 300px; min-width: 280px;'>\n<div style='border: 1px solid rgba(150&comma; 150&comma; 150&comma; 0.4); border-radius: 8px; overflow: hidden; display: flex; flex-direction: column;'>\n<div style='padding: 15px; border-bottom: 1px solid rgba(150&comma; 150&comma; 150&comma; 0.2); font-weight: bold; font-size: 18px; color: inherit;'>Asegura el control preciso sobre cada actividad.<\/div>\n<div style='padding: 15px; color: inherit;'> <img style='width: 100%; height: auto; border: 1px solid rgba(150&comma;150&comma;150&comma;0.3); border-radius: 8px; margin-bottom: 15px;' src='https:\/\/ibernex.es\/wp-content\/uploads\/2018\/03\/BENEFICIOS-HELPNEX.png' alt=''> <\/div>\n<\/p><\/div>\n<\/p><\/div>\n<div style='flex: 1 1 300px; min-width: 280px;'>\n<div style='border: 1px solid rgba(150&comma; 150&comma; 150&comma; 0.4); border-radius: 8px; overflow: hidden; display: flex; flex-direction: column;'>\n<div style='padding: 15px; border-bottom: 1px solid rgba(150&comma; 150&comma; 150&comma; 0.2); font-weight: bold; font-size: 18px; color: inherit;'>Asegura el control preciso sobre cada actividad.<\/div>\n<div style='padding: 15px; color: inherit;'> <img style='width: 100%; height: auto; border: 1px solid rgba(150&comma;150&comma;150&comma;0.3); border-radius: 8px; margin-bottom: 15px;' src='https:\/\/ibernex.es\/wp-content\/uploads\/2018\/03\/BENEFICIOS-HELPNEX.png' alt=''> <\/div>\n<\/p><\/div>\n<\/p><\/div>\n<div style='flex: 1 1 300px; min-width: 280px;'>\n<div style='border: 1px solid rgba(150&comma; 150&comma; 150&comma; 0.4); border-radius: 8px; overflow: hidden; display: flex; flex-direction: column;'>\n<div style='padding: 15px; border-bottom: 1px solid rgba(150&comma; 150&comma; 150&comma; 0.2); font-weight: bold; font-size: 18px; color: inherit;'>Asegura el control preciso sobre cada actividad.<\/div>\n<div style='padding: 15px; color: inherit;'> <img style='width: 100%; height: auto; border: 1px solid rgba(150&comma;150&comma;150&comma;0.3); border-radius: 8px; margin-bottom: 15px;' src='https:\/\/ibernex.es\/wp-content\/uploads\/2018\/03\/BENEFICIOS-HELPNEX.png' alt=''> <\/div>\n<\/p><\/div>\n<\/p><\/div>\n<\/p><\/div>\n<div style='display: flex; flex-wrap: wrap; gap: 30px; margin-bottom: 30px;'>\n<div style='flex: 1 1 300px; min-width: 280px;'> <img style='width: 100%; height: auto; border: 1px solid rgba(150&comma;150&comma;150&comma;0.3); border-radius: 8px;' src='https:\/\/ftp3.syscom.mx\/usuarios\/scorrea\/A\/IBERNEX\/I\/camilla2.jpg' alt=''> <\/div>\n<\/p><\/div>\n<hr style='border: 0; border-top: 1px solid rgba(150&comma; 150&comma; 150&comma; 0.3); margin: 30px 0;'>\n<h3 style='font-size: 20px; margin-top: 30px; margin-bottom: 20px; color: inherit; opacity: 0.9;'>Dispositivos del Sistema de llamadas paciente-enfermera<\/h3>\n<div style='text-align: center; margin-bottom: 30px;'> <a title='Ibernex' href='https:\/\/www.syscom.mx\/principal\/listadopormarca\/IBERNEX\/full?ordenar=Mas_Vendidos&#038;pag=1' target='_blank' rel='noopener'> <img style='width: 100%; height: auto; border: 1px solid rgba(150&comma;150&comma;150&comma;0.3); border-radius: 8px;' src='https:\/\/ftp3.syscom.mx\/usuarios\/scorrea\/A\/IBERNEX\/I\/PERIFERICOS.png' alt=''> <\/a> <\/div>\n<div style='text-align: center; margin-bottom: 30px;'> <a title='Ibernex' href='https:\/\/www.syscom.mx\/principal\/listadopormarca\/IBERNEX\/full?ordenar=Mas_Vendidos&#038;pag=1' target='_blank' rel='noopener'> <img style='width: 100%; height: auto; border: 1px solid rgba(150&comma;150&comma;150&comma;0.3); border-radius: 8px;' src='https:\/\/ftp3.syscom.mx\/usuarios\/scorrea\/A\/IBERNEX\/I\/terminales_habitacion.png' alt=''> <\/a> <\/div>\n<\/p><\/div>\n","protected":false},"excerpt":{"rendered":"<p>Funda para Tarjeta RFID de Pl\u00e1stico, Compatible con NX0140 y NX0143<\/p>\n","protected":false},"featured_media":3723,"comment_status":"open","ping_status":"closed","template":"","meta":[],"product_brand":[],"product_cat":[469],"product_tag":[93,153,470],"class_list":{"0":"post-3724","1":"product","2":"type-product","3":"status-publish","4":"has-post-thumbnail","6":"product_cat-tarjetas-y-tags","7":"product_tag-accesorios","8":"product_tag-ibernex","9":"product_tag-tarjetas-y-tags","11":"first","12":"outofstock","13":"sale","14":"shipping-taxable","15":"purchasable","16":"product-type-simple"},"_links":{"self":[{"href":"https:\/\/soydeaqui.ddns.net\/pachuca\/index.php\/wp-json\/wp\/v2\/product\/3724","targetHints":{"allow":["GET"]}}],"collection":[{"href":"https:\/\/soydeaqui.ddns.net\/pachuca\/index.php\/wp-json\/wp\/v2\/product"}],"about":[{"href":"https:\/\/soydeaqui.ddns.net\/pachuca\/index.php\/wp-json\/wp\/v2\/types\/product"}],"replies":[{"embeddable":true,"href":"https:\/\/soydeaqui.ddns.net\/pachuca\/index.php\/wp-json\/wp\/v2\/comments?post=3724"}],"wp:featuredmedia":[{"embeddable":true,"href":"https:\/\/soydeaqui.ddns.net\/pachuca\/index.php\/wp-json\/wp\/v2\/media\/3723"}],"wp:attachment":[{"href":"https:\/\/soydeaqui.ddns.net\/pachuca\/index.php\/wp-json\/wp\/v2\/media?parent=3724"}],"wp:term":[{"taxonomy":"product_brand","embeddable":true,"href":"https:\/\/soydeaqui.ddns.net\/pachuca\/index.php\/wp-json\/wp\/v2\/product_brand?post=3724"},{"taxonomy":"product_cat","embeddable":true,"href":"https:\/\/soydeaqui.ddns.net\/pachuca\/index.php\/wp-json\/wp\/v2\/product_cat?post=3724"},{"taxonomy":"product_tag","embeddable":true,"href":"https:\/\/soydeaqui.ddns.net\/pachuca\/index.php\/wp-json\/wp\/v2\/product_tag?post=3724"}],"curies":[{"name":"wp","href":"https:\/\/api.w.org\/{rel}","templated":true}]}}