{"id":37136,"date":"2026-03-18T16:23:27","date_gmt":"2026-03-18T16:23:27","guid":{"rendered":"https:\/\/soydeaqui.ddns.net\/pachuca\/index.php\/producto\/mcb-interruptor-termomagnetico-enchufable-serie-b2q-3p-15a-240v-sku1002294\/"},"modified":"2026-03-18T16:23:34","modified_gmt":"2026-03-18T16:23:34","slug":"mcb-interruptor-termomagnetico-enchufable-serie-b2q-3p-15a-240v-sku1002294","status":"publish","type":"product","link":"https:\/\/soydeaqui.ddns.net\/pachuca\/index.php\/producto\/mcb-interruptor-termomagnetico-enchufable-serie-b2q-3p-15a-240v-sku1002294\/","title":{"rendered":"MCB &#8211; Interruptor Termomagn\u00e9tico Enchufable, Serie: B2Q, 3P, 15A, 240V (SKU:1002294)"},"content":{"rendered":"<div style='width: 100%; max-width: 1200px; margin: 0 auto; font-family: sans-serif; line-height: 1.6; color: inherit; background-color: transparent;'>\n<div style='display: flex; flex-wrap: wrap; gap: 30px; margin-bottom: 30px;'>\n<div style='flex: 1 1 300px; min-width: 280px;'>\n<h3 style='font-size: 22px; border-bottom: 2px solid currentColor; padding-bottom: 5px; margin-top: 0; color: inherit; opacity: 0.8;'>Descripci\u00f3n<\/h3>\n<p style='font-size: 15px; color: inherit; margin-bottom: 15px;'>Los dispositivos B2Q son capaces de suspender el paso de la corriente el\u00e9ctrica en un circuito al detectar una sobre carga (parte t\u00e9rmica) o una sobretensi\u00f3n (parte magn\u00e9tica)<\/p>\n<\/p><\/div>\n<\/p><\/div>\n<div style='display: flex; flex-wrap: wrap; gap: 20px; margin-bottom: 30px;'>\n<div style='flex: 1 1 250px; border: 1px solid rgba(150&comma; 150&comma; 150&comma; 0.4); border-radius: 8px; overflow: hidden; display: flex; flex-direction: column;'>\n<div style='padding: 15px; border-bottom: 1px solid rgba(150&comma; 150&comma; 150&comma; 0.2); font-weight: bold; font-size: 18px; color: inherit;'>Caracter\u00edsticas<\/div>\n<div style='padding: 15px; color: inherit;'>\n<ul style='padding-left: 20px; margin: 0; font-size: 14px; list-style-type: disc;'>\n<li style='margin-bottom: 5px;'>Protecci\u00f3n de circuitos derivados contra cortocircuitos y sobrevargas<\/li>\n<li style='margin-bottom: 5px;'>Uso en aplicaciones comerciales e industriales como:<\/li>\n<ul style='padding-left: 25px; margin-top: 5px; margin-bottom: 5px; font-size: 14px; list-style-type: circle;'>\n<li style='margin-bottom: 5px;'>Circuitos de control de motores<\/li>\n<li style='margin-bottom: 5px;'>Equipos de calefacci\u00f3n&comma; ventilaci\u00f3n&comma; acondicionamiento de aire y refrigeraci\u00f3n<\/li>\n<li style='margin-bottom: 5px;'>(HVACR) (internos\/externos)<\/li>\n<li style='margin-bottom: 5px;'>Fuentes de alimentaci\u00f3n<\/li>\n<li style='margin-bottom: 5px;'>Instrumentaci\u00f3n de control<\/li>\n<li style='margin-bottom: 5px;'>Fuentes de alimentaci\u00f3n ininterrumpida (UPS)<\/li>\n<li style='margin-bottom: 5px;'>Acondicionadores de energ\u00eda<\/li>\n<\/ul>\n<\/ul><\/div>\n<\/p><\/div>\n<div style='flex: 1 1 250px; border: 1px solid rgba(150&comma; 150&comma; 150&comma; 0.4); border-radius: 8px; overflow: hidden; display: flex; flex-direction: column;'>\n<div style='padding: 15px; border-bottom: 1px solid rgba(150&comma; 150&comma; 150&comma; 0.2); font-weight: bold; font-size: 18px; color: inherit;'>Especificaciones T\u00e9cnicas<\/div>\n<div style='padding: 15px; color: inherit;'>\n<ul style='padding-left: 20px; margin: 0; font-size: 14px; list-style-type: disc;'>\n<li style='margin-bottom: 5px;'><strong>Voltaje de operaci\u00f3n:<\/strong> 240 VCA<\/li>\n<li style='margin-bottom: 5px;'><strong>Corriente nominal:<\/strong> 15A<\/li>\n<li style='margin-bottom: 5px;'><strong>Configuraci\u00f3n:<\/strong> 3 polos<\/li>\n<li style='margin-bottom: 5px;'><strong>Capacidad interruptiva:<\/strong> 10kA<\/li>\n<li style='margin-bottom: 5px;'><strong>Montaje:<\/strong> Enchufable<\/li>\n<li style='margin-bottom: 5px;'><strong>Bandera indicadora<\/strong> de estado<\/li>\n<li style='margin-bottom: 5px;'><strong>Tornillos cautivos<\/strong><\/li>\n<li style='margin-bottom: 5px;'><strong>Temperatura de funcionamiento:<\/strong> -30 a 70\u00b0C<\/li>\n<\/ul><\/div>\n<\/p><\/div>\n<\/p><\/div>\n<hr style='border: 0; border-top: 1px solid rgba(150&comma; 150&comma; 150&comma; 0.3); margin: 30px 0;'> <\/div>\n","protected":false},"excerpt":{"rendered":"<p>MCB &#8211; Interruptor Termomagn\u00e9tico Enchufable, Serie: B2Q, 3P, 15A, 240V (SKU:1002294)<\/p>\n","protected":false},"featured_media":37135,"comment_status":"open","ping_status":"closed","template":"","meta":[],"product_brand":[],"product_cat":[1069],"product_tag":[1066,1070,1079],"class_list":{"0":"post-37136","1":"product","2":"type-product","3":"status-publish","4":"has-post-thumbnail","6":"product_cat-centros-de-carga-e-interruptores","7":"product_tag-area-electrica","8":"product_tag-centros-de-carga-e-interruptores","9":"product_tag-chint","11":"first","12":"instock","13":"sale","14":"shipping-taxable","15":"purchasable","16":"product-type-simple"},"_links":{"self":[{"href":"https:\/\/soydeaqui.ddns.net\/pachuca\/index.php\/wp-json\/wp\/v2\/product\/37136","targetHints":{"allow":["GET"]}}],"collection":[{"href":"https:\/\/soydeaqui.ddns.net\/pachuca\/index.php\/wp-json\/wp\/v2\/product"}],"about":[{"href":"https:\/\/soydeaqui.ddns.net\/pachuca\/index.php\/wp-json\/wp\/v2\/types\/product"}],"replies":[{"embeddable":true,"href":"https:\/\/soydeaqui.ddns.net\/pachuca\/index.php\/wp-json\/wp\/v2\/comments?post=37136"}],"wp:featuredmedia":[{"embeddable":true,"href":"https:\/\/soydeaqui.ddns.net\/pachuca\/index.php\/wp-json\/wp\/v2\/media\/37135"}],"wp:attachment":[{"href":"https:\/\/soydeaqui.ddns.net\/pachuca\/index.php\/wp-json\/wp\/v2\/media?parent=37136"}],"wp:term":[{"taxonomy":"product_brand","embeddable":true,"href":"https:\/\/soydeaqui.ddns.net\/pachuca\/index.php\/wp-json\/wp\/v2\/product_brand?post=37136"},{"taxonomy":"product_cat","embeddable":true,"href":"https:\/\/soydeaqui.ddns.net\/pachuca\/index.php\/wp-json\/wp\/v2\/product_cat?post=37136"},{"taxonomy":"product_tag","embeddable":true,"href":"https:\/\/soydeaqui.ddns.net\/pachuca\/index.php\/wp-json\/wp\/v2\/product_tag?post=37136"}],"curies":[{"name":"wp","href":"https:\/\/api.w.org\/{rel}","templated":true}]}}