{"id":37054,"date":"2026-03-18T16:21:26","date_gmt":"2026-03-18T16:21:26","guid":{"rendered":"https:\/\/soydeaqui.ddns.net\/pachuca\/index.php\/producto\/pdu-para-distribucion-de-energia-montaje-en-rack-11-salidas-instalacion-horizontal-de-19in-1u-15-amp-120-vca-con-indicador-led\/"},"modified":"2026-03-18T16:21:35","modified_gmt":"2026-03-18T16:21:35","slug":"pdu-para-distribucion-de-energia-montaje-en-rack-11-salidas-instalacion-horizontal-de-19in-1u-15-amp-120-vca-con-indicador-led","status":"publish","type":"product","link":"https:\/\/soydeaqui.ddns.net\/pachuca\/index.php\/producto\/pdu-para-distribucion-de-energia-montaje-en-rack-11-salidas-instalacion-horizontal-de-19in-1u-15-amp-120-vca-con-indicador-led\/","title":{"rendered":"PDU para Distribuci\u00f3n de Energ\u00eda, Montaje en Rack, 11 salidas, Instalaci\u00f3n Horizontal, de 19in, 1U, 15 Amp, 120 Vca, Con Indicador Led"},"content":{"rendered":"<div style='width: 100%; max-width: 1200px; margin: 0 auto; font-family: sans-serif; line-height: 1.6; color: inherit; background-color: transparent;'>\n<div style='display: flex; flex-wrap: wrap; gap: 30px; margin-bottom: 30px;'>\n<div style='flex: 1 1 300px; min-width: 280px;'>\n<h3 style='font-size: 22px; border-bottom: 2px solid currentColor; padding-bottom: 5px; margin-top: 0; color: inherit; opacity: 0.8;'>Descripci\u00f3n<\/h3>\n<p style='font-size: 15px; color: inherit; margin-bottom: 15px;'>Con los nuevos Pdus de Linkedpro mantenga la continuidad operativa dentro de sus instalaciones de red distribuyendo de manera eficiente y segura la energ\u00eda.<\/p>\n<\/p><\/div>\n<\/p><\/div>\n<div style='display: flex; flex-wrap: wrap; gap: 20px; margin-bottom: 30px;'>\n<div style='flex: 1 1 250px; border: 1px solid rgba(150&comma; 150&comma; 150&comma; 0.4); border-radius: 8px; overflow: hidden; display: flex; flex-direction: column;'>\n<div style='padding: 15px; border-bottom: 1px solid rgba(150&comma; 150&comma; 150&comma; 0.2); font-weight: bold; font-size: 18px; color: inherit;'>Especificaciones t\u00e9cnicas<\/div>\n<div style='padding: 15px; color: inherit;'>\n<ul style='padding-left: 20px; margin: 0; font-size: 14px; list-style-type: disc;'>\n<li style='margin-bottom: 5px;'><strong>Voltaje de entrada \/ salida:<\/strong> 120Vca \/ 15A<\/li>\n<li style='margin-bottom: 5px;'><strong>Voltaje de Umbral:<\/strong> UL: L-N 400V&comma; L-G 400V&comma; N-G 400V<\/li>\n<li style='margin-bottom: 5px;'><strong>Dimensiones:<\/strong> 482.6 x 44 x 212.6 mm (Ancho x Alto x Profundidad)<\/li>\n<li style='margin-bottom: 5px;'><strong>Color:<\/strong> Negro<\/li>\n<li style='margin-bottom: 5px;'><strong>Longitud del cable:<\/strong> 1.80m<\/li>\n<li style='margin-bottom: 5px;'><strong>Montaje:<\/strong> En Rack<\/li>\n<li style='margin-bottom: 5px;'><strong>Temperatura de operaci\u00f3n:<\/strong> 0 a 40 \u00baC<\/li>\n<li style='margin-bottom: 5px;'><strong>Temperatura de almacenamiento:<\/strong> -15 a 45 \u00baC<\/li>\n<li style='margin-bottom: 5px;'><strong>Indicador Led:<\/strong> Para protecci\u00f3n contra sobretensiones<\/li>\n<li style='margin-bottom: 5px; display: flex; align-items: center;'><strong>Tipo de Tomas:<\/strong> NEMA 5-15R <img style='width: 40px; height: 40px; border: 1px solid rgba(150&comma;150&comma;150&comma;0.3); border-radius: 4px; margin-left: 10px;' src='https:\/\/www.cyberpower.com\/mx\/es\/File\/GetImageByDocId\/GeneralAttribute-238' alt=''><\/li>\n<li style='margin-bottom: 5px; display: flex; align-items: center;'><strong>Tipo de Plug:<\/strong> NEMA 5-15P <img style='width: 40px; height: 40px; border: 1px solid rgba(150&comma;150&comma;150&comma;0.3); border-radius: 4px; margin-left: 10px;' src='https:\/\/www.cyberpower.com\/mx\/es\/File\/GetImageByDocId\/GeneralAttribute-235' alt=''><\/li>\n<\/ul><\/div>\n<\/p><\/div>\n<\/p><\/div>\n<div style='position: relative; padding-bottom: 56.25%; height: 0; overflow: hidden; margin-bottom: 30px;'>   <\/div>\n<hr style='border: 0; border-top: 1px solid rgba(150&comma; 150&comma; 150&comma; 0.3); margin: 30px 0;'> <\/div>\n","protected":false},"excerpt":{"rendered":"<p>PDU para Distribuci\u00f3n de Energ\u00eda, Montaje en Rack, 11 salidas, Instalaci\u00f3n Horizontal, de 19in, 1U, 15 Amp, 120 Vca, Con Indicador Led<\/p>\n","protected":false},"featured_media":37053,"comment_status":"open","ping_status":"closed","template":"","meta":[],"product_brand":[],"product_cat":[645],"product_tag":[647,435,646],"class_list":{"0":"post-37054","1":"product","2":"type-product","3":"status-publish","4":"has-post-thumbnail","6":"product_cat-basicos","7":"product_tag-basicos","8":"product_tag-linkedpro-by-epcom","9":"product_tag-pdu","11":"first","12":"instock","13":"sale","14":"shipping-taxable","15":"purchasable","16":"product-type-simple"},"_links":{"self":[{"href":"https:\/\/soydeaqui.ddns.net\/pachuca\/index.php\/wp-json\/wp\/v2\/product\/37054","targetHints":{"allow":["GET"]}}],"collection":[{"href":"https:\/\/soydeaqui.ddns.net\/pachuca\/index.php\/wp-json\/wp\/v2\/product"}],"about":[{"href":"https:\/\/soydeaqui.ddns.net\/pachuca\/index.php\/wp-json\/wp\/v2\/types\/product"}],"replies":[{"embeddable":true,"href":"https:\/\/soydeaqui.ddns.net\/pachuca\/index.php\/wp-json\/wp\/v2\/comments?post=37054"}],"wp:featuredmedia":[{"embeddable":true,"href":"https:\/\/soydeaqui.ddns.net\/pachuca\/index.php\/wp-json\/wp\/v2\/media\/37053"}],"wp:attachment":[{"href":"https:\/\/soydeaqui.ddns.net\/pachuca\/index.php\/wp-json\/wp\/v2\/media?parent=37054"}],"wp:term":[{"taxonomy":"product_brand","embeddable":true,"href":"https:\/\/soydeaqui.ddns.net\/pachuca\/index.php\/wp-json\/wp\/v2\/product_brand?post=37054"},{"taxonomy":"product_cat","embeddable":true,"href":"https:\/\/soydeaqui.ddns.net\/pachuca\/index.php\/wp-json\/wp\/v2\/product_cat?post=37054"},{"taxonomy":"product_tag","embeddable":true,"href":"https:\/\/soydeaqui.ddns.net\/pachuca\/index.php\/wp-json\/wp\/v2\/product_tag?post=37054"}],"curies":[{"name":"wp","href":"https:\/\/api.w.org\/{rel}","templated":true}]}}