{"id":37043,"date":"2026-03-18T16:21:15","date_gmt":"2026-03-18T16:21:15","guid":{"rendered":"https:\/\/soydeaqui.ddns.net\/pachuca\/index.php\/producto\/cople-flexible-con-trenzado-de-bronce-de-1-x-12\/"},"modified":"2026-03-18T16:21:16","modified_gmt":"2026-03-18T16:21:16","slug":"cople-flexible-con-trenzado-de-bronce-de-1-x-12","status":"publish","type":"product","link":"https:\/\/soydeaqui.ddns.net\/pachuca\/index.php\/producto\/cople-flexible-con-trenzado-de-bronce-de-1-x-12\/","title":{"rendered":"Cople Flexible con Trenzado de Bronce de 1 x 12"},"content":{"rendered":"<div style='width: 100%; max-width: 1200px; margin: 0 auto; font-family: sans-serif; line-height: 1.6; color: inherit; background-color: transparent;'>\n<div style='display: flex; flex-wrap: wrap; gap: 30px; margin-bottom: 30px;'>\n<div style='flex: 1 1 300px; min-width: 280px;'>\n<h3 style='font-size: 22px; border-bottom: 2px solid currentColor; padding-bottom: 5px; margin-top: 0; color: inherit; opacity: 0.8;'>Caracter\u00edsticas<\/h3>\n<ul style='padding-left: 20px; font-size: 15px; color: inherit;'>\n<li style='margin-bottom: 5px;'><strong>Aplicaci\u00f3n:<\/strong> Para uso en \u00e1reas peligrosas donde el movimiento o la vibraci\u00f3n requieren una conexi\u00f3n flexible o se requiere una curva dif\u00edcil en un sistema de conductos.<\/li>\n<li style='margin-bottom: 5px;'><strong>Color:<\/strong> Bronce<\/li>\n<li style='margin-bottom: 5px;'><strong>Material:<\/strong> Bronce<\/li>\n<li style='margin-bottom: 5px;'><strong>Series:<\/strong> ECF<\/li>\n<li style='margin-bottom: 5px;'><strong>Tipo:<\/strong> Cople flexible<\/li>\n<li style='margin-bottom: 5px;'><strong>Dimensiones:<\/strong> 25 in x 2.625 in x 2.625 in<\/li>\n<li style='margin-bottom: 5px;'><strong>Longitud flexible:<\/strong> 18 in (.45 m)<\/li>\n<li style='margin-bottom: 5px;'><strong>Longitud total:<\/strong> 25 in (0.635 m)<\/li>\n<li style='margin-bottom: 5px;'><strong>Alto:<\/strong> 2.625 in (0.066 m)<\/li>\n<li style='margin-bottom: 5px;'><strong>Ancho:<\/strong> 2.625 in (0.066 m)<\/li>\n<li style='margin-bottom: 5px;'><strong>Tama\u00f1o:<\/strong> 1\/2&#8242;<\/li>\n<li style='margin-bottom: 5px;'><strong>N\u00famero de archivo CSA:<\/strong> LR11716<\/li>\n<li style='margin-bottom: 5px;'><strong>N\u00famero de archivo UL:<\/strong> E10514<\/li>\n<\/ul><\/div>\n<\/p><\/div>\n<div style='display: flex; flex-wrap: wrap; gap: 20px; margin-bottom: 30px;'>\n<div style='flex: 1 1 250px; border: 1px solid rgba(150&comma; 150&comma; 150&comma; 0.4); border-radius: 8px; overflow: hidden; display: flex; flex-direction: column;'>\n<div style='padding: 15px; border-bottom: 1px solid rgba(150&comma; 150&comma; 150&comma; 0.2); font-weight: bold; font-size: 18px; color: inherit;'>\u00c1reas Clasificadas<\/div>\n<div style='padding: 15px; color: inherit;'>\n<ul style='padding-left: 20px; margin: 0; font-size: 14px; list-style-type: disc;'>\n<li style='margin-bottom: 5px;'>Clase I&comma; Divisiones 1 &#038; 2&comma; Grupos A&comma;B&comma;C&comma;D<\/li>\n<li style='margin-bottom: 5px;'>Clase I&comma; Zona 1 &#038; 2&comma; Grupos II C&comma; II B&comma; IIA<\/li>\n<li style='margin-bottom: 5px;'>Clase II&comma; Divisiones 1&#038;2&comma; Grupos E&comma;F&comma;G<\/li>\n<li style='margin-bottom: 5px;'>Clase III&comma; Divisiones 1&#038;2<\/li>\n<\/ul><\/div>\n<\/p><\/div>\n<\/p><\/div>\n<hr style='border: 0; border-top: 1px solid rgba(150&comma; 150&comma; 150&comma; 0.3); margin: 30px 0;'> <\/div>\n","protected":false},"excerpt":{"rendered":"<p>Cople Flexible con Trenzado de Bronce de 1 x 12<\/p>\n","protected":false},"featured_media":37042,"comment_status":"open","ping_status":"closed","template":"","meta":[],"product_brand":[],"product_cat":[1076],"product_tag":[1078,1077,704],"class_list":{"0":"post-37043","1":"product","2":"type-product","3":"status-publish","4":"has-post-thumbnail","6":"product_cat-gabinetes-y-accesorios-antiexplosion","7":"product_tag-gabinetes-y-accesorios-antiexplosion","8":"product_tag-gabinetes-y-cajas","9":"product_tag-hubbell-killark","11":"first","12":"outofstock","13":"sale","14":"shipping-taxable","15":"purchasable","16":"product-type-simple"},"_links":{"self":[{"href":"https:\/\/soydeaqui.ddns.net\/pachuca\/index.php\/wp-json\/wp\/v2\/product\/37043","targetHints":{"allow":["GET"]}}],"collection":[{"href":"https:\/\/soydeaqui.ddns.net\/pachuca\/index.php\/wp-json\/wp\/v2\/product"}],"about":[{"href":"https:\/\/soydeaqui.ddns.net\/pachuca\/index.php\/wp-json\/wp\/v2\/types\/product"}],"replies":[{"embeddable":true,"href":"https:\/\/soydeaqui.ddns.net\/pachuca\/index.php\/wp-json\/wp\/v2\/comments?post=37043"}],"wp:featuredmedia":[{"embeddable":true,"href":"https:\/\/soydeaqui.ddns.net\/pachuca\/index.php\/wp-json\/wp\/v2\/media\/37042"}],"wp:attachment":[{"href":"https:\/\/soydeaqui.ddns.net\/pachuca\/index.php\/wp-json\/wp\/v2\/media?parent=37043"}],"wp:term":[{"taxonomy":"product_brand","embeddable":true,"href":"https:\/\/soydeaqui.ddns.net\/pachuca\/index.php\/wp-json\/wp\/v2\/product_brand?post=37043"},{"taxonomy":"product_cat","embeddable":true,"href":"https:\/\/soydeaqui.ddns.net\/pachuca\/index.php\/wp-json\/wp\/v2\/product_cat?post=37043"},{"taxonomy":"product_tag","embeddable":true,"href":"https:\/\/soydeaqui.ddns.net\/pachuca\/index.php\/wp-json\/wp\/v2\/product_tag?post=37043"}],"curies":[{"name":"wp","href":"https:\/\/api.w.org\/{rel}","templated":true}]}}