{"id":3704,"date":"2026-03-18T06:10:56","date_gmt":"2026-03-18T06:10:56","guid":{"rendered":"https:\/\/soydeaqui.ddns.net\/pachuca\/index.php\/producto\/sirena-con-lampara-estroboscopica-para-exterior-a-2-hilos-configuracion-estroboscopica-seleccionable-color-blanco\/"},"modified":"2026-03-18T06:11:01","modified_gmt":"2026-03-18T06:11:01","slug":"sirena-con-lampara-estroboscopica-para-exterior-a-2-hilos-configuracion-estroboscopica-seleccionable-color-blanco","status":"publish","type":"product","link":"https:\/\/soydeaqui.ddns.net\/pachuca\/index.php\/producto\/sirena-con-lampara-estroboscopica-para-exterior-a-2-hilos-configuracion-estroboscopica-seleccionable-color-blanco\/","title":{"rendered":"Sirena con L\u00e1mpara Estrobosc\u00f3pica para Exterior \/ a 2 Hilos \/ Configuraci\u00f3n Estrobosc\u00f3pica Seleccionable \/ Color Blanco"},"content":{"rendered":"<div style='width: 100%; max-width: 1200px; margin: 0 auto; font-family: sans-serif; line-height: 1.6; color: inherit; background-color: transparent;'> <!-- Secci\u00f3n de caracter\u00edsticas principales --> <\/p>\n<div style='display: flex; flex-wrap: wrap; gap: 30px; margin-bottom: 30px;'>\n<div style='flex: 1 1 300px; min-width: 280px;'>\n<h3 style='font-size: 22px; border-bottom: 2px solid currentColor; padding-bottom: 5px; margin-top: 0; color: inherit; opacity: 0.8;'>Caracter\u00edsticas Principales<\/h3>\n<ul style='padding-left: 20px; font-size: 15px; color: inherit;'>\n<li style='margin-bottom: 5px;'>Protecci\u00f3n exterior NEMA 4X e IP56<\/li>\n<li style='margin-bottom: 5px;'>Montaje en pared para instalaci\u00f3n f\u00e1cil<\/li>\n<li style='margin-bottom: 5px;'>Voltaje vers\u00e1til de 12\/24 VCC<\/li>\n<li style='margin-bottom: 5px;'>Intensidad sonora de 93 dB<\/li>\n<li style='margin-bottom: 5px;'>Selecci\u00f3n de candelas: hasta 115 cd<\/li>\n<\/ul><\/div>\n<\/p><\/div>\n<p> <!-- Secci\u00f3n de especificaciones t\u00e9cnicas --> <\/p>\n<div style='display: flex; flex-wrap: wrap; gap: 20px; margin-bottom: 30px;'>\n<div style='flex: 1 1 250px; border: 1px solid rgba(150&comma; 150&comma; 150&comma; 0.4); border-radius: 8px; overflow: hidden; display: flex; flex-direction: column;'>\n<div style='padding: 15px; border-bottom: 1px solid rgba(150&comma; 150&comma; 150&comma; 0.2); font-weight: bold; font-size: 18px; color: inherit;'>Especificaciones Generales<\/div>\n<div style='padding: 15px; color: inherit;'>\n<ul style='padding-left: 20px; margin: 0; font-size: 14px; list-style-type: disc;'>\n<li style='margin-bottom: 5px;'><strong>Protecci\u00f3n:<\/strong> NEMA 4X&comma; IP56<\/li>\n<li style='margin-bottom: 5px;'><strong>Montaje:<\/strong> Pared<\/li>\n<li style='margin-bottom: 5px;'><strong>Temperatura:<\/strong> -40\u00b0F a 151\u00b0F (-40\u00b0C a 66\u00b0C)<\/li>\n<li style='margin-bottom: 5px;'><strong>Conexi\u00f3n:<\/strong> 2 hilos<\/li>\n<li style='margin-bottom: 5px;'><strong>Color:<\/strong> Blanco<\/li>\n<\/ul><\/div>\n<\/p><\/div>\n<div style='flex: 1 1 250px; border: 1px solid rgba(150&comma; 150&comma; 150&comma; 0.4); border-radius: 8px; overflow: hidden; display: flex; flex-direction: column;'>\n<div style='padding: 15px; border-bottom: 1px solid rgba(150&comma; 150&comma; 150&comma; 0.2); font-weight: bold; font-size: 18px; color: inherit;'>Especificaciones El\u00e9ctricas<\/div>\n<div style='padding: 15px; color: inherit;'>\n<ul style='padding-left: 20px; margin: 0; font-size: 14px; list-style-type: disc;'>\n<li style='margin-bottom: 5px;'><strong>Voltaje:<\/strong> 12\/24 Vcc<\/li>\n<li style='margin-bottom: 5px;'><strong>Consumo:<\/strong> 229 mA<\/li>\n<li style='margin-bottom: 5px;'><strong>Tensi\u00f3n operaci\u00f3n:<\/strong> 8-17.5V (12V nominal) o 16-33V (24V nominal)<\/li>\n<li style='margin-bottom: 5px;'><strong>Alimentaci\u00f3n:<\/strong> DC regulado o FWR<\/li>\n<\/ul><\/div>\n<\/p><\/div>\n<div style='flex: 1 1 250px; border: 1px solid rgba(150&comma; 150&comma; 150&comma; 0.4); border-radius: 8px; overflow: hidden; display: flex; flex-direction: column;'>\n<div style='padding: 15px; border-bottom: 1px solid rgba(150&comma; 150&comma; 150&comma; 0.2); font-weight: bold; font-size: 18px; color: inherit;'>Especificaciones de Sonido<\/div>\n<div style='padding: 15px; color: inherit;'>\n<ul style='padding-left: 20px; margin: 0; font-size: 14px; list-style-type: disc;'>\n<li style='margin-bottom: 5px;'><strong>Intensidad sonora:<\/strong> 93 dB<\/li>\n<li style='margin-bottom: 5px;'><strong>Patrones seleccionables:<\/strong> Temporal y no temporal<\/li>\n<li style='margin-bottom: 5px;'><strong>Modos:<\/strong> 3 niveles de volumen<\/li>\n<\/ul><\/div>\n<\/p><\/div>\n<div style='flex: 1 1 250px; border: 1px solid rgba(150&comma; 150&comma; 150&comma; 0.4); border-radius: 8px; overflow: hidden; display: flex; flex-direction: column;'>\n<div style='padding: 15px; border-bottom: 1px solid rgba(150&comma; 150&comma; 150&comma; 0.2); font-weight: bold; font-size: 18px; color: inherit;'>Especificaciones de Luz<\/div>\n<div style='padding: 15px; color: inherit;'>\n<ul style='padding-left: 20px; margin: 0; font-size: 14px; list-style-type: disc;'>\n<li style='margin-bottom: 5px;'><strong>Tipo:<\/strong> Xenon flash tube<\/li>\n<li style='margin-bottom: 5px;'><strong>Frecuencia:<\/strong> 1 Hz (1 destello\/segundo)<\/li>\n<li style='margin-bottom: 5px;'><strong>Configuraci\u00f3n:<\/strong> 15&comma; 15\/75&comma; 30&comma; 75&comma; 95&comma; 110&comma; 115 cd<\/li>\n<\/ul><\/div>\n<\/p><\/div>\n<div style='flex: 1 1 250px; border: 1px solid rgba(150&comma; 150&comma; 150&comma; 0.4); border-radius: 8px; overflow: hidden; display: flex; flex-direction: column;'>\n<div style='padding: 15px; border-bottom: 1px solid rgba(150&comma; 150&comma; 150&comma; 0.2); font-weight: bold; font-size: 18px; color: inherit;'>Dimensiones<\/div>\n<div style='padding: 15px; color: inherit;'>\n<ul style='padding-left: 20px; margin: 0; font-size: 14px; list-style-type: disc;'>\n<li style='margin-bottom: 5px;'><strong>Dimensiones:<\/strong> 142 x 119 x 63 mm<\/li>\n<li style='margin-bottom: 5px;'><strong>Back box:<\/strong> 145 x 130 x 51 mm<\/li>\n<\/ul><\/div>\n<\/p><\/div>\n<div style='flex: 1 1 250px; border: 1px solid rgba(150&comma; 150&comma; 150&comma; 0.4); border-radius: 8px; overflow: hidden; display: flex; flex-direction: column;'>\n<div style='padding: 15px; border-bottom: 1px solid rgba(150&comma; 150&comma; 150&comma; 0.2); font-weight: bold; font-size: 18px; color: inherit;'>Certificaciones<\/div>\n<div style='padding: 15px; color: inherit;'>\n<ul style='padding-left: 20px; margin: 0; font-size: 14px; list-style-type: disc;'>\n<li style='margin-bottom: 5px;'>UL 1638 (strobe)<\/li>\n<li style='margin-bottom: 5px;'>UL 464 (horn)<\/li>\n<li style='margin-bottom: 5px;'>UL 1971<\/li>\n<li style='margin-bottom: 5px;'>Compatibilidad: Sync\u2022Circuit\u2122 Module<\/li>\n<\/ul><\/div>\n<\/p><\/div>\n<\/p><\/div>\n<p> <!-- Secci\u00f3n de aplicaciones --> <\/p>\n<div style='display: flex; flex-wrap: wrap; gap: 30px; margin-bottom: 30px;'>\n<div style='flex: 1 1 300px; min-width: 280px;'>\n<h3 style='font-size: 22px; border-bottom: 2px solid currentColor; padding-bottom: 5px; margin-top: 0; color: inherit; opacity: 0.8;'>Aplicaciones<\/h3>\n<ul style='padding-left: 20px; font-size: 15px; color: inherit;'>\n<li style='margin-bottom: 5px;'>Adecuado para ambientes exteriores e interiores<\/li>\n<li style='margin-bottom: 5px;'>Instalaci\u00f3n en \u00e1reas h\u00famedas y secas<\/li>\n<li style='margin-bottom: 5px;'>Funciona en temperaturas extremas<\/li>\n<li style='margin-bottom: 5px;'>Compatible con protocolo de sincronizaci\u00f3n System Sensor<\/li>\n<li style='margin-bottom: 5px;'>Adecuado para sistemas de notificaci\u00f3n codificados o no codificados<\/li>\n<\/ul><\/div>\n<\/p><\/div>\n<p> <!-- Secci\u00f3n de caracter\u00edsticas t\u00e9cnicas adicionales --> <\/p>\n<div style='display: flex; flex-wrap: wrap; gap: 20px; margin-bottom: 30px;'>\n<div style='flex: 1 1 250px; border: 1px solid rgba(150&comma; 150&comma; 150&comma; 0.4); border-radius: 8px; overflow: hidden; display: flex; flex-direction: column;'>\n<div style='padding: 15px; border-bottom: 1px solid rgba(150&comma; 150&comma; 150&comma; 0.2); font-weight: bold; font-size: 18px; color: inherit;'>Caracter\u00edsticas T\u00e9cnicas<\/div>\n<div style='padding: 15px; color: inherit;'>\n<ul style='padding-left: 20px; margin: 0; font-size: 14px; list-style-type: disc;'>\n<li style='margin-bottom: 5px;'>Placa de montaje universal con resorte de cortocircuito<\/li>\n<li style='margin-bottom: 5px;'>Dise\u00f1o enchufable con m\u00ednima intrusi\u00f3n en la caja<\/li>\n<li style='margin-bottom: 5px;'>Construcci\u00f3n resistente a manipulaciones<\/li>\n<li style='margin-bottom: 5px;'>Caja de montaje con entradas de conducto \u00be pulgadas<\/li>\n<li style='margin-bottom: 5px;'>Resistencia mejorada a corrosi\u00f3n por agua salada<\/li>\n<\/ul><\/div>\n<\/p><\/div>\n<div style='flex: 1 1 250px; border: 1px solid rgba(150&comma; 150&comma; 150&comma; 0.4); border-radius: 8px; overflow: hidden; display: flex; flex-direction: column;'>\n<div style='padding: 15px; border-bottom: 1px solid rgba(150&comma; 150&comma; 150&comma; 0.2); font-weight: bold; font-size: 18px; color: inherit;'>Configuraci\u00f3n<\/div>\n<div style='padding: 15px; color: inherit;'>\n<ul style='padding-left: 20px; margin: 0; font-size: 14px; list-style-type: disc;'>\n<li style='margin-bottom: 5px;'>Selector rotativo para tono de sirena<\/li>\n<li style='margin-bottom: 5px;'>3 opciones de volumen<\/li>\n<li style='margin-bottom: 5px;'>Selecci\u00f3n autom\u00e1tica de 12 o 24V en 15 y 15\/75 cd<\/li>\n<\/ul><\/div>\n<\/p><\/div>\n<\/p><\/div>\n<p> <!-- Separador final --> <\/p>\n<hr style='border: 0; border-top: 1px solid rgba(150&comma; 150&comma; 150&comma; 0.3); margin: 30px 0;'> <\/div>\n","protected":false},"excerpt":{"rendered":"<p>Sirena con L\u00e1mpara Estrobosc\u00f3pica para Exterior \/ a 2 Hilos \/ Configuraci\u00f3n Estrobosc\u00f3pica Seleccionable \/ Color Blanco<\/p>\n","protected":false},"featured_media":3703,"comment_status":"open","ping_status":"closed","template":"","meta":[],"product_brand":[],"product_cat":[146],"product_tag":[93,147,468],"class_list":{"0":"post-3704","1":"product","2":"type-product","3":"status-publish","4":"has-post-thumbnail","6":"product_cat-sirenas-y-estrobos","7":"product_tag-accesorios","8":"product_tag-sirenas-y-estrobos","9":"product_tag-system-sensor","11":"first","12":"outofstock","13":"sale","14":"shipping-taxable","15":"purchasable","16":"product-type-simple"},"_links":{"self":[{"href":"https:\/\/soydeaqui.ddns.net\/pachuca\/index.php\/wp-json\/wp\/v2\/product\/3704","targetHints":{"allow":["GET"]}}],"collection":[{"href":"https:\/\/soydeaqui.ddns.net\/pachuca\/index.php\/wp-json\/wp\/v2\/product"}],"about":[{"href":"https:\/\/soydeaqui.ddns.net\/pachuca\/index.php\/wp-json\/wp\/v2\/types\/product"}],"replies":[{"embeddable":true,"href":"https:\/\/soydeaqui.ddns.net\/pachuca\/index.php\/wp-json\/wp\/v2\/comments?post=3704"}],"wp:featuredmedia":[{"embeddable":true,"href":"https:\/\/soydeaqui.ddns.net\/pachuca\/index.php\/wp-json\/wp\/v2\/media\/3703"}],"wp:attachment":[{"href":"https:\/\/soydeaqui.ddns.net\/pachuca\/index.php\/wp-json\/wp\/v2\/media?parent=3704"}],"wp:term":[{"taxonomy":"product_brand","embeddable":true,"href":"https:\/\/soydeaqui.ddns.net\/pachuca\/index.php\/wp-json\/wp\/v2\/product_brand?post=3704"},{"taxonomy":"product_cat","embeddable":true,"href":"https:\/\/soydeaqui.ddns.net\/pachuca\/index.php\/wp-json\/wp\/v2\/product_cat?post=3704"},{"taxonomy":"product_tag","embeddable":true,"href":"https:\/\/soydeaqui.ddns.net\/pachuca\/index.php\/wp-json\/wp\/v2\/product_tag?post=3704"}],"curies":[{"name":"wp","href":"https:\/\/api.w.org\/{rel}","templated":true}]}}