{"id":37022,"date":"2026-03-18T16:20:39","date_gmt":"2026-03-18T16:20:39","guid":{"rendered":"https:\/\/soydeaqui.ddns.net\/pachuca\/index.php\/producto\/conector-compacto-para-1-cable-de-entrada-2-cables-de-salida-cables-compatibles-12awg-28awg\/"},"modified":"2026-03-18T16:20:47","modified_gmt":"2026-03-18T16:20:47","slug":"conector-compacto-para-1-cable-de-entrada-2-cables-de-salida-cables-compatibles-12awg-28awg","status":"publish","type":"product","link":"https:\/\/soydeaqui.ddns.net\/pachuca\/index.php\/producto\/conector-compacto-para-1-cable-de-entrada-2-cables-de-salida-cables-compatibles-12awg-28awg\/","title":{"rendered":"Conector Compacto para 1 Cable de Entrada 2 Cables de Salida \/ Cables Compatibles 12AWG-28AWG"},"content":{"rendered":"<div style='width: 100%; max-width: 1200px; margin: 0 auto; font-family: sans-serif; line-height: 1.6; color: inherit; background-color: transparent;'>\n<div style='width: 100%; text-align: center; margin: 30px 0;'>\n<h1 style='font-size: 28px; color: inherit; margin: 0;'><strong>CON-1004<\/strong><\/h1>\n<h3 style='font-size: 20px; color: inherit; margin: 10px 0;'>Conector de Presi\u00f3n de 1 Entrada a 2 Salidas<\/h3>\n<p style='font-size: 15px; color: inherit; margin: 10px 70px 50px 70px;'>Herramienta pr\u00e1ctica&comma; sencilla y \u00f3ptima aplicada en el cableado el\u00e9ctrico. <strong>\u00a1Una cables de forma pr\u00e1ctica!<\/strong><\/p>\n<\/p><\/div>\n<div style='display: flex; flex-wrap: wrap; gap: 30px; margin-bottom: 30px;'>\n<div style='flex: 1 1 300px; min-width: 280px;'>\n<div style='width: 100%; background-color: rgba(150&comma;150&comma;150&comma;0.1); border: 1px solid rgba(150&comma;150&comma;150&comma;0.3); border-radius: 8px; overflow: hidden;'>\n<div style='background-color: rgba(150&comma;150&comma;150&comma;0.1); padding: 15px;'> <img style='width: 100%; height: auto; border: 1px solid rgba(150&comma;150&comma;150&comma;0.3); border-radius: 8px;' src='https:\/\/ftp3.syscom.mx\/usuarios\/fotos\/BancoFotografiasSyscom\/EPCOMPOWERLINE\/CON1004\/CON1004-LAT-IZQ-p.PNG' alt='Vista lateral del conector CON1004'> <\/div>\n<div style='padding: 15px;'>\n<h3 style='font-size: 22px; border-bottom: 2px solid currentColor; padding-bottom: 5px; margin-top: 0; color: inherit; opacity: 0.8;'>Caracter\u00edsticas<\/h3>\n<ul style='padding-left: 20px; font-size: 15px; color: inherit;'>\n<li style='margin-bottom: 5px;'>Terminal de conexi\u00f3n de cable r\u00e1pido.<\/li>\n<li style='margin-bottom: 5px;'><strong>De presi\u00f3n para una r\u00e1pida y segura conexi\u00f3n.<\/strong><\/li>\n<li style='margin-bottom: 5px;'>Temperatura de operaci\u00f3n: -20\u00b0C a 70\u00b0C<\/li>\n<li style='margin-bottom: 5px;'>1 Contacto de entrada y 2 Contactos de Salida<\/li>\n<\/ul><\/div>\n<\/p><\/div>\n<\/p><\/div>\n<div style='flex: 1 1 300px; min-width: 280px;'>\n<div style='width: 100%; background-color: rgba(150&comma;150&comma;150&comma;0.1); border: 1px solid rgba(150&comma;150&comma;150&comma;0.3); border-radius: 8px; overflow: hidden;'>\n<div style='background-color: rgba(150&comma;150&comma;150&comma;0.1); padding: 15px;'> <img style='width: 100%; height: auto; border: 1px solid rgba(150&comma;150&comma;150&comma;0.3); border-radius: 8px;' src='https:\/\/ftp3.syscom.mx\/usuarios\/fotos\/BancoFotografiasSyscom\/EPCOMPOWERLINE\/CON1004\/CON1004-p.PNG' alt='Vista frontal del conector CON1004'> <\/div>\n<div style='padding: 15px;'>\n<h3 style='font-size: 22px; border-bottom: 2px solid currentColor; padding-bottom: 5px; margin-top: 0; color: inherit; opacity: 0.8;'>Especificaciones f\u00edsicas<\/h3>\n<ul style='padding-left: 20px; font-size: 15px; color: inherit;'>\n<li style='margin-bottom: 5px;'>Voltaje soportado: 250V<\/li>\n<li style='margin-bottom: 5px;'>Corriente soportada: 32A<\/li>\n<li style='margin-bottom: 5px;'><strong>Tama\u00f1o de cable compatible: 12AWG &#8211; 28AWG<\/strong><\/li>\n<li style='margin-bottom: 5px;'>Medidas: <strong>1.6 x 2.1 x 1.5cm<\/strong> (Ancho x Profundidad x Altura)<\/li>\n<\/ul><\/div>\n<\/p><\/div>\n<\/p><\/div>\n<div style='flex: 1 1 300px; min-width: 280px;'>\n<div style='width: 100%; background-color: rgba(150&comma;150&comma;150&comma;0.1); border: 1px solid rgba(150&comma;150&comma;150&comma;0.3); border-radius: 8px; overflow: hidden;'>\n<div style='background-color: rgba(150&comma;150&comma;150&comma;0.1); padding: 15px;'> <img style='width: 100%; height: auto; border: 1px solid rgba(150&comma;150&comma;150&comma;0.3); border-radius: 8px;' src='https:\/\/ftp3.syscom.mx\/usuarios\/fotos\/BancoFotografiasSyscom\/EPCOMPOWERLINE\/CON1004\/CON1004-LAT-IZQ-p.PNG' alt='Vista lateral del conector CON1004'> <\/div>\n<div style='padding: 15px;'>\n<h3 style='font-size: 22px; border-bottom: 2px solid currentColor; padding-bottom: 5px; margin-top: 0; color: inherit; opacity: 0.8;'>Aplicaciones<\/h3>\n<ul style='padding-left: 20px; font-size: 15px; color: inherit;'>\n<li style='margin-bottom: 5px;'>Herramienta pr\u00e1ctica&comma; sencilla y \u00f3ptima aplicada en el cableado el\u00e9ctrico.<\/li>\n<li style='margin-bottom: 5px;'><strong>Para una conexi\u00f3n r\u00e1pida en pruebas o instalaciones sencillas.<\/strong><\/li>\n<\/ul><\/div>\n<\/p><\/div>\n<\/p><\/div>\n<\/p><\/div>\n<\/p><\/div>\n","protected":false},"excerpt":{"rendered":"<p>Conector Compacto para 1 Cable de Entrada 2 Cables de Salida \/ Cables Compatibles 12AWG-28AWG<\/p>\n","protected":false},"featured_media":37021,"comment_status":"open","ping_status":"closed","template":"","meta":[],"product_brand":[],"product_cat":[688],"product_tag":[417,689,454],"class_list":{"0":"post-37022","1":"product","2":"type-product","3":"status-publish","4":"has-post-thumbnail","6":"product_cat-cajas-de-interconexion","7":"product_tag-accesorios-generales","8":"product_tag-cajas-de-interconexion","9":"product_tag-epcom-powerline","11":"first","12":"instock","13":"sale","14":"shipping-taxable","15":"purchasable","16":"product-type-simple"},"_links":{"self":[{"href":"https:\/\/soydeaqui.ddns.net\/pachuca\/index.php\/wp-json\/wp\/v2\/product\/37022","targetHints":{"allow":["GET"]}}],"collection":[{"href":"https:\/\/soydeaqui.ddns.net\/pachuca\/index.php\/wp-json\/wp\/v2\/product"}],"about":[{"href":"https:\/\/soydeaqui.ddns.net\/pachuca\/index.php\/wp-json\/wp\/v2\/types\/product"}],"replies":[{"embeddable":true,"href":"https:\/\/soydeaqui.ddns.net\/pachuca\/index.php\/wp-json\/wp\/v2\/comments?post=37022"}],"wp:featuredmedia":[{"embeddable":true,"href":"https:\/\/soydeaqui.ddns.net\/pachuca\/index.php\/wp-json\/wp\/v2\/media\/37021"}],"wp:attachment":[{"href":"https:\/\/soydeaqui.ddns.net\/pachuca\/index.php\/wp-json\/wp\/v2\/media?parent=37022"}],"wp:term":[{"taxonomy":"product_brand","embeddable":true,"href":"https:\/\/soydeaqui.ddns.net\/pachuca\/index.php\/wp-json\/wp\/v2\/product_brand?post=37022"},{"taxonomy":"product_cat","embeddable":true,"href":"https:\/\/soydeaqui.ddns.net\/pachuca\/index.php\/wp-json\/wp\/v2\/product_cat?post=37022"},{"taxonomy":"product_tag","embeddable":true,"href":"https:\/\/soydeaqui.ddns.net\/pachuca\/index.php\/wp-json\/wp\/v2\/product_tag?post=37022"}],"curies":[{"name":"wp","href":"https:\/\/api.w.org\/{rel}","templated":true}]}}