{"id":37016,"date":"2026-03-18T16:20:30","date_gmt":"2026-03-18T16:20:30","guid":{"rendered":"https:\/\/soydeaqui.ddns.net\/pachuca\/index.php\/producto\/verificador-de-ausencia-de-voltaje-verisafe-para-tableros-electricos-ccms-trifasicos-de-hasta-600-vca-incluye-cables-y-bateria-de-litio\/"},"modified":"2026-03-18T16:20:34","modified_gmt":"2026-03-18T16:20:34","slug":"verificador-de-ausencia-de-voltaje-verisafe-para-tableros-electricos-ccms-trifasicos-de-hasta-600-vca-incluye-cables-y-bateria-de-litio","status":"publish","type":"product","link":"https:\/\/soydeaqui.ddns.net\/pachuca\/index.php\/producto\/verificador-de-ausencia-de-voltaje-verisafe-para-tableros-electricos-ccms-trifasicos-de-hasta-600-vca-incluye-cables-y-bateria-de-litio\/","title":{"rendered":"Verificador de Ausencia de Voltaje VeriSafe\u2122, Para Tableros Electricos CCMs Trif\u00e1sicos de Hasta 600 Vca, Incluye Cables y Bater\u00eda de litio"},"content":{"rendered":"<div style='width: 100%; max-width: 1200px; margin: 0 auto; font-family: sans-serif; line-height: 1.6; color: inherit; background-color: transparent;'>\n<div style='display: flex; flex-wrap: wrap; gap: 30px; margin-bottom: 30px;'>\n<div style='flex: 1 1 300px; min-width: 280px;'> <img style='width: 100%; height: auto; border: 1px solid rgba(150&comma;150&comma;150&comma;0.3); border-radius: 8px;' src='https:\/\/ftp3.syscom.mx\/usuarios\/fotos\/VSAVTC08L10\/213531-panduit-verisafe_website-banner.jpeg' alt=''> <\/div>\n<div style='flex: 1 1 300px; min-width: 280px;'>\n<h3 style='font-size: 22px; border-bottom: 2px solid currentColor; padding-bottom: 5px; margin-top: 0; color: inherit; opacity: 0.8;'>Caracter\u00edsticas<\/h3>\n<p style='font-size: 15px; color: inherit;'>El VS-AVT-C08-L10 VeriSafe 1.0 es un comprobador de tensi\u00f3n de montaje permanente para usar en sistemas de CA trif\u00e1sicos de hasta 600 V. La activaci\u00f3n de VeriSafe realiza una prueba de ausencia de tensi\u00f3n antes de abrir el panel&comma; lo que ayuda a prevenir una posible exposici\u00f3n a peligros el\u00e9ctricos&comma; mejorando la seguridad y reduciendo el tiempo de inactividad.<\/p>\n<p style='font-size: 15px; color: inherit;'>El probador de voltaje VeriSafe \u2122 de Panduit simplifica este proceso al automatizar el proceso de verificaci\u00f3n de voltaje. Una vez instalado&comma; una simple presentaci\u00f3n de un bot\u00f3n permite a los trabajadores verificar la ausencia de voltaje y ver una indicaci\u00f3n activa cuando se confirma la ausencia de voltaje. Esto proporciona una forma nueva e innovadora de verificar de manera segura&comma; confiable y eficiente la ausencia de voltaje antes de acceder a equipos el\u00e9ctricos potencialmente peligrosos. Al automatizar este proceso&comma; el probador de voltaje VeriSafe \u2122:<\/p>\n<\/p><\/div>\n<\/p><\/div>\n<div style='display: flex; flex-wrap: wrap; gap: 20px; margin-bottom: 30px;'>\n<div style='flex: 1 1 250px; border: 1px solid rgba(150&comma; 150&comma; 150&comma; 0.4); border-radius: 8px; overflow: hidden; display: flex; flex-direction: column;'>\n<div style='padding: 15px; border-bottom: 1px solid rgba(150&comma; 150&comma; 150&comma; 0.2); font-weight: bold; font-size: 18px; color: inherit;'>Beneficios<\/div>\n<div style='padding: 15px; color: inherit;'>\n<ul style='padding-left: 20px; margin: 0; font-size: 14px; list-style-type: disc;'>\n<li style='margin-bottom: 5px;'>Reduce el riesgo de exposici\u00f3n de riesgos el\u00e9ctricos para mejorar la seguridad de los trabajadores<\/li>\n<li style='margin-bottom: 5px;'>Reduce el tiempo y la complejidad del procedimiento de prueba para mejorar la productividad<\/li>\n<li style='margin-bottom: 5px;'>Admite el cumplimiento cuando se usa para verificar el proceso de bloqueo\/etiquetado el\u00e9ctrico como se describe en NFPA 70E y CSA Z462<\/li>\n<\/ul><\/div>\n<\/p><\/div>\n<div style='flex: 1 1 250px; border: 1px solid rgba(150&comma; 150&comma; 150&comma; 0.4); border-radius: 8px; overflow: hidden; display: flex; flex-direction: column;'>\n<div style='padding: 15px; border-bottom: 1px solid rgba(150&comma; 150&comma; 150&comma; 0.2); font-weight: bold; font-size: 18px; color: inherit;'>Incluye<\/div>\n<div style='padding: 15px; color: inherit;'>\n<ul style='padding-left: 20px; margin: 0; font-size: 14px; list-style-type: disc;'>\n<li style='margin-bottom: 5px;'>Probador AVT trif\u00e1sico<\/li>\n<li style='margin-bottom: 5px;'>Cables de sensor de 10 ft<\/li>\n<li style='margin-bottom: 5px;'>Cable de sistema de 8 ft<\/li>\n<li style='margin-bottom: 5px;'>Bater\u00eda de litio industrial<\/li>\n<\/ul><\/div>\n<\/p><\/div>\n<\/p><\/div>\n<div style='display: flex; flex-wrap: wrap; gap: 30px; margin-bottom: 30px;'>\n<div style='flex: 1 1 300px; min-width: 280px;'> <img style='width: 100%; height: auto; border: 1px solid rgba(150&comma;150&comma;150&comma;0.3); border-radius: 8px;' src='https:\/\/ftp3.syscom.mx\/usuarios\/fotos\/VSAVTC08L10\/213531-voltage_presence_indication.jpg' alt=''> <\/div>\n<div style='flex: 1 1 300px; min-width: 280px;'>\n<div style='flex: 1 1 250px; border: 1px solid rgba(150&comma; 150&comma; 150&comma; 0.4); border-radius: 8px; overflow: hidden; display: flex; flex-direction: column;'>\n<div style='padding: 15px; border-bottom: 1px solid rgba(150&comma; 150&comma; 150&comma; 0.2); font-weight: bold; font-size: 18px; color: inherit;'>Especificaciones t\u00e9cnicas<\/div>\n<div style='padding: 15px; color: inherit;'>\n<ul style='padding-left: 20px; margin: 0; font-size: 14px; list-style-type: disc;'>\n<li style='margin-bottom: 5px;'><strong>Longitud del cable:<\/strong> 2.4 m<\/li>\n<li style='margin-bottom: 5px;'><strong>Tensi\u00f3n M\u00e1xima (Vca):<\/strong> 600<\/li>\n<li style='margin-bottom: 5px;'><strong>Tensi\u00f3n m\u00e1xima (Vcd):<\/strong> 600<\/li>\n<li style='margin-bottom: 5px;'><strong>Voltaje de la bater\u00eda (Vcd):<\/strong> 3.6<\/li>\n<li style='margin-bottom: 5px;'><strong>Temperatura m\u00e1xima de funcionamiento:<\/strong> 60\u00b0C<\/li>\n<li style='margin-bottom: 5px;'><strong>Temperatura m\u00ednima de funcionamiento:<\/strong> -25\u00b0C<\/li>\n<li style='margin-bottom: 5px;'><strong>Temperatura m\u00e1xima de almacenamiento:<\/strong> 85\u00b0C<\/li>\n<li style='margin-bottom: 5px;'><strong>Temperatura m\u00ednima de almacenamiento:<\/strong> -45\u00b0C<\/li>\n<li style='margin-bottom: 5px;'><strong>Normas cumplidas:<\/strong> UL 1436&comma; UL 508&comma; CSA-C22.2 No. 14&comma; CAN\/CSA-C22 No.160&comma; CAN\/CSA-C22.2 No.107.1&comma; IEC\/UL\/CSA C22.2 No. 61010-1&comma; IEC\/UL.CSA C22.2 No 61010-2-030&comma; IEC 61508-1&comma; -2 y -3 (Clasificaci\u00f3n SIL)<\/li>\n<\/ul><\/div>\n<\/p><\/div>\n<\/p><\/div>\n<\/p><\/div>\n<hr style='border: 0; border-top: 1px solid rgba(150&comma; 150&comma; 150&comma; 0.3); margin: 30px 0;'> <\/div>\n","protected":false},"excerpt":{"rendered":"<p>Verificador de Ausencia de Voltaje VeriSafe\u2122, Para Tableros Electricos CCMs Trif\u00e1sicos de Hasta 600 Vca, Incluye Cables y Bater\u00eda de litio<\/p>\n","protected":false},"featured_media":37015,"comment_status":"open","ping_status":"closed","template":"","meta":[],"product_brand":[],"product_cat":[1073],"product_tag":[1074,1066,445],"class_list":{"0":"post-37016","1":"product","2":"type-product","3":"status-publish","4":"has-post-thumbnail","6":"product_cat-apagadores-y-clavijas","7":"product_tag-apagadores-y-clavijas","8":"product_tag-area-electrica","9":"product_tag-panduit","11":"first","12":"instock","13":"sale","14":"shipping-taxable","15":"purchasable","16":"product-type-simple"},"_links":{"self":[{"href":"https:\/\/soydeaqui.ddns.net\/pachuca\/index.php\/wp-json\/wp\/v2\/product\/37016","targetHints":{"allow":["GET"]}}],"collection":[{"href":"https:\/\/soydeaqui.ddns.net\/pachuca\/index.php\/wp-json\/wp\/v2\/product"}],"about":[{"href":"https:\/\/soydeaqui.ddns.net\/pachuca\/index.php\/wp-json\/wp\/v2\/types\/product"}],"replies":[{"embeddable":true,"href":"https:\/\/soydeaqui.ddns.net\/pachuca\/index.php\/wp-json\/wp\/v2\/comments?post=37016"}],"wp:featuredmedia":[{"embeddable":true,"href":"https:\/\/soydeaqui.ddns.net\/pachuca\/index.php\/wp-json\/wp\/v2\/media\/37015"}],"wp:attachment":[{"href":"https:\/\/soydeaqui.ddns.net\/pachuca\/index.php\/wp-json\/wp\/v2\/media?parent=37016"}],"wp:term":[{"taxonomy":"product_brand","embeddable":true,"href":"https:\/\/soydeaqui.ddns.net\/pachuca\/index.php\/wp-json\/wp\/v2\/product_brand?post=37016"},{"taxonomy":"product_cat","embeddable":true,"href":"https:\/\/soydeaqui.ddns.net\/pachuca\/index.php\/wp-json\/wp\/v2\/product_cat?post=37016"},{"taxonomy":"product_tag","embeddable":true,"href":"https:\/\/soydeaqui.ddns.net\/pachuca\/index.php\/wp-json\/wp\/v2\/product_tag?post=37016"}],"curies":[{"name":"wp","href":"https:\/\/api.w.org\/{rel}","templated":true}]}}