{"id":37001,"date":"2026-03-18T16:20:07","date_gmt":"2026-03-18T16:20:07","guid":{"rendered":"https:\/\/soydeaqui.ddns.net\/pachuca\/index.php\/producto\/cinta-electrica-stronghold-para-aislar-de-pvc-uso-profesional-en-construccion-electrica-grosor-0-18mm-7-mil-ancho-19mm-y-20m-largo-color-negro\/"},"modified":"2026-03-18T16:20:13","modified_gmt":"2026-03-18T16:20:13","slug":"cinta-electrica-stronghold-para-aislar-de-pvc-uso-profesional-en-construccion-electrica-grosor-0-18mm-7-mil-ancho-19mm-y-20m-largo-color-negro","status":"publish","type":"product","link":"https:\/\/soydeaqui.ddns.net\/pachuca\/index.php\/producto\/cinta-electrica-stronghold-para-aislar-de-pvc-uso-profesional-en-construccion-electrica-grosor-0-18mm-7-mil-ancho-19mm-y-20m-largo-color-negro\/","title":{"rendered":"Cinta El\u00e9ctrica STRONGHOLD para Aislar, de PVC, Uso Profesional en Construcci\u00f3n El\u00e9ctrica, Grosor 0.18mm (7 mil), Ancho 19mm, y 20m Largo, Color Negro."},"content":{"rendered":"<div style='width: 100%; max-width: 1200px; margin: 0 auto; font-family: sans-serif; line-height: 1.6; color: inherit; background-color: transparent;'>\n<div style='display: flex; flex-wrap: wrap; gap: 30px; margin-bottom: 30px;'>\n<div style='flex: 1 1 300px; min-width: 280px;'>\n<h3 style='font-size: 22px; border-bottom: 2px solid currentColor; padding-bottom: 5px; margin-top: 0; color: inherit; opacity: 0.8;'>Descripci\u00f3n<\/h3>\n<p style='margin: 15px 0; font-size: 15px; color: inherit;'>Cinta el\u00e9ctrica de vinilo que es sensible a la presi\u00f3n y ofrece alta resistencia a la abrasi\u00f3n; de f\u00e1cil aplicaci\u00f3n en amplio rango de temperaturas. Es ign\u00edfuga y tambi\u00e9n resistente al fr\u00edo; apta para aislamiento primario y para aislar hasta 600V. Puede usarse como forro protector.<\/p>\n<\/p><\/div>\n<\/p><\/div>\n<div style='display: flex; flex-wrap: wrap; gap: 20px; margin-bottom: 30px;'>\n<div style='flex: 1 1 250px; border: 1px solid rgba(150&comma; 150&comma; 150&comma; 0.4); border-radius: 8px; overflow: hidden; display: flex; flex-direction: column;'>\n<div style='padding: 15px; border-bottom: 1px solid rgba(150&comma; 150&comma; 150&comma; 0.2); font-weight: bold; font-size: 18px; color: inherit;'>Especificaciones T\u00e9cnicas<\/div>\n<div style='padding: 15px; color: inherit;'>\n<ul style='padding-left: 20px; margin: 0; font-size: 14px; list-style-type: disc;'>\n<li style='margin-bottom: 5px;'>Material: PVC<\/li>\n<li style='margin-bottom: 5px;'>Ambiente: Interior\/Exterior<\/li>\n<li style='margin-bottom: 5px;'>Temperatura de operaci\u00f3n: -18\u00baC a 105\u00baC<\/li>\n<li style='margin-bottom: 5px;'>Fuerza de rotura: 30 N\/cm TYP<\/li>\n<li style='margin-bottom: 5px;'>Fuerza de adhesi\u00f3n: 2.2 N\/cm TYP<\/li>\n<li style='margin-bottom: 5px;'>Elongaci\u00f3n: 260% TYP<\/li>\n<li style='margin-bottom: 5px;'>Tensi\u00f3n de ruptura diel\u00e9ctrica (V): 8000<\/li>\n<li style='margin-bottom: 5px;'>Flamabilidad: UL 510<\/li>\n<li style='margin-bottom: 5px;'>Material de soporte adhesivo: Goma<\/li>\n<li style='margin-bottom: 5px;'>Durabilidad: 5 a\u00f1os<\/li>\n<li style='margin-bottom: 5px;'>Espesor: 0.18 mm (7 mil. de pulgada)<\/li>\n<li style='margin-bottom: 5px;'>Ancho: 19.05 mm<\/li>\n<li style='margin-bottom: 5px;'>Largo: 20 metros<\/li>\n<\/ul><\/div>\n<\/p><\/div>\n<\/p><\/div>\n<div style='display: flex; flex-wrap: wrap; gap: 30px; margin-bottom: 30px;'>\n<div style='flex: 1 1 300px; min-width: 280px;'>\n<h3 style='font-size: 22px; border-bottom: 2px solid currentColor; padding-bottom: 5px; margin-top: 0; color: inherit; opacity: 0.8;'>Notas<\/h3>\n<p style='margin: 15px 0; font-size: 14px; color: inherit;'><strong>*Notas:<\/strong> N\/cm se refiere a Newtons por cent\u00edmetro. TYP se refiere al valor t\u00edpico.<\/p>\n<\/p><\/div>\n<\/p><\/div>\n<div style='display: flex; flex-wrap: wrap; gap: 30px; margin-bottom: 30px;'>\n<div style='flex: 1 1 300px; min-width: 280px;'>\n<h3 style='font-size: 22px; border-bottom: 2px solid currentColor; padding-bottom: 5px; margin-top: 0; color: inherit; opacity: 0.8;'>Im\u00e1genes y Videos<\/h3>\n<div style='margin: 15px 0;'> <img style='width: 100%; height: auto; border: 1px solid rgba(150&comma;150&comma;150&comma;0.3); border-radius: 8px;' src='https:\/\/ftp3.syscom.mx\/usuarios\/fotos\/ST1407560BK\/175028-foto_.png' alt=''><\/div>\n<div style='position: relative; padding-bottom: 56.25%; height: 0; overflow: hidden; margin-bottom: 30px;'>   <\/div>\n<\/p><\/div>\n<\/p><\/div>\n<hr style='border: 0; border-top: 1px solid rgba(150&comma; 150&comma; 150&comma; 0.3); margin: 30px 0;'> <\/div>\n","protected":false},"excerpt":{"rendered":"<p>Cinta El\u00e9ctrica STRONGHOLD para Aislar, de PVC, Uso Profesional en Construcci\u00f3n El\u00e9ctrica, Grosor 0.18mm (7 mil), Ancho 19mm, y 20m Largo, Color Negro.<\/p>\n","protected":false},"featured_media":37000,"comment_status":"open","ping_status":"closed","template":"","meta":[],"product_brand":[],"product_cat":[130],"product_tag":[25,131,445],"class_list":{"0":"post-37001","1":"product","2":"type-product","3":"status-publish","4":"has-post-thumbnail","6":"product_cat-herramientas-electricas","7":"product_tag-herramientas","8":"product_tag-herramientas-electricas","9":"product_tag-panduit","11":"first","12":"instock","13":"sale","14":"shipping-taxable","15":"purchasable","16":"product-type-simple"},"_links":{"self":[{"href":"https:\/\/soydeaqui.ddns.net\/pachuca\/index.php\/wp-json\/wp\/v2\/product\/37001","targetHints":{"allow":["GET"]}}],"collection":[{"href":"https:\/\/soydeaqui.ddns.net\/pachuca\/index.php\/wp-json\/wp\/v2\/product"}],"about":[{"href":"https:\/\/soydeaqui.ddns.net\/pachuca\/index.php\/wp-json\/wp\/v2\/types\/product"}],"replies":[{"embeddable":true,"href":"https:\/\/soydeaqui.ddns.net\/pachuca\/index.php\/wp-json\/wp\/v2\/comments?post=37001"}],"wp:featuredmedia":[{"embeddable":true,"href":"https:\/\/soydeaqui.ddns.net\/pachuca\/index.php\/wp-json\/wp\/v2\/media\/37000"}],"wp:attachment":[{"href":"https:\/\/soydeaqui.ddns.net\/pachuca\/index.php\/wp-json\/wp\/v2\/media?parent=37001"}],"wp:term":[{"taxonomy":"product_brand","embeddable":true,"href":"https:\/\/soydeaqui.ddns.net\/pachuca\/index.php\/wp-json\/wp\/v2\/product_brand?post=37001"},{"taxonomy":"product_cat","embeddable":true,"href":"https:\/\/soydeaqui.ddns.net\/pachuca\/index.php\/wp-json\/wp\/v2\/product_cat?post=37001"},{"taxonomy":"product_tag","embeddable":true,"href":"https:\/\/soydeaqui.ddns.net\/pachuca\/index.php\/wp-json\/wp\/v2\/product_tag?post=37001"}],"curies":[{"name":"wp","href":"https:\/\/api.w.org\/{rel}","templated":true}]}}