{"id":36779,"date":"2026-03-18T16:14:15","date_gmt":"2026-03-18T16:14:15","guid":{"rendered":"https:\/\/soydeaqui.ddns.net\/pachuca\/index.php\/producto\/tarjeta-de-red-para-control-y-administracion-remota-con-puerto-10-100-1000-baset-y-wifi-compatible-con-ups-de-panduit\/"},"modified":"2026-03-18T16:14:20","modified_gmt":"2026-03-18T16:14:20","slug":"tarjeta-de-red-para-control-y-administracion-remota-con-puerto-10-100-1000-baset-y-wifi-compatible-con-ups-de-panduit","status":"publish","type":"product","link":"https:\/\/soydeaqui.ddns.net\/pachuca\/index.php\/producto\/tarjeta-de-red-para-control-y-administracion-remota-con-puerto-10-100-1000-baset-y-wifi-compatible-con-ups-de-panduit\/","title":{"rendered":"Tarjeta de Red Para Control y Administraci\u00f3n Remota, Con Puerto 10\/100\/1000 BaseT y WiFi, Compatible con UPS de Panduit"},"content":{"rendered":"<div style='width: 100%; max-width: 1200px; margin: 0 auto; font-family: sans-serif; line-height: 1.6; color: inherit; background-color: transparent;'>\n<div style='display: flex; flex-wrap: wrap; gap: 30px; margin-bottom: 30px;'>\n<div style='flex: 1 1 300px; min-width: 280px;'> <img style='width: 100%; height: auto; border: 1px solid rgba(150&comma;150&comma;150&comma;0.3); border-radius: 8px;' src='https:\/\/ftp3.syscom.mx\/usuarios\/fotos\/U01S11V\/211237-descarga.png' alt=''> <\/div>\n<div style='flex: 1 1 300px; min-width: 280px;'>\n<h3 style='font-size: 22px; border-bottom: 2px solid currentColor; padding-bottom: 5px; margin-top: 0; color: inherit; opacity: 0.8;'>Descripci\u00f3n<\/h3>\n<p style='font-size: 15px; color: inherit;'>La tarjeta iNMC SteadySine\u2122 es una tarjeta de comunicaciones de red para proporcionar conectividad ethernet al ecosistema SteadySine\u2122 UPS de Panduit. Tambi\u00e9n proporciona la interfaz para conectar sensores ambientales y de seguridad. Proporciona m\u00e1s que una simple conectividad de red. El iNMC puede integrar la soluci\u00f3n de gesti\u00f3n de apagado de UPS y carga inteligente (servidor). Su tecnolog\u00eda de apagado inteligente integrada permite el apagado de cargas en funci\u00f3n de la prioridad. Las cargas de baja prioridad se pueden apagar de manera segura de inmediato&comma; lo que deja m\u00e1s tiempo de actividad para los servidores cr\u00edticos.<\/p>\n<\/p><\/div>\n<\/p><\/div>\n<div style='display: flex; flex-wrap: wrap; gap: 20px; margin-bottom: 30px;'>\n<div style='flex: 1 1 250px; border: 1px solid rgba(150&comma; 150&comma; 150&comma; 0.4); border-radius: 8px; overflow: hidden; display: flex; flex-direction: column;'>\n<div style='padding: 15px; border-bottom: 1px solid rgba(150&comma; 150&comma; 150&comma; 0.2); font-weight: bold; font-size: 18px; color: inherit;'>Especificaciones T\u00e9cnicas<\/div>\n<div style='padding: 15px; color: inherit;'>\n<ul style='padding-left: 20px; margin: 0; font-size: 14px; list-style-type: disc;'>\n<li style='margin-bottom: 5px;'><strong>Compatibilidad:<\/strong> con todos los UPS Panduit<\/li>\n<li style='margin-bottom: 5px;'><strong>Protocolos Soportados:<\/strong> IP V4\/V6&comma; Auto Negociaci\u00f3n&comma; HTTP&comma; SNMP V1\/V3&comma; NTP&comma; SMTP(S)&comma; DHCP&comma; CLI\/SSH&comma; LAP(S)&comma; RADUIS<\/li>\n<li style='margin-bottom: 5px;'><strong>Soporte de Red:<\/strong> 10\/100\/1000 BaseT<\/li>\n<li style='margin-bottom: 5px;'><strong>Wireless:<\/strong> WiFi<\/li>\n<li style='margin-bottom: 5px;'><strong>Puertos:<\/strong> Ethernet&comma; RS-485&comma; y Micro UPS<\/li>\n<li style='margin-bottom: 5px;'><strong>Alertas:<\/strong> SNMP&comma; Syslog y Correo Electronico<\/li>\n<li style='margin-bottom: 5px;'><strong>Monitoreo Ambiental:<\/strong> Con sensores ambientales SmartZone G5 (EA001&comma; EB001&comma; EC001)<\/li>\n<li style='margin-bottom: 5px;'><strong>Monitoreo de Seguridad:<\/strong> Con sensores de contacto SmartZone G5 (ACC01)<\/li>\n<li style='margin-bottom: 5px;'><strong>Lenguajes de Interfaz Web:<\/strong> Ingles&comma; Frances&comma; Aleman y Espa\u00f1ol<\/li>\n<\/ul><\/div>\n<\/p><\/div>\n<\/p><\/div>\n<hr style='border: 0; border-top: 1px solid rgba(150&comma; 150&comma; 150&comma; 0.3); margin: 30px 0;'> <\/div>\n","protected":false},"excerpt":{"rendered":"<p>Tarjeta de Red Para Control y Administraci\u00f3n Remota, Con Puerto 10\/100\/1000 BaseT y WiFi, Compatible con UPS de Panduit<\/p>\n","protected":false},"featured_media":36778,"comment_status":"open","ping_status":"closed","template":"","meta":[],"product_brand":[],"product_cat":[1061],"product_tag":[445,1063,1062],"class_list":{"0":"post-36779","1":"product","2":"type-product","3":"status-publish","4":"has-post-thumbnail","6":"product_cat-ups-no-breaks","7":"product_tag-panduit","8":"product_tag-ups-no-breaks","9":"product_tag-ups-respaldo","11":"first","12":"instock","13":"sale","14":"shipping-taxable","15":"purchasable","16":"product-type-simple"},"_links":{"self":[{"href":"https:\/\/soydeaqui.ddns.net\/pachuca\/index.php\/wp-json\/wp\/v2\/product\/36779","targetHints":{"allow":["GET"]}}],"collection":[{"href":"https:\/\/soydeaqui.ddns.net\/pachuca\/index.php\/wp-json\/wp\/v2\/product"}],"about":[{"href":"https:\/\/soydeaqui.ddns.net\/pachuca\/index.php\/wp-json\/wp\/v2\/types\/product"}],"replies":[{"embeddable":true,"href":"https:\/\/soydeaqui.ddns.net\/pachuca\/index.php\/wp-json\/wp\/v2\/comments?post=36779"}],"wp:featuredmedia":[{"embeddable":true,"href":"https:\/\/soydeaqui.ddns.net\/pachuca\/index.php\/wp-json\/wp\/v2\/media\/36778"}],"wp:attachment":[{"href":"https:\/\/soydeaqui.ddns.net\/pachuca\/index.php\/wp-json\/wp\/v2\/media?parent=36779"}],"wp:term":[{"taxonomy":"product_brand","embeddable":true,"href":"https:\/\/soydeaqui.ddns.net\/pachuca\/index.php\/wp-json\/wp\/v2\/product_brand?post=36779"},{"taxonomy":"product_cat","embeddable":true,"href":"https:\/\/soydeaqui.ddns.net\/pachuca\/index.php\/wp-json\/wp\/v2\/product_cat?post=36779"},{"taxonomy":"product_tag","embeddable":true,"href":"https:\/\/soydeaqui.ddns.net\/pachuca\/index.php\/wp-json\/wp\/v2\/product_tag?post=36779"}],"curies":[{"name":"wp","href":"https:\/\/api.w.org\/{rel}","templated":true}]}}