{"id":36772,"date":"2026-03-18T16:14:03","date_gmt":"2026-03-18T16:14:03","guid":{"rendered":"https:\/\/soydeaqui.ddns.net\/pachuca\/index.php\/producto\/kit-de-rotomartillo-dhp487-fresadora-multifuncional-drt50-incluye-1-cargador-rapido-dc18sd-y-1-bateria-li-ion-de-5-0-ah-modelo-bl1850b\/"},"modified":"2026-03-18T16:14:08","modified_gmt":"2026-03-18T16:14:08","slug":"kit-de-rotomartillo-dhp487-fresadora-multifuncional-drt50-incluye-1-cargador-rapido-dc18sd-y-1-bateria-li-ion-de-5-0-ah-modelo-bl1850b","status":"publish","type":"product","link":"https:\/\/soydeaqui.ddns.net\/pachuca\/index.php\/producto\/kit-de-rotomartillo-dhp487-fresadora-multifuncional-drt50-incluye-1-cargador-rapido-dc18sd-y-1-bateria-li-ion-de-5-0-ah-modelo-bl1850b\/","title":{"rendered":"kit de Rotomartill\u00f3 DHP487 +Fresadora Multifuncional DRT50, Incluye 1 Cargador R\u00e1pido DC18SD y 1 Bater\u00eda li-Ion de 5.0 Ah Modelo BL1850B."},"content":{"rendered":"<div style='width: 100%; max-width: 1200px; margin: 0 auto; font-family: sans-serif; line-height: 1.6; color: inherit; background-color: transparent;'> <!-- Secci\u00f3n de caracter\u00edsticas --> <\/p>\n<div style='display: flex; flex-wrap: wrap; gap: 30px; margin-bottom: 30px;'>\n<div style='flex: 1 1 300px; min-width: 280px;'>\n<h3 style='font-size: 22px; border-bottom: 2px solid currentColor; padding-bottom: 5px; margin-top: 0; color: inherit; opacity: 0.8;'>BENEFICIOS DEL USUARIO DHP487<\/h3>\n<ul style='padding-left: 20px; font-size: 15px; color: inherit;'>\n<li style='margin-bottom: 5px;'><span style='color: inherit;'>Dise\u00f1o compacto de s\u00f3lo 164 mm de largo para una mayor operatividad&comma; gracias al nuevo dise\u00f1o de selector de par de apriete.<\/span><\/li>\n<li style='margin-bottom: 5px;'><span style='color: inherit;'>Cubierta de aluminio fundido a presi\u00f3n alrededor de la carcasa para rigidez de la m\u00e1quina.<\/span><\/li>\n<li style='margin-bottom: 5px;'><span style='color: inherit;'>El motor BL sin escobillas de carb\u00f3n permite que funcione m\u00e1s fr\u00edo y de manera m\u00e1s eficiente.<\/span><\/li>\n<li style='margin-bottom: 5px;'><span style='color: inherit;'>2 velocidades mec\u00e1nicas variables (0-500 y 0-1.700 r.p.m.) para una amplia gama de aplicaciones de perforaci\u00f3n&comma; atornillado y perforaci\u00f3n con percusi\u00f3n.<\/span><\/li>\n<li style='margin-bottom: 5px;'><span style='color: inherit;'>0-25.500 GPM para una perforaci\u00f3n r\u00e1pida con percusi\u00f3n en mamposter\u00eda.<\/span><\/li>\n<li style='margin-bottom: 5px;'><span style='color: inherit;'>El <strong style='color: inherit;'>motor BL<\/strong> se controla electr\u00f3nicamente para optimizar el uso de energ\u00eda de la bater\u00eda para un mayor tiempo de funcionamiento por carga.<\/span><\/li>\n<li style='margin-bottom: 5px;'><span style='color: inherit;'>Hasta 40 Nm de par m\u00e1ximo.<\/span><\/li>\n<li style='margin-bottom: 5px;'><span style='color: inherit;'>Las luces LED duales integradas con funciones de luminiscencia y preluminiscencia iluminan el \u00e1rea de trabajo.<\/span><\/li>\n<li style='margin-bottom: 5px;'><span style='color: inherit;'>El mango de dise\u00f1o ergon\u00f3mico con agarre suave proporciona mayor comodidad.<\/span><\/li>\n<li style='margin-bottom: 5px;'><span style='color: inherit;'>Pr\u00e1ctico portabrocas autom\u00e1tico de 13 mm para cambios r\u00e1pidos de brocas.<\/span><\/li>\n<li style='margin-bottom: 5px;'><span style='color: inherit;'>20 posiciones de par de apriete para mayor control de atornillado.<\/span><\/li>\n<li style='margin-bottom: 5px;'><span style='color: inherit;'><strong style='color: inherit;'>La tecnolog\u00eda de protecci\u00f3n extrema (XPT)<\/strong> dise\u00f1ada para mejorar la resistencia al polvo y al agua para su funcionamiento en las condiciones m\u00e1s dif\u00edciles.<\/span><\/li>\n<li style='margin-bottom: 5px;'><span style='color: inherit;'><strong style='color: inherit;'>Circuito de protecci\u00f3n:<\/strong> protege la bater\u00eda contra sobrecarga&comma; sobredescarga y sobrecalentamiento.<\/span><\/li>\n<\/ul><\/div>\n<div style='flex: 1 1 300px; min-width: 280px;'>\n<h3 style='font-size: 22px; border-bottom: 2px solid currentColor; padding-bottom: 5px; margin-top: 0; color: inherit; opacity: 0.8;'>BENEFICIOS DEL USUARIO DRT50Z<\/h3>\n<ul style='padding-left: 20px; font-size: 15px; color: inherit;'>\n<li style='margin-bottom: 5px;'><span style='color: inherit;'>Fresado hasta un 10% m\u00e1s r\u00e1pido que nuestra fresadora el\u00e9ctrica RT0700C.<\/span><\/li>\n<li style='margin-bottom: 5px;'><span style='color: inherit;'>Motor BL de 30.000 r.p.m. ofreciendo un rendimiento y capacidad que cubre las demandas con cable. Controlado el\u00e9ctricamente para optimizar el uso de la bater\u00eda&comma; obteniendo as\u00ed hasta un 50% m\u00e1s de tiempo de uso por carga.<\/span><\/li>\n<li style='margin-bottom: 5px;'><span style='color: inherit;'>Fresadora multifunci\u00f3n a bater\u00eda&comma; otorgando un manejo m\u00e1s sencillo.<\/span><\/li>\n<li style='margin-bottom: 5px;'><span style='color: inherit;'>Base de aluminio que aporta mayor durabilidad y precisi\u00f3n.<\/span><\/li>\n<li style='margin-bottom: 5px;'><span style='color: inherit;'>Carcasa para proteger la pieza de trabajo de posibles ara\u00f1azos.<\/span><\/li>\n<li style='margin-bottom: 5px;'><span style='color: inherit;'>Hasta 4 bases diferentes que aportan mayor versatilidad (opcional).<\/span><\/li>\n<li style='margin-bottom: 5px;'><span style='color: inherit;'>Velocidad variable controlada por dial convenientemente situado para permitir al usuario adaptar la velocidad a la aplicaci\u00f3n&comma; mientras sujeta la pieza.<\/span><\/li>\n<li style='margin-bottom: 5px;'><span style='color: inherit;'>Luz de trabajo LED doble que ilumina el filo y aumenta la visibilidad.<\/span><\/li>\n<li style='margin-bottom: 5px;'><span style='color: inherit;'>Capacidad para conectarse a una aspiradora Makita&comma; con una boquilla de polvo opcional&comma; para un espacio de trabajo m\u00e1s limpio.<\/span><\/li>\n<\/ul><\/div>\n<\/p><\/div>\n<p> <!-- Secci\u00f3n de logos --> <\/p>\n<div style='display: flex; flex-wrap: wrap; gap: 20px; margin-bottom: 30px; justify-content: center;'>\n<div style='flex: 1 1 200px; min-width: 150px;'> <img style='width: 100%; height: auto; border: 1px solid rgba(150&comma;150&comma;150&comma;0.3); border-radius: 8px;' src='https:\/\/es.pdbmakita.com\/images\/1_Makita\/103_logos\/10302_JPG_web\/18V.jpg' alt='18 Voltios'> <\/div>\n<div style='flex: 1 1 200px; min-width: 150px;'> <img style='width: 100%; height: auto; border: 1px solid rgba(150&comma;150&comma;150&comma;0.3); border-radius: 8px;' src='https:\/\/es.pdbmakita.com\/images\/1_Makita\/103_logos\/10302_JPG_web\/LXT.jpg' alt='LXT Litio-Ion'> <\/div>\n<div style='flex: 1 1 200px; min-width: 150px;'> <img style='width: 100%; height: auto; border: 1px solid rgba(150&comma;150&comma;150&comma;0.3); border-radius: 8px;' src='https:\/\/es.pdbmakita.com\/images\/1_Makita\/103_logos\/10302_JPG_web\/BL_motor_mark.jpg' alt='Motor sin escobillas'> <\/div>\n<\/p><\/div>\n<p> <!-- Separador --> <\/p>\n<hr style='border: 0; border-top: 1px solid rgba(150&comma; 150&comma; 150&comma; 0.3); margin: 30px 0;'> <\/div>\n","protected":false},"excerpt":{"rendered":"<p>kit de Rotomartill\u00f3 DHP487 +Fresadora Multifuncional DRT50, Incluye 1 Cargador R\u00e1pido DC18SD y 1 Bater\u00eda li-Ion de 5.0 Ah Modelo BL1850B.<\/p>\n","protected":false},"featured_media":36771,"comment_status":"open","ping_status":"closed","template":"","meta":[],"product_brand":[],"product_cat":[1057],"product_tag":[1058,1059,252],"class_list":{"0":"post-36772","1":"product","2":"type-product","3":"status-publish","4":"has-post-thumbnail","6":"product_cat-herramientas-electrica-cableada","7":"product_tag-ferreteria","8":"product_tag-herramientas-electrica-cableada","9":"product_tag-makita","11":"first","12":"outofstock","13":"sale","14":"shipping-taxable","15":"purchasable","16":"product-type-simple"},"_links":{"self":[{"href":"https:\/\/soydeaqui.ddns.net\/pachuca\/index.php\/wp-json\/wp\/v2\/product\/36772","targetHints":{"allow":["GET"]}}],"collection":[{"href":"https:\/\/soydeaqui.ddns.net\/pachuca\/index.php\/wp-json\/wp\/v2\/product"}],"about":[{"href":"https:\/\/soydeaqui.ddns.net\/pachuca\/index.php\/wp-json\/wp\/v2\/types\/product"}],"replies":[{"embeddable":true,"href":"https:\/\/soydeaqui.ddns.net\/pachuca\/index.php\/wp-json\/wp\/v2\/comments?post=36772"}],"wp:featuredmedia":[{"embeddable":true,"href":"https:\/\/soydeaqui.ddns.net\/pachuca\/index.php\/wp-json\/wp\/v2\/media\/36771"}],"wp:attachment":[{"href":"https:\/\/soydeaqui.ddns.net\/pachuca\/index.php\/wp-json\/wp\/v2\/media?parent=36772"}],"wp:term":[{"taxonomy":"product_brand","embeddable":true,"href":"https:\/\/soydeaqui.ddns.net\/pachuca\/index.php\/wp-json\/wp\/v2\/product_brand?post=36772"},{"taxonomy":"product_cat","embeddable":true,"href":"https:\/\/soydeaqui.ddns.net\/pachuca\/index.php\/wp-json\/wp\/v2\/product_cat?post=36772"},{"taxonomy":"product_tag","embeddable":true,"href":"https:\/\/soydeaqui.ddns.net\/pachuca\/index.php\/wp-json\/wp\/v2\/product_tag?post=36772"}],"curies":[{"name":"wp","href":"https:\/\/api.w.org\/{rel}","templated":true}]}}