{"id":36756,"date":"2026-03-18T16:13:44","date_gmt":"2026-03-18T16:13:44","guid":{"rendered":"https:\/\/soydeaqui.ddns.net\/pachuca\/index.php\/producto\/detector-de-humo-por-aspiracion-cirrus-hybrid-1-zona\/"},"modified":"2026-03-18T16:13:44","modified_gmt":"2026-03-18T16:13:44","slug":"detector-de-humo-por-aspiracion-cirrus-hybrid-1-zona","status":"publish","type":"product","link":"https:\/\/soydeaqui.ddns.net\/pachuca\/index.php\/producto\/detector-de-humo-por-aspiracion-cirrus-hybrid-1-zona\/","title":{"rendered":"Detector de Humo por Aspiraci\u00f3n | Cirrus Hybrid 1 Zona"},"content":{"rendered":"<div style='width: 100%; max-width: 1200px; margin: 0 auto; font-family: sans-serif; line-height: 1.6; color: inherit; background-color: transparent;'>\n<div style='display: flex; flex-wrap: wrap; gap: 30px; margin-bottom: 30px;'>\n<div style='flex: 1 1 300px; min-width: 280px;'>\n<h3 style='font-size: 22px; border-bottom: 2px solid currentColor; padding-bottom: 5px; margin-top: 0; color: inherit; opacity: 0.8;'>Caracter\u00edsticas principales<\/h3>\n<p style='font-size: 15px; color: inherit; margin-top: 0;'>La historia nos dice que&comma; en realidad&comma; solo hay dos tipos de tecnolog\u00eda de detecci\u00f3n por aspiraci\u00f3n. Estas tecnolog\u00edas son la detecci\u00f3n por aspiraci\u00f3n de &#8216;c\u00e1mara de nube&#8217; que identifica part\u00edculas de fuego \u00f3pticamente invisibles y la detecci\u00f3n por aspiraci\u00f3n &#8216;\u00f3ptica&#8217; con l\u00e1ser o LED que identifica peque\u00f1as cantidades de humo visible. Cirrus HYBRID es el \u00fanico detector de aspiraci\u00f3n disponible para identificar las part\u00edculas de fuego \u00f3pticamente invisibles mediante el uso de la tecnolog\u00eda \u00fanica de &#8216;Detecci\u00f3n de c\u00e1mara de nube&#8217; (CCD). Dependiendo de los materiales que se queman&comma; particularmente en las muchas aplicaciones modernas para sistemas de detecci\u00f3n por aspiraci\u00f3n&comma; algunos incendios arden con solo una peque\u00f1a cantidad de humo visible&comma; mientras que otros arden con mayores vol\u00famenes de humo visible. Cirrus HYBRID tambi\u00e9n detecta estos tipos de incendios &#8216;m\u00e1s humeantes&#8217; de amplio espectro. La detecci\u00f3n de humo de advertencia temprana (EWSD) se proporciona utilizando &#8216;detectores de c\u00e1mara de dispersi\u00f3n&#8217; (SCD) \u00f3pticos de alto rendimiento que identifican part\u00edculas de humo peque\u00f1as y grandes que ingresan al detector. Al utilizar los dos m\u00e9todos m\u00e1s efectivos de tecnolog\u00edas de sistemas de aspiraci\u00f3n (CCD y EWSD) en un solo detector&comma; el detector Cirrus HYBRID proporciona un dispositivo capaz de detectar fuego y humo en la gama m\u00e1s amplia de tipos de fuego. Sin embargo&comma; lo que hace que este concepto totalmente nuevo y genuinamente \u00fanico en la tecnolog\u00eda de detecci\u00f3n de incendios y humo por aspiraci\u00f3n sea tan diferente es que estas dos tecnolog\u00edas funcionan de forma independiente entre s\u00ed y&comma; mediante el uso de algoritmos complejos&comma; tambi\u00e9n interact\u00faan juntas para proporcionar una toma de decisiones de alarma realmente inteligente. El resultado de esta sinergia de tecnolog\u00edas es un dispositivo que puede verificar las verdaderas condiciones de alarma en la mayor variedad de tipos de incendios. Un resultado adicional e igualmente importante de esta sinergia de tecnolog\u00edas es la discriminaci\u00f3n de alarmas no deseadas o falsas que hist\u00f3ricamente han plagado a tantos detectores \u00f3pticos \u00fanicamente por aspiraci\u00f3n.<\/p>\n<\/p><\/div>\n<\/p><\/div>\n<div style='display: flex; flex-wrap: wrap; gap: 20px; margin-bottom: 30px;'>\n<div style='flex: 1 1 250px; border: 1px solid rgba(150&comma; 150&comma; 150&comma; 0.4); border-radius: 8px; overflow: hidden; display: flex; flex-direction: column;'>\n<div style='padding: 15px; border-bottom: 1px solid rgba(150&comma; 150&comma; 150&comma; 0.2); font-weight: bold; font-size: 18px; color: inherit;'>Especificaciones<\/div>\n<div style='padding: 15px; color: inherit;'>\n<ul style='padding-left: 20px; margin: 0; font-size: 14px; list-style-type: disc;'>\n<li style='margin-bottom: 5px;'><strong>Cobertura:<\/strong> 2500 metros cuadrados (4 tubos)<\/li>\n<li style='margin-bottom: 5px;'><strong>Longitud por tuber\u00eda:<\/strong> Aproximadamente 90 metros (depende del c\u00e1lculo por el software)<\/li>\n<li style='margin-bottom: 5px;'><strong>Puntos de aspiraci\u00f3n (espacios abiertos):<\/strong> Cada 9 metros (30ft) cuando la altura no es mayor a 9 metros. Cada 4.5 metros cuando la altura es mayor a 9 metros.<\/li>\n<li style='margin-bottom: 5px;'><strong>Puntos de muestreo (ventilaci\u00f3n):<\/strong> Cada 15cm \u2013 30cm para ventilas&comma; aires acondicionados&comma; HVAC o interior de ductos<\/li>\n<li style='margin-bottom: 5px;'><strong>Instalaci\u00f3n en plafones:<\/strong> Capilar desde la tuber\u00eda hasta el techo falso (requiere c\u00e1lculo de distancia entre techo real y falso)<\/li>\n<\/ul><\/div>\n<\/p><\/div>\n<\/p><\/div>\n<hr style='border: 0; border-top: 1px solid rgba(150&comma; 150&comma; 150&comma; 0.3); margin: 30px 0;'> <\/div>\n","protected":false},"excerpt":{"rendered":"<p>Detector de Humo por Aspiraci\u00f3n | Cirrus Hybrid 1 Zona<\/p>\n","protected":false},"featured_media":36755,"comment_status":"open","ping_status":"closed","template":"","meta":[],"product_brand":[],"product_cat":[977],"product_tag":[978,979,980],"class_list":{"0":"post-36756","1":"product","2":"type-product","3":"status-publish","4":"has-post-thumbnail","6":"product_cat-detectores-por-aspiracion","7":"product_tag-aplicaciones-especiales","8":"product_tag-detectores-por-aspiracion","9":"product_tag-safe-fire-detection-inc","11":"first","12":"instock","13":"sale","14":"shipping-taxable","15":"purchasable","16":"product-type-simple"},"_links":{"self":[{"href":"https:\/\/soydeaqui.ddns.net\/pachuca\/index.php\/wp-json\/wp\/v2\/product\/36756","targetHints":{"allow":["GET"]}}],"collection":[{"href":"https:\/\/soydeaqui.ddns.net\/pachuca\/index.php\/wp-json\/wp\/v2\/product"}],"about":[{"href":"https:\/\/soydeaqui.ddns.net\/pachuca\/index.php\/wp-json\/wp\/v2\/types\/product"}],"replies":[{"embeddable":true,"href":"https:\/\/soydeaqui.ddns.net\/pachuca\/index.php\/wp-json\/wp\/v2\/comments?post=36756"}],"wp:featuredmedia":[{"embeddable":true,"href":"https:\/\/soydeaqui.ddns.net\/pachuca\/index.php\/wp-json\/wp\/v2\/media\/36755"}],"wp:attachment":[{"href":"https:\/\/soydeaqui.ddns.net\/pachuca\/index.php\/wp-json\/wp\/v2\/media?parent=36756"}],"wp:term":[{"taxonomy":"product_brand","embeddable":true,"href":"https:\/\/soydeaqui.ddns.net\/pachuca\/index.php\/wp-json\/wp\/v2\/product_brand?post=36756"},{"taxonomy":"product_cat","embeddable":true,"href":"https:\/\/soydeaqui.ddns.net\/pachuca\/index.php\/wp-json\/wp\/v2\/product_cat?post=36756"},{"taxonomy":"product_tag","embeddable":true,"href":"https:\/\/soydeaqui.ddns.net\/pachuca\/index.php\/wp-json\/wp\/v2\/product_tag?post=36756"}],"curies":[{"name":"wp","href":"https:\/\/api.w.org\/{rel}","templated":true}]}}