{"id":36748,"date":"2026-03-18T16:13:31","date_gmt":"2026-03-18T16:13:31","guid":{"rendered":"https:\/\/soydeaqui.ddns.net\/pachuca\/index.php\/producto\/detector-lineal-de-humo-motorizado-alcance-hasta-120m-alineacion-automatica-por-haz-reflejado-convencional-compatible-con-todos-los-paneles-de-deteccion-de-incendio-0200-11650\/"},"modified":"2026-03-18T16:13:40","modified_gmt":"2026-03-18T16:13:40","slug":"detector-lineal-de-humo-motorizado-alcance-hasta-120m-alineacion-automatica-por-haz-reflejado-convencional-compatible-con-todos-los-paneles-de-deteccion-de-incendio-0200-11650","status":"publish","type":"product","link":"https:\/\/soydeaqui.ddns.net\/pachuca\/index.php\/producto\/detector-lineal-de-humo-motorizado-alcance-hasta-120m-alineacion-automatica-por-haz-reflejado-convencional-compatible-con-todos-los-paneles-de-deteccion-de-incendio-0200-11650\/","title":{"rendered":"Detector Lineal De Humo Motorizado, Alcance Hasta 120m, Alineaci\u00f3n Automatica, Por Haz Reflejado, Convencional, Compatible Con Todos Los Paneles De Detecci\u00f3n De Incendio (0200-11650)"},"content":{"rendered":"<div style='width: 100%; max-width: 1200px; margin: 0 auto; font-family: sans-serif; line-height: 1.6; color: inherit; background-color: transparent;'>\n<div style='display: flex; flex-wrap: wrap; gap: 30px; margin-bottom: 30px;'>\n<div style='flex: 1 1 300px; min-width: 280px;'>\n<h3 style='font-size: 22px; border-bottom: 2px solid currentColor; padding-bottom: 5px; margin-top: 0; color: inherit; opacity: 0.8;'>Descripci\u00f3n<\/h3>\n<p style='font-size: 15px; color: inherit; margin-bottom: 15px;'>El H6011-120 Fireray-One ofrece a los almacenes una protecci\u00f3n rentable e instalaci\u00f3n sencilla. Es un detector de haz independiente con todas las ventajas de la detecci\u00f3n de haz reflectante de Fireray con un \u00fanico punto de cableado y puesta en marcha inmediata. Sin necesidad de herramientas o conocimientos especiales para su instalaci\u00f3n y funcionamiento&comma; es un detector de haz independiente que facilita la instalaci\u00f3n.<\/p>\n<p style='font-size: 15px; color: inherit; margin-bottom: 15px;'>Para edificios nuevos&comma; mientras que otros detectores de haz se desalinean y generan alarmas molestas debido al asentamiento del edificio&comma; Fireray-One compensa autom\u00e1ticamente el movimiento natural del edificio para mantener continuamente la alineaci\u00f3n con Building Movement Tracking\u2122.<\/p>\n<p style='font-size: 15px; color: inherit; margin-bottom: 15px;'>Auto-Aligment\u2122 en un minuto: solamente tiene que dirigir el l\u00e1ser hacia el reflector y&comma; al pulsar el interruptor&comma; se alinea. 8 veces m\u00e1s r\u00e1pido que detectores convencionales. Solo se requiere una persona para la alineaci\u00f3n e instalaci\u00f3n del detector.<\/p>\n<\/p><\/div>\n<\/p><\/div>\n<div style='display: flex; flex-wrap: wrap; gap: 20px; margin-bottom: 30px;'>\n<div style='flex: 1 1 250px; border: 1px solid rgba(150&comma; 150&comma; 150&comma; 0.4); border-radius: 8px; overflow: hidden; display: flex; flex-direction: column;'>\n<div style='padding: 15px; border-bottom: 1px solid rgba(150&comma; 150&comma; 150&comma; 0.2); font-weight: bold; font-size: 18px; color: inherit;'>Ventajas<\/div>\n<div style='padding: 15px; color: inherit;'>\n<ul style='padding-left: 20px; margin: 0; font-size: 14px; list-style-type: disc;'>\n<li style='margin-bottom: 5px;'>Cobertura r\u00e1pida&comma; sencilla y econ\u00f3mica de almacenes para la detecci\u00f3n de incendios<\/li>\n<\/ul><\/div>\n<\/p><\/div>\n<div style='flex: 1 1 250px; border: 1px solid rgba(150&comma; 150&comma; 150&comma; 0.4); border-radius: 8px; overflow: hidden; display: flex; flex-direction: column;'>\n<div style='padding: 15px; border-bottom: 1px solid rgba(150&comma; 150&comma; 150&comma; 0.2); font-weight: bold; font-size: 18px; color: inherit;'>Aplicaciones<\/div>\n<div style='padding: 15px; color: inherit;'>\n<ul style='padding-left: 20px; margin: 0; font-size: 14px; list-style-type: disc;'>\n<li style='margin-bottom: 5px;'>Almacenes<\/li>\n<li style='margin-bottom: 5px;'>Aeropuertos<\/li>\n<li style='margin-bottom: 5px;'>Estaciones de tren<\/li>\n<li style='margin-bottom: 5px;'>Tiendas de autoservicio<\/li>\n<li style='margin-bottom: 5px;'>Salas de cine<\/li>\n<li style='margin-bottom: 5px;'>Centros comerciales<\/li>\n<li style='margin-bottom: 5px;'>Teatros<\/li>\n<li style='margin-bottom: 5px;'>Auditorios<\/li>\n<li style='margin-bottom: 5px;'>y muchos m\u00e1s&#8230;<\/li>\n<\/ul><\/div>\n<\/p><\/div>\n<\/p><\/div>\n<div style='display: flex; flex-wrap: wrap; gap: 20px; margin-bottom: 30px;'>\n<div style='flex: 1 1 250px; border: 1px solid rgba(150&comma; 150&comma; 150&comma; 0.4); border-radius: 8px; overflow: hidden; display: flex; flex-direction: column;'>\n<div style='padding: 15px; border-bottom: 1px solid rgba(150&comma; 150&comma; 150&comma; 0.2); font-weight: bold; font-size: 18px; color: inherit;'>Caracter\u00edsticas t\u00e9cnicas<\/div>\n<div style='padding: 15px; color: inherit;'>\n<ul style='padding-left: 20px; margin: 0; font-size: 14px; list-style-type: disc;'>\n<li style='margin-bottom: 5px;'><strong>Rango de detecci\u00f3n:<\/strong> De 5 a 50m. Con kit de 3 prismas (incluido) larga distancia hasta 120 m<\/li>\n<li style='margin-bottom: 5px;'><strong>No requiere llave de restablecimiento<\/strong><\/li>\n<li style='margin-bottom: 5px;'><strong>No requiere kit de alineaci\u00f3n<\/strong><\/li>\n<li style='margin-bottom: 5px;'><strong>Voltaje de funcionamiento:<\/strong> 14 a 36 VDC<\/li>\n<li style='margin-bottom: 5px;'><strong>L\u00e1ser visible integrado<\/strong> y alineaci\u00f3n autom\u00e1tica para una m\u00e1xima facilidad de alineaci\u00f3n<\/li>\n<li style='margin-bottom: 5px;'>Evite alarmas molestas con Light Cancellation Technology\u2122 que compensa la luz solar y las fuentes de luz artificial<\/li>\n<li style='margin-bottom: 5px;'>Building Movement Tracking\u2122 mantiene continuamente la alineaci\u00f3n cuando los edificios se asientan o flexionan debido a las variaciones de temperatura<\/li>\n<li style='margin-bottom: 5px;'>Compensaci\u00f3n de contaminaci\u00f3n para corregir la acumulaci\u00f3n gradual de polvo en la \u00f3ptica<\/li>\n<li style='margin-bottom: 5px;'>Evite la interferencia entre haces con la fase de haz din\u00e1mico; instalar vigas una frente a la otra o en configuraciones irregulares<\/li>\n<li style='margin-bottom: 5px;'>Interfaz de usuario integrada con interruptor de modo de alineaci\u00f3n&comma; botones direccionales de alineaci\u00f3n e interruptores de configuraci\u00f3n para umbral de respuesta de alarma<\/li>\n<li style='margin-bottom: 5px;'>2 LED verdes y 1 LED amarillo para indicaci\u00f3n del estado de alineaci\u00f3n<\/li>\n<li style='margin-bottom: 5px;'>Indicaci\u00f3n del estado del sistema: <span style='color: #27ae60;'>LED verde<\/span> para operaci\u00f3n normal&comma; <span style='color: #e74c3c;'>LED rojo<\/span> para condici\u00f3n de alarma y <span style='color: #f1c40f;'>LED amarillo<\/span> para condici\u00f3n de falla (oscurecimiento o contaminaci\u00f3n)<\/li>\n<li style='margin-bottom: 5px;'>Frontal plano con \u00f3ptica cerrada. La limpieza de la \u00f3ptica no afecta la alineaci\u00f3n<\/li>\n<li style='margin-bottom: 5px;'>Tecnolog\u00eda de cancelaci\u00f3n de luz<\/li>\n<li style='margin-bottom: 5px;'>Rel\u00e9s individuales de alarma y falla 2 A @ 30 VDC<\/li>\n<li style='margin-bottom: 5px;'>Punto \u00fanico de cableado y puesta en marcha<\/li>\n<li style='margin-bottom: 5px;'>Clasificaci\u00f3n IP55<\/li>\n<li style='margin-bottom: 5px;'>Policarbonato UL94 V0<\/li>\n<li style='margin-bottom: 5px;'>Corriente de funcionamiento: 5 mA<\/li>\n<li style='margin-bottom: 5px;'>Interfaz de usuario integrada<\/li>\n<li style='margin-bottom: 5px;'>Limpia los detectores r\u00e1pida y f\u00e1cilmente sin afectar la alineaci\u00f3n<\/li>\n<li style='margin-bottom: 5px;'>Bajo consumo de energ\u00eda<\/li>\n<\/ul><\/div>\n<\/p><\/div>\n<div style='flex: 1 1 250px; border: 1px solid rgba(150&comma; 150&comma; 150&comma; 0.4); border-radius: 8px; overflow: hidden; display: flex; flex-direction: column;'>\n<div style='padding: 15px; border-bottom: 1px solid rgba(150&comma; 150&comma; 150&comma; 0.2); font-weight: bold; font-size: 18px; color: inherit;'>Especificaciones adicionales<\/div>\n<div style='padding: 15px; color: inherit;'>\n<ul style='padding-left: 20px; margin: 0; font-size: 14px; list-style-type: disc;'>\n<li style='margin-bottom: 5px;'><strong>Rango de detecci\u00f3n:<\/strong> Hasta 393 pies (120 m)<\/li>\n<li style='margin-bottom: 5px;'><strong>L\u00e1ser visible integrado<\/strong> y alineaci\u00f3n autom\u00e1tica para una m\u00e1xima facilidad de alineaci\u00f3n<\/li>\n<li style='margin-bottom: 5px;'><strong>Interfaz de usuario integrada<\/strong><\/li>\n<li style='margin-bottom: 5px;'>Evite alarmas molestas con Light Cancellation Technology\u2122 que compensa la luz solar y las fuentes de luz artificial<\/li>\n<li style='margin-bottom: 5px;'>Building Movement Tracking\u2122 mantiene continuamente la alineaci\u00f3n cuando los edificios se asientan o flexionan debido a las variaciones de temperatura<\/li>\n<li style='margin-bottom: 5px;'>Compensaci\u00f3n de contaminaci\u00f3n para corregir la acumulaci\u00f3n gradual de polvo en la \u00f3ptica<\/li>\n<li style='margin-bottom: 5px;'>Limpie los detectores r\u00e1pida y f\u00e1cilmente sin afectar la alineaci\u00f3n<\/li>\n<li style='margin-bottom: 5px;'><strong>Bajo consumo de energ\u00eda<\/strong><\/li>\n<\/ul><\/div>\n<\/p><\/div>\n<\/p><\/div>\n<div style='display: flex; flex-wrap: wrap; gap: 30px; margin-bottom: 30px;'>\n<div style='flex: 1 1 300px; min-width: 280px;'>\n<h3 style='font-size: 22px; border-bottom: 2px solid currentColor; padding-bottom: 5px; margin-top: 0; color: inherit; opacity: 0.8;'>Informaci\u00f3n t\u00e9cnica<\/h3>\n<ul style='padding-left: 20px; font-size: 15px; color: inherit;'>\n<li style='margin-bottom: 5px;'><strong>C\u00f3digo de producto:<\/strong> 0200-11650<\/li>\n<\/ul><\/div>\n<\/p><\/div>\n<div style='display: flex; flex-wrap: wrap; gap: 30px; margin-bottom: 30px;'>\n<div style='flex: 1 1 300px; min-width: 280px;'>\n<h3 style='font-size: 22px; border-bottom: 2px solid currentColor; padding-bottom: 5px; margin-top: 0; color: inherit; opacity: 0.8;'>Videos<\/h3>\n<div style='position: relative; padding-bottom: 56.25%; height: 0; overflow: hidden; margin-bottom: 30px;'>   <\/div>\n<div style='position: relative; padding-bottom: 56.25%; height: 0; overflow: hidden; margin-bottom: 30px;'>   <\/div>\n<\/p><\/div>\n<\/p><\/div>\n<hr style='border: 0; border-top: 1px solid rgba(150&comma; 150&comma; 150&comma; 0.3); margin: 30px 0;'> <\/div>\n","protected":false},"excerpt":{"rendered":"<p>Detector Lineal De Humo Motorizado, Alcance Hasta 120m, Alineaci\u00f3n Automatica, Por Haz Reflejado, Convencional, Compatible Con Todos Los Paneles De Detecci\u00f3n De Incendio (0200-11650)<\/p>\n","protected":false},"featured_media":36747,"comment_status":"open","ping_status":"closed","template":"","meta":[],"product_brand":[],"product_cat":[448],"product_tag":[449,406,225],"class_list":{"0":"post-36748","1":"product","2":"type-product","3":"status-publish","4":"has-post-thumbnail","6":"product_cat-todo-accesorios-y-dispositivos-direccionables","7":"product_tag-accesorios-y-dispositivos-direccionables","8":"product_tag-hochiki","9":"product_tag-todo","11":"first","12":"instock","13":"sale","14":"shipping-taxable","15":"purchasable","16":"product-type-simple"},"_links":{"self":[{"href":"https:\/\/soydeaqui.ddns.net\/pachuca\/index.php\/wp-json\/wp\/v2\/product\/36748","targetHints":{"allow":["GET"]}}],"collection":[{"href":"https:\/\/soydeaqui.ddns.net\/pachuca\/index.php\/wp-json\/wp\/v2\/product"}],"about":[{"href":"https:\/\/soydeaqui.ddns.net\/pachuca\/index.php\/wp-json\/wp\/v2\/types\/product"}],"replies":[{"embeddable":true,"href":"https:\/\/soydeaqui.ddns.net\/pachuca\/index.php\/wp-json\/wp\/v2\/comments?post=36748"}],"wp:featuredmedia":[{"embeddable":true,"href":"https:\/\/soydeaqui.ddns.net\/pachuca\/index.php\/wp-json\/wp\/v2\/media\/36747"}],"wp:attachment":[{"href":"https:\/\/soydeaqui.ddns.net\/pachuca\/index.php\/wp-json\/wp\/v2\/media?parent=36748"}],"wp:term":[{"taxonomy":"product_brand","embeddable":true,"href":"https:\/\/soydeaqui.ddns.net\/pachuca\/index.php\/wp-json\/wp\/v2\/product_brand?post=36748"},{"taxonomy":"product_cat","embeddable":true,"href":"https:\/\/soydeaqui.ddns.net\/pachuca\/index.php\/wp-json\/wp\/v2\/product_cat?post=36748"},{"taxonomy":"product_tag","embeddable":true,"href":"https:\/\/soydeaqui.ddns.net\/pachuca\/index.php\/wp-json\/wp\/v2\/product_tag?post=36748"}],"curies":[{"name":"wp","href":"https:\/\/api.w.org\/{rel}","templated":true}]}}