{"id":36744,"date":"2026-03-18T16:13:27","date_gmt":"2026-03-18T16:13:27","guid":{"rendered":"https:\/\/soydeaqui.ddns.net\/pachuca\/index.php\/producto\/detector-de-gas-fijo-con-sensor-de-oxigeno-ec-0-25-v-v-para-gases-combustibles-salida-modbus-y-4-20-ma-certificacion-ul-c-ul-inmetro-entradas-2x3-4-npt-carcasa-pintado-de-aluminio-grado-marino\/"},"modified":"2026-03-18T16:13:28","modified_gmt":"2026-03-18T16:13:28","slug":"detector-de-gas-fijo-con-sensor-de-oxigeno-ec-0-25-v-v-para-gases-combustibles-salida-modbus-y-4-20-ma-certificacion-ul-c-ul-inmetro-entradas-2x3-4-npt-carcasa-pintado-de-aluminio-grado-marino","status":"publish","type":"product","link":"https:\/\/soydeaqui.ddns.net\/pachuca\/index.php\/producto\/detector-de-gas-fijo-con-sensor-de-oxigeno-ec-0-25-v-v-para-gases-combustibles-salida-modbus-y-4-20-ma-certificacion-ul-c-ul-inmetro-entradas-2x3-4-npt-carcasa-pintado-de-aluminio-grado-marino\/","title":{"rendered":"Detector De Gas Fijo, Con Sensor De Oxigeno EC 0-25% V\/V, Para Gases Combustibles, Salida Modbus y 4-20 mA, Certificaci\u00f3n UL\/c-UL\/INMETRO, Entradas 2&#215;3\/4&#8243; NPT, Carcasa Pintado De Aluminio Grado Marino LM25, Rango de Gas Fijo, Serie Sensepoint"},"content":{"rendered":"<div style='width: 100%; max-width: 1200px; margin: 0 auto; font-family: sans-serif; line-height: 1.6; color: inherit; background-color: transparent;'>\n<h1 style='text-align: center; font-size: 24px; margin-bottom: 20px; color: inherit;'>Detector De Gases Inflamables&comma; Toxicos y Oxigeno Para Aplicaciones Industriales<\/h1>\n<div style='display: flex; flex-wrap: wrap; gap: 30px; margin-bottom: 30px;'>\n<div style='flex: 1 1 300px; min-width: 280px;'>\n<h3 style='font-size: 20px; border-bottom: 2px solid currentColor; padding-bottom: 5px; margin-top: 0; color: inherit; opacity: 0.8;'>Descripci\u00f3n General<\/h3>\n<p style='font-size: 14px; color: inherit;'>El detector Sensepoint XCD es un detector de gas que consta de un transmisor y una amplia selecci\u00f3n de sensores para detecci\u00f3n de gases inflamables&comma; t\u00f3xicos y ox\u00edgeno. Simplifica el monitoreo y la detecci\u00f3n de gases peligrosos para cumplir con los est\u00e1ndares de seguridad y cumplimiento.<\/p>\n<p style='font-size: 14px; color: inherit;'>Los sensores fijos Sensepoint XCD ofrecen un control completo de los riesgos de gases t\u00f3xicos e inflamables&comma; as\u00ed como de la deficiencia de ox\u00edgeno en atm\u00f3sferas potencialmente explosivas&comma; tanto en interiores como en exteriores. Existen requisitos especiales para entornos de trabajo potencialmente explosivos en la producci\u00f3n de gas&comma; petr\u00f3leo y productos qu\u00edmicos&comma; as\u00ed como entornos llenos de polvo en las industrias alimentaria y de procesamiento de la madera.<\/p>\n<\/p><\/div>\n<div style='flex: 1 1 300px; min-width: 280px;'>\n<h3 style='font-size: 20px; border-bottom: 2px solid currentColor; padding-bottom: 5px; margin-top: 0; color: inherit; opacity: 0.8;'>Caracter\u00edsticas Principales<\/h3>\n<ul style='padding-left: 20px; font-size: 14px; color: inherit; list-style-type: disc;'>\n<li style='margin-bottom: 5px;'>Detecci\u00f3n de gases inflamables&comma; t\u00f3xicos y ox\u00edgeno<\/li>\n<li style='margin-bottom: 5px;'>Versi\u00f3n est\u00e1ndar Ex d para zonas 1<\/li>\n<li style='margin-bottom: 5px;'>Sensores preinstalados y probados<\/li>\n<li style='margin-bottom: 5px;'>Configuraci\u00f3n sin necesidad de abrir la unidad<\/li>\n<li style='margin-bottom: 5px;'>Pantalla tricolor retroiluminada<\/li>\n<li style='margin-bottom: 5px;'>Salida Modbus y 4-20 mA<\/li>\n<li style='margin-bottom: 5px;'>Certificaciones UL\/c-UL\/INMETRO<\/li>\n<\/ul><\/div>\n<\/p><\/div>\n<div style='display: flex; flex-wrap: wrap; gap: 20px; margin-bottom: 30px;'>\n<div style='flex: 1 1 250px; border: 1px solid rgba(150&comma; 150&comma; 150&comma; 0.4); border-radius: 8px; overflow: hidden; display: flex; flex-direction: column;'>\n<div style='padding: 15px; border-bottom: 1px solid rgba(150&comma; 150&comma; 150&comma; 0.2); font-weight: bold; font-size: 18px; color: inherit;'>Tecnolog\u00eda de Sensores<\/div>\n<div style='padding: 15px; color: inherit;'>\n<ul style='padding-left: 20px; margin: 0; font-size: 14px; list-style-type: disc;'>\n<li style='margin-bottom: 5px;'>Sensores electroqu\u00edmicos Surecell<\/li>\n<li style='margin-bottom: 5px;'>Sensores de gases inflamables resistentes a sustancias t\u00f3xicas<\/li>\n<li style='margin-bottom: 5px;'>Sensores de larga duraci\u00f3n<\/li>\n<\/ul><\/div>\n<\/p><\/div>\n<div style='flex: 1 1 250px; border: 1px solid rgba(150&comma; 150&comma; 150&comma; 0.4); border-radius: 8px; overflow: hidden; display: flex; flex-direction: column;'>\n<div style='padding: 15px; border-bottom: 1px solid rgba(150&comma; 150&comma; 150&comma; 0.2); font-weight: bold; font-size: 18px; color: inherit;'>Certificaciones<\/div>\n<div style='padding: 15px; color: inherit;'>\n<ul style='padding-left: 20px; margin: 0; font-size: 14px; list-style-type: disc;'>\n<li style='margin-bottom: 5px;'>Europeas&comma; de Am\u00e9rica del Norte y Asi\u00e1ticas<\/li>\n<li style='margin-bottom: 5px;'>Cumple ATEX&comma; IECEx&comma; UL\/c-UL&comma; KTL&comma; PA&comma; GB y CCCF<\/li>\n<\/ul><\/div>\n<\/p><\/div>\n<div style='flex: 1 1 250px; border: 1px solid rgba(150&comma; 150&comma; 150&comma; 0.4); border-radius: 8px; overflow: hidden; display: flex; flex-direction: column;'>\n<div style='padding: 15px; border-bottom: 1px solid rgba(150&comma; 150&comma; 150&comma; 0.2); font-weight: bold; font-size: 18px; color: inherit;'>Caracter\u00edsticas de Operaci\u00f3n<\/div>\n<div style='padding: 15px; color: inherit;'>\n<ul style='padding-left: 20px; margin: 0; font-size: 14px; list-style-type: disc;'>\n<li style='margin-bottom: 5px;'>Rango de temperatura: -25 a 55\u00baC<\/li>\n<li style='margin-bottom: 5px;'>Humedad relativa: 0-90%<\/li>\n<li style='margin-bottom: 5px;'>Versi\u00f3n Ex d para zonas 1<\/li>\n<\/ul><\/div>\n<\/p><\/div>\n<\/p><\/div>\n<div style='display: flex; flex-wrap: wrap; gap: 20px; margin-bottom: 30px;'>\n<div style='flex: 1 1 250px; border: 1px solid rgba(150&comma; 150&comma; 150&comma; 0.4); border-radius: 8px; overflow: hidden; display: flex; flex-direction: column;'>\n<div style='padding: 15px; border-bottom: 1px solid rgba(150&comma; 150&comma; 150&comma; 0.2); font-weight: bold; font-size: 18px; color: inherit;'>Funcionalidades<\/div>\n<div style='padding: 15px; color: inherit;'>\n<ul style='padding-left: 20px; margin: 0; font-size: 14px; list-style-type: disc;'>\n<li style='margin-bottom: 5px;'>Pantalla LCD tricolor retroiluminada<\/li>\n<li style='margin-bottom: 5px;'>Configuraci\u00f3n con conmutadores magn\u00e9ticos<\/li>\n<li style='margin-bottom: 5px;'>Salida 4-20 mA seleccionable (sink o source)<\/li>\n<li style='margin-bottom: 5px;'>Inhibici\u00f3n autom\u00e1tica durante mantenimiento<\/li>\n<li style='margin-bottom: 5px;'>Comunicaciones Modbus opcionales<\/li>\n<\/ul><\/div>\n<\/p><\/div>\n<div style='flex: 1 1 250px; border: 1px solid rgba(150&comma; 150&comma; 150&comma; 0.4); border-radius: 8px; overflow: hidden; display: flex; flex-direction: column;'>\n<div style='padding: 15px; border-bottom: 1px solid rgba(150&comma; 150&comma; 150&comma; 0.2); font-weight: bold; font-size: 18px; color: inherit;'>Instalaci\u00f3n<\/div>\n<div style='padding: 15px; color: inherit;'>\n<ul style='padding-left: 20px; margin: 0; font-size: 14px; list-style-type: disc;'>\n<li style='margin-bottom: 5px;'>M\u00f3dulo de pantalla enchufable extra\u00edble<\/li>\n<li style='margin-bottom: 5px;'>Soporte de montaje integral<\/li>\n<li style='margin-bottom: 5px;'>2 entradas de cable\/conducto NPT \u00be&#8217; o M20<\/li>\n<li style='margin-bottom: 5px;'>Bloques de terminales enchufables extra\u00edbles<\/li>\n<li style='margin-bottom: 5px;'>Conmutador sink\/source para topolog\u00eda de cableado<\/li>\n<\/ul><\/div>\n<\/p><\/div>\n<div style='flex: 1 1 250px; border: 1px solid rgba(150&comma; 150&comma; 150&comma; 0.4); border-radius: 8px; overflow: hidden; display: flex; flex-direction: column;'>\n<div style='padding: 15px; border-bottom: 1px solid rgba(150&comma; 150&comma; 150&comma; 0.2); font-weight: bold; font-size: 18px; color: inherit;'>Accesorios Opcionales<\/div>\n<div style='padding: 15px; color: inherit;'>\n<ul style='padding-left: 20px; margin: 0; font-size: 14px; list-style-type: disc;'>\n<li style='margin-bottom: 5px;'>Protecci\u00f3n contra el sol y las inundaciones<\/li>\n<li style='margin-bottom: 5px;'>Kit de montaje en conductos<\/li>\n<li style='margin-bottom: 5px;'>C\u00e9lula de flujo para gas de calibraci\u00f3n<\/li>\n<li style='margin-bottom: 5px;'>Embudo recolector<\/li>\n<\/ul><\/div>\n<\/p><\/div>\n<\/p><\/div>\n<div style='display: flex; flex-wrap: wrap; gap: 20px; margin-bottom: 30px;'>\n<div style='flex: 1 1 300px; min-width: 280px;'>\n<h3 style='font-size: 20px; border-bottom: 2px solid currentColor; padding-bottom: 5px; margin-top: 0; color: inherit; opacity: 0.8;'>Aplicaciones<\/h3>\n<ul style='padding-left: 20px; font-size: 14px; color: inherit; list-style-type: disc;'>\n<li style='margin-bottom: 5px;'>Instalaciones de fabricaci\u00f3n industrial<\/li>\n<li style='margin-bottom: 5px;'>Centrales el\u00e9ctricas<\/li>\n<li style='margin-bottom: 5px;'>Instalaciones para aguas residuales<\/li>\n<li style='margin-bottom: 5px;'>Servicios p\u00fablicos<\/li>\n<li style='margin-bottom: 5px;'>Producci\u00f3n de alimentos y bebidas<\/li>\n<li style='margin-bottom: 5px;'>Refiner\u00edas y plantas qu\u00edmicas<\/li>\n<li style='margin-bottom: 5px;'>Terminales de petr\u00f3leo y gas en tierra<\/li>\n<li style='margin-bottom: 5px;'>Plataformas de producci\u00f3n<\/li>\n<li style='margin-bottom: 5px;'>Exploraci\u00f3n y perforaci\u00f3n<\/li>\n<\/ul><\/div>\n<div style='flex: 1 1 300px; min-width: 280px;'>\n<h3 style='font-size: 20px; border-bottom: 2px solid currentColor; padding-bottom: 5px; margin-top: 0; color: inherit; opacity: 0.8;'>Especificaciones Generales<\/h3>\n<ul style='padding-left: 20px; font-size: 14px; color: inherit; list-style-type: disc;'>\n<li style='margin-bottom: 5px;'>Versiones disponibles para gases inflamables (catal\u00edticos o infrarrojos)&comma; t\u00f3xicos y ox\u00edgeno<\/li>\n<li style='margin-bottom: 5px;'>Aplicaciones nuevas y actualizaciones<\/li>\n<li style='margin-bottom: 5px;'>Adecuado para interiores o exteriores<\/li>\n<li style='margin-bottom: 5px;'>Opciones de carcasa antideflagrante en acero inoxidable o en aluminio<\/li>\n<li style='margin-bottom: 5px;'>IP66 de serie<\/li>\n<li style='margin-bottom: 5px;'>Plataforma com\u00fan de transmisor<\/li>\n<li style='margin-bottom: 5px;'>Menos repuestos<\/li>\n<li style='margin-bottom: 5px;'>Sensor enchufable recambiable<\/li>\n<li style='margin-bottom: 5px;'>Menos cableado gracias a la opci\u00f3n MODBUS multipunto<\/li>\n<\/ul><\/div>\n<\/p><\/div>\n<div style='display: flex; flex-wrap: wrap; gap: 20px; margin-bottom: 30px;'>\n<div style='flex: 1 1 300px; min-width: 280px;'>\n<h3 style='font-size: 20px; border-bottom: 2px solid currentColor; padding-bottom: 5px; margin-top: 0; color: inherit; opacity: 0.8;'>Ventajas Adicionales<\/h3>\n<ul style='padding-left: 20px; font-size: 14px; color: inherit; list-style-type: disc;'>\n<li style='margin-bottom: 5px;'>Asegura una instalaci\u00f3n sencilla y funcionamiento m\u00e1s r\u00e1pido<\/li>\n<li style='margin-bottom: 5px;'>Elimina la necesidad de permisos de trabajo en zonas peligrosas<\/li>\n<li style='margin-bottom: 5px;'>Una sola persona puede operar los sensores de forma no intrusiva<\/li>\n<li style='margin-bottom: 5px;'>Reduce los costes y el tiempo del mantenimiento regular<\/li>\n<li style='margin-bottom: 5px;'>Detecci\u00f3n de m\u00faltiples tipos de gases<\/li>\n<li style='margin-bottom: 5px;'>Funcionamiento en atm\u00f3sferas potencialmente explosivas<\/li>\n<\/ul><\/div>\n<div style='flex: 1 1 300px; min-width: 280px;'>\n<h3 style='font-size: 20px; border-bottom: 2px solid currentColor; padding-bottom: 5px; margin-top: 0; color: inherit; opacity: 0.8;'>Caracter\u00edsticas de la Pantalla<\/h3>\n<ul style='padding-left: 20px; font-size: 14px; color: inherit; list-style-type: disc;'>\n<li style='margin-bottom: 5px;'>Pantalla LCD retroiluminada tricolor<\/li>\n<li style='margin-bottom: 5px;'>Indicaci\u00f3n instant\u00e1nea del estado del detector<\/li>\n<li style='margin-bottom: 5px;'>Retroiluminaci\u00f3n verde para funcionamiento normal<\/li>\n<li style='margin-bottom: 5px;'>Color amarillo parpadeante para fallo<\/li>\n<li style='margin-bottom: 5px;'>Color rojo parpadeante para alarma<\/li>\n<li style='margin-bottom: 5px;'>D\u00edgitos&comma; gr\u00e1fico de barras e iconos<\/li>\n<\/ul><\/div>\n<\/p><\/div>\n<div style='display: flex; flex-wrap: wrap; gap: 20px; margin-bottom: 30px;'>\n<div style='flex: 1 1 300px; min-width: 280px;'>\n<h3 style='font-size: 20px; border-bottom: 2px solid currentColor; padding-bottom: 5px; margin-top: 0; color: inherit; opacity: 0.8;'>Suministro Completo<\/h3>\n<ul style='padding-left: 20px; font-size: 14px; color: inherit; list-style-type: disc;'>\n<li style='margin-bottom: 5px;'>Sensor incorporado<\/li>\n<li style='margin-bottom: 5px;'>Protecci\u00f3n contra las inclemencias meteorol\u00f3gicas de nailon<\/li>\n<li style='margin-bottom: 5px;'>Tapon de cierre de acero inoxidable<\/li>\n<li style='margin-bottom: 5px;'>Varilla magn\u00e9tica<\/li>\n<li style='margin-bottom: 5px;'>Llaves hexagonales<\/li>\n<li style='margin-bottom: 5px;'>2 rel\u00e9s de alarma programables<\/li>\n<li style='margin-bottom: 5px;'>1 rel\u00e9 de fallo programable<\/li>\n<li style='margin-bottom: 5px;'>Salida de 4-20 mA est\u00e1ndar<\/li>\n<li style='margin-bottom: 5px;'>Opci\u00f3n de interfaz Modbus<\/li>\n<\/ul><\/div>\n<div style='flex: 1 1 300px; min-width: 280px;'>\n<h3 style='font-size: 20px; border-bottom: 2px solid currentColor; padding-bottom: 5px; margin-top: 0; color: inherit; opacity: 0.8;'>Configuraci\u00f3n y Control<\/h3>\n<ul style='padding-left: 20px; font-size: 14px; color: inherit; list-style-type: disc;'>\n<li style='margin-bottom: 5px;'>Ajuste de escala&comma; rango y funcionamiento de los rel\u00e9s<\/li>\n<li style='margin-bottom: 5px;'>Ajuste de punto de alarma<\/li>\n<li style='margin-bottom: 5px;'>Etiquetado electr\u00f3nico del detector<\/li>\n<li style='margin-bottom: 5px;'>Inhibici\u00f3n autom\u00e1tica de salidas durante ajuste<\/li>\n<li style='margin-bottom: 5px;'>Reducci\u00f3n de falsas alarmas durante mantenimiento<\/li>\n<li style='margin-bottom: 5px;'>Configuraci\u00f3n mediante pantalla y conmutadores magn\u00e9ticos<\/li>\n<\/ul><\/div>\n<\/p><\/div>\n<div style='display: flex; flex-wrap: wrap; gap: 20px; margin-bottom: 30px;'>\n<div style='flex: 1 1 100%;'>\n<h3 style='font-size: 20px; border-bottom: 2px solid currentColor; padding-bottom: 5px; margin-top: 0; color: inherit; opacity: 0.8;'>Caracter\u00edsticas T\u00e9cnicas Adicionales<\/h3>\n<ul style='padding-left: 20px; font-size: 14px; color: inherit; list-style-type: disc;'>\n<li style='margin-bottom: 5px;'>Placa de montaje integral para montaje en superficie<\/li>\n<li style='margin-bottom: 5px;'>Opci\u00f3n de montaje en tubo horizontal o vertical con soporte<\/li>\n<li style='margin-bottom: 5px;'>Instalaci\u00f3n el\u00e9ctrica con conductos o cables con protecci\u00f3n mec\u00e1nica<\/li>\n<li style='margin-bottom: 5px;'>Cubierta de intemperie para condiciones exigentes<\/li>\n<li style='margin-bottom: 5px;'>Excelente relaci\u00f3n calidad\/precio<\/li>\n<li style='margin-bottom: 5px;'>Formaci\u00f3n m\u00ednima necesaria<\/li>\n<li style='margin-bottom: 5px;'>Funcionamiento no intrusivo con un solo operario<\/li>\n<\/ul><\/div>\n<\/p><\/div>\n<div style='display: flex; flex-wrap: wrap; gap: 20px; margin-bottom: 30px;'>\n<div style='flex: 1 1 100%;'>\n<h3 style='font-size: 20px; border-bottom: 2px solid currentColor; padding-bottom: 5px; margin-top: 0; color: inherit; opacity: 0.8;'>Documentaci\u00f3n y Soporte<\/h3>\n<p style='font-size: 14px; color: inherit;'>Para mayor informaci\u00f3n sobre la instalaci\u00f3n&comma; configuraci\u00f3n y mantenimiento del detector Sensepoint XCD&comma; Honeywell Analytics proporciona documentaci\u00f3n t\u00e9cnica detallada y soporte especializado. Esto incluye manuales de usuario&comma; gu\u00edas de calibraci\u00f3n y procedimientos de mantenimiento preventivo y correctivo.<\/p>\n<\/p><\/div>\n<\/p><\/div>\n<div style='display: flex; flex-wrap: wrap; gap: 20px; margin-bottom: 30px;'>\n<div style='flex: 1 1 100%;'>\n<h3 style='font-size: 20px; border-bottom: 2px solid currentColor; padding-bottom: 5px; margin-top: 0; color: inherit; opacity: 0.8;'>V\u00eddeos Explicativos<\/h3>\n<\/p><\/div>\n<\/p><\/div>\n<div style='display: flex; flex-wrap: wrap; gap: 30px; margin-bottom: 30px; justify-content: center;'>\n<div style='flex: 1 1 560px; max-width: 560px;'>\n<div style='position: relative; padding-bottom: 56.25%; height: 0; overflow: hidden;'>   <\/div>\n<p style='text-align: center; margin-top: 10px; font-size: 14px; color: inherit;'>Introducci\u00f3n Serie Sensepoint XCD De Honeywell Analytics<\/p>\n<\/p><\/div>\n<div style='flex: 1 1 560px; max-width: 560px;'>\n<div style='position: relative; padding-bottom: 56.25%; height: 0; overflow: hidden;'>   <\/div>\n<p style='text-align: center; margin-top: 10px; font-size: 14px; color: inherit;'>Operaci\u00f3n y Configuraci\u00f3n Sensepoint XCD<\/p>\n<\/p><\/div>\n<\/p><\/div>\n<div style='display: flex; flex-wrap: wrap; gap: 30px; margin-bottom: 30px; justify-content: center;'>\n<div style='flex: 1 1 560px; max-width: 560px;'>\n<div style='position: relative; padding-bottom: 56.25%; height: 0; overflow: hidden;'>   <\/div>\n<p style='text-align: center; margin-top: 10px; font-size: 14px; color: inherit;'>Posicionamiento&comma; Instalaci\u00f3n y Conexiones<\/p>\n<\/p><\/div>\n<div style='flex: 1 1 560px; max-width: 560px;'>\n<div style='position: relative; padding-bottom: 56.25%; height: 0; overflow: hidden;'>   <\/div>\n<p style='text-align: center; margin-top: 10px; font-size: 14px; color: inherit;'>Calibraci\u00f3n y Mantenimiento<\/p>\n<\/p><\/div>\n<\/p><\/div>\n<hr style='border: 0; border-top: 1px solid rgba(150&comma; 150&comma; 150&comma; 0.3); margin: 30px 0;'> <\/div>\n","protected":false},"excerpt":{"rendered":"<p>Detector De Gas Fijo, Con Sensor De Oxigeno EC 0-25% V\/V, Para Gases Combustibles, Salida Modbus y 4-20 mA, Certificaci\u00f3n UL\/c-UL\/INMETRO, Entradas 2&#215;3\/4&#8243; NPT, Carcasa Pintado De Aluminio Grado Marino LM25, Rango de Gas Fijo, Serie Sensepoint<\/p>\n","protected":false},"featured_media":36743,"comment_status":"open","ping_status":"closed","template":"","meta":[],"product_brand":[],"product_cat":[987],"product_tag":[988,522,1014],"class_list":{"0":"post-36744","1":"product","2":"type-product","3":"status-publish","4":"has-post-thumbnail","6":"product_cat-detectores-de-gases","7":"product_tag-detectores-de-gases","8":"product_tag-dispositivos-convencionales","9":"product_tag-honeywell-analytics","11":"first","12":"outofstock","13":"sale","14":"shipping-taxable","15":"purchasable","16":"product-type-simple"},"_links":{"self":[{"href":"https:\/\/soydeaqui.ddns.net\/pachuca\/index.php\/wp-json\/wp\/v2\/product\/36744","targetHints":{"allow":["GET"]}}],"collection":[{"href":"https:\/\/soydeaqui.ddns.net\/pachuca\/index.php\/wp-json\/wp\/v2\/product"}],"about":[{"href":"https:\/\/soydeaqui.ddns.net\/pachuca\/index.php\/wp-json\/wp\/v2\/types\/product"}],"replies":[{"embeddable":true,"href":"https:\/\/soydeaqui.ddns.net\/pachuca\/index.php\/wp-json\/wp\/v2\/comments?post=36744"}],"wp:featuredmedia":[{"embeddable":true,"href":"https:\/\/soydeaqui.ddns.net\/pachuca\/index.php\/wp-json\/wp\/v2\/media\/36743"}],"wp:attachment":[{"href":"https:\/\/soydeaqui.ddns.net\/pachuca\/index.php\/wp-json\/wp\/v2\/media?parent=36744"}],"wp:term":[{"taxonomy":"product_brand","embeddable":true,"href":"https:\/\/soydeaqui.ddns.net\/pachuca\/index.php\/wp-json\/wp\/v2\/product_brand?post=36744"},{"taxonomy":"product_cat","embeddable":true,"href":"https:\/\/soydeaqui.ddns.net\/pachuca\/index.php\/wp-json\/wp\/v2\/product_cat?post=36744"},{"taxonomy":"product_tag","embeddable":true,"href":"https:\/\/soydeaqui.ddns.net\/pachuca\/index.php\/wp-json\/wp\/v2\/product_tag?post=36744"}],"curies":[{"name":"wp","href":"https:\/\/api.w.org\/{rel}","templated":true}]}}