{"id":36729,"date":"2026-03-18T16:13:06","date_gmt":"2026-03-18T16:13:06","guid":{"rendered":"https:\/\/soydeaqui.ddns.net\/pachuca\/index.php\/producto\/alarma-de-monoxido-de-carbono-co-con-bateria-de-10-anos-y-display-digital-de-temperatura-2\/"},"modified":"2026-03-18T16:13:06","modified_gmt":"2026-03-18T16:13:06","slug":"alarma-de-monoxido-de-carbono-co-con-bateria-de-10-anos-y-display-digital-de-temperatura-2","status":"publish","type":"product","link":"https:\/\/soydeaqui.ddns.net\/pachuca\/index.php\/producto\/alarma-de-monoxido-de-carbono-co-con-bateria-de-10-anos-y-display-digital-de-temperatura-2\/","title":{"rendered":"Alarma de mon\u00f3xido de carbono (CO) con bater\u00eda de 10 a\u00f1os y display digital de temperatura"},"content":{"rendered":"<div style='width: 100%; max-width: 1200px; margin: 0 auto; font-family: sans-serif; line-height: 1.6; color: inherit; background-color: transparent;'>\n<div style='display: flex; flex-wrap: wrap; gap: 30px; margin-bottom: 30px;'>\n<div style='flex: 1 1 300px; min-width: 280px;'>\n<h3 style='font-size: 22px; border-bottom: 2px solid currentColor; padding-bottom: 5px; margin-top: 0; color: inherit; opacity: 0.8;'>Descripci\u00f3n<\/h3>\n<p style='font-size: 15px; color: inherit; text-align: justify;'>La alarma de mon\u00f3xido de carbono First Alert CO710 con bater\u00eda de 10 a\u00f1os y pantalla digital de temperatura detecta mon\u00f3xido de carbono peligroso hasta por 10 a\u00f1os. Este detector de mon\u00f3xido de carbono utiliza un sensor electroqu\u00edmico de mon\u00f3xido de carbono. Una bater\u00eda de litio incorporada de 10 a\u00f1os significa que no necesita preocuparse por cambiar las bater\u00edas durante la vida \u00fatil de la alarma. Este elegante monitor de CO est\u00e1 dise\u00f1ado para colocarse sobre una c\u00f3moda o una mesa y tiene una pantalla digital retroiluminada que muestra la temperatura y la concentraci\u00f3n de CO.<\/p>\n<\/p><\/div>\n<\/p><\/div>\n<div style='display: flex; flex-wrap: wrap; gap: 20px; margin-bottom: 30px;'>\n<div style='flex: 1 1 250px; border: 1px solid rgba(150&comma; 150&comma; 150&comma; 0.4); border-radius: 8px; overflow: hidden; display: flex; flex-direction: column;'>\n<div style='padding: 15px; border-bottom: 1px solid rgba(150&comma; 150&comma; 150&comma; 0.2); font-weight: bold; font-size: 18px; color: inherit;'>Caracter\u00edsticas Principales<\/div>\n<div style='padding: 15px; color: inherit;'>\n<ul style='padding-left: 20px; margin: 0; font-size: 14px; list-style-type: disc;'>\n<li style='margin-bottom: 5px;'><strong>Tipo de sensor:<\/strong> Sensor electroqu\u00edmico de mon\u00f3xido de carbono<\/li>\n<li style='margin-bottom: 5px;'><strong>Fuente de alimentaci\u00f3n:<\/strong> Bater\u00eda de litio incorporada de 10 a\u00f1os<\/li>\n<li style='margin-bottom: 5px;'><strong>Detecci\u00f3n:<\/strong> Mon\u00f3xido de carbono peligroso<\/li>\n<li style='margin-bottom: 5px;'><strong>Duraci\u00f3n:<\/strong> Hasta 10 a\u00f1os de detecci\u00f3n continua<\/li>\n<li style='margin-bottom: 5px;'><strong>Indicaci\u00f3n visual:<\/strong> Pantalla digital retroiluminada<\/li>\n<li style='margin-bottom: 5px;'><strong>Indicaciones:<\/strong> Temperatura ambiente y concentraci\u00f3n de CO<\/li>\n<li style='margin-bottom: 5px;'><strong>Instalaci\u00f3n:<\/strong> Dise\u00f1ado para colocarse sobre superficies (c\u00f3moda&comma; mesa)<\/li>\n<\/ul><\/div>\n<\/p><\/div>\n<\/p><\/div>\n<hr style='border: 0; border-top: 1px solid rgba(150&comma; 150&comma; 150&comma; 0.3); margin: 30px 0;'> <\/div>\n","protected":false},"excerpt":{"rendered":"<p>Alarma de mon\u00f3xido de carbono (CO) con bater\u00eda de 10 a\u00f1os y display digital de temperatura<\/p>\n","protected":false},"featured_media":36728,"comment_status":"open","ping_status":"closed","template":"","meta":[],"product_brand":[],"product_cat":[223],"product_tag":[224,66,225],"class_list":{"0":"post-36729","1":"product","2":"type-product","3":"status-publish","4":"has-post-thumbnail","6":"product_cat-todo","7":"product_tag-detectores-autonomos","8":"product_tag-first-alert","9":"product_tag-todo","11":"first","12":"outofstock","13":"sale","14":"shipping-taxable","15":"purchasable","16":"product-type-simple"},"_links":{"self":[{"href":"https:\/\/soydeaqui.ddns.net\/pachuca\/index.php\/wp-json\/wp\/v2\/product\/36729","targetHints":{"allow":["GET"]}}],"collection":[{"href":"https:\/\/soydeaqui.ddns.net\/pachuca\/index.php\/wp-json\/wp\/v2\/product"}],"about":[{"href":"https:\/\/soydeaqui.ddns.net\/pachuca\/index.php\/wp-json\/wp\/v2\/types\/product"}],"replies":[{"embeddable":true,"href":"https:\/\/soydeaqui.ddns.net\/pachuca\/index.php\/wp-json\/wp\/v2\/comments?post=36729"}],"wp:featuredmedia":[{"embeddable":true,"href":"https:\/\/soydeaqui.ddns.net\/pachuca\/index.php\/wp-json\/wp\/v2\/media\/36728"}],"wp:attachment":[{"href":"https:\/\/soydeaqui.ddns.net\/pachuca\/index.php\/wp-json\/wp\/v2\/media?parent=36729"}],"wp:term":[{"taxonomy":"product_brand","embeddable":true,"href":"https:\/\/soydeaqui.ddns.net\/pachuca\/index.php\/wp-json\/wp\/v2\/product_brand?post=36729"},{"taxonomy":"product_cat","embeddable":true,"href":"https:\/\/soydeaqui.ddns.net\/pachuca\/index.php\/wp-json\/wp\/v2\/product_cat?post=36729"},{"taxonomy":"product_tag","embeddable":true,"href":"https:\/\/soydeaqui.ddns.net\/pachuca\/index.php\/wp-json\/wp\/v2\/product_tag?post=36729"}],"curies":[{"name":"wp","href":"https:\/\/api.w.org\/{rel}","templated":true}]}}