{"id":36727,"date":"2026-03-18T16:13:04","date_gmt":"2026-03-18T16:13:04","guid":{"rendered":"https:\/\/soydeaqui.ddns.net\/pachuca\/index.php\/producto\/alarma-de-monoxido-de-carbono-co-interconectada-inalambricamente-con-voz-y-ubicacion-de-la-alerta\/"},"modified":"2026-03-18T16:13:04","modified_gmt":"2026-03-18T16:13:04","slug":"alarma-de-monoxido-de-carbono-co-interconectada-inalambricamente-con-voz-y-ubicacion-de-la-alerta","status":"publish","type":"product","link":"https:\/\/soydeaqui.ddns.net\/pachuca\/index.php\/producto\/alarma-de-monoxido-de-carbono-co-interconectada-inalambricamente-con-voz-y-ubicacion-de-la-alerta\/","title":{"rendered":"Alarma de mon\u00f3xido de carbono (CO) interconectada inal\u00e1mbricamente con voz y ubicaci\u00f3n de la alerta"},"content":{"rendered":"<div style='width: 100%; max-width: 1200px; margin: 0 auto; font-family: sans-serif; line-height: 1.6; color: inherit; background-color: transparent;'>\n<div style='display: flex; flex-wrap: wrap; gap: 30px; margin-bottom: 30px;'>\n<div style='flex: 1 1 300px; min-width: 280px;'>\n<h3 style='font-size: 22px; border-bottom: 2px solid currentColor; padding-bottom: 5px; margin-top: 0; color: inherit; opacity: 0.8;'>Descripci\u00f3n general<\/h3>\n<p style='text-align: justify; font-size: 15px; color: inherit;'>La alarma de mon\u00f3xido de carbono interconectada inal\u00e1mbrica con voz y ubicaci\u00f3n First Alert CO511B detecta niveles elevados de mon\u00f3xido de carbono y puede funcionar con modelos compatibles para crear un sistema de alerta inal\u00e1mbrico en toda su casa. Este detector de CO que funciona con bater\u00eda y habilitado para conexi\u00f3n inal\u00e1mbrica lo alerta mediante alertas de voz que incluyen una alarma fuerte de 85 decibelios. La tecnolog\u00eda inal\u00e1mbrica interconectada permite que otras alarmas inal\u00e1mbricas First Alert compatibles ubicadas en \u00e1reas separadas de su hogar se comuniquen entre s\u00ed&comma; alert\u00e1ndolo de un problema incluso cuando est\u00e1 en otro piso. La alarma de mon\u00f3xido de carbono cuenta con un sensor electroqu\u00edmico.<\/p>\n<\/p><\/div>\n<\/p><\/div>\n<div style='display: flex; flex-wrap: wrap; gap: 20px; margin-bottom: 30px;'>\n<div style='flex: 1 1 250px; border: 1px solid rgba(150&comma; 150&comma; 150&comma; 0.4); border-radius: 8px; overflow: hidden; display: flex; flex-direction: column;'>\n<div style='padding: 15px; border-bottom: 1px solid rgba(150&comma; 150&comma; 150&comma; 0.2); font-weight: bold; font-size: 18px; color: inherit;'>Caracter\u00edsticas t\u00e9cnicas<\/div>\n<div style='padding: 15px; color: inherit;'>\n<ul style='padding-left: 20px; margin: 0; font-size: 14px; list-style-type: disc;'>\n<li style='margin-bottom: 5px;'><strong>Sensor:<\/strong> Electroqu\u00edmico<\/li>\n<li style='margin-bottom: 5px;'><strong>Interconexi\u00f3n:<\/strong> Inal\u00e1mbrica con modelos compatibles<\/li>\n<li style='margin-bottom: 5px;'><strong>Alerta de voz:<\/strong> 85 decibelios<\/li>\n<li style='margin-bottom: 5px;'><strong>Fuente de alimentaci\u00f3n:<\/strong> Bater\u00eda<\/li>\n<li style='margin-bottom: 5px;'><strong>Ubicaci\u00f3n de alertas:<\/strong> Espec\u00edfica por voz<\/li>\n<\/ul><\/div>\n<\/p><\/div>\n<\/p><\/div>\n<hr style='border: 0; border-top: 1px solid rgba(150&comma; 150&comma; 150&comma; 0.3); margin: 30px 0;'> <\/div>\n","protected":false},"excerpt":{"rendered":"<p>Alarma de mon\u00f3xido de carbono (CO) interconectada inal\u00e1mbricamente con voz y ubicaci\u00f3n de la alerta<\/p>\n","protected":false},"featured_media":36726,"comment_status":"open","ping_status":"closed","template":"","meta":[],"product_brand":[],"product_cat":[223],"product_tag":[224,66,225],"class_list":{"0":"post-36727","1":"product","2":"type-product","3":"status-publish","4":"has-post-thumbnail","6":"product_cat-todo","7":"product_tag-detectores-autonomos","8":"product_tag-first-alert","9":"product_tag-todo","11":"first","12":"instock","13":"sale","14":"shipping-taxable","15":"purchasable","16":"product-type-simple"},"_links":{"self":[{"href":"https:\/\/soydeaqui.ddns.net\/pachuca\/index.php\/wp-json\/wp\/v2\/product\/36727","targetHints":{"allow":["GET"]}}],"collection":[{"href":"https:\/\/soydeaqui.ddns.net\/pachuca\/index.php\/wp-json\/wp\/v2\/product"}],"about":[{"href":"https:\/\/soydeaqui.ddns.net\/pachuca\/index.php\/wp-json\/wp\/v2\/types\/product"}],"replies":[{"embeddable":true,"href":"https:\/\/soydeaqui.ddns.net\/pachuca\/index.php\/wp-json\/wp\/v2\/comments?post=36727"}],"wp:featuredmedia":[{"embeddable":true,"href":"https:\/\/soydeaqui.ddns.net\/pachuca\/index.php\/wp-json\/wp\/v2\/media\/36726"}],"wp:attachment":[{"href":"https:\/\/soydeaqui.ddns.net\/pachuca\/index.php\/wp-json\/wp\/v2\/media?parent=36727"}],"wp:term":[{"taxonomy":"product_brand","embeddable":true,"href":"https:\/\/soydeaqui.ddns.net\/pachuca\/index.php\/wp-json\/wp\/v2\/product_brand?post=36727"},{"taxonomy":"product_cat","embeddable":true,"href":"https:\/\/soydeaqui.ddns.net\/pachuca\/index.php\/wp-json\/wp\/v2\/product_cat?post=36727"},{"taxonomy":"product_tag","embeddable":true,"href":"https:\/\/soydeaqui.ddns.net\/pachuca\/index.php\/wp-json\/wp\/v2\/product_tag?post=36727"}],"curies":[{"name":"wp","href":"https:\/\/api.w.org\/{rel}","templated":true}]}}