{"id":36723,"date":"2026-03-18T16:12:57","date_gmt":"2026-03-18T16:12:57","guid":{"rendered":"https:\/\/soydeaqui.ddns.net\/pachuca\/index.php\/producto\/alarma-de-monoxido-de-carbono-co-operada-por-baterias-con-display-digital-2\/"},"modified":"2026-03-18T16:12:58","modified_gmt":"2026-03-18T16:12:58","slug":"alarma-de-monoxido-de-carbono-co-operada-por-baterias-con-display-digital-2","status":"publish","type":"product","link":"https:\/\/soydeaqui.ddns.net\/pachuca\/index.php\/producto\/alarma-de-monoxido-de-carbono-co-operada-por-baterias-con-display-digital-2\/","title":{"rendered":"Alarma de mon\u00f3xido de carbono (CO) operada por bater\u00edas con display digital"},"content":{"rendered":"<div style='width: 100%; max-width: 1200px; margin: 0 auto; font-family: sans-serif; line-height: 1.6; color: inherit; background-color: transparent;'>\n<div style='display: flex; flex-wrap: wrap; gap: 30px; margin-bottom: 30px;'>\n<div style='flex: 1 1 300px; min-width: 280px;'>\n<h3 style='font-size: 22px; border-bottom: 2px solid currentColor; padding-bottom: 5px; margin-top: 0; color: inherit; opacity: 0.8;'>Descripci\u00f3n general<\/h3>\n<p style='font-size: 15px; color: inherit; text-align: justify;'>Reciba alertas sobre fugas peligrosas de mon\u00f3xido de carbono con la alarma de mon\u00f3xido de carbono operada por bater\u00eda First Alert CO410 con pantalla digital retroiluminada. Este detector de mon\u00f3xido de carbono utiliza un sensor electroqu\u00edmico de mon\u00f3xido de carbono. Una pantalla digital retroiluminada f\u00e1cil de leer permite una vista r\u00e1pida de los niveles de CO actuales y m\u00e1ximos. Este detector funciona con dos bater\u00edas AA reemplazables&comma; lo que ofrece tranquilidad incluso durante cortes de energ\u00eda.<\/p>\n<\/p><\/div>\n<\/p><\/div>\n<hr style='border: 0; border-top: 1px solid rgba(150&comma; 150&comma; 150&comma; 0.3); margin: 30px 0;'> <\/div>\n","protected":false},"excerpt":{"rendered":"<p>Alarma de mon\u00f3xido de carbono (CO) operada por bater\u00edas con display digital<\/p>\n","protected":false},"featured_media":36722,"comment_status":"open","ping_status":"closed","template":"","meta":[],"product_brand":[],"product_cat":[223],"product_tag":[224,66,225],"class_list":{"0":"post-36723","1":"product","2":"type-product","3":"status-publish","4":"has-post-thumbnail","6":"product_cat-todo","7":"product_tag-detectores-autonomos","8":"product_tag-first-alert","9":"product_tag-todo","11":"first","12":"outofstock","13":"sale","14":"shipping-taxable","15":"purchasable","16":"product-type-simple"},"_links":{"self":[{"href":"https:\/\/soydeaqui.ddns.net\/pachuca\/index.php\/wp-json\/wp\/v2\/product\/36723","targetHints":{"allow":["GET"]}}],"collection":[{"href":"https:\/\/soydeaqui.ddns.net\/pachuca\/index.php\/wp-json\/wp\/v2\/product"}],"about":[{"href":"https:\/\/soydeaqui.ddns.net\/pachuca\/index.php\/wp-json\/wp\/v2\/types\/product"}],"replies":[{"embeddable":true,"href":"https:\/\/soydeaqui.ddns.net\/pachuca\/index.php\/wp-json\/wp\/v2\/comments?post=36723"}],"wp:featuredmedia":[{"embeddable":true,"href":"https:\/\/soydeaqui.ddns.net\/pachuca\/index.php\/wp-json\/wp\/v2\/media\/36722"}],"wp:attachment":[{"href":"https:\/\/soydeaqui.ddns.net\/pachuca\/index.php\/wp-json\/wp\/v2\/media?parent=36723"}],"wp:term":[{"taxonomy":"product_brand","embeddable":true,"href":"https:\/\/soydeaqui.ddns.net\/pachuca\/index.php\/wp-json\/wp\/v2\/product_brand?post=36723"},{"taxonomy":"product_cat","embeddable":true,"href":"https:\/\/soydeaqui.ddns.net\/pachuca\/index.php\/wp-json\/wp\/v2\/product_cat?post=36723"},{"taxonomy":"product_tag","embeddable":true,"href":"https:\/\/soydeaqui.ddns.net\/pachuca\/index.php\/wp-json\/wp\/v2\/product_tag?post=36723"}],"curies":[{"name":"wp","href":"https:\/\/api.w.org\/{rel}","templated":true}]}}