{"id":36713,"date":"2026-03-18T16:12:44","date_gmt":"2026-03-18T16:12:44","guid":{"rendered":"https:\/\/soydeaqui.ddns.net\/pachuca\/index.php\/producto\/sensor-de-hidrogeno-h2-concentracion-0-1000-ppm-para-transmisor-universal-xnx\/"},"modified":"2026-03-18T16:12:45","modified_gmt":"2026-03-18T16:12:45","slug":"sensor-de-hidrogeno-h2-concentracion-0-1000-ppm-para-transmisor-universal-xnx","status":"publish","type":"product","link":"https:\/\/soydeaqui.ddns.net\/pachuca\/index.php\/producto\/sensor-de-hidrogeno-h2-concentracion-0-1000-ppm-para-transmisor-universal-xnx\/","title":{"rendered":"Sensor De Hidr\u00f3geno (H2), Concentraci\u00f3n 0-1000 ppm, para Transmisor Universal XNX"},"content":{"rendered":"<div style='width: 100%; max-width: 1200px; margin: 0 auto; font-family: sans-serif; line-height: 1.6; color: inherit; background-color: transparent;'> <!-- Secci\u00f3n de descripci\u00f3n --> <\/p>\n<div style='margin-bottom: 30px;'>\n<h3 style='font-size: 22px; border-bottom: 2px solid currentColor; padding-bottom: 5px; margin-top: 0; color: inherit; opacity: 0.8;'>CARTUCHO DE HIDR\u00d3GENO 1000 PPM FIJO<\/h3>\n<div style='font-size: 15px; color: inherit;'>\n<p style='margin: 0 0 15px 0; color: inherit;'>La ventaja del XNX deriva de una plataforma universal de bajo mantenimiento y f\u00e1cil de utilizar que funciona con otros equipos de seguridad en un sistema de bus digital&comma; incluidos los sistemas Searchline Excel&comma; Optima y otros detectores de gas de Honeywell Analytics&comma; los PLC est\u00e1ndar del sector y los controladores de monitorizaci\u00f3n de gases de otras compa\u00f1\u00edas.<\/p>\n<p style='margin: 0 0 15px 0; color: inherit;'>XNX admite detectores de gas infrarrojos&comma; electroqu\u00edmicos y de perla catal\u00edtica&comma; y utiliza un cableado de 4-20 mA est\u00e1ndar y HART: entre sus opciones&comma; se incluyen Modbus&comma; Fieldbus (pendiente) de hasta tres rel\u00e9s y un Adaptador Hart local para las tareas de configuraci\u00f3n y diagn\u00f3stico a trav\u00e9s de dispositivos port\u00e1tiles HART existentes.<\/p>\n<p style='margin: 0 0 15px 0; color: inherit;'>Con m\u00e1s de 200 configuraciones \u00fanicas&comma; XNX satisface los requisitos antideflagrantes y de seguridad intr\u00ednseca de Clase 1\/Clase 2 en el tratamiento de aguas residuales&comma; la industria qu\u00edmica&comma; el sector ascendente\/descendente del petr\u00f3leo y otras industrias.<\/p>\n<p style='margin: 0 0 15px 0; color: inherit;'>La caja est\u00e1 disponible en aluminio o acero inoxidable&comma; con un revestimiento naval. Cinco puertos roscados&comma; disponibles en versiones NPT o m\u00e9tricas&comma; y opciones de montaje de alta resistencia ofrecen un alto nivel de flexibilidad durante la instalaci\u00f3n. Es posible a\u00f1adir de forma manual al transmisor instrumentaci\u00f3n basada en diversas tecnolog\u00edas de detecci\u00f3n o hacerlo de forma remota con los accesorios apropiados.<\/p>\n<\/p><\/div>\n<\/p><\/div>\n<p> <!-- Separador --> <\/p>\n<hr style='border: 0; border-top: 1px solid rgba(150&comma; 150&comma; 150&comma; 0.3); margin: 30px 0;'> <\/div>\n","protected":false},"excerpt":{"rendered":"<p>Sensor De Hidr\u00f3geno (H2), Concentraci\u00f3n 0-1000 ppm, para Transmisor Universal XNX<\/p>\n","protected":false},"featured_media":36712,"comment_status":"open","ping_status":"closed","template":"","meta":[],"product_brand":[],"product_cat":[987],"product_tag":[988,522,1014],"class_list":{"0":"post-36713","1":"product","2":"type-product","3":"status-publish","4":"has-post-thumbnail","6":"product_cat-detectores-de-gases","7":"product_tag-detectores-de-gases","8":"product_tag-dispositivos-convencionales","9":"product_tag-honeywell-analytics","11":"first","12":"outofstock","13":"sale","14":"shipping-taxable","15":"purchasable","16":"product-type-simple"},"_links":{"self":[{"href":"https:\/\/soydeaqui.ddns.net\/pachuca\/index.php\/wp-json\/wp\/v2\/product\/36713","targetHints":{"allow":["GET"]}}],"collection":[{"href":"https:\/\/soydeaqui.ddns.net\/pachuca\/index.php\/wp-json\/wp\/v2\/product"}],"about":[{"href":"https:\/\/soydeaqui.ddns.net\/pachuca\/index.php\/wp-json\/wp\/v2\/types\/product"}],"replies":[{"embeddable":true,"href":"https:\/\/soydeaqui.ddns.net\/pachuca\/index.php\/wp-json\/wp\/v2\/comments?post=36713"}],"wp:featuredmedia":[{"embeddable":true,"href":"https:\/\/soydeaqui.ddns.net\/pachuca\/index.php\/wp-json\/wp\/v2\/media\/36712"}],"wp:attachment":[{"href":"https:\/\/soydeaqui.ddns.net\/pachuca\/index.php\/wp-json\/wp\/v2\/media?parent=36713"}],"wp:term":[{"taxonomy":"product_brand","embeddable":true,"href":"https:\/\/soydeaqui.ddns.net\/pachuca\/index.php\/wp-json\/wp\/v2\/product_brand?post=36713"},{"taxonomy":"product_cat","embeddable":true,"href":"https:\/\/soydeaqui.ddns.net\/pachuca\/index.php\/wp-json\/wp\/v2\/product_cat?post=36713"},{"taxonomy":"product_tag","embeddable":true,"href":"https:\/\/soydeaqui.ddns.net\/pachuca\/index.php\/wp-json\/wp\/v2\/product_tag?post=36713"}],"curies":[{"name":"wp","href":"https:\/\/api.w.org\/{rel}","templated":true}]}}