{"id":36666,"date":"2026-03-18T16:11:46","date_gmt":"2026-03-18T16:11:46","guid":{"rendered":"https:\/\/soydeaqui.ddns.net\/pachuca\/index.php\/producto\/sensor-de-temperatura-y-humedad-con-comunicacion-sylk\/"},"modified":"2026-03-18T16:11:47","modified_gmt":"2026-03-18T16:11:47","slug":"sensor-de-temperatura-y-humedad-con-comunicacion-sylk","status":"publish","type":"product","link":"https:\/\/soydeaqui.ddns.net\/pachuca\/index.php\/producto\/sensor-de-temperatura-y-humedad-con-comunicacion-sylk\/","title":{"rendered":"Sensor de temperatura  y humedad, con comunicacion SYLK."},"content":{"rendered":"<div style='width: 100%; max-width: 1200px; margin: 0 auto; font-family: sans-serif; line-height: 1.6; color: inherit; background-color: transparent;'>\n<div style='display: flex; flex-wrap: wrap; gap: 30px; margin-bottom: 30px;'>\n<div style='flex: 1 1 300px; min-width: 280px;'>\n<h3 style='font-size: 22px; border-bottom: 2px solid currentColor; padding-bottom: 5px; margin-top: 0; color: inherit; opacity: 0.8;'>Caracter\u00edsticas Principales<\/h3>\n<ul style='padding-left: 20px; font-size: 15px; color: inherit;'>\n<li style='margin-bottom: 5px;'>Sensor de temperatura con opci\u00f3n a sensores adicionales de humedad y\/o CO2<\/li>\n<li style='margin-bottom: 5px;'>Comunicaci\u00f3n SYLK con conexi\u00f3n de datos y alimentaci\u00f3n en un solo cable<\/li>\n<li style='margin-bottom: 5px;'>Dise\u00f1ado para operar con controladores Trend IQX<\/li>\n<li style='margin-bottom: 5px;'>Permite operaci\u00f3n en \u00b0C o \u00b0F<\/li>\n<li style='margin-bottom: 5px;'>Base com\u00fan para f\u00e1cil actualizaci\u00f3n entre modelos TR40 y TR42<\/li>\n<li style='margin-bottom: 5px;'>Soporta hasta 7 dispositivos en el bus SYLK<\/li>\n<\/ul><\/div>\n<div style='flex: 1 1 300px; min-width: 280px;'>\n<h3 style='font-size: 22px; border-bottom: 2px solid currentColor; padding-bottom: 5px; margin-top: 0; color: inherit; opacity: 0.8;'>Especificaciones F\u00edsicas<\/h3>\n<ul style='padding-left: 20px; font-size: 15px; color: inherit;'>\n<li style='margin-bottom: 5px;'>Dimensiones: 84 mm (ancho) \u00d7 67.4 mm (alto) \u00d7 21 mm (profundidad)<\/li>\n<li style='margin-bottom: 5px;'>Encapsulado de pl\u00e1stico con placa posterior extra\u00edble<\/li>\n<li style='margin-bottom: 5px;'>Montaje en pared con posibilidad de usar cajas est\u00e1ndar UK&comma; US&comma; danesas o de 60mm<\/li>\n<li style='margin-bottom: 5px;'>Espacio requerido para flujo de aire y acceso al m\u00f3dulo<\/li>\n<li style='margin-bottom: 5px;'>Conexi\u00f3n mediante bornes de tornillo en la placa posterior<\/li>\n<li style='margin-bottom: 5px;'>Cableado con par trenzado sin blindaje&comma; polaridad indistinta<\/li>\n<\/ul><\/div>\n<\/p><\/div>\n<div style='display: flex; flex-wrap: wrap; gap: 20px; margin-bottom: 30px;'>\n<div style='flex: 1 1 250px; border: 1px solid rgba(150&comma; 150&comma; 150&comma; 0.4); border-radius: 8px; overflow: hidden; display: flex; flex-direction: column;'>\n<div style='padding: 15px; border-bottom: 1px solid rgba(150&comma; 150&comma; 150&comma; 0.2); font-weight: bold; font-size: 18px; color: inherit;'>Opciones de Montaje<\/div>\n<div style='padding: 15px; color: inherit;'>\n<ul style='padding-left: 20px; margin: 0; font-size: 14px; list-style-type: disc;'>\n<li style='margin-bottom: 5px;'>Caja est\u00e1ndar UK<\/li>\n<li style='margin-bottom: 5px;'>Caja de utilidad US o danesa<\/li>\n<li style='margin-bottom: 5px;'>Caja de pared de 60 mm<\/li>\n<li style='margin-bottom: 5px;'>Montaje directo en pared<\/li>\n<\/ul><\/div>\n<\/p><\/div>\n<div style='flex: 1 1 250px; border: 1px solid rgba(150&comma; 150&comma; 150&comma; 0.4); border-radius: 8px; overflow: hidden; display: flex; flex-direction: column;'>\n<div style='padding: 15px; border-bottom: 1px solid rgba(150&comma; 150&comma; 150&comma; 0.2); font-weight: bold; font-size: 18px; color: inherit;'>Opciones de Visualizaci\u00f3n<\/div>\n<div style='padding: 15px; color: inherit;'>\n<ul style='padding-left: 20px; margin: 0; font-size: 14px; list-style-type: disc;'>\n<li style='margin-bottom: 5px;'>Temperatura (\u00b0C\/\u00b0F)<\/li>\n<li style='margin-bottom: 5px;'>Humedad (%)<\/li>\n<li style='margin-bottom: 5px;'>CO2 (ppm)<\/li>\n<li style='margin-bottom: 5px;'>Setpoint de temperatura<\/li>\n<li style='margin-bottom: 5px;'>Nombre del dispositivo<\/li>\n<\/ul><\/div>\n<\/p><\/div>\n<div style='flex: 1 1 250px; border: 1px solid rgba(150&comma; 150&comma; 150&comma; 0.4); border-radius: 8px; overflow: hidden; display: flex; flex-direction: column;'>\n<div style='padding: 15px; border-bottom: 1px solid rgba(150&comma; 150&comma; 150&comma; 0.2); font-weight: bold; font-size: 18px; color: inherit;'>Opciones de Control<\/div>\n<div style='padding: 15px; color: inherit;'>\n<ul style='padding-left: 20px; margin: 0; font-size: 14px; list-style-type: disc;'>\n<li style='margin-bottom: 5px;'>Modo de control de fan (2&comma; 3 o 5 estados)<\/li>\n<li style='margin-bottom: 5px;'>Override de ocupaci\u00f3n<\/li>\n<li style='margin-bottom: 5px;'>Ajuste de setpoint (valor absoluto u offset \u00b15\u00b0C\/\u00b19\u00b0F)<\/li>\n<li style='margin-bottom: 5px;'>Modo de visualizaci\u00f3n (num\u00e9rico o gr\u00e1fico)<\/li>\n<\/ul><\/div>\n<\/p><\/div>\n<div style='flex: 1 1 250px; border: 1px solid rgba(150&comma; 150&comma; 150&comma; 0.4); border-radius: 8px; overflow: hidden; display: flex; flex-direction: column;'>\n<div style='padding: 15px; border-bottom: 1px solid rgba(150&comma; 150&comma; 150&comma; 0.2); font-weight: bold; font-size: 18px; color: inherit;'>Configuraci\u00f3n<\/div>\n<div style='padding: 15px; color: inherit;'>\n<ul style='padding-left: 20px; margin: 0; font-size: 14px; list-style-type: disc;'>\n<li style='margin-bottom: 5px;'>Nombre del dispositivo (hasta 20 caracteres)<\/li>\n<li style='margin-bottom: 5px;'>Idioma (Ingl\u00e9s o Internacional con iconos)<\/li>\n<li style='margin-bottom: 5px;'>Unidad de temperatura (\u00b0C o \u00b0F)<\/li>\n<li style='margin-bottom: 5px;'>Protecci\u00f3n con contrase\u00f1a (4 d\u00edgitos)<\/li>\n<\/ul><\/div>\n<\/p><\/div>\n<\/p><\/div>\n<div style='display: flex; flex-wrap: wrap; gap: 30px; margin-bottom: 30px;'>\n<div style='flex: 1 1 300px; min-width: 280px;'>\n<h3 style='font-size: 22px; border-bottom: 2px solid currentColor; padding-bottom: 5px; margin-top: 0; color: inherit; opacity: 0.8;'>Direcci\u00f3n del Dispositivo<\/h3>\n<p style='font-size: 15px; color: inherit;'>El dispositivo se identifica mediante un interruptor DIP de 4 posiciones accesible desde la parte trasera del m\u00f3dulo principal. La direcci\u00f3n debe ser \u00fanica en el bus SYLK (rango 1-15). El controlador siempre es la direcci\u00f3n 0.<\/p>\n<\/p><\/div>\n<div style='flex: 1 1 300px; min-width: 280px;'>\n<h3 style='font-size: 22px; border-bottom: 2px solid currentColor; padding-bottom: 5px; margin-top: 0; color: inherit; opacity: 0.8;'>Consumo de Potencia<\/h3>\n<p style='font-size: 15px; color: inherit;'>El n\u00famero de dispositivos conectados al bus SYLK est\u00e1 limitado por el consumo total de corriente. Para el TR40H (TR40-C-D1 y TR40-HC-D1) el consumo es del 18.2% de la corriente m\u00e1xima disponible (50mA) lo que permite hasta 5 dispositivos en el bus.<\/p>\n<\/p><\/div>\n<\/p><\/div>\n<hr style='border: 0; border-top: 1px solid rgba(150&comma; 150&comma; 150&comma; 0.3); margin: 30px 0;'>\n<div style='display: flex; flex-wrap: wrap; gap: 30px; margin-bottom: 30px;'>\n<div style='flex: 1 1 300px; min-width: 280px;'>\n<h3 style='font-size: 22px; border-bottom: 2px solid currentColor; padding-bottom: 5px; margin-top: 0; color: inherit; opacity: 0.8;'>Modos de Visualizaci\u00f3n<\/h3>\n<ul style='padding-left: 20px; font-size: 15px; color: inherit;'>\n<li style='margin-bottom: 5px;'>Pantalla principal configurable: temperatura&comma; humedad&comma; CO2&comma; setpoint&comma; nombre del dispositivo&comma; pantalla en blanco<\/li>\n<li style='margin-bottom: 5px;'>Pantalla de desplazamiento autom\u00e1tico por m\u00faltiples valores<\/li>\n<li style='margin-bottom: 5px;'>Visualizaci\u00f3n de estado del ventilador y ocupaci\u00f3n<\/li>\n<li style='margin-bottom: 5px;'>Fondo iluminado que se activa al presionar botones<\/li>\n<\/ul><\/div>\n<div style='flex: 1 1 300px; min-width: 280px;'>\n<h3 style='font-size: 22px; border-bottom: 2px solid currentColor; padding-bottom: 5px; margin-top: 0; color: inherit; opacity: 0.8;'>Funciones de Control<\/h3>\n<ul style='padding-left: 20px; font-size: 15px; color: inherit;'>\n<li style='margin-bottom: 5px;'>Botones de funci\u00f3n para control de ventilador y ocupaci\u00f3n<\/li>\n<li style='margin-bottom: 5px;'>Ajuste de setpoint mediante botones de flecha<\/li>\n<li style='margin-bottom: 5px;'>Modo de edici\u00f3n con confirmaci\u00f3n (DONE) o cancelaci\u00f3n (CANCEL)<\/li>\n<li style='margin-bottom: 5px;'>Override de ocupaci\u00f3n con temporizador configurable<\/li>\n<\/ul><\/div>\n<\/p><\/div>\n<div style='display: flex; flex-wrap: wrap; gap: 30px; margin-bottom: 30px;'>\n<div style='flex: 1 1 300px; min-width: 280px;'>\n<h3 style='font-size: 22px; border-bottom: 2px solid currentColor; padding-bottom: 5px; margin-top: 0; color: inherit; opacity: 0.8;'>Comunicaci\u00f3n<\/h3>\n<p style='font-size: 15px; color: inherit;'>El TR40H se conecta al controlador a trav\u00e9s del bus SYLK&comma; que proporciona tanto la alimentaci\u00f3n como la comunicaci\u00f3n de datos. Hasta 14 dispositivos pueden conectarse al bus SYLK&comma; aunque el n\u00famero pr\u00e1ctico depender\u00e1 de la demanda de potencia de cada dispositivo.<\/p>\n<ul style='padding-left: 20px; font-size: 15px; color: inherit;'>\n<li style='margin-bottom: 5px;'>Topolog\u00eda: daisy-chain o estrella<\/li>\n<li style='margin-bottom: 5px;'>Cableado: par trenzado sin blindaje<\/li>\n<li style='margin-bottom: 5px;'>Polaridad indistinta<\/li>\n<\/ul><\/div>\n<div style='flex: 1 1 300px; min-width: 280px;'>\n<h3 style='font-size: 22px; border-bottom: 2px solid currentColor; padding-bottom: 5px; margin-top: 0; color: inherit; opacity: 0.8;'>Memoria y Firmware<\/h3>\n<p style='font-size: 15px; color: inherit;'>La configuraci\u00f3n del dispositivo se almacena en memoria no vol\u00e1til. El firmware controla la funcionalidad b\u00e1sica y permite la personalizaci\u00f3n de par\u00e1metros a trav\u00e9s de los objetos Sylk Device y Sylk Params en la estaci\u00f3n del controlador conectado.<\/p>\n<ul style='padding-left: 20px; font-size: 15px; color: inherit;'>\n<li style='margin-bottom: 5px;'>Configuraci\u00f3n a trav\u00e9s de IQVISION (manual TE201447)<\/li>\n<li style='margin-bottom: 5px;'>Par\u00e1metros configurables: nombre&comma; idioma&comma; unidades&comma; protecci\u00f3n con contrase\u00f1a<\/li>\n<\/ul><\/div>\n<\/p><\/div>\n<div style='display: flex; flex-wrap: wrap; gap: 30px; margin-bottom: 30px;'>\n<div style='flex: 1 1 300px; min-width: 280px;'>\n<h3 style='font-size: 22px; border-bottom: 2px solid currentColor; padding-bottom: 5px; margin-top: 0; color: inherit; opacity: 0.8;'>Modos de Control de Fan<\/h3>\n<ul style='padding-left: 20px; font-size: 15px; color: inherit;'>\n<li style='margin-bottom: 5px;'><strong>Modo 2 estados:<\/strong> AUTO&comma; ON<\/li>\n<li style='margin-bottom: 5px;'><strong>Modo 3 estados:<\/strong> AUTO&comma; ON&comma; OFF<\/li>\n<li style='margin-bottom: 5px;'><strong>Modo 5 estados:<\/strong> AUTO&comma; LOW&comma; MEDIUM&comma; HIGH&comma; OFF<\/li>\n<\/ul><\/div>\n<div style='flex: 1 1 300px; min-width: 280px;'>\n<h3 style='font-size: 22px; border-bottom: 2px solid currentColor; padding-bottom: 5px; margin-top: 0; color: inherit; opacity: 0.8;'>Override de Ocupaci\u00f3n<\/h3>\n<p style='font-size: 15px; color: inherit;'>El override de ocupaci\u00f3n puede configurarse para cancelarse autom\u00e1ticamente despu\u00e9s de un tiempo preestablecido (1-24 horas) o mediante bypass de red (1-9999 minutos). Tambi\u00e9n puede cancelarse manualmente en cualquier momento.<\/p>\n<ul style='padding-left: 20px; font-size: 15px; color: inherit;'>\n<li style='margin-bottom: 5px;'>Opci\u00f3n de cancelaci\u00f3n manual<\/li>\n<li style='margin-bottom: 5px;'>Visualizaci\u00f3n del estado de ocupaci\u00f3n en pantalla<\/li>\n<\/ul><\/div>\n<\/p><\/div>\n<hr style='border: 0; border-top: 1px solid rgba(150&comma; 150&comma; 150&comma; 0.3); margin: 30px 0;'>\n<div style='display: flex; flex-wrap: wrap; gap: 30px; margin-bottom: 30px;'>\n<div style='flex: 1 1 300px; min-width: 280px;'>\n<h3 style='font-size: 22px; border-bottom: 2px solid currentColor; padding-bottom: 5px; margin-top: 0; color: inherit; opacity: 0.8;'>Botones de Funci\u00f3n<\/h3>\n<ul style='padding-left: 20px; font-size: 15px; color: inherit;'>\n<li style='margin-bottom: 5px;'><strong>FAN:<\/strong> Selecciona el modo de control del ventilador<\/li>\n<li style='margin-bottom: 5px;'><strong>OVERRIDE:<\/strong> Override del estado de ocupaci\u00f3n<\/li>\n<li style='margin-bottom: 5px;'><strong>MORE:<\/strong> Acceso al men\u00fa adicional<\/li>\n<li style='margin-bottom: 5px;'><strong>HOME:<\/strong> Regreso a la pantalla principal<\/li>\n<li style='margin-bottom: 5px;'><strong>EDIT:<\/strong> Modo edici\u00f3n de par\u00e1metros<\/li>\n<li style='margin-bottom: 5px;'><strong>DONE:<\/strong> Confirma cambios y sale del modo edici\u00f3n<\/li>\n<li style='margin-bottom: 5px;'><strong>CANCEL:<\/strong> Cancela cambios y sale del modo edici\u00f3n<\/li>\n<\/ul><\/div>\n<div style='flex: 1 1 300px; min-width: 280px;'>\n<h3 style='font-size: 22px; border-bottom: 2px solid currentColor; padding-bottom: 5px; margin-top: 0; color: inherit; opacity: 0.8;'>Men\u00fa MORE<\/h3>\n<p style='font-size: 15px; color: inherit;'>El men\u00fa MORE permite acceder a informaci\u00f3n adicional y configuraciones:<\/p>\n<ul style='padding-left: 20px; font-size: 15px; color: inherit;'>\n<li style='margin-bottom: 5px;'>Temperatura actual<\/li>\n<li style='margin-bottom: 5px;'>Humedad actual<\/li>\n<li style='margin-bottom: 5px;'>Concentraci\u00f3n de CO2<\/li>\n<li style='margin-bottom: 5px;'>Unidades de temperatura<\/li>\n<li style='margin-bottom: 5px;'>Idioma del dispositivo<\/li>\n<li style='margin-bottom: 5px;'>Nombre del dispositivo<\/li>\n<\/ul><\/div>\n<\/p><\/div>\n<\/p><\/div>\n","protected":false},"excerpt":{"rendered":"<p>Sensor de temperatura  y humedad, con comunicacion SYLK.<\/p>\n","protected":false},"featured_media":36665,"comment_status":"open","ping_status":"closed","template":"","meta":[],"product_brand":[],"product_cat":[1034],"product_tag":[1035,1036,1037],"class_list":{"0":"post-36666","1":"product","2":"type-product","3":"status-publish","4":"has-post-thumbnail","6":"product_cat-bms-bas","7":"product_tag-bms","8":"product_tag-bms-bas","9":"product_tag-honeywell-bms","11":"first","12":"outofstock","13":"sale","14":"shipping-taxable","15":"purchasable","16":"product-type-simple"},"_links":{"self":[{"href":"https:\/\/soydeaqui.ddns.net\/pachuca\/index.php\/wp-json\/wp\/v2\/product\/36666","targetHints":{"allow":["GET"]}}],"collection":[{"href":"https:\/\/soydeaqui.ddns.net\/pachuca\/index.php\/wp-json\/wp\/v2\/product"}],"about":[{"href":"https:\/\/soydeaqui.ddns.net\/pachuca\/index.php\/wp-json\/wp\/v2\/types\/product"}],"replies":[{"embeddable":true,"href":"https:\/\/soydeaqui.ddns.net\/pachuca\/index.php\/wp-json\/wp\/v2\/comments?post=36666"}],"wp:featuredmedia":[{"embeddable":true,"href":"https:\/\/soydeaqui.ddns.net\/pachuca\/index.php\/wp-json\/wp\/v2\/media\/36665"}],"wp:attachment":[{"href":"https:\/\/soydeaqui.ddns.net\/pachuca\/index.php\/wp-json\/wp\/v2\/media?parent=36666"}],"wp:term":[{"taxonomy":"product_brand","embeddable":true,"href":"https:\/\/soydeaqui.ddns.net\/pachuca\/index.php\/wp-json\/wp\/v2\/product_brand?post=36666"},{"taxonomy":"product_cat","embeddable":true,"href":"https:\/\/soydeaqui.ddns.net\/pachuca\/index.php\/wp-json\/wp\/v2\/product_cat?post=36666"},{"taxonomy":"product_tag","embeddable":true,"href":"https:\/\/soydeaqui.ddns.net\/pachuca\/index.php\/wp-json\/wp\/v2\/product_tag?post=36666"}],"curies":[{"name":"wp","href":"https:\/\/api.w.org\/{rel}","templated":true}]}}