{"id":36655,"date":"2026-03-18T16:11:29","date_gmt":"2026-03-18T16:11:29","guid":{"rendered":"https:\/\/soydeaqui.ddns.net\/pachuca\/index.php\/producto\/detector-combo-de-humo-co-autonomo-no-requiere-panel-diseno-ultra-delgado-no-requiere-cableado\/"},"modified":"2026-03-18T16:11:42","modified_gmt":"2026-03-18T16:11:42","slug":"detector-combo-de-humo-co-autonomo-no-requiere-panel-diseno-ultra-delgado-no-requiere-cableado","status":"publish","type":"product","link":"https:\/\/soydeaqui.ddns.net\/pachuca\/index.php\/producto\/detector-combo-de-humo-co-autonomo-no-requiere-panel-diseno-ultra-delgado-no-requiere-cableado\/","title":{"rendered":"Detector Combo de Humo\/CO, Aut\u00f3nomo, No Requiere Panel, Dise\u00f1o Ultra Delgado, No Requiere Cableado"},"content":{"rendered":"<div style='width: 100%; max-width: 1200px; margin: 0 auto; font-family: sans-serif; line-height: 1.6; color: inherit; background-color: transparent;'>\n<div style='display: flex; flex-wrap: wrap; gap: 30px; margin-bottom: 30px;'>\n<div style='flex: 1 1 300px; min-width: 280px;'>\n<h3 style='font-size: 22px; border-bottom: 2px solid currentColor; padding-bottom: 5px; margin-top: 0; color: inherit; opacity: 0.8;'>Descripci\u00f3n General<\/h3>\n<ul style='padding-left: 20px; font-size: 15px; color: inherit;'>\n<li style='margin-bottom: 5px;'>Detector Combo de Humo\/CO&comma; Aut\u00f3nomo&comma; No Requiere Panel&comma; Dise\u00f1o Ultra Delgado&comma; No Requiere Cableado<\/li>\n<\/ul><\/div>\n<\/p><\/div>\n<div style='display: flex; flex-wrap: wrap; gap: 30px; margin-bottom: 30px;'>\n<div style='flex: 1 1 300px; min-width: 280px;'>\n<h3 style='font-size: 22px; border-bottom: 2px solid currentColor; padding-bottom: 5px; margin-top: 0; color: inherit; opacity: 0.8;'>Caracter\u00edsticas Destacadas<\/h3>\n<ul style='padding-left: 20px; font-size: 15px; color: inherit;'>\n<li style='margin-bottom: 5px;'><strong>Alarma fotoel\u00e9ctrica combinada de mon\u00f3xido de carbono y humo de bajo perfil<\/strong><\/li>\n<li style='margin-bottom: 5px;'>El detector de humo y mon\u00f3xido de carbono First Alert PRC700 tiene un perfil delgado&comma; dise\u00f1ado para integrarse mejor en la pared y fuera de la vista.<\/li>\n<li style='margin-bottom: 5px;'>Ofrece la misma funcionalidad que espera de First Alert con un nuevo dise\u00f1o que ocupa menos espacio.<\/li>\n<li style='margin-bottom: 5px;'>El detector de mon\u00f3xido de carbono y humo que funciona con pilas le avisa de posibles humos o mon\u00f3xido de carbono y se puede instalar en cualquier lugar&comma; sin necesidad de cables.<\/li>\n<\/ul><\/div>\n<div style='flex: 1 1 300px; min-width: 280px;'>\n<h3 style='font-size: 22px; border-bottom: 2px solid currentColor; padding-bottom: 5px; margin-top: 0; color: inherit; opacity: 0.8;'>Dise\u00f1o Moderno<\/h3>\n<ul style='padding-left: 20px; font-size: 15px; color: inherit;'>\n<li style='margin-bottom: 5px;'><strong>El perfil delgado es ideal para una decoraci\u00f3n moderna<\/strong><\/li>\n<li style='margin-bottom: 5px;'>El detector de humo fotoel\u00e9ctrico y de mon\u00f3xido de carbono combinado de First Alert tiene la mitad del grosor de los dispositivos de detecci\u00f3n tradicionales.<\/li>\n<li style='margin-bottom: 5px;'>Ofrece una detecci\u00f3n confiable de humo y mon\u00f3xido de carbono.<\/li>\n<li style='margin-bottom: 5px;'>El dise\u00f1o delgado combina m\u00e1s f\u00e1cilmente con paredes y techos.<\/li>\n<li style='margin-bottom: 5px;'>El elegante disco blanco minimiza las luces y botones habituales de los detectores regulares para una apariencia m\u00e1s limpia.<\/li>\n<\/ul><\/div>\n<\/p><\/div>\n<div style='display: flex; flex-wrap: wrap; gap: 30px; margin-bottom: 30px;'>\n<div style='flex: 1 1 300px; min-width: 280px;'>\n<h3 style='font-size: 22px; border-bottom: 2px solid currentColor; padding-bottom: 5px; margin-top: 0; color: inherit; opacity: 0.8;'>Detecci\u00f3n Integral<\/h3>\n<ul style='padding-left: 20px; font-size: 15px; color: inherit;'>\n<li style='margin-bottom: 5px;'><strong>Detecci\u00f3n integral para su hogar u oficina<\/strong><\/li>\n<li style='margin-bottom: 5px;'>Un sensor fotoel\u00e9ctrico detecta el humo de fuegos lentos&comma; al mismo tiempo que reduce la cantidad de falsas alarmas.<\/li>\n<li style='margin-bottom: 5px;'>El sensor electroqu\u00edmico avanzado detecta fugas de mon\u00f3xido de carbono de m\u00faltiples fuentes.<\/li>\n<li style='margin-bottom: 5px;'>La combinaci\u00f3n de detectores de humo y CO proporciona monitoreo para ambas condiciones en un dispositivo optimizado.<\/li>\n<\/ul><\/div>\n<div style='flex: 1 1 300px; min-width: 280px;'>\n<h3 style='font-size: 22px; border-bottom: 2px solid currentColor; padding-bottom: 5px; margin-top: 0; color: inherit; opacity: 0.8;'>Funcionamiento con Bater\u00eda<\/h3>\n<ul style='padding-left: 20px; font-size: 15px; color: inherit;'>\n<li style='margin-bottom: 5px;'><strong>El funcionamiento con bater\u00eda elimina los cables<\/strong><\/li>\n<li style='margin-bottom: 5px;'>La alarma combinada de mon\u00f3xido de carbono y humo fotoel\u00e9ctrico funciona con dos bater\u00edas AA.<\/li>\n<li style='margin-bottom: 5px;'>Elimina la necesidad de cables o instalaci\u00f3n por parte de un electricista.<\/li>\n<li style='margin-bottom: 5px;'>Se puede montar en cualquier lugar&comma; en techos y paredes.<\/li>\n<li style='margin-bottom: 5px;'>En caso de un corte de energ\u00eda&comma; la alarma puede seguir funcionando.<\/li>\n<\/ul><\/div>\n<\/p><\/div>\n<div style='display: flex; flex-wrap: wrap; gap: 20px; margin-bottom: 30px;'>\n<div style='flex: 1 1 250px; border: 1px solid rgba(150&comma; 150&comma; 150&comma; 0.4); border-radius: 8px; overflow: hidden; display: flex; flex-direction: column;'>\n<div style='padding: 15px; border-bottom: 1px solid rgba(150&comma; 150&comma; 150&comma; 0.2); font-weight: bold; font-size: 18px; color: inherit;'>Especificaciones T\u00e9cnicas<\/div>\n<div style='padding: 15px; color: inherit;'>\n<ul style='padding-left: 20px; margin: 0; font-size: 14px; list-style-type: disc;'>\n<li style='margin-bottom: 5px;'><strong>Fuente de alimentaci\u00f3n:<\/strong> con pilas<\/li>\n<li style='margin-bottom: 5px;'><strong>Tipo de bater\u00eda:<\/strong> dos AA<\/li>\n<li style='margin-bottom: 5px;'><strong>Sensor:<\/strong> fotoel\u00e9ctrico y electroqu\u00edmico<\/li>\n<li style='margin-bottom: 5px;'><strong>Tecnolog\u00eda Optipath 360\u00b0:<\/strong> proporciona 360\u00b0 de acceso directo al sensor de humo<\/li>\n<li style='margin-bottom: 5px;'><strong>Tecnolog\u00eda de detecci\u00f3n inteligente:<\/strong> ayuda a reducir las alarmas molestas<\/li>\n<li style='margin-bottom: 5px;'><strong>Salida de ruido:<\/strong> 85 dB en un patr\u00f3n T3<\/li>\n<li style='margin-bottom: 5px;'><strong>Bot\u00f3n \u00fanico:<\/strong> una pulsaci\u00f3n para silenciar y probar la alarma<\/li>\n<li style='margin-bottom: 5px;'><strong>Dise\u00f1o de perfil bajo:<\/strong> la mitad de grueso que una alarma est\u00e1ndar<\/li>\n<li style='margin-bottom: 5px;'><strong>Montaje perfecto:<\/strong> el soporte de montaje mantiene la alarma segura en un amplio rango de rotaci\u00f3n<\/li>\n<li style='margin-bottom: 5px;'><strong>Resistente a manipulaciones:<\/strong> incluye pasadores de bloqueo<\/li>\n<li style='margin-bottom: 5px;'><strong>Funci\u00f3n de bloqueo opcional:<\/strong> asegura la alarma al soporte de montaje<\/li>\n<li style='margin-bottom: 5px;'><strong>Normas:<\/strong> UL 217 y UL 2034<\/li>\n<li style='margin-bottom: 5px;'><strong>Garant\u00eda:<\/strong> 7 a\u00f1os limitada<\/li>\n<li style='margin-bottom: 5px;'><strong>Dimensiones:<\/strong> 5&comma;67 x 1 x 5&comma;67 pulg.<\/li>\n<li style='margin-bottom: 5px;'><strong>Peso:<\/strong> 0&comma;55 libras.<\/li>\n<\/ul><\/div>\n<\/p><\/div>\n<\/p><\/div>\n<div style='display: flex; flex-wrap: wrap; gap: 20px; margin-bottom: 30px;'>\n<div style='flex: 1 1 100%; text-align: center;'>\n<div style='position: relative; padding-bottom: 56.25%; height: 0; overflow: hidden; margin-bottom: 30px;'>   <\/div>\n<\/p><\/div>\n<div style='flex: 1 1 100%; text-align: center;'>\n<div style='position: relative; padding-bottom: 56.25%; height: 0; overflow: hidden; margin-bottom: 30px;'>   <\/div>\n<\/p><\/div>\n<\/p><\/div>\n<\/p><\/div>\n","protected":false},"excerpt":{"rendered":"<p>Detector Combo de Humo\/CO, Aut\u00f3nomo, No Requiere Panel, Dise\u00f1o Ultra Delgado, No Requiere Cableado<\/p>\n","protected":false},"featured_media":36654,"comment_status":"open","ping_status":"closed","template":"","meta":[],"product_brand":[],"product_cat":[223],"product_tag":[224,66,225],"class_list":{"0":"post-36655","1":"product","2":"type-product","3":"status-publish","4":"has-post-thumbnail","6":"product_cat-todo","7":"product_tag-detectores-autonomos","8":"product_tag-first-alert","9":"product_tag-todo","11":"first","12":"outofstock","13":"sale","14":"shipping-taxable","15":"purchasable","16":"product-type-simple"},"_links":{"self":[{"href":"https:\/\/soydeaqui.ddns.net\/pachuca\/index.php\/wp-json\/wp\/v2\/product\/36655","targetHints":{"allow":["GET"]}}],"collection":[{"href":"https:\/\/soydeaqui.ddns.net\/pachuca\/index.php\/wp-json\/wp\/v2\/product"}],"about":[{"href":"https:\/\/soydeaqui.ddns.net\/pachuca\/index.php\/wp-json\/wp\/v2\/types\/product"}],"replies":[{"embeddable":true,"href":"https:\/\/soydeaqui.ddns.net\/pachuca\/index.php\/wp-json\/wp\/v2\/comments?post=36655"}],"wp:featuredmedia":[{"embeddable":true,"href":"https:\/\/soydeaqui.ddns.net\/pachuca\/index.php\/wp-json\/wp\/v2\/media\/36654"}],"wp:attachment":[{"href":"https:\/\/soydeaqui.ddns.net\/pachuca\/index.php\/wp-json\/wp\/v2\/media?parent=36655"}],"wp:term":[{"taxonomy":"product_brand","embeddable":true,"href":"https:\/\/soydeaqui.ddns.net\/pachuca\/index.php\/wp-json\/wp\/v2\/product_brand?post=36655"},{"taxonomy":"product_cat","embeddable":true,"href":"https:\/\/soydeaqui.ddns.net\/pachuca\/index.php\/wp-json\/wp\/v2\/product_cat?post=36655"},{"taxonomy":"product_tag","embeddable":true,"href":"https:\/\/soydeaqui.ddns.net\/pachuca\/index.php\/wp-json\/wp\/v2\/product_tag?post=36655"}],"curies":[{"name":"wp","href":"https:\/\/api.w.org\/{rel}","templated":true}]}}