{"id":36645,"date":"2026-03-18T16:11:13","date_gmt":"2026-03-18T16:11:13","guid":{"rendered":"https:\/\/soydeaqui.ddns.net\/pachuca\/index.php\/producto\/detector-combo-de-humo-co-autonomo-bateria-sellada-de-litio-de-10-anos-no-requiere-panel-diseno-ultra-delgado-no-requiere-cableado-2\/"},"modified":"2026-03-18T16:11:26","modified_gmt":"2026-03-18T16:11:26","slug":"detector-combo-de-humo-co-autonomo-bateria-sellada-de-litio-de-10-anos-no-requiere-panel-diseno-ultra-delgado-no-requiere-cableado-2","status":"publish","type":"product","link":"https:\/\/soydeaqui.ddns.net\/pachuca\/index.php\/producto\/detector-combo-de-humo-co-autonomo-bateria-sellada-de-litio-de-10-anos-no-requiere-panel-diseno-ultra-delgado-no-requiere-cableado-2\/","title":{"rendered":"Detector Combo de Humo\/CO, Aut\u00f3nomo, Bater\u00eda Sellada de Litio de 10 a\u00f1os, No Requiere Panel, Dise\u00f1o Ultra Delgado, No Requiere Cableado"},"content":{"rendered":"<div style='width: 100%; max-width: 1200px; margin: 0 auto; font-family: sans-serif; line-height: 1.6; color: inherit; background-color: transparent;'>\n<div style='display: flex; flex-wrap: wrap; gap: 30px; margin-bottom: 30px;'>\n<div style='flex: 1 1 300px; min-width: 280px;'>\n<h3 style='font-size: 22px; border-bottom: 2px solid currentColor; padding-bottom: 5px; margin-top: 0; color: inherit; opacity: 0.8;'>Descripci\u00f3n<\/h3>\n<p style='font-size: 15px; color: inherit; margin-bottom: 15px;'>La alarma fotoel\u00e9ctrica delgada de humo y mon\u00f3xido de carbono First Alert PRC710 con bater\u00eda de 10 a\u00f1os ayuda a proteger su hogar de dos amenazas potencialmente mortales al proporcionar hasta una d\u00e9cada de monitoreo ininterrumpido. Equipada con sensores dobles&comma; esta alarma de bajo perfil detecta el humo de fuegos lentos y ardientes. La mitad del grosor de una alarma est\u00e1ndar&comma; este detector tiene un dise\u00f1o delgado y contempor\u00e1neo que se monta discretamente en una pared o techo. Una bater\u00eda de iones de litio de 10 a\u00f1os incorporada proporciona energ\u00eda continua&comma; sin necesidad de preocuparse por cambiar la bater\u00eda durante la vida \u00fatil de la alarma.<\/p>\n<\/p><\/div>\n<\/p><\/div>\n<div style='display: flex; flex-wrap: wrap; gap: 30px; margin-bottom: 30px;'>\n<div style='flex: 1 1 300px; min-width: 280px;'>\n<h3 style='font-size: 22px; border-bottom: 2px solid currentColor; padding-bottom: 5px; margin-top: 0; color: inherit; opacity: 0.8;'>Sensor fotoel\u00e9ctrico<\/h3>\n<p style='font-size: 15px; color: inherit; margin-bottom: 15px;'>La alarma First Alert PRC710 viene equipada con un sensor fotoel\u00e9ctrico para brindar la advertencia de incendio m\u00e1s temprana posible. El sensor est\u00e1 optimizado para detectar part\u00edculas de humo m\u00e1s grandes producidas por incendios sin llama&comma; como los causados por cigarrillos sin apagar. Tambi\u00e9n distingue entre amenazas reales y humo\/vapor producido durante la ducha&comma; la cocina y otras actividades cotidianas&comma; lo que ayuda a minimizar la cantidad de falsas alarmas. Un sistema de entrada de humo patentado ayuda a garantizar una detecci\u00f3n confiable al proporcionar una v\u00eda de aire directa al sensor.<\/p>\n<\/p><\/div>\n<div style='flex: 1 1 300px; min-width: 280px;'>\n<h3 style='font-size: 22px; border-bottom: 2px solid currentColor; padding-bottom: 5px; margin-top: 0; color: inherit; opacity: 0.8;'>Sensor de mon\u00f3xido de carbono<\/h3>\n<p style='font-size: 15px; color: inherit; margin-bottom: 15px;'>La alarma tambi\u00e9n cuenta con un sensor electroqu\u00edmico avanzado que detecta fugas de mon\u00f3xido de carbono de una variedad de fuentes&comma; como electrodom\u00e9sticos defectuosos&comma; chimeneas bloqueadas y autos en marcha en el garaje. El mon\u00f3xido de carbono no se puede ver&comma; oler ni saborear en el aire&comma; y es la causa principal de muertes accidentales por envenenamiento en los Estados Unidos. Al colocar detectores de mon\u00f3xido de carbono en cada piso de la casa y en cada dormitorio&comma; puede ayudar a proteger a su familia del peligro del mon\u00f3xido de carbono.<\/p>\n<\/p><\/div>\n<\/p><\/div>\n<div style='display: flex; flex-wrap: wrap; gap: 30px; margin-bottom: 30px;'>\n<div style='flex: 1 1 300px; min-width: 280px;'>\n<h3 style='font-size: 22px; border-bottom: 2px solid currentColor; padding-bottom: 5px; margin-top: 0; color: inherit; opacity: 0.8;'>Caracter\u00edsticas<\/h3>\n<ul style='padding-left: 20px; font-size: 15px; color: inherit; list-style-type: disc;'>\n<li style='margin-bottom: 5px;'><strong>Bater\u00eda incorporada de 10 a\u00f1os<\/strong>: La alarma fotoel\u00e9ctrica de humo y mon\u00f3xido de carbono de 10 a\u00f1os First Alert PRC710 cuenta con una bater\u00eda de litio integrada de 10 a\u00f1os que proporciona energ\u00eda continua durante la vida \u00fatil del detector. Un temporizador de fin de vida le permite saber cu\u00e1ndo se debe reemplazar el dispositivo.<\/li>\n<li style='margin-bottom: 5px;'><strong>Dise\u00f1o elegante y de perfil bajo<\/strong>: La mitad del grosor de una alarma est\u00e1ndar&comma; la alarma fotoel\u00e9ctrica de humo y mon\u00f3xido de carbono First Alert PRC710 incluye caracter\u00edsticas de detecci\u00f3n premium en una unidad elegante y compacta. El dise\u00f1o ultrafino presenta un acabado blanco que combina a la perfecci\u00f3n con la mayor\u00eda de la decoraci\u00f3n del hogar.<\/li>\n<li style='margin-bottom: 5px;'><strong>Instalaci\u00f3n sencilla<\/strong>: Este detector de humo y mon\u00f3xido de carbono alimentado por bater\u00eda no requiere cableado ni electricista para instalarlo. Simplemente m\u00f3ntelo en una pared o techo usando el vers\u00e1til soporte de montaje con bloqueo giratorio. Una se\u00f1al de fin de vida \u00fatil le notificar\u00e1 cuando el detector est\u00e9 a punto de caducar.<\/li>\n<li style='margin-bottom: 5px;'><strong>Alerta audible<\/strong>: Cuando se detecta una amenaza&comma; la alarma de humo y mon\u00f3xido de carbono hace sonar una fuerte sirena de 85 decibeles que est\u00e1 dise\u00f1ada para despertar incluso a los que duermen m\u00e1s profundamente. Un solo bot\u00f3n le permite silenciar las alarmas y probar si el dispositivo est\u00e1 funcionando.<\/li>\n<\/ul><\/div>\n<\/p><\/div>\n<div style='display: flex; flex-wrap: wrap; gap: 20px; margin-bottom: 30px;'>\n<div style='flex: 1 1 250px; border: 1px solid rgba(150&comma; 150&comma; 150&comma; 0.4); border-radius: 8px; overflow: hidden; display: flex; flex-direction: column;'>\n<div style='padding: 15px; border-bottom: 1px solid rgba(150&comma; 150&comma; 150&comma; 0.2); font-weight: bold; font-size: 18px; color: inherit;'>Especificaciones<\/div>\n<div style='padding: 15px; color: inherit;'>\n<ul style='padding-left: 20px; margin: 0; font-size: 14px; list-style-type: disc;'>\n<li style='margin-bottom: 5px;'><strong>Fuente de alimentaci\u00f3n:<\/strong> con pilas<\/li>\n<li style='margin-bottom: 5px;'><strong>Tipo de bater\u00eda:<\/strong> litio sellada de 10 a\u00f1os<\/li>\n<li style='margin-bottom: 5px;'><strong>Sensor:<\/strong> fotoel\u00e9ctrico y electroqu\u00edmico<\/li>\n<li style='margin-bottom: 5px;'><strong>Tecnolog\u00eda Optipath 360\u00b0:<\/strong> la tecnolog\u00eda patentada proporciona 360\u00b0 de acceso directo al sensor de humo<\/li>\n<li style='margin-bottom: 5px;'><strong>Tecnolog\u00eda de detecci\u00f3n inteligente:<\/strong> ayuda a reducir las alarmas molestas<\/li>\n<li style='margin-bottom: 5px;'><strong>Salida de ruido:<\/strong> 85 dB en un patr\u00f3n T3<\/li>\n<li style='margin-bottom: 5px;'><strong>Bot\u00f3n \u00fanico:<\/strong> una pulsaci\u00f3n para silenciar y probar la alarma<\/li>\n<li style='margin-bottom: 5px;'><strong>Dise\u00f1o de perfil:<\/strong> la mitad de grueso que una alarma est\u00e1ndar<\/li>\n<li style='margin-bottom: 5px;'><strong>Montaje perfecto:<\/strong> el soporte de montaje mantiene la alarma segura en un amplio rango de rotaci\u00f3n para permitir una alineaci\u00f3n perfecta<\/li>\n<li style='margin-bottom: 5px;'><strong>Resistente a manipulaciones:<\/strong> incluye pasadores de bloqueo<\/li>\n<li style='margin-bottom: 5px;'><strong>Funci\u00f3n de bloqueo opcional:<\/strong> asegura la alarma al soporte de montaje<\/li>\n<li style='margin-bottom: 5px;'><strong>Normas:<\/strong> UL 217 y UL 2034<\/li>\n<\/ul><\/div>\n<\/p><\/div>\n<div style='flex: 1 1 250px; border: 1px solid rgba(150&comma; 150&comma; 150&comma; 0.4); border-radius: 8px; overflow: hidden; display: flex; flex-direction: column;'>\n<div style='padding: 15px; border-bottom: 1px solid rgba(150&comma; 150&comma; 150&comma; 0.2); font-weight: bold; font-size: 18px; color: inherit;'>Caracter\u00edsticas adicionales<\/div>\n<div style='padding: 15px; color: inherit;'>\n<ul style='padding-left: 20px; margin: 0; font-size: 14px; list-style-type: disc;'>\n<li style='margin-bottom: 5px;'><strong>Cumplimiento:<\/strong> Cumple con los requisitos de alarma de humo de 10 a\u00f1os de California&comma; Nueva York y Nueva Jersey<\/li>\n<li style='margin-bottom: 5px;'><strong>Garant\u00eda:<\/strong> 10 a\u00f1os limitada<\/li>\n<li style='margin-bottom: 5px;'><strong>Dimensiones:<\/strong> 5&comma;67 x 1&comma;13 x 5&comma;67 pulgadas<\/li>\n<li style='margin-bottom: 5px;'><strong>Peso:<\/strong> 0&comma;73 libras<\/li>\n<\/ul><\/div>\n<\/p><\/div>\n<\/p><\/div>\n<\/div>\n","protected":false},"excerpt":{"rendered":"<p>Detector Combo de Humo\/CO, Aut\u00f3nomo, Bater\u00eda Sellada de Litio de 10 a\u00f1os, No Requiere Panel, Dise\u00f1o Ultra Delgado, No Requiere Cableado<\/p>\n","protected":false},"featured_media":36644,"comment_status":"open","ping_status":"closed","template":"","meta":[],"product_brand":[],"product_cat":[223],"product_tag":[224,66,225],"class_list":{"0":"post-36645","1":"product","2":"type-product","3":"status-publish","4":"has-post-thumbnail","6":"product_cat-todo","7":"product_tag-detectores-autonomos","8":"product_tag-first-alert","9":"product_tag-todo","11":"first","12":"outofstock","13":"sale","14":"shipping-taxable","15":"purchasable","16":"product-type-simple"},"_links":{"self":[{"href":"https:\/\/soydeaqui.ddns.net\/pachuca\/index.php\/wp-json\/wp\/v2\/product\/36645","targetHints":{"allow":["GET"]}}],"collection":[{"href":"https:\/\/soydeaqui.ddns.net\/pachuca\/index.php\/wp-json\/wp\/v2\/product"}],"about":[{"href":"https:\/\/soydeaqui.ddns.net\/pachuca\/index.php\/wp-json\/wp\/v2\/types\/product"}],"replies":[{"embeddable":true,"href":"https:\/\/soydeaqui.ddns.net\/pachuca\/index.php\/wp-json\/wp\/v2\/comments?post=36645"}],"wp:featuredmedia":[{"embeddable":true,"href":"https:\/\/soydeaqui.ddns.net\/pachuca\/index.php\/wp-json\/wp\/v2\/media\/36644"}],"wp:attachment":[{"href":"https:\/\/soydeaqui.ddns.net\/pachuca\/index.php\/wp-json\/wp\/v2\/media?parent=36645"}],"wp:term":[{"taxonomy":"product_brand","embeddable":true,"href":"https:\/\/soydeaqui.ddns.net\/pachuca\/index.php\/wp-json\/wp\/v2\/product_brand?post=36645"},{"taxonomy":"product_cat","embeddable":true,"href":"https:\/\/soydeaqui.ddns.net\/pachuca\/index.php\/wp-json\/wp\/v2\/product_cat?post=36645"},{"taxonomy":"product_tag","embeddable":true,"href":"https:\/\/soydeaqui.ddns.net\/pachuca\/index.php\/wp-json\/wp\/v2\/product_tag?post=36645"}],"curies":[{"name":"wp","href":"https:\/\/api.w.org\/{rel}","templated":true}]}}