{"id":36639,"date":"2026-03-18T16:11:05","date_gmt":"2026-03-18T16:11:05","guid":{"rendered":"https:\/\/soydeaqui.ddns.net\/pachuca\/index.php\/producto\/kit-de-calibracion-para-detectores-de-gas-macurco-modelos-cd-6g-cd-6b-cd-6h-cd-6mc\/"},"modified":"2026-03-18T16:11:07","modified_gmt":"2026-03-18T16:11:07","slug":"kit-de-calibracion-para-detectores-de-gas-macurco-modelos-cd-6g-cd-6b-cd-6h-cd-6mc","status":"publish","type":"product","link":"https:\/\/soydeaqui.ddns.net\/pachuca\/index.php\/producto\/kit-de-calibracion-para-detectores-de-gas-macurco-modelos-cd-6g-cd-6b-cd-6h-cd-6mc\/","title":{"rendered":"Kit de Calibraci\u00f3n Para Detectores de Gas Macurco Modelos CD-6G, CD-6B, CD-6H, CD-6MC\ufeff"},"content":{"rendered":"<div style='width: 100%; max-width: 1200px; margin: 0 auto; font-family: sans-serif; line-height: 1.6; color: inherit; background-color: transparent;'> <!-- Descripci\u00f3n principal --> <\/p>\n<div style='margin-bottom: 30px;'>\n<p style='font-size: 15px; margin: 0 0 15px 0; color: inherit;'>La familia de detectores de las series Macurco 6 y 12 requiere pruebas y calibraci\u00f3n de rutina. Cada detector tiene un kit de prueba\/calibraci\u00f3n correspondiente para probar y calibrar los detectores en el campo.<\/p>\n<p style='font-size: 15px; margin: 0; color: inherit;'>Los sensores pueden desviarse con el tiempo&comma; por lo que se recomienda tener un plan de mantenimiento para garantizar que los detectores respondan al gas apropiadamente. Una calibraci\u00f3n de gas es el proceso de exponer un sensor a un gas objetivo a una concentraci\u00f3n espec\u00edfica y luego ajustar el detector de gas para leer esa concentraci\u00f3n correctamente. Macurco recomienda probar y calibrar al menos una vez al a\u00f1o como m\u00ednimo&comma; pero dependiendo de la aplicaci\u00f3n y el potencial de riesgo de la aplicaci\u00f3n&comma; ser\u00e1 necesaria calibrarlo con m\u00e1s frecuencia. Consulte con las autoridades locales para conocer las reglamentaciones locales espec\u00edficas.<\/p>\n<\/p><\/div>\n<p> <!-- Secci\u00f3n de contenido con flex\/grid --> <\/p>\n<div style='display: flex; flex-wrap: wrap; gap: 30px; margin-bottom: 30px;'>\n<div style='flex: 1 1 300px; min-width: 280px;'>\n<h3 style='font-size: 22px; border-bottom: 2px solid currentColor; padding-bottom: 5px; margin-top: 0; color: inherit; opacity: 0.8;'>Contenido del kit<\/h3>\n<ul style='padding-left: 20px; font-size: 15px; color: inherit;'>\n<li style='margin-bottom: 5px;'>1 estuche<\/li>\n<li style='margin-bottom: 5px;'>2 pies de tubing de material Tygon<\/li>\n<li style='margin-bottom: 5px;'>1 adaptador de calibraci\u00f3n<\/li>\n<li style='margin-bottom: 5px;'>1 regulador<\/li>\n<li style='margin-bottom: 5px;'>El adaptador de calibraci\u00f3n y el regulador depender\u00e1n del tipo de kit adquirido<\/li>\n<li style='margin-bottom: 5px;'>Los kits de calibraci\u00f3n NO incluyen los cilindros de gas de calibraci\u00f3n (estos deben adquirirse por separado)<\/li>\n<\/ul><\/div>\n<div style='flex: 1 1 300px; min-width: 280px;'>\n<h3 style='font-size: 22px; border-bottom: 2px solid currentColor; padding-bottom: 5px; margin-top: 0; color: inherit; opacity: 0.8;'>Modelos compatibles<\/h3>\n<p style='font-size: 15px; margin: 0; color: inherit;'>CD-6G&comma; CD-6B&comma; CD-6H&comma; CD-6MC<\/p>\n<\/p><\/div>\n<\/p><\/div>\n<p> <!-- Separador --> <\/p>\n<hr style='border: 0; border-top: 1px solid rgba(150&comma; 150&comma; 150&comma; 0.3); margin: 30px 0;'> <!-- Secci\u00f3n de videos --> <\/p>\n<div style='display: flex; flex-wrap: wrap; gap: 30px; justify-content: center;'>\n<div style='width: 100%; max-width: 560px;'>\n<div style='position: relative; padding-bottom: 56.25%; height: 0; overflow: hidden; margin-bottom: 30px;'>   <\/div>\n<\/p><\/div>\n<div style='width: 100%; max-width: 560px;'>\n<div style='position: relative; padding-bottom: 56.25%; height: 0; overflow: hidden; margin-bottom: 30px;'>   <\/div>\n<\/p><\/div>\n<\/p><\/div>\n<\/p><\/div>\n","protected":false},"excerpt":{"rendered":"<p>Kit de Calibraci\u00f3n Para Detectores de Gas Macurco Modelos CD-6G, CD-6B, CD-6H, CD-6MC\ufeff<\/p>\n","protected":false},"featured_media":36638,"comment_status":"open","ping_status":"closed","template":"","meta":[],"product_brand":[],"product_cat":[987],"product_tag":[988,522,989],"class_list":{"0":"post-36639","1":"product","2":"type-product","3":"status-publish","4":"has-post-thumbnail","6":"product_cat-detectores-de-gases","7":"product_tag-detectores-de-gases","8":"product_tag-dispositivos-convencionales","9":"product_tag-macurco-aerionics","11":"first","12":"outofstock","13":"sale","14":"shipping-taxable","15":"purchasable","16":"product-type-simple"},"_links":{"self":[{"href":"https:\/\/soydeaqui.ddns.net\/pachuca\/index.php\/wp-json\/wp\/v2\/product\/36639","targetHints":{"allow":["GET"]}}],"collection":[{"href":"https:\/\/soydeaqui.ddns.net\/pachuca\/index.php\/wp-json\/wp\/v2\/product"}],"about":[{"href":"https:\/\/soydeaqui.ddns.net\/pachuca\/index.php\/wp-json\/wp\/v2\/types\/product"}],"replies":[{"embeddable":true,"href":"https:\/\/soydeaqui.ddns.net\/pachuca\/index.php\/wp-json\/wp\/v2\/comments?post=36639"}],"wp:featuredmedia":[{"embeddable":true,"href":"https:\/\/soydeaqui.ddns.net\/pachuca\/index.php\/wp-json\/wp\/v2\/media\/36638"}],"wp:attachment":[{"href":"https:\/\/soydeaqui.ddns.net\/pachuca\/index.php\/wp-json\/wp\/v2\/media?parent=36639"}],"wp:term":[{"taxonomy":"product_brand","embeddable":true,"href":"https:\/\/soydeaqui.ddns.net\/pachuca\/index.php\/wp-json\/wp\/v2\/product_brand?post=36639"},{"taxonomy":"product_cat","embeddable":true,"href":"https:\/\/soydeaqui.ddns.net\/pachuca\/index.php\/wp-json\/wp\/v2\/product_cat?post=36639"},{"taxonomy":"product_tag","embeddable":true,"href":"https:\/\/soydeaqui.ddns.net\/pachuca\/index.php\/wp-json\/wp\/v2\/product_tag?post=36639"}],"curies":[{"name":"wp","href":"https:\/\/api.w.org\/{rel}","templated":true}]}}