{"id":36626,"date":"2026-03-18T16:10:45","date_gmt":"2026-03-18T16:10:45","guid":{"rendered":"https:\/\/soydeaqui.ddns.net\/pachuca\/index.php\/producto\/receptor-de-voz-de-4-canales-para-dispositivos-inalambricos-de-sti\/"},"modified":"2026-03-18T16:10:49","modified_gmt":"2026-03-18T16:10:49","slug":"receptor-de-voz-de-4-canales-para-dispositivos-inalambricos-de-sti","status":"publish","type":"product","link":"https:\/\/soydeaqui.ddns.net\/pachuca\/index.php\/producto\/receptor-de-voz-de-4-canales-para-dispositivos-inalambricos-de-sti\/","title":{"rendered":"Receptor De Voz De 4 Canales Para Dispositivos Inal\u00e1mbricos De STI"},"content":{"rendered":"<div style='width: 100%; max-width: 1200px; margin: 0 auto; font-family: sans-serif; line-height: 1.6; color: inherit; background-color: transparent;'>\n<div style='display: flex; flex-wrap: wrap; gap: 30px; margin-bottom: 30px;'>\n<div style='flex: 1 1 300px; min-width: 280px;'>\n<h3 style='font-size: 22px; border-bottom: 2px solid currentColor; padding-bottom: 5px; margin-top: 0; color: inherit; opacity: 0.8;'>Caracter\u00edsticas<\/h3>\n<ul style='padding-left: 20px; font-size: 15px; color: inherit;'>\n<li style='margin-bottom: 5px;'>Suena tonos seleccionables o mensajes de voz<\/li>\n<li style='margin-bottom: 5px;'>Supervise 4 dispositivos en 1 ubicaci\u00f3n<\/li>\n<li style='margin-bottom: 5px;'>Ofrece 10 tonos\/melod\u00edas&comma; 53 palabras (ingl\u00e9s o espa\u00f1ol)<\/li>\n<li style='margin-bottom: 5px;'><strong>Hasta 1000\u2032 (300m)<\/strong> en l\u00ednea de visi\u00f3n&comma; 433 MHz<\/li>\n<li style='margin-bottom: 5px;'>Supervisado por bater\u00eda baja y conexi\u00f3n<\/li>\n<li style='margin-bottom: 5px;'>Instrucciones de voz para una programaci\u00f3n sencilla<\/li>\n<li style='margin-bottom: 5px;'>Puede montarse en la pared o sobre la mesa<\/li>\n<li style='margin-bottom: 5px;'>Incluye fuente de alimentaci\u00f3n de 12 voltios.<\/li>\n<li style='margin-bottom: 5px;'>Se puede usar con todas los dispositivos inal\u00e1mbricas de STI<\/li>\n<li style='margin-bottom: 5px;'>Cumple con <strong>CE&comma; FCC e IC<\/strong><\/li>\n<\/ul><\/div>\n<\/p><\/div>\n<div style='display: flex; flex-wrap: wrap; gap: 30px; margin-bottom: 30px; justify-content: center;'>\n<div style='flex: 1 1 560px; min-width: 300px; max-width: 800px;'>\n<div style='position: relative; padding-bottom: 56.25%; height: 0; overflow: hidden; margin-bottom: 30px;'>   <\/div>\n<\/p><\/div>\n<\/p><\/div>\n<div style='display: flex; flex-wrap: wrap; gap: 30px; margin-bottom: 30px; justify-content: center;'>\n<div style='flex: 1 1 650px; min-width: 300px;'> <img style='width: 100%; height: auto; border: 1px solid rgba(150&comma;150&comma;150&comma;0.3); border-radius: 8px;' src='https:\/\/www.sti-global.com\/_next\/image?url=https%3A%2F%2Fcdn.sanity.io%2Fimages%2F4ikv42xc%2Fproduction%2F70c2ef15b4aea93480b8a953b265ddd91fd17e68-600x600.jpg%3Fw%3D650%26h%3D650%26auto%3Dformat&#038;w=1080&#038;q=75' alt=''> <\/div>\n<div style='flex: 1 1 600px; min-width: 300px;'> <img style='width: 100%; height: auto; border: 1px solid rgba(150&comma;150&comma;150&comma;0.3); border-radius: 8px;' src='https:\/\/www.sti-global.com\/_next\/image?url=https%3A%2F%2Fcdn.sanity.io%2Fimages%2F4ikv42xc%2Fproduction%2F44940cd1a46620384a5d0b1adcf118c9afe050fd-600x600.png%3Fauto%3Dformat&#038;w=1080&#038;q=75' alt=''> <\/div>\n<\/p><\/div>\n<\/p><\/div>\n","protected":false},"excerpt":{"rendered":"<p>Receptor De Voz De 4 Canales Para Dispositivos Inal\u00e1mbricos De STI<\/p>\n","protected":false},"featured_media":36625,"comment_status":"open","ping_status":"closed","template":"","meta":[],"product_brand":[],"product_cat":[146],"product_tag":[93,147,169],"class_list":{"0":"post-36626","1":"product","2":"type-product","3":"status-publish","4":"has-post-thumbnail","6":"product_cat-sirenas-y-estrobos","7":"product_tag-accesorios","8":"product_tag-sirenas-y-estrobos","9":"product_tag-sti","11":"first","12":"outofstock","13":"sale","14":"shipping-taxable","15":"purchasable","16":"product-type-simple"},"_links":{"self":[{"href":"https:\/\/soydeaqui.ddns.net\/pachuca\/index.php\/wp-json\/wp\/v2\/product\/36626","targetHints":{"allow":["GET"]}}],"collection":[{"href":"https:\/\/soydeaqui.ddns.net\/pachuca\/index.php\/wp-json\/wp\/v2\/product"}],"about":[{"href":"https:\/\/soydeaqui.ddns.net\/pachuca\/index.php\/wp-json\/wp\/v2\/types\/product"}],"replies":[{"embeddable":true,"href":"https:\/\/soydeaqui.ddns.net\/pachuca\/index.php\/wp-json\/wp\/v2\/comments?post=36626"}],"wp:featuredmedia":[{"embeddable":true,"href":"https:\/\/soydeaqui.ddns.net\/pachuca\/index.php\/wp-json\/wp\/v2\/media\/36625"}],"wp:attachment":[{"href":"https:\/\/soydeaqui.ddns.net\/pachuca\/index.php\/wp-json\/wp\/v2\/media?parent=36626"}],"wp:term":[{"taxonomy":"product_brand","embeddable":true,"href":"https:\/\/soydeaqui.ddns.net\/pachuca\/index.php\/wp-json\/wp\/v2\/product_brand?post=36626"},{"taxonomy":"product_cat","embeddable":true,"href":"https:\/\/soydeaqui.ddns.net\/pachuca\/index.php\/wp-json\/wp\/v2\/product_cat?post=36626"},{"taxonomy":"product_tag","embeddable":true,"href":"https:\/\/soydeaqui.ddns.net\/pachuca\/index.php\/wp-json\/wp\/v2\/product_tag?post=36626"}],"curies":[{"name":"wp","href":"https:\/\/api.w.org\/{rel}","templated":true}]}}