{"id":36620,"date":"2026-03-18T16:10:39","date_gmt":"2026-03-18T16:10:39","guid":{"rendered":"https:\/\/soydeaqui.ddns.net\/pachuca\/index.php\/producto\/alarma-de-puerta-multifuncion-exit-stopper-para-una-puerta-con-bocina-remota\/"},"modified":"2026-03-18T16:10:40","modified_gmt":"2026-03-18T16:10:40","slug":"alarma-de-puerta-multifuncion-exit-stopper-para-una-puerta-con-bocina-remota","status":"publish","type":"product","link":"https:\/\/soydeaqui.ddns.net\/pachuca\/index.php\/producto\/alarma-de-puerta-multifuncion-exit-stopper-para-una-puerta-con-bocina-remota\/","title":{"rendered":"Alarma de puerta multifunci\u00f3n Exit Stopper\u00ae para una puerta con bocina remota"},"content":{"rendered":"<div style='width: 100%; max-width: 1200px; margin: 0 auto; font-family: sans-serif; line-height: 1.6; color: inherit; background-color: transparent;'>\n<div style='display: flex; flex-wrap: wrap; gap: 30px; margin-bottom: 30px;'>\n<div style='flex: 1 1 300px; min-width: 280px;'>\n<h3 style='font-size: 22px; border-bottom: 2px solid currentColor; padding-bottom: 5px; margin-top: 0; color: inherit; opacity: 0.8;'>Descripci\u00f3n<\/h3>\n<p style='font-size: 15px; margin-bottom: 15px; color: inherit;'>Alarma de puerta de emergencia altamente eficaz que disuade y alerta del uso no autorizado de puertas protegidas<\/p>\n<p style='font-size: 15px; margin-bottom: 15px; color: inherit;'>El Exit Stopper altamente efectivo puede servir como una alarma de puerta econ\u00f3mica y ayudar a detener el robo al alertar sobre salidas o entradas no autorizadas a trav\u00e9s de puertas de salida de emergencia.<\/p>\n<p style='font-size: 15px; margin-bottom: 15px; color: inherit;'>La alarma de la puerta de salida de emergencia tambi\u00e9n puede servir como dispositivo de seguridad econ\u00f3mico y ayudar a prevenir robos. Si se abre la puerta protegida&comma; el Exit Stopper electr\u00f3nico emite una potente sirena de aviso de 95\/105 dB.<\/p>\n<\/p><\/div>\n<\/p><\/div>\n<div style='display: flex; flex-wrap: wrap; gap: 20px; margin-bottom: 30px;'>\n<div style='flex: 1 1 250px; border: 1px solid rgba(150&comma; 150&comma; 150&comma; 0.4); border-radius: 8px; overflow: hidden; display: flex; flex-direction: column;'>\n<div style='padding: 15px; border-bottom: 1px solid rgba(150&comma; 150&comma; 150&comma; 0.2); font-weight: bold; font-size: 18px; color: inherit;'>Caracter\u00edsticas de Alarma STI-6403<\/div>\n<div style='padding: 15px; color: inherit;'>\n<ul style='padding-left: 20px; margin: 0; font-size: 14px; list-style-type: disc;'>\n<li style='margin-bottom: 5px;'>Alarma de puerta multifunci\u00f3n Exit Stopper\u00ae para una puerta con bocina remota<\/li>\n<\/ul><\/div>\n<\/p><\/div>\n<div style='flex: 1 1 250px; border: 1px solid rgba(150&comma; 150&comma; 150&comma; 0.4); border-radius: 8px; overflow: hidden; display: flex; flex-direction: column;'>\n<div style='padding: 15px; border-bottom: 1px solid rgba(150&comma; 150&comma; 150&comma; 0.2); font-weight: bold; font-size: 18px; color: inherit;'>Caracter\u00edsticas Generales De Alarmas<\/div>\n<div style='padding: 15px; color: inherit;'>\n<ul style='padding-left: 20px; margin: 0; font-size: 14px; list-style-type: disc;'>\n<li style='margin-bottom: 5px;'>La &#8216;se\u00f1al de alto&#8217; altamente visible act\u00faa como elemento disuasorio.<\/li>\n<li style='margin-bottom: 5px;'>Advertencia visual y audible.<\/li>\n<li style='margin-bottom: 5px;'>La etiqueta incluida permite advertir en dos idiomas.<\/li>\n<li style='margin-bottom: 5px;'>Carcasa de policarbonato super resistente.<\/li>\n<li style='margin-bottom: 5px;'>Se puede montar en cualquier marco de puerta.<\/li>\n<li style='margin-bottom: 5px;'>Solo uso en interiores.<\/li>\n<li style='margin-bottom: 5px;'>Unidad aut\u00f3noma a 9V o alimentaci\u00f3n de 12-24 Vcd.<\/li>\n<li style='margin-bottom: 5px;'>Mucho m\u00e1s f\u00e1cil de instalar y menos costoso que las unidades pesadas de tipo barra horizontal&comma; y muy pr\u00e1ctico para todas las puertas de emergencia.<\/li>\n<li style='margin-bottom: 5px;'>Bocina de advertencia de 95\/105 dB.<\/li>\n<li style='margin-bottom: 5px;'>Se puede programar para sonar en 30 seg&comma; 3 min o indefinidamente (hasta desactivar con la llave o agotar la bater\u00eda)<\/li>\n<li style='margin-bottom: 5px;'>Se puede programar con un retraso de 30 s o de inmediato.<\/li>\n<li style='margin-bottom: 5px;'>En modo anunciador anuncia la entrada\/salida de la puerta con 2 pitidos repetidos 5 veces.<\/li>\n<li style='margin-bottom: 5px;'>Disponible en color rojo o verde solamente.<\/li>\n<li style='margin-bottom: 5px;'>Garant\u00eda de 3 a\u00f1os contra rotura del policarbonato en uso normal (1 a\u00f1o en componentes electromec\u00e1nicos y electr\u00f3nicos).<\/li>\n<li style='margin-bottom: 5px;'>Alarma multifunci\u00f3n&comma; ayuda a prevenir salidas\/entradas no autorizadas.<\/li>\n<li style='margin-bottom: 5px;'>Pita y parpadea cuando se activa.<\/li>\n<li style='margin-bottom: 5px;'>Agrega advertencia en un segundo idioma con las etiquetas proporcionadas (21 idiomas).<\/li>\n<li style='margin-bottom: 5px;'>Alarma de 95 o 105 dB cuando est\u00e1 activado.<\/li>\n<li style='margin-bottom: 5px;'>Funciona con bater\u00eda alcalina de 9V (incluida).<\/li>\n<li style='margin-bottom: 5px;'>Establezca la duraci\u00f3n de la alarma para sonar durante 30 segundos&comma; 3 minutos o indefinidamente.<\/li>\n<li style='margin-bottom: 5px;'>Instalaci\u00f3n sumamente sencilla.<\/li>\n<li style='margin-bottom: 5px;'>Advertencia de bater\u00eda baja. (bater\u00eda alcalina de 9V incluida).<\/li>\n<li style='margin-bottom: 5px;'>Se puede usar como anunciador<\/li>\n<li style='margin-bottom: 5px;'>Puede montarse en la parte superior&comma; derecha&comma; izquierda o junto a casi cualquier puerta.<\/li>\n<li style='margin-bottom: 5px;'>No debe exponerse al agua&comma; no para uso en exteriores.<\/li>\n<li style='margin-bottom: 5px;'>Aprobado por CE&comma; cumple con FCC e IC.<\/li>\n<li style='margin-bottom: 5px;'>Dimensiones: 137 mm (5.375 in) x 137 mm (5.375 in) x 51 mm (2 in).<\/li>\n<\/ul><\/div>\n<\/p><\/div>\n<\/p><\/div>\n<div style='margin-bottom: 30px;'>\n<div style='position: relative; padding-bottom: 56.25%; height: 0; overflow: hidden; margin-bottom: 30px;'>   <\/div>\n<div style='position: relative; padding-bottom: 56.25%; height: 0; overflow: hidden; margin-bottom: 30px;'>   <\/div>\n<div style='position: relative; padding-bottom: 56.25%; height: 0; overflow: hidden; margin-bottom: 30px;'>   <\/div>\n<div style='position: relative; padding-bottom: 56.25%; height: 0; overflow: hidden; margin-bottom: 30px;'>   <\/div>\n<div style='position: relative; padding-bottom: 56.25%; height: 0; overflow: hidden; margin-bottom: 30px;'>   <\/div>\n<\/p><\/div>\n<hr style='border: 0; border-top: 1px solid rgba(150&comma; 150&comma; 150&comma; 0.3); margin: 30px 0;'> <\/div>\n","protected":false},"excerpt":{"rendered":"<p>Alarma de puerta multifunci\u00f3n Exit Stopper\u00ae para una puerta con bocina remota<\/p>\n","protected":false},"featured_media":36619,"comment_status":"open","ping_status":"closed","template":"","meta":[],"product_brand":[],"product_cat":[1026],"product_tag":[96,169,62],"class_list":{"0":"post-36620","1":"product","2":"type-product","3":"status-publish","4":"has-post-thumbnail","6":"product_cat-todos-senalamientos-deteccion-de-fuego","7":"product_tag-senalamientos","8":"product_tag-sti","9":"product_tag-todos","11":"first","12":"instock","13":"sale","14":"shipping-taxable","15":"purchasable","16":"product-type-simple"},"_links":{"self":[{"href":"https:\/\/soydeaqui.ddns.net\/pachuca\/index.php\/wp-json\/wp\/v2\/product\/36620","targetHints":{"allow":["GET"]}}],"collection":[{"href":"https:\/\/soydeaqui.ddns.net\/pachuca\/index.php\/wp-json\/wp\/v2\/product"}],"about":[{"href":"https:\/\/soydeaqui.ddns.net\/pachuca\/index.php\/wp-json\/wp\/v2\/types\/product"}],"replies":[{"embeddable":true,"href":"https:\/\/soydeaqui.ddns.net\/pachuca\/index.php\/wp-json\/wp\/v2\/comments?post=36620"}],"wp:featuredmedia":[{"embeddable":true,"href":"https:\/\/soydeaqui.ddns.net\/pachuca\/index.php\/wp-json\/wp\/v2\/media\/36619"}],"wp:attachment":[{"href":"https:\/\/soydeaqui.ddns.net\/pachuca\/index.php\/wp-json\/wp\/v2\/media?parent=36620"}],"wp:term":[{"taxonomy":"product_brand","embeddable":true,"href":"https:\/\/soydeaqui.ddns.net\/pachuca\/index.php\/wp-json\/wp\/v2\/product_brand?post=36620"},{"taxonomy":"product_cat","embeddable":true,"href":"https:\/\/soydeaqui.ddns.net\/pachuca\/index.php\/wp-json\/wp\/v2\/product_cat?post=36620"},{"taxonomy":"product_tag","embeddable":true,"href":"https:\/\/soydeaqui.ddns.net\/pachuca\/index.php\/wp-json\/wp\/v2\/product_tag?post=36620"}],"curies":[{"name":"wp","href":"https:\/\/api.w.org\/{rel}","templated":true}]}}