{"id":36616,"date":"2026-03-18T16:10:35","date_gmt":"2026-03-18T16:10:35","guid":{"rendered":"https:\/\/soydeaqui.ddns.net\/pachuca\/index.php\/producto\/interruptor-de-lengueta-roja-para-sti-6400-exit-stopper\/"},"modified":"2026-03-18T16:10:35","modified_gmt":"2026-03-18T16:10:35","slug":"interruptor-de-lengueta-roja-para-sti-6400-exit-stopper","status":"publish","type":"product","link":"https:\/\/soydeaqui.ddns.net\/pachuca\/index.php\/producto\/interruptor-de-lengueta-roja-para-sti-6400-exit-stopper\/","title":{"rendered":"Interruptor de leng\u00fceta roja para STI-6400 Exit Stopper\u00ae"},"content":{"rendered":"<div style='width: 100%; max-width: 1200px; margin: 0 auto; font-family: sans-serif; line-height: 1.6; color: inherit; background-color: transparent;'> <!-- Secci\u00f3n de caracter\u00edsticas principales --> <\/p>\n<div style='display: flex; flex-wrap: wrap; gap: 30px; margin-bottom: 30px;'>\n<div style='flex: 1 1 300px; min-width: 280px;'>\n<h3 style='font-size: 22px; border-bottom: 2px solid currentColor; padding-bottom: 5px; margin-top: 0; color: inherit; opacity: 0.8;'>Caracter\u00edsticas principales<\/h3>\n<ul style='padding-left: 20px; font-size: 15px; color: inherit;'>\n<li style='margin-bottom: 5px;'>Interruptor de l\u00e1minas rojo con cable de 72&#8242;<\/li>\n<li style='margin-bottom: 5px;'>Incluye im\u00e1n para precisi\u00f3n mejorada<\/li>\n<li style='margin-bottom: 5px;'>Espaciadores para instalaci\u00f3n flexible<\/li>\n<li style='margin-bottom: 5px;'>Compatibilidad con STI-6400 Exit Stopper<\/li>\n<li style='margin-bottom: 5px;'>Dise\u00f1o compacto y eficiente<\/li>\n<\/ul><\/div>\n<\/p><\/div>\n<p> <!-- Secci\u00f3n de especificaciones t\u00e9cnicas --> <\/p>\n<div style='display: flex; flex-wrap: wrap; gap: 20px; margin-bottom: 30px;'>\n<div style='flex: 1 1 250px; border: 1px solid rgba(150&comma; 150&comma; 150&comma; 0.4); border-radius: 8px; overflow: hidden; display: flex; flex-direction: column;'>\n<div style='padding: 15px; border-bottom: 1px solid rgba(150&comma; 150&comma; 150&comma; 0.2); font-weight: bold; font-size: 18px; color: inherit;'>Especificaciones t\u00e9cnicas<\/div>\n<div style='padding: 15px; color: inherit;'>\n<ul style='padding-left: 20px; margin: 0; font-size: 14px; list-style-type: disc;'>\n<li style='margin-bottom: 5px;'><strong>Tipo:<\/strong> Interruptor de l\u00e1minas<\/li>\n<li style='margin-bottom: 5px;'><strong>Material:<\/strong> Polycarbonato<\/li>\n<li style='margin-bottom: 5px;'><strong>Dimensiones:<\/strong> 5.375&#8242; W x 5.375&#8242; H x 2&#8242; D (137mm x 137mm x 51mm)<\/li>\n<li style='margin-bottom: 5px;'><strong>Clase de inflamabilidad:<\/strong> UL94 V-2<\/li>\n<li style='margin-bottom: 5px;'><strong>Espesor de pared:<\/strong> 0.12&#8242; (3.05mm)<\/li>\n<li style='margin-bottom: 5px;'><strong>Alimentaci\u00f3n:<\/strong> 9VDC bater\u00eda<\/li>\n<li style='margin-bottom: 5px;'><strong>Corriente en espera:<\/strong> <15\u03bcA (Bater\u00eda)<\/li>\n<li style='margin-bottom: 5px;'><strong>Temperatura operaci\u00f3n:<\/strong> 14\u00b0F a 122\u00b0F (-10\u00b0C a 50\u00b0C)<\/li>\n<\/ul><\/div>\n<\/p><\/div>\n<p> <!-- Secci\u00f3n de configuraci\u00f3n del interruptor --> <\/p>\n<div style='flex: 1 1 250px; border: 1px solid rgba(150&comma; 150&comma; 150&comma; 0.4); border-radius: 8px; overflow: hidden; display: flex; flex-direction: column;'>\n<div style='padding: 15px; border-bottom: 1px solid rgba(150&comma; 150&comma; 150&comma; 0.2); font-weight: bold; font-size: 18px; color: inherit;'>Configuraci\u00f3n del interruptor<\/div>\n<div style='padding: 15px; color: inherit;'>\n<ul style='padding-left: 20px; margin: 0; font-size: 14px; list-style-type: disc;'>\n<li style='margin-bottom: 5px;'><strong>Armadura:<\/strong> Inmediata o con 15 segundos de retardo<\/li>\n<li style='margin-bottom: 5px;'><strong>Desarme:<\/strong> Inmediato o con 15 segundos de retardo<\/li>\n<li style='margin-bottom: 5px;'><strong>Duraci\u00f3n de alarma:<\/strong> 30 segundos&comma; 180 segundos o continua<\/li>\n<li style='margin-bottom: 5px;'><strong>Detecci\u00f3n de bater\u00eda baja:<\/strong> Indicador visual y sonoro<\/li>\n<li style='margin-bottom: 5px;'><strong>Volumen:<\/strong> Alto o bajo<\/li>\n<li style='margin-bottom: 5px;'><strong>Funci\u00f3n de rel\u00e9:<\/strong> Habilitada o deshabilitada<\/li>\n<\/ul><\/div>\n<\/p><\/div>\n<p> <!-- Secci\u00f3n de funciones de seguridad --> <\/p>\n<div style='flex: 1 1 250px; border: 1px solid rgba(150&comma; 150&comma; 150&comma; 0.4); border-radius: 8px; overflow: hidden; display: flex; flex-direction: column;'>\n<div style='padding: 15px; border-bottom: 1px solid rgba(150&comma; 150&comma; 150&comma; 0.2); font-weight: bold; font-size: 18px; color: inherit;'>Funciones de seguridad<\/div>\n<div style='padding: 15px; color: inherit;'>\n<ul style='padding-left: 20px; margin: 0; font-size: 14px; list-style-type: disc;'>\n<li style='margin-bottom: 5px;'>Detecci\u00f3n de salidas no autorizadas<\/li>\n<li style='margin-bottom: 5px;'>Alarma sonora y luz LED cuando se activa<\/li>\n<li style='margin-bottom: 5px;'>Rel\u00e9 de contacto seco Form C<\/li>\n<li style='margin-bottom: 5px;'>Detecci\u00f3n de bater\u00eda baja (1 parpadeo\/minuto&comma; 1 beep cada 3 minutos)<\/li>\n<li style='margin-bottom: 5px;'>Posibilidad de a\u00f1adir etiquetas biling\u00fces (21 idiomas)<\/li>\n<\/ul><\/div>\n<\/p><\/div>\n<p> <!-- Secci\u00f3n de instalaci\u00f3n --> <\/p>\n<div style='flex: 1 1 250px; border: 1px solid rgba(150&comma; 150&comma; 150&comma; 0.4); border-radius: 8px; overflow: hidden; display: flex; flex-direction: column;'>\n<div style='padding: 15px; border-bottom: 1px solid rgba(150&comma; 150&comma; 150&comma; 0.2); font-weight: bold; font-size: 18px; color: inherit;'>Instalaci\u00f3n<\/div>\n<div style='padding: 15px; color: inherit;'>\n<ul style='padding-left: 20px; margin: 0; font-size: 14px; list-style-type: disc;'>\n<li style='margin-bottom: 5px;'>Montaje en parte superior&comma; derecha&comma; izquierda o junto a casi cualquier puerta<\/li>\n<li style='margin-bottom: 5px;'>Distancia m\u00e1xima im\u00e1n &#8211; interruptor de \u00be&#8217; (19mm)<\/li>\n<li style='margin-bottom: 5px;'>Uso de espaciadores en puertas met\u00e1licas<\/li>\n<li style='margin-bottom: 5px;'>Conexi\u00f3n de segundo interruptor de reed (RS2) si se requiere<\/li>\n<li style='margin-bottom: 5px;'>Requiere prueba peri\u00f3dica para verificaci\u00f3n de bater\u00eda<\/li>\n<\/ul><\/div>\n<\/p><\/div>\n<\/p><\/div>\n<p> <!-- Secci\u00f3n de advertencias importantes --> <\/p>\n<div style='margin-bottom: 30px;'>\n<h3 style='font-size: 22px; border-bottom: 2px solid currentColor; padding-bottom: 5px; margin-top: 0; color: inherit; opacity: 0.8;'>Advertencias importantes<\/h3>\n<ul style='padding-left: 20px; font-size: 15px; color: inherit;'>\n<li style='margin-bottom: 5px;'>Uso recomendado para interiores<\/li>\n<li style='margin-bottom: 5px;'>Recomendado cambiar la bater\u00eda de 9V dos veces al a\u00f1o<\/li>\n<li style='margin-bottom: 5px;'>M\u00e1ximo tres alarmas remotas en paralelo<\/li>\n<li style='margin-bottom: 5px;'>Para ambientes ruidosos&comma; puede requerir cornetas remotas adicionales<\/li>\n<li style='margin-bottom: 5px;'>Desconectar todas las fuentes de alimentaci\u00f3n antes de cambiar configuraciones<\/li>\n<\/ul><\/div>\n<p> <!-- Secci\u00f3n de garant\u00eda y seguridad qu\u00edmica --> <\/p>\n<div style='display: flex; flex-wrap: wrap; gap: 20px; margin-bottom: 30px;'>\n<div style='flex: 1 1 250px; border: 1px solid rgba(150&comma; 150&comma; 150&comma; 0.4); border-radius: 8px; overflow: hidden; display: flex; flex-direction: column;'>\n<div style='padding: 15px; border-bottom: 1px solid rgba(150&comma; 150&comma; 150&comma; 0.2); font-weight: bold; font-size: 18px; color: inherit;'>Garant\u00eda<\/div>\n<div style='padding: 15px; color: inherit;'>\n<ul style='padding-left: 20px; margin: 0; font-size: 14px; list-style-type: disc;'>\n<li style='margin-bottom: 5px;'>3 a\u00f1os contra rotura del policarbonato<\/li>\n<li style='margin-bottom: 5px;'>1 a\u00f1o en componentes electr\u00f3nicos y electromec\u00e1nicos<\/li>\n<\/ul><\/div>\n<\/p><\/div>\n<p> <!-- Secci\u00f3n de seguridad qu\u00edmica --> <\/p>\n<div style='flex: 1 1 250px; border: 1px solid rgba(150&comma; 150&comma; 150&comma; 0.4); border-radius: 8px; overflow: hidden; display: flex; flex-direction: column;'>\n<div style='padding: 15px; border-bottom: 1px solid rgba(150&comma; 150&comma; 150&comma; 0.2); font-weight: bold; font-size: 18px; color: inherit;'>Seguridad qu\u00edmica<\/div>\n<div style='padding: 15px; color: inherit;'>\n<p style='margin: 0; font-size: 14px;'>Este producto puede exponerle a qu\u00edmicos incluyendo Diclorometano&comma; el cual es conocido en California para causar c\u00e1ncer&comma; y Bisfenol A (BPA)&comma; el cual es conocido en California para causar defectos de nacimiento u otras alteraciones reproductivas. Para m\u00e1s informaci\u00f3n visite www.P65Warnings.ca.gov.<\/p>\n<\/p><\/div>\n<\/p><\/div>\n<\/p><\/div>\n<p> <!-- Separador --> <\/p>\n<hr style='border: 0; border-top: 1px solid rgba(150&comma; 150&comma; 150&comma; 0.3); margin: 30px 0;'> <\/div>\n","protected":false},"excerpt":{"rendered":"<p>Interruptor de leng\u00fceta roja para STI-6400 Exit Stopper\u00ae<\/p>\n","protected":false},"featured_media":36615,"comment_status":"open","ping_status":"closed","template":"","meta":[],"product_brand":[],"product_cat":[448],"product_tag":[449,169,225],"class_list":{"0":"post-36616","1":"product","2":"type-product","3":"status-publish","4":"has-post-thumbnail","6":"product_cat-todo-accesorios-y-dispositivos-direccionables","7":"product_tag-accesorios-y-dispositivos-direccionables","8":"product_tag-sti","9":"product_tag-todo","11":"first","12":"instock","13":"sale","14":"shipping-taxable","15":"purchasable","16":"product-type-simple"},"_links":{"self":[{"href":"https:\/\/soydeaqui.ddns.net\/pachuca\/index.php\/wp-json\/wp\/v2\/product\/36616","targetHints":{"allow":["GET"]}}],"collection":[{"href":"https:\/\/soydeaqui.ddns.net\/pachuca\/index.php\/wp-json\/wp\/v2\/product"}],"about":[{"href":"https:\/\/soydeaqui.ddns.net\/pachuca\/index.php\/wp-json\/wp\/v2\/types\/product"}],"replies":[{"embeddable":true,"href":"https:\/\/soydeaqui.ddns.net\/pachuca\/index.php\/wp-json\/wp\/v2\/comments?post=36616"}],"wp:featuredmedia":[{"embeddable":true,"href":"https:\/\/soydeaqui.ddns.net\/pachuca\/index.php\/wp-json\/wp\/v2\/media\/36615"}],"wp:attachment":[{"href":"https:\/\/soydeaqui.ddns.net\/pachuca\/index.php\/wp-json\/wp\/v2\/media?parent=36616"}],"wp:term":[{"taxonomy":"product_brand","embeddable":true,"href":"https:\/\/soydeaqui.ddns.net\/pachuca\/index.php\/wp-json\/wp\/v2\/product_brand?post=36616"},{"taxonomy":"product_cat","embeddable":true,"href":"https:\/\/soydeaqui.ddns.net\/pachuca\/index.php\/wp-json\/wp\/v2\/product_cat?post=36616"},{"taxonomy":"product_tag","embeddable":true,"href":"https:\/\/soydeaqui.ddns.net\/pachuca\/index.php\/wp-json\/wp\/v2\/product_tag?post=36616"}],"curies":[{"name":"wp","href":"https:\/\/api.w.org\/{rel}","templated":true}]}}