{"id":36597,"date":"2026-03-18T16:10:06","date_gmt":"2026-03-18T16:10:06","guid":{"rendered":"https:\/\/soydeaqui.ddns.net\/pachuca\/index.php\/producto\/cilindro-de-oxigeno-o2-para-calibracion-cero-de-detectores-de-gas-macurco\/"},"modified":"2026-03-18T16:10:07","modified_gmt":"2026-03-18T16:10:07","slug":"cilindro-de-oxigeno-o2-para-calibracion-cero-de-detectores-de-gas-macurco","status":"publish","type":"product","link":"https:\/\/soydeaqui.ddns.net\/pachuca\/index.php\/producto\/cilindro-de-oxigeno-o2-para-calibracion-cero-de-detectores-de-gas-macurco\/","title":{"rendered":"Cilindro de Oxigeno O2 Para Calibraci\u00f3n Cero de Detectores de Gas  MACURCO"},"content":{"rendered":"<div style='width: 100%; max-width: 1200px; margin: 0 auto; font-family: sans-serif; line-height: 1.6; color: inherit; background-color: transparent;'> <!-- Secci\u00f3n principal --> <\/p>\n<div style='margin-bottom: 30px;'>\n<p style='font-size: 15px; color: inherit; margin-bottom: 15px; line-height: 1.6;'> La familia de detectores de las series Macurco 6 y 12 requiere pruebas y calibraci\u00f3n de rutina. Cada detector tiene un kit de prueba\/calibraci\u00f3n correspondiente para probar y calibrar los detectores en campo. Los sensores pueden ser menos precisos con el tiempo&comma; por lo que se recomienda tener un plan de mantenimiento para garantizar que los detectores respondan a la presencia del gas apropiadamente. Una calibraci\u00f3n de gas es el proceso de exponer un sensor a un gas objetivo a una concentraci\u00f3n espec\u00edfica y luego ajustar el detector de gas para leer esa gas concentraci\u00f3n correctamente. Macurco recomienda probar y calibrar al menos una vez al a\u00f1o en un m\u00ednimo&comma; pero dependiendo del sitio y el potencial de riesgo de la aplicaci\u00f3n&comma; puede ser necesario con mayor frecuencia. Consulte con las autoridades locales para conocer las reglamentaciones locales espec\u00edficas. <\/p>\n<\/p><\/div>\n<p> <!-- Secci\u00f3n de uso exclusivo --> <\/p>\n<div style='margin-bottom: 30px;'>\n<div style='padding: 15px; border: 1px solid rgba(150&comma;150&comma;150&comma;0.4); border-radius: 8px; background-color: rgba(255&comma;255&comma;255&comma;0.03);'>\n<p style='margin: 0; font-size: 15px; color: inherit;'> <strong>PARA USO EXCLUSIVO CON DETECTOR MACURCO CM-6&comma; GD-6&comma; OX-6 Y KIT DE CALIBRACION CAL-KIT1 Ox\u00edgeno O2<\/strong> <\/p>\n<p style='margin: 0; font-size: 15px; color: inherit;'> <strong>34L 20.9% v\/v<\/strong> <\/p>\n<\/p><\/div>\n<\/p><\/div>\n<p> <!-- Secci\u00f3n de seguridad --> <\/p>\n<div style='margin-bottom: 30px;'>\n<h3 style='font-size: 22px; border-bottom: 2px solid currentColor; padding-bottom: 5px; margin-top: 0; margin-bottom: 15px; color: inherit; opacity: 0.8;'>Seguridad<\/h3>\n<div style='padding: 15px; border: 1px solid rgba(150&comma;150&comma;150&comma;0.4); border-radius: 8px; background-color: rgba(255&comma;255&comma;255&comma;0.03);'>\n<p style='margin: 0 0 15px 0; font-size: 15px; color: inherit;'> <strong>H280 &#8211; Contiene GAS BAJO PRESION puede EXPLOTAR si se calienta.<\/strong> <\/p>\n<p style='margin: 0 0 15px 0; font-size: 15px; color: inherit;'> Proteja de la luz del sol&comma; Almacene en un lugar ventilado. <\/p>\n<p style='margin: 0; font-size: 15px; color: inherit;'> 100 porciento de la mezcla consiste de ingredientes que no se conoce su toxicidad <\/p>\n<\/p><\/div>\n<\/p><\/div>\n<p> <!-- Secci\u00f3n de clasificaciones NFPA --> <\/p>\n<div style='margin-bottom: 30px;'>\n<h3 style='font-size: 22px; border-bottom: 2px solid currentColor; padding-bottom: 5px; margin-top: 0; margin-bottom: 15px; color: inherit; opacity: 0.8;'>Clasificaciones NFPA<\/h3>\n<div style='display: flex; flex-wrap: wrap; gap: 20px;'>\n<div style='flex: 1 1 200px; min-width: 150px;'>\n<div style='padding: 12px; border: 1px solid rgba(150&comma;150&comma;150&comma;0.4); border-radius: 8px; text-align: center;'> <strong style='color: inherit;'>Salud = 0<\/strong> <\/div>\n<\/p><\/div>\n<div style='flex: 1 1 200px; min-width: 150px;'>\n<div style='padding: 12px; border: 1px solid rgba(150&comma;150&comma;150&comma;0.4); border-radius: 8px; text-align: center;'> <strong style='color: inherit;'>Famable = 0<\/strong> <\/div>\n<\/p><\/div>\n<div style='flex: 1 1 200px; min-width: 150px;'>\n<div style='padding: 12px; border: 1px solid rgba(150&comma;150&comma;150&comma;0.4); border-radius: 8px; text-align: center;'> <strong style='color: inherit;'>Reactante = 0<\/strong> <\/div>\n<\/p><\/div>\n<\/p><\/div>\n<\/p><\/div>\n<\/p><\/div>\n","protected":false},"excerpt":{"rendered":"<p>Cilindro de Oxigeno O2 Para Calibraci\u00f3n Cero de Detectores de Gas  MACURCO<\/p>\n","protected":false},"featured_media":36596,"comment_status":"open","ping_status":"closed","template":"","meta":[],"product_brand":[],"product_cat":[987],"product_tag":[988,522,989],"class_list":{"0":"post-36597","1":"product","2":"type-product","3":"status-publish","4":"has-post-thumbnail","6":"product_cat-detectores-de-gases","7":"product_tag-detectores-de-gases","8":"product_tag-dispositivos-convencionales","9":"product_tag-macurco-aerionics","11":"first","12":"instock","13":"sale","14":"shipping-taxable","15":"purchasable","16":"product-type-simple"},"_links":{"self":[{"href":"https:\/\/soydeaqui.ddns.net\/pachuca\/index.php\/wp-json\/wp\/v2\/product\/36597","targetHints":{"allow":["GET"]}}],"collection":[{"href":"https:\/\/soydeaqui.ddns.net\/pachuca\/index.php\/wp-json\/wp\/v2\/product"}],"about":[{"href":"https:\/\/soydeaqui.ddns.net\/pachuca\/index.php\/wp-json\/wp\/v2\/types\/product"}],"replies":[{"embeddable":true,"href":"https:\/\/soydeaqui.ddns.net\/pachuca\/index.php\/wp-json\/wp\/v2\/comments?post=36597"}],"wp:featuredmedia":[{"embeddable":true,"href":"https:\/\/soydeaqui.ddns.net\/pachuca\/index.php\/wp-json\/wp\/v2\/media\/36596"}],"wp:attachment":[{"href":"https:\/\/soydeaqui.ddns.net\/pachuca\/index.php\/wp-json\/wp\/v2\/media?parent=36597"}],"wp:term":[{"taxonomy":"product_brand","embeddable":true,"href":"https:\/\/soydeaqui.ddns.net\/pachuca\/index.php\/wp-json\/wp\/v2\/product_brand?post=36597"},{"taxonomy":"product_cat","embeddable":true,"href":"https:\/\/soydeaqui.ddns.net\/pachuca\/index.php\/wp-json\/wp\/v2\/product_cat?post=36597"},{"taxonomy":"product_tag","embeddable":true,"href":"https:\/\/soydeaqui.ddns.net\/pachuca\/index.php\/wp-json\/wp\/v2\/product_tag?post=36597"}],"curies":[{"name":"wp","href":"https:\/\/api.w.org\/{rel}","templated":true}]}}