{"id":36595,"date":"2026-03-18T16:10:04","date_gmt":"2026-03-18T16:10:04","guid":{"rendered":"https:\/\/soydeaqui.ddns.net\/pachuca\/index.php\/producto\/rotomartillo-electro-neumatico-de-1-sds-plus-de-120-vca-0-1200-rpm-0-4600-impactos-x-seg-potencia-800-w\/"},"modified":"2026-03-18T16:10:04","modified_gmt":"2026-03-18T16:10:04","slug":"rotomartillo-electro-neumatico-de-1-sds-plus-de-120-vca-0-1200-rpm-0-4600-impactos-x-seg-potencia-800-w","status":"publish","type":"product","link":"https:\/\/soydeaqui.ddns.net\/pachuca\/index.php\/producto\/rotomartillo-electro-neumatico-de-1-sds-plus-de-120-vca-0-1200-rpm-0-4600-impactos-x-seg-potencia-800-w\/","title":{"rendered":"Rotomartillo Electro Neum\u00e1tico de 1&#8243; SDS-PLUS de 120 Vca, 0-1200 RPM, 0-4600 Impactos x Seg. Potencia 800 W."},"content":{"rendered":"<div style='width: 100%; max-width: 1200px; margin: 0 auto; font-family: sans-serif; line-height: 1.6; color: inherit; background-color: transparent;'>\n<div style='display: flex; flex-wrap: wrap; gap: 30px; margin-bottom: 30px;'>\n<div style='flex: 1 1 300px; min-width: 280px;'>\n<div style='text-align: center; margin-bottom: 20px;'> <img style='width: 100%; max-width: 223px; height: auto; border: 1px solid rgba(150&comma;150&comma;150&comma;0.3); border-radius: 8px;' src='https:\/\/ftp3.syscom.mx\/usuarios\/nortega\/makita\/imagenes\/makita.png' alt=''> <\/div>\n<\/p><\/div>\n<div style='flex: 1 1 300px; min-width: 280px;'>\n<h3 style='font-size: 22px; border-bottom: 2px solid currentColor; padding-bottom: 5px; margin-top: 0; color: inherit; opacity: 0.8;'>Acerca del Modelo<\/h3>\n<p style='font-size: 15px; color: inherit;'>El taladro SDS-Plus cuenta con 3 modos de operaci\u00f3n; solo percusi\u00f3n&comma; percusi\u00f3n con rotaci\u00f3n y solo rotaci\u00f3n. Ideal para trabajos pesados como perforaci\u00f3n de concreto y cincelado.<\/p>\n<\/p><\/div>\n<\/p><\/div>\n<div style='display: flex; flex-wrap: wrap; gap: 20px; margin-bottom: 30px;'>\n<div style='flex: 1 1 250px; border: 1px solid rgba(150&comma; 150&comma; 150&comma; 0.4); border-radius: 8px; overflow: hidden; display: flex; flex-direction: column;'>\n<div style='padding: 15px; border-bottom: 1px solid rgba(150&comma; 150&comma; 150&comma; 0.2); font-weight: bold; font-size: 18px; color: inherit;'>Caracter\u00edsticas<\/div>\n<div style='padding: 15px; color: inherit;'>\n<ul style='padding-left: 20px; margin: 0; font-size: 14px; list-style-type: disc;'>\n<li style='margin-bottom: 5px;'>Opci\u00f3n de percusi\u00f3n&comma; percusi\u00f3n + rotaci\u00f3n&comma; solo rotaci\u00f3n<\/li>\n<li style='margin-bottom: 5px;'>Palanca de giro reversible<\/li>\n<li style='margin-bottom: 5px;'>Mango ergon\u00f3mico cubierto de Neopreno para mejor control<\/li>\n<li style='margin-bottom: 5px;'>Bot\u00f3n de traba para trabajos continuos<\/li>\n<li style='margin-bottom: 5px;'>Pr\u00e1ctico posicionamiento de \u00e1ngulo de cincel<\/li>\n<li style='margin-bottom: 5px;'>40 posiciones deseadas sin necesidad de adaptador<\/li>\n<\/ul><\/div>\n<\/p><\/div>\n<div style='flex: 1 1 250px; border: 1px solid rgba(150&comma; 150&comma; 150&comma; 0.4); border-radius: 8px; overflow: hidden; display: flex; flex-direction: column;'>\n<div style='padding: 15px; border-bottom: 1px solid rgba(150&comma; 150&comma; 150&comma; 0.2); font-weight: bold; font-size: 18px; color: inherit;'>Incluye<\/div>\n<div style='padding: 15px; color: inherit;'>\n<ul style='padding-left: 20px; margin: 0; font-size: 14px; list-style-type: disc;'>\n<li style='margin-bottom: 5px;'>1- Rotomartillo<\/li>\n<li style='margin-bottom: 5px;'>1- Calibrador de Profundidad<\/li>\n<li style='margin-bottom: 5px;'>1- Empu\u00f1adura<\/li>\n<\/ul><\/div>\n<\/p><\/div>\n<div style='flex: 1 1 250px; border: 1px solid rgba(150&comma; 150&comma; 150&comma; 0.4); border-radius: 8px; overflow: hidden; display: flex; flex-direction: column;'>\n<div style='padding: 15px; border-bottom: 1px solid rgba(150&comma; 150&comma; 150&comma; 0.2); font-weight: bold; font-size: 18px; color: inherit;'>Especificaciones<\/div>\n<div style='padding: 15px; color: inherit;'>\n<ul style='padding-left: 20px; margin: 0; font-size: 14px; list-style-type: disc;'>\n<li style='margin-bottom: 5px;'><strong>Capacidad (acero):<\/strong> 1\/2&#8242; (13 mm)<\/li>\n<li style='margin-bottom: 5px;'><strong>Capacidad (madera):<\/strong> 1-1\/4&#8242; (32 mm)<\/li>\n<li style='margin-bottom: 5px;'><strong>Capacidad (concreto):<\/strong> 1&#8242; (26 mm)<\/li>\n<li style='margin-bottom: 5px;'><strong>Velocidad Sin Carga (velocidad variable):<\/strong> 0 &#8211; 1&comma;200 RPM<\/li>\n<li style='margin-bottom: 5px;'><strong>Peso Neto:<\/strong> 2.8 Kg<\/li>\n<li style='margin-bottom: 5px;'><strong>Agarradera:<\/strong> ergon\u00f3mica tipo D<\/li>\n<li style='margin-bottom: 5px;'><strong>Tipo de Conexi\u00f3n:<\/strong> Cable 4 m (13.1&#8242;)<\/li>\n<li style='margin-bottom: 5px;'><strong>Potencia de entrada:<\/strong> 780 W<\/li>\n<li style='margin-bottom: 5px;'><strong>Dimensiones (L x A x A):<\/strong> 361 x 77 x 209 mm<\/li>\n<li style='margin-bottom: 5px;'><strong>Voltaje de entrada:<\/strong> 110-120 Vca 50\/60 Hz<\/li>\n<\/ul><\/div>\n<\/p><\/div>\n<\/p><\/div>\n<hr style='border: 0; border-top: 1px solid rgba(150&comma; 150&comma; 150&comma; 0.3); margin: 30px 0;'> <\/div>\n","protected":false},"excerpt":{"rendered":"<p>Rotomartillo Electro Neum\u00e1tico de 1&#8243; SDS-PLUS de 120 Vca, 0-1200 RPM, 0-4600 Impactos x Seg. Potencia 800 W.<\/p>\n","protected":false},"featured_media":36594,"comment_status":"open","ping_status":"closed","template":"","meta":[],"product_brand":[],"product_cat":[130],"product_tag":[25,131,252],"class_list":{"0":"post-36595","1":"product","2":"type-product","3":"status-publish","4":"has-post-thumbnail","6":"product_cat-herramientas-electricas","7":"product_tag-herramientas","8":"product_tag-herramientas-electricas","9":"product_tag-makita","11":"first","12":"outofstock","13":"sale","14":"shipping-taxable","15":"purchasable","16":"product-type-simple"},"_links":{"self":[{"href":"https:\/\/soydeaqui.ddns.net\/pachuca\/index.php\/wp-json\/wp\/v2\/product\/36595","targetHints":{"allow":["GET"]}}],"collection":[{"href":"https:\/\/soydeaqui.ddns.net\/pachuca\/index.php\/wp-json\/wp\/v2\/product"}],"about":[{"href":"https:\/\/soydeaqui.ddns.net\/pachuca\/index.php\/wp-json\/wp\/v2\/types\/product"}],"replies":[{"embeddable":true,"href":"https:\/\/soydeaqui.ddns.net\/pachuca\/index.php\/wp-json\/wp\/v2\/comments?post=36595"}],"wp:featuredmedia":[{"embeddable":true,"href":"https:\/\/soydeaqui.ddns.net\/pachuca\/index.php\/wp-json\/wp\/v2\/media\/36594"}],"wp:attachment":[{"href":"https:\/\/soydeaqui.ddns.net\/pachuca\/index.php\/wp-json\/wp\/v2\/media?parent=36595"}],"wp:term":[{"taxonomy":"product_brand","embeddable":true,"href":"https:\/\/soydeaqui.ddns.net\/pachuca\/index.php\/wp-json\/wp\/v2\/product_brand?post=36595"},{"taxonomy":"product_cat","embeddable":true,"href":"https:\/\/soydeaqui.ddns.net\/pachuca\/index.php\/wp-json\/wp\/v2\/product_cat?post=36595"},{"taxonomy":"product_tag","embeddable":true,"href":"https:\/\/soydeaqui.ddns.net\/pachuca\/index.php\/wp-json\/wp\/v2\/product_tag?post=36595"}],"curies":[{"name":"wp","href":"https:\/\/api.w.org\/{rel}","templated":true}]}}