{"id":36587,"date":"2026-03-18T16:09:55","date_gmt":"2026-03-18T16:09:55","guid":{"rendered":"https:\/\/soydeaqui.ddns.net\/pachuca\/index.php\/producto\/detector-de-humedad-y-temperatura-para-ductos-termistor-20-kohm-2\/"},"modified":"2026-03-18T16:09:55","modified_gmt":"2026-03-18T16:09:55","slug":"detector-de-humedad-y-temperatura-para-ductos-termistor-20-kohm-2","status":"publish","type":"product","link":"https:\/\/soydeaqui.ddns.net\/pachuca\/index.php\/producto\/detector-de-humedad-y-temperatura-para-ductos-termistor-20-kohm-2\/","title":{"rendered":"Detector de humedad y temperatura para ductos , termistor 20 kOhm"},"content":{"rendered":"<div style='width: 100%; max-width: 1200px; margin: 0 auto; font-family: sans-serif; line-height: 1.6; color: inherit; background-color: transparent;'>\n<div style='display: flex; flex-wrap: wrap; gap: 30px; margin-bottom: 30px;'>\n<div style='flex: 1 1 300px; min-width: 280px;'>\n<h3 style='font-size: 22px; border-bottom: 2px solid currentColor; padding-bottom: 5px; margin-top: 0; color: inherit; opacity: 0.8;'>Caracter\u00edsticas<\/h3>\n<ul style='padding-left: 20px; font-size: 15px; color: inherit;'>\n<li style='margin-bottom: 5px;'>Los sensores de conductos proporcionan humedad y temperatura de la zona HVAC interior para medici\u00f3n y control de temperatura.<\/li>\n<li style='margin-bottom: 5px;'>Sensores exteriores dise\u00f1ados para ser montados en el exterior del edificio para medici\u00f3n de la humedad relativa del aire exterior.<\/li>\n<li style='margin-bottom: 5px;'>Compensaci\u00f3n de temperatura a bordo para humedad relativa.<\/li>\n<li style='margin-bottom: 5px;'>Elimina los errores del coeficiente de temperatura y logra alta precisi\u00f3n de medici\u00f3n y alta repetibilidad.<\/li>\n<li style='margin-bottom: 5px;'>Alimentaci\u00f3n: 24 VCA 100 mA m\u00e1ximo&comma; 12-30 Vcd 50 mA m\u00e1ximo.<\/li>\n<li style='margin-bottom: 5px;'>Exactitud de detecci\u00f3n de humedad: 2%&comma; termistor 20 kOhm.<\/li>\n<li style='margin-bottom: 5px;'>Montaje en ducto.<\/li>\n<\/ul><\/div>\n<\/p><\/div>\n<p> <!-- Secci\u00f3n de especificaciones --> <\/p>\n<div style='display: flex; flex-wrap: wrap; gap: 20px; margin-bottom: 30px;'>\n<div style='flex: 1 1 250px; border: 1px solid rgba(150&comma; 150&comma; 150&comma; 0.4); border-radius: 8px; overflow: hidden; display: flex; flex-direction: column;'>\n<div style='padding: 15px; border-bottom: 1px solid rgba(150&comma; 150&comma; 150&comma; 0.2); font-weight: bold; font-size: 18px; color: inherit;'>Especificaciones<\/div>\n<div style='padding: 15px; color: inherit;'>\n<ul style='padding-left: 20px; margin: 0; font-size: 14px; list-style-type: disc;'>\n<li style='margin-bottom: 5px;'><strong>Alimentaci\u00f3n:<\/strong> 24 VCA 100 mA m\u00e1ximo&comma; 12-30 Vcd 50 mA m\u00e1ximo<\/li>\n<li style='margin-bottom: 5px;'><strong>Exactitud:<\/strong> 2% de detecci\u00f3n de humedad&comma; termistor 20 kOhm<\/li>\n<li style='margin-bottom: 5px;'><strong>Montaje:<\/strong> En ducto<\/li>\n<\/ul><\/div>\n<\/p><\/div>\n<div style='flex: 1 1 250px; border: 1px solid rgba(150&comma; 150&comma; 150&comma; 0.4); border-radius: 8px; overflow: hidden; display: flex; flex-direction: column;'>\n<div style='padding: 15px; border-bottom: 1px solid rgba(150&comma; 150&comma; 150&comma; 0.2); font-weight: bold; font-size: 18px; color: inherit;'>Precisi\u00f3n<\/div>\n<div style='padding: 15px; color: inherit;'>\n<ul style='padding-left: 20px; margin: 0; font-size: 14px; list-style-type: disc;'>\n<li style='margin-bottom: 5px;'>Compensaci\u00f3n de temperatura a bordo para humedad relativa<\/li>\n<li style='margin-bottom: 5px;'>Elimina errores del coeficiente de temperatura<\/li>\n<li style='margin-bottom: 5px;'>Alta precisi\u00f3n de medici\u00f3n<\/li>\n<li style='margin-bottom: 5px;'>Alta repetibilidad<\/li>\n<\/ul><\/div>\n<\/p><\/div>\n<\/p><\/div>\n<\/p><\/div>\n","protected":false},"excerpt":{"rendered":"<p>Detector de humedad y temperatura para ductos , termistor 20 kOhm<\/p>\n","protected":false},"featured_media":36586,"comment_status":"open","ping_status":"closed","template":"","meta":[],"product_brand":[],"product_cat":[1034],"product_tag":[1035,1036,1037],"class_list":{"0":"post-36587","1":"product","2":"type-product","3":"status-publish","4":"has-post-thumbnail","6":"product_cat-bms-bas","7":"product_tag-bms","8":"product_tag-bms-bas","9":"product_tag-honeywell-bms","11":"first","12":"instock","13":"sale","14":"shipping-taxable","15":"purchasable","16":"product-type-simple"},"_links":{"self":[{"href":"https:\/\/soydeaqui.ddns.net\/pachuca\/index.php\/wp-json\/wp\/v2\/product\/36587","targetHints":{"allow":["GET"]}}],"collection":[{"href":"https:\/\/soydeaqui.ddns.net\/pachuca\/index.php\/wp-json\/wp\/v2\/product"}],"about":[{"href":"https:\/\/soydeaqui.ddns.net\/pachuca\/index.php\/wp-json\/wp\/v2\/types\/product"}],"replies":[{"embeddable":true,"href":"https:\/\/soydeaqui.ddns.net\/pachuca\/index.php\/wp-json\/wp\/v2\/comments?post=36587"}],"wp:featuredmedia":[{"embeddable":true,"href":"https:\/\/soydeaqui.ddns.net\/pachuca\/index.php\/wp-json\/wp\/v2\/media\/36586"}],"wp:attachment":[{"href":"https:\/\/soydeaqui.ddns.net\/pachuca\/index.php\/wp-json\/wp\/v2\/media?parent=36587"}],"wp:term":[{"taxonomy":"product_brand","embeddable":true,"href":"https:\/\/soydeaqui.ddns.net\/pachuca\/index.php\/wp-json\/wp\/v2\/product_brand?post=36587"},{"taxonomy":"product_cat","embeddable":true,"href":"https:\/\/soydeaqui.ddns.net\/pachuca\/index.php\/wp-json\/wp\/v2\/product_cat?post=36587"},{"taxonomy":"product_tag","embeddable":true,"href":"https:\/\/soydeaqui.ddns.net\/pachuca\/index.php\/wp-json\/wp\/v2\/product_tag?post=36587"}],"curies":[{"name":"wp","href":"https:\/\/api.w.org\/{rel}","templated":true}]}}