{"id":36585,"date":"2026-03-18T16:09:53","date_gmt":"2026-03-18T16:09:53","guid":{"rendered":"https:\/\/soydeaqui.ddns.net\/pachuca\/index.php\/producto\/sensor-de-cianuro-de-hidrogeno-hcn-compatible-con-805111100010n\/"},"modified":"2026-03-18T16:09:54","modified_gmt":"2026-03-18T16:09:54","slug":"sensor-de-cianuro-de-hidrogeno-hcn-compatible-con-805111100010n","status":"publish","type":"product","link":"https:\/\/soydeaqui.ddns.net\/pachuca\/index.php\/producto\/sensor-de-cianuro-de-hidrogeno-hcn-compatible-con-805111100010n\/","title":{"rendered":"Sensor de Cianuro de Hidr\u00f3geno (HCN) Compatible Con 805111100010N"},"content":{"rendered":"<div style='width: 100%; max-width: 1200px; margin: 0 auto; font-family: sans-serif; line-height: 1.6; color: inherit; background-color: transparent;'>\n<div style='display: flex; flex-wrap: wrap; gap: 30px; margin-bottom: 30px;'>\n<div style='flex: 1 1 300px; min-width: 280px;'>\n<h3 style='font-size: 22px; border-bottom: 2px solid currentColor; padding-bottom: 5px; margin-top: 0; color: inherit; opacity: 0.8;'>Descripci\u00f3n<\/h3>\n<p style='font-size: 15px; color: inherit;'>Los sensores infrarrojos funcionan utilizando el principio NDIR para monitorear la presencia del gas objetivo. El sensor contiene una fuente de luz infrarroja de filamento de tungsteno de larga duraci\u00f3n&comma; una cavidad \u00f3ptica en la qu\u00e9 gas se difunde&comma; un detector infrarrojo piroel\u00e9ctrico compensado de temperatura dual&comma; un sensor de temperatura semiconductor y electr\u00f3nica para procesar las se\u00f1ales del detector piroel\u00e9ctrico.<\/p>\n<\/p><\/div>\n<\/p><\/div>\n<div style='display: flex; flex-wrap: wrap; gap: 20px; margin-bottom: 30px;'>\n<div style='flex: 1 1 250px; border: 1px solid rgba(150&comma; 150&comma; 150&comma; 0.4); border-radius: 8px; overflow: hidden; display: flex; flex-direction: column;'>\n<div style='padding: 15px; border-bottom: 1px solid rgba(150&comma; 150&comma; 150&comma; 0.2); font-weight: bold; font-size: 18px; color: inherit;'>Caracter\u00edsticas<\/div>\n<div style='padding: 15px; color: inherit;'>\n<ul style='padding-left: 20px; margin: 0; font-size: 14px; list-style-type: disc;'>\n<li style='margin-bottom: 5px;'><span style='color: inherit;'>Contiene toda la \u00f3ptica&comma; la electr\u00f3nica y el firmware necesarios para proporcionar una salida compensada por temperatura.<\/span><\/li>\n<li style='margin-bottom: 5px;'><span style='color: inherit;'>Elecci\u00f3n del formato de salida: reemplazo directo del pelistor&comma; est\u00e1ndar de la industria de 0&comma;4 a 2 voltios CC o digital.<\/span><\/li>\n<li style='margin-bottom: 5px;'><span style='color: inherit;'>Convierte al instante los instrumentos existentes basados en pellistor compatibles a infrarrojos.<\/span><\/li>\n<li style='margin-bottom: 5px;'><span style='color: inherit;'>Amplia gama de opciones de calibraci\u00f3n de gas disponibles&comma; p. metano&comma; propano&comma; butano&comma; etc.<\/span><\/li>\n<li style='margin-bottom: 5px;'><span style='color: inherit;'>Los sensores se pueden configurar de f\u00e1brica seg\u00fan las especificaciones del cliente.<\/span><\/li>\n<\/ul><\/div>\n<\/p><\/div>\n<\/p><\/div>\n<hr style='border: 0; border-top: 1px solid rgba(150&comma; 150&comma; 150&comma; 0.3); margin: 30px 0;'> <\/div>\n","protected":false},"excerpt":{"rendered":"<p>Sensor de Cianuro de Hidr\u00f3geno (HCN) Compatible Con 805111100010N<\/p>\n","protected":false},"featured_media":36584,"comment_status":"open","ping_status":"closed","template":"","meta":[],"product_brand":[],"product_cat":[987],"product_tag":[988,522,989],"class_list":{"0":"post-36585","1":"product","2":"type-product","3":"status-publish","4":"has-post-thumbnail","6":"product_cat-detectores-de-gases","7":"product_tag-detectores-de-gases","8":"product_tag-dispositivos-convencionales","9":"product_tag-macurco-aerionics","11":"first","12":"outofstock","13":"sale","14":"shipping-taxable","15":"purchasable","16":"product-type-simple"},"_links":{"self":[{"href":"https:\/\/soydeaqui.ddns.net\/pachuca\/index.php\/wp-json\/wp\/v2\/product\/36585","targetHints":{"allow":["GET"]}}],"collection":[{"href":"https:\/\/soydeaqui.ddns.net\/pachuca\/index.php\/wp-json\/wp\/v2\/product"}],"about":[{"href":"https:\/\/soydeaqui.ddns.net\/pachuca\/index.php\/wp-json\/wp\/v2\/types\/product"}],"replies":[{"embeddable":true,"href":"https:\/\/soydeaqui.ddns.net\/pachuca\/index.php\/wp-json\/wp\/v2\/comments?post=36585"}],"wp:featuredmedia":[{"embeddable":true,"href":"https:\/\/soydeaqui.ddns.net\/pachuca\/index.php\/wp-json\/wp\/v2\/media\/36584"}],"wp:attachment":[{"href":"https:\/\/soydeaqui.ddns.net\/pachuca\/index.php\/wp-json\/wp\/v2\/media?parent=36585"}],"wp:term":[{"taxonomy":"product_brand","embeddable":true,"href":"https:\/\/soydeaqui.ddns.net\/pachuca\/index.php\/wp-json\/wp\/v2\/product_brand?post=36585"},{"taxonomy":"product_cat","embeddable":true,"href":"https:\/\/soydeaqui.ddns.net\/pachuca\/index.php\/wp-json\/wp\/v2\/product_cat?post=36585"},{"taxonomy":"product_tag","embeddable":true,"href":"https:\/\/soydeaqui.ddns.net\/pachuca\/index.php\/wp-json\/wp\/v2\/product_tag?post=36585"}],"curies":[{"name":"wp","href":"https:\/\/api.w.org\/{rel}","templated":true}]}}