{"id":36579,"date":"2026-03-18T16:09:45","date_gmt":"2026-03-18T16:09:45","guid":{"rendered":"https:\/\/soydeaqui.ddns.net\/pachuca\/index.php\/producto\/detector-de-flama-de-triple-ir-sin-videograbacion\/"},"modified":"2026-03-18T16:09:46","modified_gmt":"2026-03-18T16:09:46","slug":"detector-de-flama-de-triple-ir-sin-videograbacion","status":"publish","type":"product","link":"https:\/\/soydeaqui.ddns.net\/pachuca\/index.php\/producto\/detector-de-flama-de-triple-ir-sin-videograbacion\/","title":{"rendered":"Detector de Flama de Triple IR | Sin V\u00eddeograbaci\u00f3n"},"content":{"rendered":"<div style='width: 100%; max-width: 1200px; margin: 0 auto; font-family: sans-serif; line-height: 1.6; color: inherit; background-color: transparent;'>\n<div style='display: flex; flex-wrap: wrap; gap: 30px; margin-bottom: 30px;'>\n<div style='flex: 1 1 300px; min-width: 280px;'>\n<h3 style='font-size: 22px; border-bottom: 2px solid currentColor; padding-bottom: 5px; margin-top: 0; color: inherit; opacity: 0.8;'>Descripci\u00f3n General<\/h3>\n<p style='font-size: 15px; color: inherit; margin-bottom: 15px;'> El nuevo detector de llama triple IR TracXP TXP-FDE IR3-HD garantiza la mayor inmunidad a falsas alarmas y proporciona una respuesta ultrarr\u00e1pida&comma; alto rendimiento y detecci\u00f3n confiable de todo tipo de incendios de hidrocarburos (visibles y no visibles). El detector se ocupa de los incendios de crecimiento lento&comma; as\u00ed como r\u00e1pida erupci\u00f3n del fuego gracias a la tecnolog\u00eda mejorada de triple IR (IR3). La alta definici\u00f3n del IR3-HD. <\/p>\n<p style='font-size: 15px; color: inherit; margin-bottom: 15px;'> La c\u00e1mara permite obtener im\u00e1genes n\u00edtidas del fuego y del personal a una distancia de 100 pies (30 m). <\/p>\n<\/p><\/div>\n<\/p><\/div>\n<div style='display: flex; flex-wrap: wrap; gap: 20px; margin-bottom: 30px;'>\n<div style='flex: 1 1 250px; border: 1px solid rgba(150&comma; 150&comma; 150&comma; 0.4); border-radius: 8px; overflow: hidden; display: flex; flex-direction: column;'>\n<div style='padding: 15px; border-bottom: 1px solid rgba(150&comma; 150&comma; 150&comma; 0.2); font-weight: bold; font-size: 18px; color: inherit;'>Caracter\u00edsticas Clave<\/div>\n<div style='padding: 15px; color: inherit;'>\n<ul style='padding-left: 20px; margin: 0; font-size: 14px; list-style-type: disc;'>\n<li style='margin-bottom: 5px;'><strong>Sensibilidad extrema:<\/strong> hasta 260 pies<\/li>\n<li style='margin-bottom: 5px;'><strong>Tiempo de detecci\u00f3n:<\/strong> 1.3 segundos para 1ft\u00b2<\/li>\n<li style='margin-bottom: 5px;'><strong>Modo de detecci\u00f3n ultrarr\u00e1pido:<\/strong> detecci\u00f3n dentro de 40 milisegundos para bolas de fuego o explosiones<\/li>\n<li style='margin-bottom: 5px;'><strong>Inmunidad a falsas alarmas:<\/strong> alta inmunidad a falsas alarmas<\/li>\n<li style='margin-bottom: 5px;'><strong>Registrador de datos \/ eventos:<\/strong> alarmas&comma; fallas&comma; etc.<\/li>\n<li style='margin-bottom: 5px;'><strong>Prueba incorporada (BIT):<\/strong> autom\u00e1tica y manual prueba de limpieza y funcionamiento de ventanas<\/li>\n<li style='margin-bottom: 5px;'><strong>Calentador de ventana:<\/strong> para evitar la condensaci\u00f3n y la formaci\u00f3n de hielo<\/li>\n<li style='margin-bottom: 5px;'><strong>Soporte de montaje:<\/strong> se puede conectar un soporte de montaje inclinado por encima o por debajo del detector<\/li>\n<li style='margin-bottom: 0;'><strong>INCLUYE MONTAJE.<\/strong><\/li>\n<\/ul><\/div>\n<\/p><\/div>\n<div style='flex: 1 1 250px; border: 1px solid rgba(150&comma; 150&comma; 150&comma; 0.4); border-radius: 8px; overflow: hidden; display: flex; flex-direction: column;'>\n<div style='padding: 15px; border-bottom: 1px solid rgba(150&comma; 150&comma; 150&comma; 0.2); font-weight: bold; font-size: 18px; color: inherit;'>Aplicaciones<\/div>\n<div style='padding: 15px; color: inherit;'>\n<ul style='padding-left: 20px; margin: 0; font-size: 14px; list-style-type: disc;'>\n<li style='margin-bottom: 5px;'>Gas de petr\u00f3leo<\/li>\n<li style='margin-bottom: 5px;'>Instalaciones de almacenamiento de combustible y terminales<\/li>\n<li style='margin-bottom: 5px;'>Refino y producci\u00f3n qu\u00edmica<\/li>\n<li style='margin-bottom: 5px;'>Compresi\u00f3n de tuber\u00edas<\/li>\n<li style='margin-bottom: 5px;'>La extracci\u00f3n de petr\u00f3leo<\/li>\n<li style='margin-bottom: 5px;'>Hangares de aeronaves y instalaciones de mantenimiento<\/li>\n<li style='margin-bottom: 5px;'>Papel de pulpa<\/li>\n<li style='margin-bottom: 5px;'>Generaci\u00f3n de energ\u00eda<\/li>\n<li style='margin-bottom: 5px;'>Almacenaje<\/li>\n<li style='margin-bottom: 0;'>Industria en general<\/li>\n<\/ul><\/div>\n<\/p><\/div>\n<\/p><\/div>\n<div style='display: flex; flex-wrap: wrap; gap: 30px; margin-bottom: 30px; justify-content: center;'>\n<div style='flex: 1 1 560px; max-width: 560px;'>\n<div style='position: relative; padding-bottom: 56.25%; height: 0; overflow: hidden; margin-bottom: 30px;'>   <\/div>\n<\/p><\/div>\n<\/p><\/div>\n<hr style='border: 0; border-top: 1px solid rgba(150&comma; 150&comma; 150&comma; 0.3); margin: 30px 0;'> <\/div>\n","protected":false},"excerpt":{"rendered":"<p>Detector de Flama de Triple IR | Sin V\u00eddeograbaci\u00f3n<\/p>\n","protected":false},"featured_media":36578,"comment_status":"open","ping_status":"closed","template":"","meta":[],"product_brand":[],"product_cat":[985],"product_tag":[978,986,989],"class_list":{"0":"post-36579","1":"product","2":"type-product","3":"status-publish","4":"has-post-thumbnail","6":"product_cat-detectores-de-flama","7":"product_tag-aplicaciones-especiales","8":"product_tag-detectores-de-flama","9":"product_tag-macurco-aerionics","11":"first","12":"instock","13":"sale","14":"shipping-taxable","15":"purchasable","16":"product-type-simple"},"_links":{"self":[{"href":"https:\/\/soydeaqui.ddns.net\/pachuca\/index.php\/wp-json\/wp\/v2\/product\/36579","targetHints":{"allow":["GET"]}}],"collection":[{"href":"https:\/\/soydeaqui.ddns.net\/pachuca\/index.php\/wp-json\/wp\/v2\/product"}],"about":[{"href":"https:\/\/soydeaqui.ddns.net\/pachuca\/index.php\/wp-json\/wp\/v2\/types\/product"}],"replies":[{"embeddable":true,"href":"https:\/\/soydeaqui.ddns.net\/pachuca\/index.php\/wp-json\/wp\/v2\/comments?post=36579"}],"wp:featuredmedia":[{"embeddable":true,"href":"https:\/\/soydeaqui.ddns.net\/pachuca\/index.php\/wp-json\/wp\/v2\/media\/36578"}],"wp:attachment":[{"href":"https:\/\/soydeaqui.ddns.net\/pachuca\/index.php\/wp-json\/wp\/v2\/media?parent=36579"}],"wp:term":[{"taxonomy":"product_brand","embeddable":true,"href":"https:\/\/soydeaqui.ddns.net\/pachuca\/index.php\/wp-json\/wp\/v2\/product_brand?post=36579"},{"taxonomy":"product_cat","embeddable":true,"href":"https:\/\/soydeaqui.ddns.net\/pachuca\/index.php\/wp-json\/wp\/v2\/product_cat?post=36579"},{"taxonomy":"product_tag","embeddable":true,"href":"https:\/\/soydeaqui.ddns.net\/pachuca\/index.php\/wp-json\/wp\/v2\/product_tag?post=36579"}],"curies":[{"name":"wp","href":"https:\/\/api.w.org\/{rel}","templated":true}]}}