{"id":36565,"date":"2026-03-18T16:09:28","date_gmt":"2026-03-18T16:09:28","guid":{"rendered":"https:\/\/soydeaqui.ddns.net\/pachuca\/index.php\/producto\/cilindro-para-calibracion-de-propano-air-c3h8-balance-aire-concentracion-50-lel-capacidad-103-l-dimensiones-5-8-x-18-para-serie-xnx-xcd-s3k-gases-combustibles\/"},"modified":"2026-03-18T16:09:29","modified_gmt":"2026-03-18T16:09:29","slug":"cilindro-para-calibracion-de-propano-air-c3h8-balance-aire-concentracion-50-lel-capacidad-103-l-dimensiones-5-8-x-18-para-serie-xnx-xcd-s3k-gases-combustibles","status":"publish","type":"product","link":"https:\/\/soydeaqui.ddns.net\/pachuca\/index.php\/producto\/cilindro-para-calibracion-de-propano-air-c3h8-balance-aire-concentracion-50-lel-capacidad-103-l-dimensiones-5-8-x-18-para-serie-xnx-xcd-s3k-gases-combustibles\/","title":{"rendered":"Cilindro Para Calibraci\u00f3n De Propano\/Air (C3H8), Balance Aire, Concentraci\u00f3n 50% LEL, Capacidad 103 L, Dimensiones 5\/8&#8243; x 18&#8243;, Para Serie XNX\/XCD\/S3K Gases Combustibles"},"content":{"rendered":"<div style='width: 100%; max-width: 1200px; margin: 0 auto; font-family: sans-serif; line-height: 1.6; color: inherit; background-color: transparent;'> <!-- Secci\u00f3n de caracter\u00edsticas principales --> <\/p>\n<div style='display: flex; flex-wrap: wrap; gap: 30px; margin-bottom: 30px;'>\n<div style='flex: 1 1 300px; min-width: 280px;'>\n<h3 style='font-size: 22px; border-bottom: 2px solid currentColor; padding-bottom: 5px; margin-top: 0; color: inherit; opacity: 0.8;'>Caracter\u00edsticas principales<\/h3>\n<ul style='padding-left: 20px; font-size: 15px; color: inherit;'>\n<li style='margin-bottom: 5px;'>Cilindro de calibraci\u00f3n propano\/aire (C3H8)<\/li>\n<li style='margin-bottom: 5px;'>Concentraci\u00f3n de 50% LEL para precisi\u00f3n<\/li>\n<li style='margin-bottom: 5px;'>Capacidad de 103 litros en dise\u00f1o compacto<\/li>\n<li style='margin-bottom: 5px;'>Dimensiones precisas de 5\/8&#8242; x 18&#8242;<\/li>\n<li style='margin-bottom: 5px;'>Balance de aire optimizado para calibraci\u00f3n<\/li>\n<\/ul><\/div>\n<\/p><\/div>\n<p> <!-- Secci\u00f3n de especificaciones t\u00e9cnicas --> <\/p>\n<div style='display: flex; flex-wrap: wrap; gap: 20px; margin-bottom: 30px;'>\n<div style='flex: 1 1 250px; border: 1px solid rgba(150&comma; 150&comma; 150&comma; 0.4); border-radius: 8px; overflow: hidden; display: flex; flex-direction: column;'>\n<div style='padding: 15px; border-bottom: 1px solid rgba(150&comma; 150&comma; 150&comma; 0.2); font-weight: bold; font-size: 18px; color: inherit;'>Especificaciones t\u00e9cnicas<\/div>\n<div style='padding: 15px; color: inherit;'>\n<ul style='padding-left: 20px; margin: 0; font-size: 14px; list-style-type: disc;'>\n<li style='margin-bottom: 5px;'><strong>Tipo:<\/strong> Cilindro de calibraci\u00f3n<\/li>\n<li style='margin-bottom: 5px;'><strong>Gas:<\/strong> Propano\/Aire (C3H8)<\/li>\n<li style='margin-bottom: 5px;'><strong>Concentraci\u00f3n:<\/strong> 50% LEL<\/li>\n<li style='margin-bottom: 5px;'><strong>Capacidad:<\/strong> 103 litros<\/li>\n<li style='margin-bottom: 5px;'><strong>Dimensiones:<\/strong> 5\/8&#8242; x 18&#8242;<\/li>\n<li style='margin-bottom: 5px;'><strong>Aplicaci\u00f3n:<\/strong> Serie XNX\/XCD\/S3K Gases Combustibles<\/li>\n<\/ul><\/div>\n<\/p><\/div>\n<p> <!-- Secci\u00f3n de aplicaciones --> <\/p>\n<div style='flex: 1 1 250px; border: 1px solid rgba(150&comma; 150&comma; 150&comma; 0.4); border-radius: 8px; overflow: hidden; display: flex; flex-direction: column;'>\n<div style='padding: 15px; border-bottom: 1px solid rgba(150&comma; 150&comma; 150&comma; 0.2); font-weight: bold; font-size: 18px; color: inherit;'>Aplicaciones<\/div>\n<div style='padding: 15px; color: inherit;'>\n<ul style='padding-left: 20px; margin: 0; font-size: 14px; list-style-type: disc;'>\n<li style='margin-bottom: 5px;'>Plataformas petrol\u00edferas y de producci\u00f3n<\/li>\n<li style='margin-bottom: 5px;'>Exploraci\u00f3n y perforaci\u00f3n de petr\u00f3leo y gas<\/li>\n<li style='margin-bottom: 5px;'>Refiner\u00edas<\/li>\n<li style='margin-bottom: 5px;'>Plantas qu\u00edmicas y petroqu\u00edmicas<\/li>\n<li style='margin-bottom: 5px;'>Terminales de petr\u00f3leo y gas en tierra<\/li>\n<li style='margin-bottom: 5px;'>Transporte de gas<\/li>\n<li style='margin-bottom: 5px;'>Centrales el\u00e9ctricas<\/li>\n<\/ul><\/div>\n<\/p><\/div>\n<\/p><\/div>\n<p> <!-- Secci\u00f3n de compatibilidad --> <\/p>\n<div style='display: flex; flex-wrap: wrap; gap: 20px; margin-bottom: 30px;'>\n<div style='flex: 1 1 250px; border: 1px solid rgba(150&comma; 150&comma; 150&comma; 0.4); border-radius: 8px; overflow: hidden; display: flex; flex-direction: column;'>\n<div style='padding: 15px; border-bottom: 1px solid rgba(150&comma; 150&comma; 150&comma; 0.2); font-weight: bold; font-size: 18px; color: inherit;'>Compatibilidad<\/div>\n<div style='padding: 15px; color: inherit;'>\n<ul style='padding-left: 20px; margin: 0; font-size: 14px; list-style-type: disc;'>\n<li style='margin-bottom: 5px;'>Serie XNX<\/li>\n<li style='margin-bottom: 5px;'>Serie XCD<\/li>\n<li style='margin-bottom: 5px;'>Serie S3K<\/li>\n<\/ul><\/div>\n<\/p><\/div>\n<p> <!-- Secci\u00f3n de beneficios --> <\/p>\n<div style='flex: 1 1 250px; border: 1px solid rgba(150&comma; 150&comma; 150&comma; 0.4); border-radius: 8px; overflow: hidden; display: flex; flex-direction: column;'>\n<div style='padding: 15px; border-bottom: 1px solid rgba(150&comma; 150&comma; 150&comma; 0.2); font-weight: bold; font-size: 18px; color: inherit;'>Beneficios clave<\/div>\n<div style='padding: 15px; color: inherit;'>\n<ul style='padding-left: 20px; margin: 0; font-size: 14px; list-style-type: disc;'>\n<li style='margin-bottom: 5px;'>Dise\u00f1o compacto para f\u00e1cil manejo<\/li>\n<li style='margin-bottom: 5px;'>Precisi\u00f3n garantizada en calibraci\u00f3n<\/li>\n<li style='margin-bottom: 5px;'>Material resistente para uso industrial<\/li>\n<li style='margin-bottom: 5px;'>F\u00e1cil conexi\u00f3n y desconexi\u00f3n<\/li>\n<li style='margin-bottom: 5px;'>Durabilidad en condiciones extremas<\/li>\n<\/ul><\/div>\n<\/p><\/div>\n<\/p><\/div>\n<p> <!-- Separador --> <\/p>\n<hr style='border: 0; border-top: 1px solid rgba(150&comma; 150&comma; 150&comma; 0.3); margin: 30px 0;'> <\/div>\n","protected":false},"excerpt":{"rendered":"<p>Cilindro Para Calibraci\u00f3n De Propano\/Air (C3H8), Balance Aire, Concentraci\u00f3n 50% LEL, Capacidad 103 L, Dimensiones 5\/8&#8243; x 18&#8243;, Para Serie XNX\/XCD\/S3K Gases Combustibles<\/p>\n","protected":false},"featured_media":36564,"comment_status":"open","ping_status":"closed","template":"","meta":[],"product_brand":[],"product_cat":[524],"product_tag":[93,522,1014],"class_list":{"0":"post-36565","1":"product","2":"type-product","3":"status-publish","4":"has-post-thumbnail","6":"product_cat-accesorios-dispositivos-convencionales","7":"product_tag-accesorios","8":"product_tag-dispositivos-convencionales","9":"product_tag-honeywell-analytics","11":"first","12":"outofstock","13":"sale","14":"shipping-taxable","15":"purchasable","16":"product-type-simple"},"_links":{"self":[{"href":"https:\/\/soydeaqui.ddns.net\/pachuca\/index.php\/wp-json\/wp\/v2\/product\/36565","targetHints":{"allow":["GET"]}}],"collection":[{"href":"https:\/\/soydeaqui.ddns.net\/pachuca\/index.php\/wp-json\/wp\/v2\/product"}],"about":[{"href":"https:\/\/soydeaqui.ddns.net\/pachuca\/index.php\/wp-json\/wp\/v2\/types\/product"}],"replies":[{"embeddable":true,"href":"https:\/\/soydeaqui.ddns.net\/pachuca\/index.php\/wp-json\/wp\/v2\/comments?post=36565"}],"wp:featuredmedia":[{"embeddable":true,"href":"https:\/\/soydeaqui.ddns.net\/pachuca\/index.php\/wp-json\/wp\/v2\/media\/36564"}],"wp:attachment":[{"href":"https:\/\/soydeaqui.ddns.net\/pachuca\/index.php\/wp-json\/wp\/v2\/media?parent=36565"}],"wp:term":[{"taxonomy":"product_brand","embeddable":true,"href":"https:\/\/soydeaqui.ddns.net\/pachuca\/index.php\/wp-json\/wp\/v2\/product_brand?post=36565"},{"taxonomy":"product_cat","embeddable":true,"href":"https:\/\/soydeaqui.ddns.net\/pachuca\/index.php\/wp-json\/wp\/v2\/product_cat?post=36565"},{"taxonomy":"product_tag","embeddable":true,"href":"https:\/\/soydeaqui.ddns.net\/pachuca\/index.php\/wp-json\/wp\/v2\/product_tag?post=36565"}],"curies":[{"name":"wp","href":"https:\/\/api.w.org\/{rel}","templated":true}]}}