{"id":3655,"date":"2026-03-18T06:10:25","date_gmt":"2026-03-18T06:10:25","guid":{"rendered":"https:\/\/soydeaqui.ddns.net\/pachuca\/index.php\/producto\/amplificador-mezclador-matricial-4-zonas-240w-por-canal-6-entradas-receptor-de-medios\/"},"modified":"2026-03-18T06:10:27","modified_gmt":"2026-03-18T06:10:27","slug":"amplificador-mezclador-matricial-4-zonas-240w-por-canal-6-entradas-receptor-de-medios","status":"publish","type":"product","link":"https:\/\/soydeaqui.ddns.net\/pachuca\/index.php\/producto\/amplificador-mezclador-matricial-4-zonas-240w-por-canal-6-entradas-receptor-de-medios\/","title":{"rendered":"Amplificador Mezclador Matricial | 4 zonas | 240w por canal | 6 entradas | Receptor de medios"},"content":{"rendered":"<div style='width: 100%; max-width: 1200px; margin: 0 auto; font-family: sans-serif; line-height: 1.6; color: inherit; background-color: transparent;'> <!-- Secci\u00f3n de descripci\u00f3n --> <\/p>\n<div style='margin-bottom: 30px;'>\n<p style='font-size: 16px; color: inherit;'> El amplificador mezclador digital de matriz de 4 canales de la nueva serie UC&comma; con mayor eficiencia&comma; es ideal para sistemas de sonido comerciales. Cumple con las demandas de los mercados emergentes para proporcionar equipos de alta calidad a precios asequibles. Los amplificadores mezcladores de la serie UC tienen cuatro salidas de 4\u03a9\/100V y m\u00faltiples funciones. La serie combina muchas funciones para un uso conveniente y flexible&comma; incluidos reproductores multimedia Bluetooth y USB; Admite salida de 4 \u03a9\/8 \u03a9\/ 100 V; cada canal de salida est\u00e1 equipado con un control de graves y agudos independiente. Es adecuado para clubes&comma; estadios&comma; centros comerciales y otros sistemas de transmisi\u00f3n bajo demanda de amplificadores de potencia multicanal de alta potencia. <\/p>\n<\/p><\/div>\n<p> <!-- Secci\u00f3n de caracter\u00edsticas --> <\/p>\n<div style='display: flex; flex-wrap: wrap; gap: 30px; margin-bottom: 30px;'>\n<div style='flex: 1 1 300px; min-width: 280px;'>\n<h3 style='font-size: 22px; border-bottom: 2px solid currentColor; padding-bottom: 5px; margin-top: 0; color: inherit; opacity: 0.8;'>Caracter\u00edsticas<\/h3>\n<ul style='padding-left: 20px; font-size: 15px; color: inherit;'>\n<li style='margin-bottom: 5px;'>Amplificador de potencia digital de alto rendimiento impedancia\/voltaje. Potencia de 240W por zona (4-16\u03a9\/100V) con 4 salidas<\/li>\n<li style='margin-bottom: 5px;'>Funci\u00f3n de grabaci\u00f3n de MP3 incorporada<\/li>\n<li style='margin-bottom: 5px;'>6 canales con control de volumen independiente<\/li>\n<li style='margin-bottom: 5px;'>Las fuentes de audio de 6 canales se pueden asignar a cada salida a trav\u00e9s de la configuraci\u00f3n de matriz.<\/li>\n<li style='margin-bottom: 5px;'>Entrada MIC 1-4 con ganancia ajustable<\/li>\n<li style='margin-bottom: 5px;'>Las salidas de 4 canales permiten el ajuste de potencia independiente<\/li>\n<li style='margin-bottom: 5px;'>Hasta 4 micr\u00f3fonos remotos cuello de ganso<\/li>\n<li style='margin-bottom: 5px;'>Funci\u00f3n de reproductor de MP3 (USB \/ tarjeta SD) integrada<\/li>\n<li style='margin-bottom: 5px;'>Funci\u00f3n de radio FM incorporada<\/li>\n<li style='margin-bottom: 5px;'>Adopta una pantalla OLED de alta calidad<\/li>\n<li style='margin-bottom: 5px;'>Las salidas de 4 canales admiten el control del panel remoto<\/li>\n<li style='margin-bottom: 5px;'>Indicador de estado de salida para distorsi\u00f3n&comma; protecci\u00f3n&comma; se\u00f1al<\/li>\n<li style='margin-bottom: 5px;'>Los canales MIC 1-4 admiten alimentaci\u00f3n fantasma<\/li>\n<li style='margin-bottom: 5px;'>1-4 canales tienen prioridad y funci\u00f3n de selecci\u00f3n de mezcla<\/li>\n<li style='margin-bottom: 5px;'>Puerto de entrada prioritario de la fuente de sonido de alarma EMC<\/li>\n<li style='margin-bottom: 5px;'>Puerto de ALARMA para reproducir la pista de alarma especificada<\/li>\n<li style='margin-bottom: 5px;'>Funci\u00f3n Bluetooth integrada y antena Bluetooth de alta ganancia para conectar a tel\u00e9fonos m\u00f3viles\/ordenadores<\/li>\n<li style='margin-bottom: 5px;'>Los puertos MUTE de 4 canales se pueden conectar al puerto de control de incendio<\/li>\n<li style='margin-bottom: 5px;'>Prioridad: MUTE>EMC>MICRO REMOTO> MIC1-4>MIC5-6 LINE5-6<\/li>\n<\/ul><\/div>\n<\/p><\/div>\n<p> <!-- Secci\u00f3n de accesorios --> <\/p>\n<div style='display: flex; flex-wrap: wrap; gap: 20px; margin-bottom: 30px;'>\n<div style='flex: 1 1 250px; border: 1px solid rgba(150&comma; 150&comma; 150&comma; 0.4); border-radius: 8px; overflow: hidden; display: flex; flex-direction: column;'>\n<div style='padding: 15px; border-bottom: 1px solid rgba(150&comma; 150&comma; 150&comma; 0.2); font-weight: bold; font-size: 18px; color: inherit;'>Accesorios Opcionales<\/div>\n<div style='padding: 15px; color: inherit;'>\n<ul style='padding-left: 20px; margin: 0; font-size: 14px; list-style-type: disc;'>\n<li style='margin-bottom: 5px;'><a href='https:\/\/www.syscom.mx\/producto\/SF-214B-EPCOM-PROAUDIO-205646.html' style='color: inherit; text-decoration: none; border-bottom: 1px dotted rgba(0&comma;0&comma;0&comma;0.5);'>Micr\u00f3fono SF-214B<\/a><\/li>\n<li style='margin-bottom: 5px;'><a href='https:\/\/www.syscom.mx\/producto\/SF-651-EPCOM-PROAUDIO-205653.html' style='color: inherit; text-decoration: none; border-bottom: 1px dotted rgba(0&comma;0&comma;0&comma;0.5);'>Control de volumen SF-651<\/a><\/li>\n<\/ul><\/div>\n<\/p><\/div>\n<\/p><\/div>\n<p> <!-- Separador --> <\/p>\n<hr style='border: 0; border-top: 1px solid rgba(150&comma; 150&comma; 150&comma; 0.3); margin: 30px 0;'> <\/div>\n","protected":false},"excerpt":{"rendered":"<p>Amplificador Mezclador Matricial | 4 zonas | 240w por canal | 6 entradas | Receptor de medios<\/p>\n","protected":false},"featured_media":3654,"comment_status":"open","ping_status":"closed","template":"","meta":[],"product_brand":[],"product_cat":[108],"product_tag":[110,109],"class_list":{"0":"post-3655","1":"product","2":"type-product","3":"status-publish","4":"has-post-thumbnail","6":"product_cat-epcom-proaudio","7":"product_tag-epcom-proaudio","8":"product_tag-megafonia-y-audioevacuacion","10":"first","11":"instock","12":"sale","13":"shipping-taxable","14":"purchasable","15":"product-type-simple"},"_links":{"self":[{"href":"https:\/\/soydeaqui.ddns.net\/pachuca\/index.php\/wp-json\/wp\/v2\/product\/3655","targetHints":{"allow":["GET"]}}],"collection":[{"href":"https:\/\/soydeaqui.ddns.net\/pachuca\/index.php\/wp-json\/wp\/v2\/product"}],"about":[{"href":"https:\/\/soydeaqui.ddns.net\/pachuca\/index.php\/wp-json\/wp\/v2\/types\/product"}],"replies":[{"embeddable":true,"href":"https:\/\/soydeaqui.ddns.net\/pachuca\/index.php\/wp-json\/wp\/v2\/comments?post=3655"}],"wp:featuredmedia":[{"embeddable":true,"href":"https:\/\/soydeaqui.ddns.net\/pachuca\/index.php\/wp-json\/wp\/v2\/media\/3654"}],"wp:attachment":[{"href":"https:\/\/soydeaqui.ddns.net\/pachuca\/index.php\/wp-json\/wp\/v2\/media?parent=3655"}],"wp:term":[{"taxonomy":"product_brand","embeddable":true,"href":"https:\/\/soydeaqui.ddns.net\/pachuca\/index.php\/wp-json\/wp\/v2\/product_brand?post=3655"},{"taxonomy":"product_cat","embeddable":true,"href":"https:\/\/soydeaqui.ddns.net\/pachuca\/index.php\/wp-json\/wp\/v2\/product_cat?post=3655"},{"taxonomy":"product_tag","embeddable":true,"href":"https:\/\/soydeaqui.ddns.net\/pachuca\/index.php\/wp-json\/wp\/v2\/product_tag?post=3655"}],"curies":[{"name":"wp","href":"https:\/\/api.w.org\/{rel}","templated":true}]}}