{"id":36547,"date":"2026-03-18T16:09:09","date_gmt":"2026-03-18T16:09:09","guid":{"rendered":"https:\/\/soydeaqui.ddns.net\/pachuca\/index.php\/producto\/pantalla-tactil-capacitiva-de-7-pulgadas-con-navegador-html5-chromium-ip66-acceso-directo-al-controlador\/"},"modified":"2026-03-18T16:09:09","modified_gmt":"2026-03-18T16:09:09","slug":"pantalla-tactil-capacitiva-de-7-pulgadas-con-navegador-html5-chromium-ip66-acceso-directo-al-controlador","status":"publish","type":"product","link":"https:\/\/soydeaqui.ddns.net\/pachuca\/index.php\/producto\/pantalla-tactil-capacitiva-de-7-pulgadas-con-navegador-html5-chromium-ip66-acceso-directo-al-controlador\/","title":{"rendered":"Pantalla tactil capacitiva de 7 pulgadas con Navegador HTML5 Chromium , IP66 , acceso directo al controlador"},"content":{"rendered":"<div style='width: 100%; max-width: 1200px; margin: 0 auto; font-family: sans-serif; line-height: 1.6; color: inherit; background-color: transparent;'> <!-- Secci\u00f3n de descripci\u00f3n --> <\/p>\n<div style='margin-bottom: 30px; font-size: 15px; color: inherit;'>\n<p>Los paneles t\u00e1ctiles WEB-HMI est\u00e1n disponibles en 5 diferentes tama\u00f1os que ofrecen 2 niveles de visualizaci\u00f3n y rendimiento de conectividad:<\/p>\n<ul style='padding-left: 20px; margin: 15px 0;'>\n<li style='margin-bottom: 8px;'>Acceso directo al controlador (Navegar en el controlador)<\/li>\n<li style='margin-bottom: 8px;'>Acceso al controlador de todo el sistema (busque en el sistema)<\/li>\n<\/ul>\n<p>WEB-HMI se integra a la perfecci\u00f3n con CIPer Model 10&comma; CIPer modelo 30&comma; CIPer modelo 50 y WEB-8000 ofreciendo un rendimiento s\u00f3lido y completo informaci\u00f3n del controlador o del sistema de construcci\u00f3n.<\/p>\n<\/p><\/div>\n<p> <!-- Secci\u00f3n de caracter\u00edsticas --> <\/p>\n<div style='display: flex; flex-wrap: wrap; gap: 20px; margin-bottom: 30px;'>\n<div style='flex: 1 1 250px; border: 1px solid rgba(150&comma; 150&comma; 150&comma; 0.4); border-radius: 8px; overflow: hidden; display: flex; flex-direction: column;'>\n<div style='padding: 15px; border-bottom: 1px solid rgba(150&comma; 150&comma; 150&comma; 0.2); font-weight: bold; font-size: 18px; color: inherit;'>Caracter\u00edsticas<\/div>\n<div style='padding: 15px; color: inherit;'>\n<ul style='padding-left: 20px; margin: 0; font-size: 14px; list-style-type: disc;'>\n<li style='margin-bottom: 5px;'>Alto Nivel de Ciberseguridad<\/li>\n<li style='margin-bottom: 5px;'>Grado de protecci\u00f3n de entrada de IP66<\/li>\n<li style='margin-bottom: 5px;'>Protecci\u00f3n contra accesos no autorizados<\/li>\n<li style='margin-bottom: 5px;'>Navegador HTML5 moderno basado en Linux<\/li>\n<li style='margin-bottom: 5px;'>Panel t\u00e1ctil de grado industrial de alta calidad con vida lapso de m\u00e1s de 10 a\u00f1os<\/li>\n<li style='margin-bottom: 5px;'>Los controladores&comma; HMI y herramientas est\u00e1n armonizados y probado juntos<\/li>\n<li style='margin-bottom: 5px;'>Navegador HTML5 Chromium para acceder a Niagara WEBsN4<\/li>\n<\/ul><\/div>\n<\/p><\/div>\n<\/p><\/div>\n<p> <!-- Secci\u00f3n de aplicaciones --> <\/p>\n<div style='display: flex; flex-wrap: wrap; gap: 20px; margin-bottom: 30px;'>\n<div style='flex: 1 1 250px; border: 1px solid rgba(150&comma; 150&comma; 150&comma; 0.4); border-radius: 8px; overflow: hidden; display: flex; flex-direction: column;'>\n<div style='padding: 15px; border-bottom: 1px solid rgba(150&comma; 150&comma; 150&comma; 0.2); font-weight: bold; font-size: 18px; color: inherit;'>Aplicaciones<\/div>\n<div style='padding: 15px; color: inherit;'>\n<ul style='padding-left: 20px; margin: 0; font-size: 14px; list-style-type: disc;'>\n<li style='margin-bottom: 5px;'>Automatizaci\u00f3n de edificios<\/li>\n<li style='margin-bottom: 5px;'>Automatizaci\u00f3n de infraestructura<\/li>\n<li style='margin-bottom: 5px;'>OEM<\/li>\n<\/ul><\/div>\n<\/p><\/div>\n<\/p><\/div>\n<p> <!-- Separador --> <\/p>\n<hr style='border: 0; border-top: 1px solid rgba(150&comma; 150&comma; 150&comma; 0.3); margin: 30px 0;'> <\/div>\n","protected":false},"excerpt":{"rendered":"<p>Pantalla tactil capacitiva de 7 pulgadas con Navegador HTML5 Chromium , IP66 , acceso directo al controlador<\/p>\n","protected":false},"featured_media":36546,"comment_status":"open","ping_status":"closed","template":"","meta":[],"product_brand":[],"product_cat":[1034],"product_tag":[1035,1036,1037],"class_list":{"0":"post-36547","1":"product","2":"type-product","3":"status-publish","4":"has-post-thumbnail","6":"product_cat-bms-bas","7":"product_tag-bms","8":"product_tag-bms-bas","9":"product_tag-honeywell-bms","11":"first","12":"instock","13":"sale","14":"shipping-taxable","15":"purchasable","16":"product-type-simple"},"_links":{"self":[{"href":"https:\/\/soydeaqui.ddns.net\/pachuca\/index.php\/wp-json\/wp\/v2\/product\/36547","targetHints":{"allow":["GET"]}}],"collection":[{"href":"https:\/\/soydeaqui.ddns.net\/pachuca\/index.php\/wp-json\/wp\/v2\/product"}],"about":[{"href":"https:\/\/soydeaqui.ddns.net\/pachuca\/index.php\/wp-json\/wp\/v2\/types\/product"}],"replies":[{"embeddable":true,"href":"https:\/\/soydeaqui.ddns.net\/pachuca\/index.php\/wp-json\/wp\/v2\/comments?post=36547"}],"wp:featuredmedia":[{"embeddable":true,"href":"https:\/\/soydeaqui.ddns.net\/pachuca\/index.php\/wp-json\/wp\/v2\/media\/36546"}],"wp:attachment":[{"href":"https:\/\/soydeaqui.ddns.net\/pachuca\/index.php\/wp-json\/wp\/v2\/media?parent=36547"}],"wp:term":[{"taxonomy":"product_brand","embeddable":true,"href":"https:\/\/soydeaqui.ddns.net\/pachuca\/index.php\/wp-json\/wp\/v2\/product_brand?post=36547"},{"taxonomy":"product_cat","embeddable":true,"href":"https:\/\/soydeaqui.ddns.net\/pachuca\/index.php\/wp-json\/wp\/v2\/product_cat?post=36547"},{"taxonomy":"product_tag","embeddable":true,"href":"https:\/\/soydeaqui.ddns.net\/pachuca\/index.php\/wp-json\/wp\/v2\/product_tag?post=36547"}],"curies":[{"name":"wp","href":"https:\/\/api.w.org\/{rel}","templated":true}]}}