{"id":36541,"date":"2026-03-18T16:09:00","date_gmt":"2026-03-18T16:09:00","guid":{"rendered":"https:\/\/soydeaqui.ddns.net\/pachuca\/index.php\/producto\/interruptor-de-presion-diferencial-serie-adps-3\/"},"modified":"2026-03-18T16:09:01","modified_gmt":"2026-03-18T16:09:01","slug":"interruptor-de-presion-diferencial-serie-adps-3","status":"publish","type":"product","link":"https:\/\/soydeaqui.ddns.net\/pachuca\/index.php\/producto\/interruptor-de-presion-diferencial-serie-adps-3\/","title":{"rendered":"Interruptor de presion diferencial serie ADPS"},"content":{"rendered":"<div style='width: 100%; max-width: 1200px; margin: 0 auto; font-family: sans-serif; line-height: 1.6; color: inherit; background-color: transparent;'>\n<div style='display: flex; flex-wrap: wrap; gap: 30px; margin-bottom: 30px;'>\n<div style='flex: 1 1 300px; min-width: 280px;'>\n<h3 style='font-size: 22px; border-bottom: 2px solid currentColor; padding-bottom: 5px; margin-top: 0; color: inherit; opacity: 0.8;'>Caracter\u00edsticas<\/h3>\n<ul style='padding-left: 20px; font-size: 15px; color: inherit;'>\n<li style='margin-bottom: 5px;'>El interruptor de presi\u00f3n diferencial ajustable serie ADPS\/EDPS est\u00e1 dise\u00f1ado para presi\u00f3n&comma; vac\u00edo y presiones diferenciales<\/li>\n<li style='margin-bottom: 5px;'>Perilla de ajuste de doble escala en pulgadas de columna de agua y pascales<\/li>\n<li style='margin-bottom: 5px;'>Permite cambiar el punto de ajuste sin necesidad de un man\u00f3metro<\/li>\n<li style='margin-bottom: 5px;'>Valores de ajuste desde 0.08 pulgadas de columna de agua (20 Pa) hasta 20 pulgadas de columna de agua (5000 Pa)<\/li>\n<li style='margin-bottom: 5px;'>Diafragma de silicona y cuerpo de 6.6 Pa<\/li>\n<li style='margin-bottom: 5px;'>Ideal para usar con aire y otros gases no combustibles<\/li>\n<li style='margin-bottom: 5px;'>Modelos EDPS cumplen con norma UL508<\/li>\n<li style='margin-bottom: 5px;'>Fabricados de pl\u00e1stico aprobado para uso en c\u00e1mara de distribuci\u00f3n de aire<\/li>\n<li style='margin-bottom: 5px;'>Tama\u00f1o compacto y perilla de ajuste<\/li>\n<li style='margin-bottom: 5px;'>Bajo costo<\/li>\n<li style='margin-bottom: 5px;'>Opci\u00f3n perfecta para aplicaciones de calefacci\u00f3n&comma; ventilaci\u00f3n y aire acondicionado<\/li>\n<\/ul><\/div>\n<\/p><\/div>\n<p> <!-- Separador --> <\/p>\n<hr style='border: 0; border-top: 1px solid rgba(150&comma; 150&comma; 150&comma; 0.3); margin: 30px 0;'> <\/div>\n","protected":false},"excerpt":{"rendered":"<p>Interruptor de presion diferencial serie ADPS<\/p>\n","protected":false},"featured_media":36540,"comment_status":"open","ping_status":"closed","template":"","meta":[],"product_brand":[],"product_cat":[1034],"product_tag":[1035,1036,1037],"class_list":{"0":"post-36541","1":"product","2":"type-product","3":"status-publish","4":"has-post-thumbnail","6":"product_cat-bms-bas","7":"product_tag-bms","8":"product_tag-bms-bas","9":"product_tag-honeywell-bms","11":"first","12":"instock","13":"sale","14":"shipping-taxable","15":"purchasable","16":"product-type-simple"},"_links":{"self":[{"href":"https:\/\/soydeaqui.ddns.net\/pachuca\/index.php\/wp-json\/wp\/v2\/product\/36541","targetHints":{"allow":["GET"]}}],"collection":[{"href":"https:\/\/soydeaqui.ddns.net\/pachuca\/index.php\/wp-json\/wp\/v2\/product"}],"about":[{"href":"https:\/\/soydeaqui.ddns.net\/pachuca\/index.php\/wp-json\/wp\/v2\/types\/product"}],"replies":[{"embeddable":true,"href":"https:\/\/soydeaqui.ddns.net\/pachuca\/index.php\/wp-json\/wp\/v2\/comments?post=36541"}],"wp:featuredmedia":[{"embeddable":true,"href":"https:\/\/soydeaqui.ddns.net\/pachuca\/index.php\/wp-json\/wp\/v2\/media\/36540"}],"wp:attachment":[{"href":"https:\/\/soydeaqui.ddns.net\/pachuca\/index.php\/wp-json\/wp\/v2\/media?parent=36541"}],"wp:term":[{"taxonomy":"product_brand","embeddable":true,"href":"https:\/\/soydeaqui.ddns.net\/pachuca\/index.php\/wp-json\/wp\/v2\/product_brand?post=36541"},{"taxonomy":"product_cat","embeddable":true,"href":"https:\/\/soydeaqui.ddns.net\/pachuca\/index.php\/wp-json\/wp\/v2\/product_cat?post=36541"},{"taxonomy":"product_tag","embeddable":true,"href":"https:\/\/soydeaqui.ddns.net\/pachuca\/index.php\/wp-json\/wp\/v2\/product_tag?post=36541"}],"curies":[{"name":"wp","href":"https:\/\/api.w.org\/{rel}","templated":true}]}}