{"id":36530,"date":"2026-03-18T16:08:48","date_gmt":"2026-03-18T16:08:48","guid":{"rendered":"https:\/\/soydeaqui.ddns.net\/pachuca\/index.php\/producto\/detector-de-flama-uv-ir-opera-en-todas-las-condiciones-de-luz-y-clima-sin-video-grabacion\/"},"modified":"2026-03-18T16:08:49","modified_gmt":"2026-03-18T16:08:49","slug":"detector-de-flama-uv-ir-opera-en-todas-las-condiciones-de-luz-y-clima-sin-video-grabacion","status":"publish","type":"product","link":"https:\/\/soydeaqui.ddns.net\/pachuca\/index.php\/producto\/detector-de-flama-uv-ir-opera-en-todas-las-condiciones-de-luz-y-clima-sin-video-grabacion\/","title":{"rendered":"Detector de Flama UV\/IR | Opera en Todas las Condiciones de Luz y Clima | Sin V\u00eddeo grabaci\u00f3n"},"content":{"rendered":"<div style='width: 100%; max-width: 1200px; margin: 0 auto; font-family: sans-serif; line-height: 1.6; color: inherit; background-color: transparent;'>\n<div style='display: flex; flex-wrap: wrap; gap: 30px; margin-bottom: 30px;'>\n<div style='flex: 1 1 300px; min-width: 280px;'>\n<h3 style='font-size: 22px; border-bottom: 2px solid currentColor; padding-bottom: 5px; margin-top: 0; color: inherit; opacity: 0.8;'>Descripci\u00f3n<\/h3>\n<p style='font-size: 15px; color: inherit;'> El nuevo detector de llama TracXP TXP-FDE UV \/ IR-HD proporciona una respuesta ultrarr\u00e1pida&comma; alta rendimiento y detecci\u00f3n confiable de una amplia variedad de incendios&comma; incluidos los incendios de hidrocarburos (visibles y no visible)&comma; as\u00ed como incendios de hidr\u00f3geno. El detector UV \/ IR se ocupa de incendios de crecimiento lento&comma; as\u00ed como incendios en erupci\u00f3n r\u00e1pidamente utilizando tecnolog\u00eda UV \/ IR superior. La unidad funciona en todo tipo de clima y luz condiciones. La c\u00e1mara de alta definici\u00f3n del TXP-FDE UV \/ IR-HD permite una imagen clara del fuego y personal a distancias de hasta 100 pies (30 m). No incluye v\u00eddeo. <\/p>\n<\/p><\/div>\n<\/p><\/div>\n<div style='display: flex; flex-wrap: wrap; gap: 30px; margin-bottom: 30px;'>\n<div style='flex: 1 1 300px; min-width: 280px;'>\n<h3 style='font-size: 22px; border-bottom: 2px solid currentColor; padding-bottom: 5px; margin-top: 0; color: inherit; opacity: 0.8;'>Caracter\u00edsticas Clave<\/h3>\n<ul style='padding-left: 20px; font-size: 15px; color: inherit;'>\n<li style='margin-bottom: 5px;'>Detecci\u00f3n de llama de hidr\u00f3geno e hidrocarburos<\/li>\n<li style='margin-bottom: 5px;'>Alta inmunidad a falsas alarmas<\/li>\n<li style='margin-bottom: 5px;'>Modo de detecci\u00f3n ultrarr\u00e1pido: detecci\u00f3n dentro 5 milisegundos para bolas de fuego o explosiones<\/li>\n<li style='margin-bottom: 5px;'>Alta sensibilidad: hasta 100 pies (30 m) para 1 fuego de cacerola de n-heptano ft2 (0.1m2)<\/li>\n<li style='margin-bottom: 5px;'>Registrador de datos \/ eventos: alarmas&comma; fallas&comma; etc.<\/li>\n<li style='margin-bottom: 5px;'>Prueba incorporada (BIT) autom\u00e1tica y manual prueba de limpieza y funcionamiento de las ventanas (para ambos canales IR y UV)<\/li>\n<li style='margin-bottom: 5px;'>Calentador de ventana para evitar la condensaci\u00f3n y la formaci\u00f3n de hielo<\/li>\n<li style='margin-bottom: 5px;'><strong>No incluye grabaci\u00f3n de v\u00eddeo<\/strong><\/li>\n<li style='margin-bottom: 5px;'><strong>Incluye montaje<\/strong><\/li>\n<\/ul><\/div>\n<\/p><\/div>\n<div style='display: flex; flex-wrap: wrap; gap: 30px; margin-bottom: 30px;'>\n<div style='flex: 1 1 300px; min-width: 280px;'>\n<h3 style='font-size: 22px; border-bottom: 2px solid currentColor; padding-bottom: 5px; margin-top: 0; color: inherit; opacity: 0.8;'>Aplicaciones<\/h3>\n<ul style='padding-left: 20px; font-size: 15px; color: inherit;'>\n<li style='margin-bottom: 5px;'>Gas y petr\u00f3leo<\/li>\n<li style='margin-bottom: 5px;'>Instalaciones de almacenamiento de combustible y terminales<\/li>\n<li style='margin-bottom: 5px;'>Refino y producci\u00f3n qu\u00edmica<\/li>\n<li style='margin-bottom: 5px;'>Compresi\u00f3n de tuber\u00edas<\/li>\n<li style='margin-bottom: 5px;'>La extracci\u00f3n de petr\u00f3leo<\/li>\n<li style='margin-bottom: 5px;'>Hangares de aeronaves e instalaciones de mantenimiento<\/li>\n<li style='margin-bottom: 5px;'>Papel de pulpa<\/li>\n<li style='margin-bottom: 5px;'>Generaci\u00f3n de energ\u00eda<\/li>\n<li style='margin-bottom: 5px;'>Almacenaje<\/li>\n<li style='margin-bottom: 5px;'>Industria en general<\/li>\n<\/ul><\/div>\n<\/p><\/div>\n<div style='display: flex; flex-wrap: wrap; gap: 20px; margin-bottom: 30px;'>\n<div style='flex: 1 1 250px; border: 1px solid rgba(150&comma; 150&comma; 150&comma; 0.4); border-radius: 8px; overflow: hidden; display: flex; flex-direction: column;'>\n<div style='padding: 15px; border-bottom: 1px solid rgba(150&comma; 150&comma; 150&comma; 0.2); font-weight: bold; font-size: 18px; color: inherit;'>Caracter\u00edsticas Clave<\/div>\n<div style='padding: 15px; color: inherit;'>\n<ul style='padding-left: 20px; margin: 0; font-size: 14px; list-style-type: disc; color: inherit;'>\n<li style='margin-bottom: 5px;'><strong>Detecci\u00f3n ultra-r\u00e1pida:<\/strong> Responde en menos de 5 ms para explosiones y en 1.5s para incendios de n-heptano a 50 pies.<\/li>\n<li style='margin-bottom: 5px;'><strong>Alta inmunidad a falsas alarmas:<\/strong> Filtra fuentes comunes de falsas alarmas como la luz solar y l\u00e1mparas incandescentes.<\/li>\n<li style='margin-bottom: 5px;'><strong>Compatibilidad:<\/strong> Ofrece salidas anal\u00f3gicas de 4-20 mA y digitales Modbus RS-485 RTU.<\/li>\n<li style='margin-bottom: 5px;'><strong>Resistencia en condiciones extremas:<\/strong> Equipado con un calentador de ventana para evitar la formaci\u00f3n de hielo y condensaci\u00f3n.<\/li>\n<\/ul><\/div>\n<\/p><\/div>\n<div style='flex: 1 1 250px; border: 1px solid rgba(150&comma; 150&comma; 150&comma; 0.4); border-radius: 8px; overflow: hidden; display: flex; flex-direction: column;'>\n<div style='padding: 15px; border-bottom: 1px solid rgba(150&comma; 150&comma; 150&comma; 0.2); font-weight: bold; font-size: 18px; color: inherit;'>Especificaciones T\u00e9cnicas<\/div>\n<div style='padding: 15px; color: inherit;'>\n<ul style='padding-left: 20px; margin: 0; font-size: 14px; list-style-type: disc; color: inherit;'>\n<li style='margin-bottom: 5px;'><strong>Dimensiones:<\/strong> 7.87\u201d (L) x 5.12\u201d (W) x 5.12\u201d (H)<\/li>\n<li style='margin-bottom: 5px;'><strong>Peso:<\/strong> 15.2 lbs (6.9 kg)<\/li>\n<li style='margin-bottom: 5px;'><strong>Rango de temperatura operativa:<\/strong> -67\u00b0F a +185\u00b0F (-55\u00b0C a +85\u00b0C)<\/li>\n<li style='margin-bottom: 5px;'><strong>Protecci\u00f3n de ingreso:<\/strong> IP66 &#038; 68&comma; NEMA 4X &#038; 6P<\/li>\n<\/ul><\/div>\n<\/p><\/div>\n<div style='flex: 1 1 250px; border: 1px solid rgba(150&comma; 150&comma; 150&comma; 0.4); border-radius: 8px; overflow: hidden; display: flex; flex-direction: column;'>\n<div style='padding: 15px; border-bottom: 1px solid rgba(150&comma; 150&comma; 150&comma; 0.2); font-weight: bold; font-size: 18px; color: inherit;'>Certificaciones y Aprobaciones<\/div>\n<div style='padding: 15px; color: inherit;'>\n<ul style='padding-left: 20px; margin: 0; font-size: 14px; list-style-type: disc; color: inherit;'>\n<li style='margin-bottom: 5px;'>Cumple con est\u00e1ndares ATEX&comma; IECEx&comma; INMETRO&comma; PESO&comma; FMus &#038; FMc&comma; EAC CU TR&comma; ANSI FM 3260&comma; y EN 54-10.<\/li>\n<li style='margin-bottom: 5px;'>Apto para uso en ambientes peligrosos (Grupos B&comma; C&comma; D&comma; E&comma; F&comma; G).<\/li>\n<\/ul><\/div>\n<\/p><\/div>\n<\/p><\/div>\n<hr style='border: 0; border-top: 1px solid rgba(150&comma; 150&comma; 150&comma; 0.3); margin: 30px 0;'> <\/div>\n","protected":false},"excerpt":{"rendered":"<p>Detector de Flama UV\/IR | Opera en Todas las Condiciones de Luz y Clima | Sin V\u00eddeo grabaci\u00f3n<\/p>\n","protected":false},"featured_media":36529,"comment_status":"open","ping_status":"closed","template":"","meta":[],"product_brand":[],"product_cat":[985],"product_tag":[978,986,989],"class_list":{"0":"post-36530","1":"product","2":"type-product","3":"status-publish","4":"has-post-thumbnail","6":"product_cat-detectores-de-flama","7":"product_tag-aplicaciones-especiales","8":"product_tag-detectores-de-flama","9":"product_tag-macurco-aerionics","11":"first","12":"instock","13":"sale","14":"shipping-taxable","15":"purchasable","16":"product-type-simple"},"_links":{"self":[{"href":"https:\/\/soydeaqui.ddns.net\/pachuca\/index.php\/wp-json\/wp\/v2\/product\/36530","targetHints":{"allow":["GET"]}}],"collection":[{"href":"https:\/\/soydeaqui.ddns.net\/pachuca\/index.php\/wp-json\/wp\/v2\/product"}],"about":[{"href":"https:\/\/soydeaqui.ddns.net\/pachuca\/index.php\/wp-json\/wp\/v2\/types\/product"}],"replies":[{"embeddable":true,"href":"https:\/\/soydeaqui.ddns.net\/pachuca\/index.php\/wp-json\/wp\/v2\/comments?post=36530"}],"wp:featuredmedia":[{"embeddable":true,"href":"https:\/\/soydeaqui.ddns.net\/pachuca\/index.php\/wp-json\/wp\/v2\/media\/36529"}],"wp:attachment":[{"href":"https:\/\/soydeaqui.ddns.net\/pachuca\/index.php\/wp-json\/wp\/v2\/media?parent=36530"}],"wp:term":[{"taxonomy":"product_brand","embeddable":true,"href":"https:\/\/soydeaqui.ddns.net\/pachuca\/index.php\/wp-json\/wp\/v2\/product_brand?post=36530"},{"taxonomy":"product_cat","embeddable":true,"href":"https:\/\/soydeaqui.ddns.net\/pachuca\/index.php\/wp-json\/wp\/v2\/product_cat?post=36530"},{"taxonomy":"product_tag","embeddable":true,"href":"https:\/\/soydeaqui.ddns.net\/pachuca\/index.php\/wp-json\/wp\/v2\/product_tag?post=36530"}],"curies":[{"name":"wp","href":"https:\/\/api.w.org\/{rel}","templated":true}]}}