{"id":36494,"date":"2026-03-18T16:08:01","date_gmt":"2026-03-18T16:08:01","guid":{"rendered":"https:\/\/soydeaqui.ddns.net\/pachuca\/index.php\/producto\/transmisor-universal-serie-xnx-configurado-para-searchpoint-optima-plus-searchline-excel-hart-sobre-salida-4-20-ma-ul-csa-4-x-3-4-npt-acero-inoxidable\/"},"modified":"2026-03-18T16:08:02","modified_gmt":"2026-03-18T16:08:02","slug":"transmisor-universal-serie-xnx-configurado-para-searchpoint-optima-plus-searchline-excel-hart-sobre-salida-4-20-ma-ul-csa-4-x-3-4-npt-acero-inoxidable","status":"publish","type":"product","link":"https:\/\/soydeaqui.ddns.net\/pachuca\/index.php\/producto\/transmisor-universal-serie-xnx-configurado-para-searchpoint-optima-plus-searchline-excel-hart-sobre-salida-4-20-ma-ul-csa-4-x-3-4-npt-acero-inoxidable\/","title":{"rendered":"Transmisor Universal Serie XNX Configurado Para Searchpoint Optima Plus &#038; Searchline Excel, HART sobre salida 4-20 mA, UL\/CSA, 4 x 3\/4&#8243; NPT, Acero Inoxidable"},"content":{"rendered":"<div style='width: 100%; max-width: 1200px; margin: 0 auto; font-family: sans-serif; line-height: 1.6; color: inherit; background-color: transparent;'>\n<div style='display: flex; flex-wrap: wrap; gap: 30px; margin-bottom: 30px;'>\n<div style='flex: 1 1 300px; min-width: 280px;'>\n<h3 style='font-size: 22px; border-bottom: 2px solid currentColor; padding-bottom: 5px; margin-top: 0; color: inherit; opacity: 0.8;'>Descripci\u00f3n General<\/h3>\n<p style='margin: 0 0 15px 0; color: inherit; font-size: 15px; text-align: justify;'>Equipo transmisor universal con 5 entradas para conductos\/cable (2 a la derecha&comma; 2 a la izquierda&comma; 1 abajo)&comma; tipo NPT de 3\/4 de pulgada&comma; carcasa fabricada en acero inoxidable&comma; interfaz de usuario por medio de una pantalla LCD est\u00e1ndar de 2.5 pulgadas de matriz de puntos de alta resoluci\u00f3n con luz de fondo&comma; informaci\u00f3n de visualizaci\u00f3n base de lectura de gas&comma; nombre del gas y unidades de medici\u00f3n&comma; estado de las fallas y las alarmas; cuenta con alarma discreta y notificaci\u00f3n de estado&comma; acceso mediante varilla magn\u00e9tica con destornillador para terminales (suministrados con cada unidad) con interfaz de 4 botones&comma; confiable no intrusivo&comma; se\u00f1al con salida de lazo&comma; de corriente an\u00e1loga de 0 a 22 mA&comma; condiciones ambientales de temperatura de -40 \u00b0C a +65 \u00b0C (-40 \u00b0F a +150 \u00b0F); funcionamiento en humedad relativa de 20 a 90% (sin condensaci\u00f3n)&comma; cuenta con clasificaci\u00f3n IP66&comma; tipo NEMA 4X; con un consumo de energ\u00eda para sensor de punto infrarrojo de 9&comma;7 W; Clasificado UL&comma; CSA&comma; FM y SIL2; Clase 1&comma; Divisi\u00f3n 1&comma; Grupos B&comma; C&comma; D\/Clase 1&comma; Zona 1; rango de salida de 4-20 mA + HART.<\/p>\n<\/p><\/div>\n<\/p><\/div>\n<div style='display: flex; flex-wrap: wrap; gap: 20px; margin-bottom: 30px;'>\n<div style='flex: 1 1 250px; border: 1px solid rgba(150&comma; 150&comma; 150&comma; 0.4); border-radius: 8px; overflow: hidden; display: flex; flex-direction: column;'>\n<div style='padding: 15px; border-bottom: 1px solid rgba(150&comma; 150&comma; 150&comma; 0.2); font-weight: bold; font-size: 18px; color: inherit;'>Especificaciones<\/div>\n<div style='padding: 15px; color: inherit;'>\n<ul style='padding-left: 20px; margin: 0; font-size: 14px; list-style-type: disc;'>\n<li style='margin-bottom: 5px;'><strong>Entradas:<\/strong> 5 entradas para conductos\/cable (2 a la derecha&comma; 2 a la izquierda&comma; 1 abajo)<\/li>\n<li style='margin-bottom: 5px;'><strong>Tipo de entrada:<\/strong> NPT de 3\/4 de pulgada<\/li>\n<li style='margin-bottom: 5px;'><strong>Carcasa:<\/strong> Fabricada en acero inoxidable<\/li>\n<li style='margin-bottom: 5px;'><strong>Interfaz:<\/strong> Pantalla LCD est\u00e1ndar de 2.5 pulgadas de matriz de puntos de alta resoluci\u00f3n con luz de fondo<\/li>\n<li style='margin-bottom: 5px;'><strong>Visualizaci\u00f3n:<\/strong> Lectura de gas&comma; nombre del gas&comma; unidades de medici\u00f3n&comma; estado de fallas y alarmas<\/li>\n<li style='margin-bottom: 5px;'><strong>Alarmas:<\/strong> Alarma discreta y notificaci\u00f3n de estado<\/li>\n<li style='margin-bottom: 5px;'><strong>Acceso:<\/strong> Mediante varilla magn\u00e9tica con destornillador para terminales<\/li>\n<li style='margin-bottom: 5px;'><strong>Interfaz de usuario:<\/strong> 4 botones<\/li>\n<li style='margin-bottom: 5px;'><strong>Salida:<\/strong> Se\u00f1al de lazo&comma; corriente an\u00e1loga de 0 a 22 mA<\/li>\n<li style='margin-bottom: 5px;'><strong>Comunicaci\u00f3n:<\/strong> HART sobre salida 4-20 mA<\/li>\n<li style='margin-bottom: 5px;'><strong>Temperatura de operaci\u00f3n:<\/strong> -40 \u00b0C a +65 \u00b0C (-40 \u00b0F a +150 \u00b0F)<\/li>\n<li style='margin-bottom: 5px;'><strong>Humedad relativa:<\/strong> 20 a 90% (sin condensaci\u00f3n)<\/li>\n<li style='margin-bottom: 5px;'><strong>Protecci\u00f3n:<\/strong> IP66&comma; tipo NEMA 4X<\/li>\n<li style='margin-bottom: 5px;'><strong>Consumo:<\/strong> 9.7 W para sensor de punto infrarrojo<\/li>\n<li style='margin-bottom: 5px;'><strong>Clasificaciones:<\/strong> UL&comma; CSA&comma; FM y SIL2<\/li>\n<li style='margin-bottom: 5px;'><strong>\u00c1rea clasificada:<\/strong> Clase 1&comma; Divisi\u00f3n 1&comma; Grupos B&comma; C&comma; D \/ Clase 1&comma; Zona 1<\/li>\n<\/ul><\/div>\n<\/p><\/div>\n<\/p><\/div>\n<\/p><\/div>\n","protected":false},"excerpt":{"rendered":"<p>Transmisor Universal Serie XNX Configurado Para Searchpoint Optima Plus &#038; Searchline Excel, HART sobre salida 4-20 mA, UL\/CSA, 4 x 3\/4&#8243; NPT, Acero Inoxidable<\/p>\n","protected":false},"featured_media":36493,"comment_status":"open","ping_status":"closed","template":"","meta":[],"product_brand":[],"product_cat":[987],"product_tag":[988,522,1014],"class_list":{"0":"post-36494","1":"product","2":"type-product","3":"status-publish","4":"has-post-thumbnail","6":"product_cat-detectores-de-gases","7":"product_tag-detectores-de-gases","8":"product_tag-dispositivos-convencionales","9":"product_tag-honeywell-analytics","11":"first","12":"outofstock","13":"sale","14":"shipping-taxable","15":"purchasable","16":"product-type-simple"},"_links":{"self":[{"href":"https:\/\/soydeaqui.ddns.net\/pachuca\/index.php\/wp-json\/wp\/v2\/product\/36494","targetHints":{"allow":["GET"]}}],"collection":[{"href":"https:\/\/soydeaqui.ddns.net\/pachuca\/index.php\/wp-json\/wp\/v2\/product"}],"about":[{"href":"https:\/\/soydeaqui.ddns.net\/pachuca\/index.php\/wp-json\/wp\/v2\/types\/product"}],"replies":[{"embeddable":true,"href":"https:\/\/soydeaqui.ddns.net\/pachuca\/index.php\/wp-json\/wp\/v2\/comments?post=36494"}],"wp:featuredmedia":[{"embeddable":true,"href":"https:\/\/soydeaqui.ddns.net\/pachuca\/index.php\/wp-json\/wp\/v2\/media\/36493"}],"wp:attachment":[{"href":"https:\/\/soydeaqui.ddns.net\/pachuca\/index.php\/wp-json\/wp\/v2\/media?parent=36494"}],"wp:term":[{"taxonomy":"product_brand","embeddable":true,"href":"https:\/\/soydeaqui.ddns.net\/pachuca\/index.php\/wp-json\/wp\/v2\/product_brand?post=36494"},{"taxonomy":"product_cat","embeddable":true,"href":"https:\/\/soydeaqui.ddns.net\/pachuca\/index.php\/wp-json\/wp\/v2\/product_cat?post=36494"},{"taxonomy":"product_tag","embeddable":true,"href":"https:\/\/soydeaqui.ddns.net\/pachuca\/index.php\/wp-json\/wp\/v2\/product_tag?post=36494"}],"curies":[{"name":"wp","href":"https:\/\/api.w.org\/{rel}","templated":true}]}}