{"id":36492,"date":"2026-03-18T16:07:58","date_gmt":"2026-03-18T16:07:58","guid":{"rendered":"https:\/\/soydeaqui.ddns.net\/pachuca\/index.php\/producto\/altavoz-estroboscopico-24-vcd-15-75-cd-montaje-de-pared-0500-06210\/"},"modified":"2026-03-18T16:07:59","modified_gmt":"2026-03-18T16:07:59","slug":"altavoz-estroboscopico-24-vcd-15-75-cd-montaje-de-pared-0500-06210","status":"publish","type":"product","link":"https:\/\/soydeaqui.ddns.net\/pachuca\/index.php\/producto\/altavoz-estroboscopico-24-vcd-15-75-cd-montaje-de-pared-0500-06210\/","title":{"rendered":"Altavoz Estrobosc\u00f3pico 24 Vcd, 15\/75 Cd, Montaje De Pared (0500-06210)"},"content":{"rendered":"<div style='width: 100%; max-width: 1200px; margin: 0 auto; font-family: sans-serif; line-height: 1.6; color: inherit; background-color: transparent;'>\n<div style='display: flex; flex-wrap: wrap; gap: 30px; margin-bottom: 30px;'>\n<div style='flex: 1 1 300px; min-width: 280px;'>\n<h3 style='font-size: 22px; border-bottom: 2px solid currentColor; padding-bottom: 5px; margin-top: 0; color: inherit; opacity: 0.8;'>Caracter\u00edsticas Principales<\/h3>\n<ul style='padding-left: 20px; font-size: 15px; color: inherit;'>\n<li style='margin-bottom: 5px;'>Montaje en pared 4&#8242; cuadrado x 2-1\/8&#8242; caja profunda<\/li>\n<li style='margin-bottom: 5px;'>Voltaje nominal: 24 Vcc<\/li>\n<li style='margin-bottom: 5px;'>Voltaje para bocina: 25 \u00f3 70.7 VRMS<\/li>\n<li style='margin-bottom: 5px;'>Selecci\u00f3n de canales: 15\/75 cd<\/li>\n<li style='margin-bottom: 5px;'>Frecuencia de alarma: 400-4000Hz<\/li>\n<li style='margin-bottom: 5px;'>Conexi\u00f3n de cables: 12 a 18 AWG<\/li>\n<li style='margin-bottom: 5px;'>Sincronizaci\u00f3n: Requiere m\u00f3dulo HAVSM<\/li>\n<\/ul>\n<\/div>\n<div style='flex: 1 1 300px; min-width: 280px;'>\n<h3 style='font-size: 22px; border-bottom: 2px solid currentColor; padding-bottom: 5px; margin-top: 0; color: inherit; opacity: 0.8;'>Especificaciones T\u00e9cnicas<\/h3>\n<ul style='padding-left: 20px; font-size: 15px; color: inherit;'>\n<li style='margin-bottom: 5px;'>Nivel de sonido: 87.9 dB<\/li>\n<li style='margin-bottom: 5px;'>Corriente nominal a 24 Vcc: 63mA<\/li>\n<li style='margin-bottom: 5px;'>Dimensiones: 155 x 155 x 48 mm (6.1&#8242; x 1.88&#8242;)<\/li>\n<li style='margin-bottom: 5px;'>Temperatura de operaci\u00f3n: 0\u00b0 a 49\u00b0 C (32\u00b0 a 120\u00b0 F)<\/li>\n<li style='margin-bottom: 5px;'>Carcasa: Resina termopl\u00e1stica autoextinguible<\/li>\n<li style='margin-bottom: 5px;'>Protecci\u00f3n: Rejilla antivandalismo<\/li>\n<li style='margin-bottom: 5px;'>Color: Rojo o Blanco<\/li>\n<\/ul>\n<\/div>\n<\/div>\n<div style='display: flex; flex-wrap: wrap; gap: 20px; margin-bottom: 30px;'>\n<div style='flex: 1 1 250px; border: 1px solid rgba(150&comma; 150&comma; 150&comma; 0.4); border-radius: 8px; overflow: hidden; display: flex; flex-direction: column;'>\n<div style='padding: 15px; border-bottom: 1px solid rgba(150&comma; 150&comma; 150&comma; 0.2); font-weight: bold; font-size: 18px; color: inherit;'>Selecci\u00f3n de Potencia<\/div>\n<div style='padding: 15px; color: inherit;'>\n<ul style='padding-left: 20px; margin: 0; font-size: 14px; list-style-type: disc;'>\n<li style='margin-bottom: 5px;'>1\/8W &#8211; 74.6 dBA<\/li>\n<li style='margin-bottom: 5px;'>1\/4W &#8211; 77.7 dBA<\/li>\n<li style='margin-bottom: 5px;'>1\/2W &#8211; 80.5 dBA<\/li>\n<li style='margin-bottom: 5px;'>1W &#8211; 83.1 dBA<\/li>\n<li style='margin-bottom: 5px;'>2W &#8211; 85.6 dBA<\/li>\n<li style='margin-bottom: 5px;'>4W &#8211; 87.9 dBA<\/li>\n<\/ul>\n<\/div>\n<\/div>\n<div style='flex: 1 1 250px; border: 1px solid rgba(150&comma; 150&comma; 150&comma; 0.4); border-radius: 8px; overflow: hidden; display: flex; flex-direction: column;'>\n<div style='padding: 15px; border-bottom: 1px solid rgba(150&comma; 150&comma; 150&comma; 0.2); font-weight: bold; font-size: 18px; color: inherit;'>Certificaciones<\/div>\n<div style='padding: 15px; color: inherit;'>\n<ul style='padding-left: 20px; margin: 0; font-size: 14px; list-style-type: disc;'>\n<li style='margin-bottom: 5px;'>UL 1480<\/li>\n<li style='margin-bottom: 5px;'>UL 1638<\/li>\n<li style='margin-bottom: 5px;'>UL 1971 &#8211; S8370<\/li>\n<li style='margin-bottom: 5px;'>CSFM &#8211; 7320-0410:0195<\/li>\n<li style='margin-bottom: 5px;'>NFPA 72<\/li>\n<li style='margin-bottom: 5px;'>ADA (Americans with Disabilities Act)<\/li>\n<\/ul>\n<\/div>\n<\/div>\n<\/div>\n<hr style='border: 0; border-top: 1px solid rgba(150&comma; 150&comma; 150&comma; 0.3); margin: 30px 0;'>\n<div style='display: flex; flex-wrap: wrap; gap: 30px;'>\n<div style='flex: 1 1 300px; min-width: 280px;'>\n<h3 style='font-size: 22px; border-bottom: 2px solid currentColor; padding-bottom: 5px; margin-top: 0; color: inherit; opacity: 0.8;'>Aplicaciones<\/h3>\n<ul style='padding-left: 20px; font-size: 15px; color: inherit;'>\n<li style='margin-bottom: 5px;'>Cumple con los requisitos de c\u00f3digo para se\u00f1ales de audio&comma; visual y comunicaciones de voz<\/li>\n<li style='margin-bottom: 5px;'>Dise\u00f1ado para se\u00f1alizaci\u00f3n de evacuaci\u00f3n confiable<\/li>\n<li style='margin-bottom: 5px;'>Indicado para interiores (no est\u00e1ndar para uso exterior)<\/li>\n<\/ul>\n<\/div>\n<\/div>\n<\/div>\n","protected":false},"excerpt":{"rendered":"<p>Altavoz Estrobosc\u00f3pico 24 Vcd, 15\/75 Cd, Montaje De Pared (0500-06210)<\/p>\n","protected":false},"featured_media":36491,"comment_status":"open","ping_status":"closed","template":"","meta":[],"product_brand":[],"product_cat":[995],"product_tag":[997,406,996],"class_list":{"0":"post-36492","1":"product","2":"type-product","3":"status-publish","4":"has-post-thumbnail","6":"product_cat-estrobos-sirenas-bocinas-campanas","7":"product_tag-estrobos-sirenas-bocinas-campanas","8":"product_tag-hochiki","9":"product_tag-notificacion-y-voceo","11":"first","12":"outofstock","13":"sale","14":"shipping-taxable","15":"purchasable","16":"product-type-simple"},"_links":{"self":[{"href":"https:\/\/soydeaqui.ddns.net\/pachuca\/index.php\/wp-json\/wp\/v2\/product\/36492","targetHints":{"allow":["GET"]}}],"collection":[{"href":"https:\/\/soydeaqui.ddns.net\/pachuca\/index.php\/wp-json\/wp\/v2\/product"}],"about":[{"href":"https:\/\/soydeaqui.ddns.net\/pachuca\/index.php\/wp-json\/wp\/v2\/types\/product"}],"replies":[{"embeddable":true,"href":"https:\/\/soydeaqui.ddns.net\/pachuca\/index.php\/wp-json\/wp\/v2\/comments?post=36492"}],"wp:featuredmedia":[{"embeddable":true,"href":"https:\/\/soydeaqui.ddns.net\/pachuca\/index.php\/wp-json\/wp\/v2\/media\/36491"}],"wp:attachment":[{"href":"https:\/\/soydeaqui.ddns.net\/pachuca\/index.php\/wp-json\/wp\/v2\/media?parent=36492"}],"wp:term":[{"taxonomy":"product_brand","embeddable":true,"href":"https:\/\/soydeaqui.ddns.net\/pachuca\/index.php\/wp-json\/wp\/v2\/product_brand?post=36492"},{"taxonomy":"product_cat","embeddable":true,"href":"https:\/\/soydeaqui.ddns.net\/pachuca\/index.php\/wp-json\/wp\/v2\/product_cat?post=36492"},{"taxonomy":"product_tag","embeddable":true,"href":"https:\/\/soydeaqui.ddns.net\/pachuca\/index.php\/wp-json\/wp\/v2\/product_tag?post=36492"}],"curies":[{"name":"wp","href":"https:\/\/api.w.org\/{rel}","templated":true}]}}