{"id":36489,"date":"2026-03-18T16:07:52","date_gmt":"2026-03-18T16:07:52","guid":{"rendered":"https:\/\/soydeaqui.ddns.net\/pachuca\/index.php\/producto\/modulo-de-sincronizacion-inalambrico-compatible-con-paneles-notifier-fire-lite-silent-knight-y-farenhyt-incluye-baterias\/"},"modified":"2026-03-18T16:07:54","modified_gmt":"2026-03-18T16:07:54","slug":"modulo-de-sincronizacion-inalambrico-compatible-con-paneles-notifier-fire-lite-silent-knight-y-farenhyt-incluye-baterias","status":"publish","type":"product","link":"https:\/\/soydeaqui.ddns.net\/pachuca\/index.php\/producto\/modulo-de-sincronizacion-inalambrico-compatible-con-paneles-notifier-fire-lite-silent-knight-y-farenhyt-incluye-baterias\/","title":{"rendered":"M\u00f3dulo de Sincronizaci\u00f3n Inal\u00e1mbrico \/ Compatible con Paneles Notifier, Fire-Lite, Silent Knight y Farenhyt \/ Incluye Bater\u00edas"},"content":{"rendered":"<div style='width: 100%; max-width: 1200px; margin: 0 auto; font-family: sans-serif; line-height: 1.6; color: inherit; background-color: transparent;'>\n<div style='width: 100%; margin-bottom: 30px;'>\n<div style='font-size: 16px; color: inherit;'> El sistema inal\u00e1mbrico SWIFT\u00ae (Smart Wireless Integrated Fire Technology) se puede aplicar en muchas situaciones que son problem\u00e1ticas para los dispositivos cableados tradicionales. En los casos en que las \u00e1reas de un edificio son dif\u00edciles o imposibles de cablear&comma; visualmente sensibles o tienen acceso restringido&comma; los sensores inal\u00e1mbricos SWIFT brindan una soluci\u00f3n eficiente y confiable. <\/div>\n<\/p><\/div>\n<div style='width: 100%; margin-bottom: 30px;'>\n<h3 style='font-size: 22px; border-bottom: 2px solid currentColor; padding-bottom: 5px; margin-top: 0; color: inherit; opacity: 0.8;'><strong>Caracter\u00edsticas<\/strong><\/h3>\n<ul style='padding-left: 20px; font-size: 15px; color: inherit;'>\n<li style='margin-bottom: 5px;'>Protocolo de malla inal\u00e1mbrica SWIFT&comma; espec\u00edfico para sistemas de seguridad humana y contra incendios<\/li>\n<li style='margin-bottom: 5px;'>Opera en la frecuencia 902-928 MHz<\/li>\n<li style='margin-bottom: 5px;'>La operaci\u00f3n de malla de onda en cascada patentada proporciona una verificaci\u00f3n de rutas de comunicaci\u00f3n redundantes que ha sido aprobada para Clase A<\/li>\n<li style='margin-bottom: 5px;'>En caso de que una ruta de comunicaci\u00f3n se interrumpa en cualquier punto por un cambio en el entorno de radio&comma; el sistema de malla SWIFT utilizar\u00e1 la ruta de comunicaci\u00f3n redundante o de respaldo<\/li>\n<li style='margin-bottom: 5px;'>En el caso de que no se puedan establecer enlaces con suficiente intensidad de se\u00f1al&comma; se puede agregar cualquier dispositivo SWIFT para que act\u00fae como repetidor&comma; eliminando la necesidad de repetidores cableados. Se recomienda un m\u00f3dulo de monitor inal\u00e1mbrico para esta funci\u00f3n&comma; ya que los m\u00f3dulos no est\u00e1n sujetos a requisitos de espacio<\/li>\n<li style='margin-bottom: 5px;'>Cada sistema de puerta de enlace SWIFT admite hasta 50 dispositivos: 1 puerta de enlace inal\u00e1mbrico y hasta 49 dispositivos SWIFT<\/li>\n<li style='margin-bottom: 5px;'>Se pueden instalar varias redes de malla inal\u00e1mbrica SWIFT en el mismo panel de control de alarma contra incendios o en varios paneles en la misma \u00e1rea<\/li>\n<li style='margin-bottom: 5px;'>Se pueden instalar hasta 4 redes inal\u00e1mbricas con cobertura de red de radio superpuesta<\/li>\n<li style='margin-bottom: 5px;'>La funci\u00f3n de inspecci\u00f3n del sitio permite una evaluaci\u00f3n de un sitio antes de la instalaci\u00f3n&comma; incluida una serie de pruebas de comunicaci\u00f3n punto a punto y un an\u00e1lisis de fondo para detectar interferencias de radio<\/li>\n<li style='margin-bottom: 5px;'>Los dispositivos inal\u00e1mbricos SWIFT utilizan un mecanismo de &#8216;rueda de c\u00f3digo&#8217; est\u00e1ndar para configurar la direcci\u00f3n SLC<\/li>\n<li style='margin-bottom: 5px;'>Los dispositivos inal\u00e1mbricos SWIFT utilizan (4) bater\u00edas de litio CR-123A (Panasonic CR123A o Duracell DL123A) que est\u00e1n en la lista de UL para una duraci\u00f3n de bater\u00eda de 2 a\u00f1os<\/li>\n<\/ul><\/div>\n<\/p><\/div>\n","protected":false},"excerpt":{"rendered":"<p>M\u00f3dulo de Sincronizaci\u00f3n Inal\u00e1mbrico \/ Compatible con Paneles Notifier, Fire-Lite, Silent Knight y Farenhyt \/ Incluye Bater\u00edas<\/p>\n","protected":false},"featured_media":36488,"comment_status":"open","ping_status":"closed","template":"","meta":[],"product_brand":[],"product_cat":[448],"product_tag":[449,468,225],"class_list":{"0":"post-36489","1":"product","2":"type-product","3":"status-publish","4":"has-post-thumbnail","6":"product_cat-todo-accesorios-y-dispositivos-direccionables","7":"product_tag-accesorios-y-dispositivos-direccionables","8":"product_tag-system-sensor","9":"product_tag-todo","11":"first","12":"instock","13":"sale","14":"shipping-taxable","15":"purchasable","16":"product-type-simple"},"_links":{"self":[{"href":"https:\/\/soydeaqui.ddns.net\/pachuca\/index.php\/wp-json\/wp\/v2\/product\/36489","targetHints":{"allow":["GET"]}}],"collection":[{"href":"https:\/\/soydeaqui.ddns.net\/pachuca\/index.php\/wp-json\/wp\/v2\/product"}],"about":[{"href":"https:\/\/soydeaqui.ddns.net\/pachuca\/index.php\/wp-json\/wp\/v2\/types\/product"}],"replies":[{"embeddable":true,"href":"https:\/\/soydeaqui.ddns.net\/pachuca\/index.php\/wp-json\/wp\/v2\/comments?post=36489"}],"wp:featuredmedia":[{"embeddable":true,"href":"https:\/\/soydeaqui.ddns.net\/pachuca\/index.php\/wp-json\/wp\/v2\/media\/36488"}],"wp:attachment":[{"href":"https:\/\/soydeaqui.ddns.net\/pachuca\/index.php\/wp-json\/wp\/v2\/media?parent=36489"}],"wp:term":[{"taxonomy":"product_brand","embeddable":true,"href":"https:\/\/soydeaqui.ddns.net\/pachuca\/index.php\/wp-json\/wp\/v2\/product_brand?post=36489"},{"taxonomy":"product_cat","embeddable":true,"href":"https:\/\/soydeaqui.ddns.net\/pachuca\/index.php\/wp-json\/wp\/v2\/product_cat?post=36489"},{"taxonomy":"product_tag","embeddable":true,"href":"https:\/\/soydeaqui.ddns.net\/pachuca\/index.php\/wp-json\/wp\/v2\/product_tag?post=36489"}],"curies":[{"name":"wp","href":"https:\/\/api.w.org\/{rel}","templated":true}]}}