{"id":36485,"date":"2026-03-18T16:07:46","date_gmt":"2026-03-18T16:07:46","guid":{"rendered":"https:\/\/soydeaqui.ddns.net\/pachuca\/index.php\/producto\/detector-controlador-y-transductor-de-dioxido-de-carbono-co2-para-panel-de-deteccion-de-incendio-2\/"},"modified":"2026-03-18T16:07:50","modified_gmt":"2026-03-18T16:07:50","slug":"detector-controlador-y-transductor-de-dioxido-de-carbono-co2-para-panel-de-deteccion-de-incendio-2","status":"publish","type":"product","link":"https:\/\/soydeaqui.ddns.net\/pachuca\/index.php\/producto\/detector-controlador-y-transductor-de-dioxido-de-carbono-co2-para-panel-de-deteccion-de-incendio-2\/","title":{"rendered":"Detector, Controlador y Transductor de Di\u00f3xido de Carbono (CO2) para Panel de Detecci\u00f3n de Incendio"},"content":{"rendered":"<div style='width: 100%; max-width: 1200px; margin: 0 auto; font-family: sans-serif; line-height: 1.6; color: inherit; background-color: transparent;'>\n<div style='display: flex; flex-wrap: wrap; gap: 30px; margin-bottom: 30px;'>\n<div style='flex: 1 1 300px; min-width: 280px;'>\n<h3 style='font-size: 22px; border-bottom: 2px solid currentColor; padding-bottom: 5px; margin-top: 0; color: inherit; opacity: 0.8;'>Descripci\u00f3n<\/h3>\n<p style='font-size: 15px; color: inherit; margin-bottom: 15px;'>El CD-6H de MACURCO es un detector&comma; controlador y transductor de bajo voltaje&comma; que integra doble relevador&comma; salida seleccionable de 4-20 mA&comma; buzzer y pantalla digital&comma; es un sistema de detecci\u00f3n electr\u00f3nica utilizado para medir la concentraci\u00f3n de Di\u00f3xido de Carbono (CO2) y proporcionar retroalimentaci\u00f3n y control del ventilador\/extractor autom\u00e1tico para ayudar a reducir las concentraciones de CO2 en aplicaciones comerciales. El CD-6H es un medidor de bajo nivel capaz de registrar de 0-2000 ppm de Di\u00f3xido de Carbono.<\/p>\n<p style='font-size: 15px; color: inherit; margin-bottom: 15px;'>Requiere CALKIT1 para su calibraci\u00f3n con cilindro 70-2900-0304-5<\/p>\n<\/p><\/div>\n<\/p><\/div>\n<div style='display: flex; flex-wrap: wrap; gap: 20px; margin-bottom: 30px;'>\n<div style='flex: 1 1 250px; border: 1px solid rgba(150&comma; 150&comma; 150&comma; 0.4); border-radius: 8px; overflow: hidden; display: flex; flex-direction: column;'>\n<div style='padding: 15px; border-bottom: 1px solid rgba(150&comma; 150&comma; 150&comma; 0.2); font-weight: bold; font-size: 18px; color: inherit;'>Caracter\u00edsticas<\/div>\n<div style='padding: 15px; color: inherit;'>\n<ul style='padding-left: 20px; margin: 0; font-size: 14px; list-style-type: disc;'>\n<li style='margin-bottom: 5px;'>Activaci\u00f3n del relevador del ventilador: seleccionable en 600&comma; 700&comma; 800&comma; 900&comma; 1000 (por defecto)&comma; 1100&comma; 1200&comma; 1300&comma; 1400&comma; 1500 ppm<\/li>\n<li style='margin-bottom: 5px;'>Salidas: Relevador de ventilador&comma; Relevador de Alarma y lazo de corriente de 4-20mA<\/li>\n<li style='margin-bottom: 5px;'>Controles: Indicador Digital (0-2000 ppm)&comma; buzzer&comma; retardo del ventilador&comma; tiempo m\u00ednimo de funcionamiento del ventilador.<\/li>\n<li style='margin-bottom: 5px;'>Calibrado de f\u00e1brica<\/li>\n<li style='margin-bottom: 5px;'>Se monta en una caja el\u00e9ctrica est\u00e1ndar de 4&#8242; x 4&#8242;<\/li>\n<li style='margin-bottom: 5px;'>0.5 A N.O. o relevador de la alarma NC se conecta a los dispositivos de advertencia o a los paneles de control<\/li>\n<li style='margin-bottom: 5px;'>El relevador 5 A SPDT del ventilador controla las v\u00e1lvulas&comma; rejillas o extractores<\/li>\n<li style='margin-bottom: 5px;'>Lazo de corriente de 4-20mA &#8211; compatible con el Panel de Control del Macurco DVP-120<\/li>\n<li style='margin-bottom: 5px;'>Dise\u00f1o supervisado del sistema: el detector de problemas har\u00e1 que se activen el relevador del ventilador y el de la alarma<\/li>\n<li style='margin-bottom: 5px;'>ETL enlistado a UL 61010-1&comma; CAN CSA C22.2 No 61010-1<\/li>\n<li style='margin-bottom: 5px;'>Relevador del ventilador: 5 A&comma; 240 VAC<\/li>\n<li style='margin-bottom: 5px;'>Relevador del ventilador con retardo de 0&comma; 1&comma; 3 (por defecto)&comma; 5 y 10 minutos<\/li>\n<li style='margin-bottom: 5px;'>Configuraci\u00f3n de tiempo de ejecuci\u00f3n m\u00ednimo del ventilador en estado 0 (por defecto)&comma; 3&comma; 5&comma; 10 o 15 minutos<\/li>\n<li style='margin-bottom: 5px;'>Relevador de la alarma: 0.5A 120 V&comma; 60 VA<\/li>\n<li style='margin-bottom: 5px;'>Temperatura de funcionamiento: -18 a 52 \u00b0 C&comma; 10 a 90% de humedad relativa sin condensaci\u00f3n<\/li>\n<li style='margin-bottom: 5px;'>Alimentaci\u00f3n: 12 a 24 Vca o 12 a 32 Vcc<\/li>\n<li style='margin-bottom: 5px;'>Corriente: @ 24 Vcc 75 mA en alarma&comma; 50 mA en relevador del ventilador y 23 mA en estado de reposo.<\/li>\n<li style='margin-bottom: 5px;'>Dimensiones: 114 x 102 x 54 mm<\/li>\n<\/ul><\/div>\n<\/p><\/div>\n<\/p><\/div>\n<hr style='border: 0; border-top: 1px solid rgba(150&comma; 150&comma; 150&comma; 0.3); margin: 30px 0;'>\n<div style='display: flex; flex-wrap: wrap; gap: 30px; margin-bottom: 30px;'>\n<div style='flex: 1 1 300px; min-width: 280px;'>\n<h3 style='font-size: 22px; border-bottom: 2px solid currentColor; padding-bottom: 5px; margin-top: 0; color: inherit; opacity: 0.8;'>Im\u00e1genes<\/h3>\n<p> <img style='width: 100%; height: auto; border: 1px solid rgba(150&comma;150&comma;150&comma;0.3); border-radius: 8px;' src='https:\/\/ftp3.syscom.mx\/usuarios\/fotos\/SF208P\/196708-deteccion_de_gas_(1).jpg' alt=''> <\/div>\n<\/p><\/div>\n<\/p><\/div>\n","protected":false},"excerpt":{"rendered":"<p>Detector, Controlador y Transductor de Di\u00f3xido de Carbono (CO2) para Panel de Detecci\u00f3n de Incendio<\/p>\n","protected":false},"featured_media":36484,"comment_status":"open","ping_status":"closed","template":"","meta":[],"product_brand":[],"product_cat":[987],"product_tag":[988,522,989],"class_list":{"0":"post-36485","1":"product","2":"type-product","3":"status-publish","4":"has-post-thumbnail","6":"product_cat-detectores-de-gases","7":"product_tag-detectores-de-gases","8":"product_tag-dispositivos-convencionales","9":"product_tag-macurco-aerionics","11":"first","12":"outofstock","13":"sale","14":"shipping-taxable","15":"purchasable","16":"product-type-simple"},"_links":{"self":[{"href":"https:\/\/soydeaqui.ddns.net\/pachuca\/index.php\/wp-json\/wp\/v2\/product\/36485","targetHints":{"allow":["GET"]}}],"collection":[{"href":"https:\/\/soydeaqui.ddns.net\/pachuca\/index.php\/wp-json\/wp\/v2\/product"}],"about":[{"href":"https:\/\/soydeaqui.ddns.net\/pachuca\/index.php\/wp-json\/wp\/v2\/types\/product"}],"replies":[{"embeddable":true,"href":"https:\/\/soydeaqui.ddns.net\/pachuca\/index.php\/wp-json\/wp\/v2\/comments?post=36485"}],"wp:featuredmedia":[{"embeddable":true,"href":"https:\/\/soydeaqui.ddns.net\/pachuca\/index.php\/wp-json\/wp\/v2\/media\/36484"}],"wp:attachment":[{"href":"https:\/\/soydeaqui.ddns.net\/pachuca\/index.php\/wp-json\/wp\/v2\/media?parent=36485"}],"wp:term":[{"taxonomy":"product_brand","embeddable":true,"href":"https:\/\/soydeaqui.ddns.net\/pachuca\/index.php\/wp-json\/wp\/v2\/product_brand?post=36485"},{"taxonomy":"product_cat","embeddable":true,"href":"https:\/\/soydeaqui.ddns.net\/pachuca\/index.php\/wp-json\/wp\/v2\/product_cat?post=36485"},{"taxonomy":"product_tag","embeddable":true,"href":"https:\/\/soydeaqui.ddns.net\/pachuca\/index.php\/wp-json\/wp\/v2\/product_tag?post=36485"}],"curies":[{"name":"wp","href":"https:\/\/api.w.org\/{rel}","templated":true}]}}