{"id":36478,"date":"2026-03-18T16:07:36","date_gmt":"2026-03-18T16:07:36","guid":{"rendered":"https:\/\/soydeaqui.ddns.net\/pachuca\/index.php\/producto\/gabinete-para-documentos-del-sistema-de-alarma-contra-incendios\/"},"modified":"2026-03-18T16:07:37","modified_gmt":"2026-03-18T16:07:37","slug":"gabinete-para-documentos-del-sistema-de-alarma-contra-incendios","status":"publish","type":"product","link":"https:\/\/soydeaqui.ddns.net\/pachuca\/index.php\/producto\/gabinete-para-documentos-del-sistema-de-alarma-contra-incendios\/","title":{"rendered":"Gabinete para documentos del sistema de alarma contra incendios"},"content":{"rendered":"<div style='width: 100%; max-width: 1200px; margin: 0 auto; font-family: sans-serif; line-height: 1.6; color: inherit; background-color: transparent;'>\n<div style='display: flex; flex-wrap: wrap; gap: 30px; margin-bottom: 30px;'>\n<div style='flex: 1 1 300px; min-width: 280px;'>\n<h3 style='font-size: 22px; border-bottom: 2px solid currentColor; padding-bottom: 5px; margin-top: 0; color: inherit; opacity: 0.8;'>Descripci\u00f3n<\/h3>\n<div style='font-size: 15px; color: inherit; margin-bottom: 15px;'> El gabinete para documentos del Sistema de Alarma Contra Incendios es la soluci\u00f3n perfecta para cumplir con los exigentes est\u00e1ndares de c\u00f3digos requeridos hoy en d\u00eda. Este gabinete es la respuesta para cumplir con los requisitos de NFPA 72&comma; que establece: &#8216;Se debe mantener un registro de los n\u00fameros de versi\u00f3n de software y firmware instalados en la ubicaci\u00f3n de la unidad de control de alarma contra incendios.&#8217; <\/div>\n<div style='font-size: 15px; color: inherit;'> El gabinete para documentos del Sistema de Alarma Contra Incendios se puede usar como una caja de almacenamiento para documentaci\u00f3n tanto impresa como digital&comma; lo que le permite almacenar los documentos de prueba e inspecci\u00f3n certificada del sistema&comma; registros de servicios de mantenimiento&comma; manuales y planos de construcci\u00f3n. <\/div>\n<\/p><\/div>\n<\/p><\/div>\n<div style='display: flex; flex-wrap: wrap; gap: 20px; margin-bottom: 30px;'>\n<div style='flex: 1 1 250px; border: 1px solid rgba(150&comma; 150&comma; 150&comma; 0.4); border-radius: 8px; overflow: hidden; display: flex; flex-direction: column;'>\n<div style='padding: 15px; border-bottom: 1px solid rgba(150&comma; 150&comma; 150&comma; 0.2); font-weight: bold; font-size: 18px; color: inherit;'>Caracter\u00edsticas<\/div>\n<div style='padding: 15px; color: inherit;'>\n<ul style='padding-left: 20px; margin: 0; font-size: 14px; list-style-type: disc;'>\n<li style='margin-bottom: 5px;'>Interfaz de unidad flash digital de 4 gigabytes con conector USB B<\/li>\n<li style='margin-bottom: 5px;'>Dimensiones generales: 30.48 cm ancho x 33.02 cm alto x 5.71 cm profundidad<\/li>\n<li style='margin-bottom: 5px;'>2 ganchos para las llaves del sistema<\/li>\n<li style='margin-bottom: 5px;'>Placa para insertar tarjetas de visita personal autorizado<\/li>\n<li style='margin-bottom: 5px;'>Construido con placa de acero calibre 16 para mayor seguridad y con una s\u00f3lida bisagra de acero inoxidable<\/li>\n<li style='margin-bottom: 5px;'>Incluye un formato para registrar contrase\u00f1as e informaci\u00f3n del sistema<\/li>\n<li style='margin-bottom: 5px;'>Texto &#8216;FIRE ALARM DOCUMENTS&#8217; en tinta blanca indeleble&comma; con letras de 1&#8242; de alto<\/li>\n<\/ul><\/div>\n<\/p><\/div>\n<\/p><\/div>\n<hr style='border: 0; border-top: 1px solid rgba(150&comma; 150&comma; 150&comma; 0.3); margin: 30px 0;'> <\/div>\n","protected":false},"excerpt":{"rendered":"<p>Gabinete para documentos del sistema de alarma contra incendios<\/p>\n","protected":false},"featured_media":36477,"comment_status":"open","ping_status":"closed","template":"","meta":[],"product_brand":[],"product_cat":[524],"product_tag":[93,522,468],"class_list":{"0":"post-36478","1":"product","2":"type-product","3":"status-publish","4":"has-post-thumbnail","6":"product_cat-accesorios-dispositivos-convencionales","7":"product_tag-accesorios","8":"product_tag-dispositivos-convencionales","9":"product_tag-system-sensor","11":"first","12":"outofstock","13":"sale","14":"shipping-taxable","15":"purchasable","16":"product-type-simple"},"_links":{"self":[{"href":"https:\/\/soydeaqui.ddns.net\/pachuca\/index.php\/wp-json\/wp\/v2\/product\/36478","targetHints":{"allow":["GET"]}}],"collection":[{"href":"https:\/\/soydeaqui.ddns.net\/pachuca\/index.php\/wp-json\/wp\/v2\/product"}],"about":[{"href":"https:\/\/soydeaqui.ddns.net\/pachuca\/index.php\/wp-json\/wp\/v2\/types\/product"}],"replies":[{"embeddable":true,"href":"https:\/\/soydeaqui.ddns.net\/pachuca\/index.php\/wp-json\/wp\/v2\/comments?post=36478"}],"wp:featuredmedia":[{"embeddable":true,"href":"https:\/\/soydeaqui.ddns.net\/pachuca\/index.php\/wp-json\/wp\/v2\/media\/36477"}],"wp:attachment":[{"href":"https:\/\/soydeaqui.ddns.net\/pachuca\/index.php\/wp-json\/wp\/v2\/media?parent=36478"}],"wp:term":[{"taxonomy":"product_brand","embeddable":true,"href":"https:\/\/soydeaqui.ddns.net\/pachuca\/index.php\/wp-json\/wp\/v2\/product_brand?post=36478"},{"taxonomy":"product_cat","embeddable":true,"href":"https:\/\/soydeaqui.ddns.net\/pachuca\/index.php\/wp-json\/wp\/v2\/product_cat?post=36478"},{"taxonomy":"product_tag","embeddable":true,"href":"https:\/\/soydeaqui.ddns.net\/pachuca\/index.php\/wp-json\/wp\/v2\/product_tag?post=36478"}],"curies":[{"name":"wp","href":"https:\/\/api.w.org\/{rel}","templated":true}]}}