{"id":36472,"date":"2026-03-18T16:07:28","date_gmt":"2026-03-18T16:07:28","guid":{"rendered":"https:\/\/soydeaqui.ddns.net\/pachuca\/index.php\/producto\/sensor-de-acetileno-c2h2-0-100-lel-compatible-con-805111100010n\/"},"modified":"2026-03-18T16:07:28","modified_gmt":"2026-03-18T16:07:28","slug":"sensor-de-acetileno-c2h2-0-100-lel-compatible-con-805111100010n","status":"publish","type":"product","link":"https:\/\/soydeaqui.ddns.net\/pachuca\/index.php\/producto\/sensor-de-acetileno-c2h2-0-100-lel-compatible-con-805111100010n\/","title":{"rendered":"Sensor de Acetileno (C2H2) 0-100% LEL Compatible con 805111100010N"},"content":{"rendered":"<div style='width: 100%; max-width: 1200px; margin: 0 auto; font-family: sans-serif; line-height: 1.6; color: inherit; background-color: transparent;'> <!-- Secci\u00f3n de descripci\u00f3n --> <\/p>\n<div style='margin-bottom: 30px;'>\n<p style='font-size: 15px; color: inherit; margin-bottom: 15px;'>Los sensores infrarrojos funcionan utilizando el principio NDIR para monitorear la presencia del gas objetivo. El sensor contiene una fuente de luz infrarroja de filamento de tungsteno de larga duraci\u00f3n&comma; una cavidad \u00f3ptica en la qu\u00e9 gas se difunde&comma; un detector infrarrojo piroel\u00e9ctrico compensado de temperatura dual&comma; un sensor de temperatura semiconductor y electr\u00f3nica para procesar las se\u00f1ales del detector piroel\u00e9ctrico.<\/p>\n<\/p><\/div>\n<p> <!-- Secci\u00f3n de caracter\u00edsticas --> <\/p>\n<div style='display: flex; flex-wrap: wrap; gap: 30px; margin-bottom: 30px;'>\n<div style='flex: 1 1 300px; min-width: 280px;'>\n<h3 style='font-size: 22px; border-bottom: 2px solid currentColor; padding-bottom: 5px; margin-top: 0; color: inherit; opacity: 0.8;'>Caracter\u00edsticas<\/h3>\n<ul style='padding-left: 20px; font-size: 15px; color: inherit; list-style-type: disc;'>\n<li style='margin-bottom: 5px;'>Contiene toda la \u00f3ptica&comma; la electr\u00f3nica y el firmware necesarios para proporcionar una salida compensada por temperatura.<\/li>\n<li style='margin-bottom: 5px;'>Elecci\u00f3n del formato de salida: reemplazo directo del pelistor&comma; est\u00e1ndar de la industria de 0&comma;4 a 2 voltios CC o digital.<\/li>\n<li style='margin-bottom: 5px;'>Convierte al instante los instrumentos existentes basados en pellistor compatibles a infrarrojos.<\/li>\n<li style='margin-bottom: 5px;'>Amplia gama de opciones de calibraci\u00f3n de gas disponibles&comma; p. metano&comma; propano&comma; butano&comma; etc.<\/li>\n<li style='margin-bottom: 5px;'>Los sensores se pueden configurar de f\u00e1brica seg\u00fan las especificaciones del cliente.<\/li>\n<\/ul><\/div>\n<\/p><\/div>\n<p> <!-- Separador --> <\/p>\n<hr style='border: 0; border-top: 1px solid rgba(150&comma; 150&comma; 150&comma; 0.3); margin: 30px 0;'> <\/div>\n","protected":false},"excerpt":{"rendered":"<p>Sensor de Acetileno (C2H2) 0-100% LEL Compatible con 805111100010N<\/p>\n","protected":false},"featured_media":36471,"comment_status":"open","ping_status":"closed","template":"","meta":[],"product_brand":[],"product_cat":[987],"product_tag":[988,522,989],"class_list":{"0":"post-36472","1":"product","2":"type-product","3":"status-publish","4":"has-post-thumbnail","6":"product_cat-detectores-de-gases","7":"product_tag-detectores-de-gases","8":"product_tag-dispositivos-convencionales","9":"product_tag-macurco-aerionics","11":"first","12":"outofstock","13":"sale","14":"shipping-taxable","15":"purchasable","16":"product-type-simple"},"_links":{"self":[{"href":"https:\/\/soydeaqui.ddns.net\/pachuca\/index.php\/wp-json\/wp\/v2\/product\/36472","targetHints":{"allow":["GET"]}}],"collection":[{"href":"https:\/\/soydeaqui.ddns.net\/pachuca\/index.php\/wp-json\/wp\/v2\/product"}],"about":[{"href":"https:\/\/soydeaqui.ddns.net\/pachuca\/index.php\/wp-json\/wp\/v2\/types\/product"}],"replies":[{"embeddable":true,"href":"https:\/\/soydeaqui.ddns.net\/pachuca\/index.php\/wp-json\/wp\/v2\/comments?post=36472"}],"wp:featuredmedia":[{"embeddable":true,"href":"https:\/\/soydeaqui.ddns.net\/pachuca\/index.php\/wp-json\/wp\/v2\/media\/36471"}],"wp:attachment":[{"href":"https:\/\/soydeaqui.ddns.net\/pachuca\/index.php\/wp-json\/wp\/v2\/media?parent=36472"}],"wp:term":[{"taxonomy":"product_brand","embeddable":true,"href":"https:\/\/soydeaqui.ddns.net\/pachuca\/index.php\/wp-json\/wp\/v2\/product_brand?post=36472"},{"taxonomy":"product_cat","embeddable":true,"href":"https:\/\/soydeaqui.ddns.net\/pachuca\/index.php\/wp-json\/wp\/v2\/product_cat?post=36472"},{"taxonomy":"product_tag","embeddable":true,"href":"https:\/\/soydeaqui.ddns.net\/pachuca\/index.php\/wp-json\/wp\/v2\/product_tag?post=36472"}],"curies":[{"name":"wp","href":"https:\/\/api.w.org\/{rel}","templated":true}]}}