{"id":36468,"date":"2026-03-18T16:07:23","date_gmt":"2026-03-18T16:07:23","guid":{"rendered":"https:\/\/soydeaqui.ddns.net\/pachuca\/index.php\/producto\/pm400-estacion-de-calibracion-para-monitores-multi-gas-pm400\/"},"modified":"2026-03-18T16:07:24","modified_gmt":"2026-03-18T16:07:24","slug":"pm400-estacion-de-calibracion-para-monitores-multi-gas-pm400","status":"publish","type":"product","link":"https:\/\/soydeaqui.ddns.net\/pachuca\/index.php\/producto\/pm400-estacion-de-calibracion-para-monitores-multi-gas-pm400\/","title":{"rendered":"PM400 Estaci\u00f3n de Calibraci\u00f3n Para  Monitores Multi gas PM400"},"content":{"rendered":"<div style='width: 100%; max-width: 1200px; margin: 0 auto; font-family: sans-serif; line-height: 1.6; color: inherit; background-color: transparent;'>\n<div style='display: flex; flex-wrap: wrap; gap: 30px; margin-bottom: 30px;'>\n<div style='flex: 1 1 300px; min-width: 280px;'>\n<h3 style='font-size: 22px; border-bottom: 2px solid currentColor; padding-bottom: 5px; margin-top: 0; color: inherit; opacity: 0.8;'>Descripci\u00f3n<\/h3>\n<p style='font-size: 15px; color: inherit; margin-top: 0;'>La estaci\u00f3n de prueba\/calibraci\u00f3n AimSafety para PM400 es una estaci\u00f3n todo en uno para los monitores port\u00e1tiles multigas PM400. La estaci\u00f3n de calibraci\u00f3n funcional utiliza la comunicaci\u00f3n IR de los monitores PM400 para realizar prueba y calibraci\u00f3n presionando un solo bot\u00f3n. El funcionamiento de la estaci\u00f3n s\u00f3lo requiere el uso de dos botones. Aprender a usar la estaci\u00f3n toma solo unos minutos. Estaci\u00f3n de prueba funcional y calibraci\u00f3n PM400 est\u00e1 dise\u00f1ado para realizar r\u00e1pidamente pruebas funcionales\/calibraciones para m\u00faltiples monitores PM400. Puede probar\/calibrar hasta cuatro detectores simult\u00e1neamente&comma; lo que reduce el tiempo de prueba y el uso de gas. La estaci\u00f3n de calibraci\u00f3n funcional funcionar\u00e1 con monitores personales multig\u00e1s PM400.<\/p>\n<\/p><\/div>\n<\/p><\/div>\n<div style='display: flex; flex-wrap: wrap; gap: 20px; margin-bottom: 30px;'>\n<div style='flex: 1 1 250px; border: 1px solid rgba(150&comma; 150&comma; 150&comma; 0.4); border-radius: 8px; overflow: hidden; display: flex; flex-direction: column;'>\n<div style='padding: 15px; border-bottom: 1px solid rgba(150&comma; 150&comma; 150&comma; 0.2); font-weight: bold; font-size: 18px; color: inherit;'>Prop\u00f3sito<\/div>\n<div style='padding: 15px; color: inherit;'>\n<p style='margin: 0; font-size: 14px;'>La estaci\u00f3n sirve para realizar pruebas de verificaci\u00f3n (bump tests) y calibraciones en monitores de gas PM400. Utiliza comunicaci\u00f3n IR y se opera con solo dos botones.<\/p>\n<\/p><\/div>\n<\/p><\/div>\n<div style='flex: 1 1 250px; border: 1px solid rgba(150&comma; 150&comma; 150&comma; 0.4); border-radius: 8px; overflow: hidden; display: flex; flex-direction: column;'>\n<div style='padding: 15px; border-bottom: 1px solid rgba(150&comma; 150&comma; 150&comma; 0.2); font-weight: bold; font-size: 18px; color: inherit;'>Caracter\u00edsticas<\/div>\n<div style='padding: 15px; color: inherit;'>\n<ul style='padding-left: 20px; margin: 0; font-size: 14px; list-style-type: disc;'>\n<li style='margin-bottom: 5px;'>Puede probar y calibrar hasta cuatro monitores simult\u00e1neamente<\/li>\n<li style='margin-bottom: 5px;'>Cuenta con bater\u00eda recargable<\/li>\n<li style='margin-bottom: 5px;'>Almacenamiento en USB<\/li>\n<li style='margin-bottom: 5px;'>Software de gesti\u00f3n para configurar y actualizar el firmware<\/li>\n<\/ul><\/div>\n<\/p><\/div>\n<div style='flex: 1 1 250px; border: 1px solid rgba(150&comma; 150&comma; 150&comma; 0.4); border-radius: 8px; overflow: hidden; display: flex; flex-direction: column;'>\n<div style='padding: 15px; border-bottom: 1px solid rgba(150&comma; 150&comma; 150&comma; 0.2); font-weight: bold; font-size: 18px; color: inherit;'>Especificaciones<\/div>\n<div style='padding: 15px; color: inherit;'>\n<ul style='padding-left: 20px; margin: 0; font-size: 14px; list-style-type: disc;'>\n<li style='margin-bottom: 5px;'>Dimensiones: 52.4 x 42.8 x 20.6 cm<\/li>\n<li style='margin-bottom: 5px;'>Peso: 10.4 kg<\/li>\n<li style='margin-bottom: 5px;'>Bater\u00eda de ion litio recargable<\/li>\n<li style='margin-bottom: 5px;'>Capacidad de memoria de hasta 10 millones de pruebas<\/li>\n<li style='margin-bottom: 5px;'>Compatible con cilindros de gas de 58L&comma; 103L y 116L<\/li>\n<\/ul><\/div>\n<\/p><\/div>\n<\/p><\/div>\n<\/p><\/div>\n","protected":false},"excerpt":{"rendered":"<p>PM400 Estaci\u00f3n de Calibraci\u00f3n Para  Monitores Multi gas PM400<\/p>\n","protected":false},"featured_media":36467,"comment_status":"open","ping_status":"closed","template":"","meta":[],"product_brand":[],"product_cat":[987],"product_tag":[988,522,989],"class_list":{"0":"post-36468","1":"product","2":"type-product","3":"status-publish","4":"has-post-thumbnail","6":"product_cat-detectores-de-gases","7":"product_tag-detectores-de-gases","8":"product_tag-dispositivos-convencionales","9":"product_tag-macurco-aerionics","11":"first","12":"outofstock","13":"sale","14":"shipping-taxable","15":"purchasable","16":"product-type-simple"},"_links":{"self":[{"href":"https:\/\/soydeaqui.ddns.net\/pachuca\/index.php\/wp-json\/wp\/v2\/product\/36468","targetHints":{"allow":["GET"]}}],"collection":[{"href":"https:\/\/soydeaqui.ddns.net\/pachuca\/index.php\/wp-json\/wp\/v2\/product"}],"about":[{"href":"https:\/\/soydeaqui.ddns.net\/pachuca\/index.php\/wp-json\/wp\/v2\/types\/product"}],"replies":[{"embeddable":true,"href":"https:\/\/soydeaqui.ddns.net\/pachuca\/index.php\/wp-json\/wp\/v2\/comments?post=36468"}],"wp:featuredmedia":[{"embeddable":true,"href":"https:\/\/soydeaqui.ddns.net\/pachuca\/index.php\/wp-json\/wp\/v2\/media\/36467"}],"wp:attachment":[{"href":"https:\/\/soydeaqui.ddns.net\/pachuca\/index.php\/wp-json\/wp\/v2\/media?parent=36468"}],"wp:term":[{"taxonomy":"product_brand","embeddable":true,"href":"https:\/\/soydeaqui.ddns.net\/pachuca\/index.php\/wp-json\/wp\/v2\/product_brand?post=36468"},{"taxonomy":"product_cat","embeddable":true,"href":"https:\/\/soydeaqui.ddns.net\/pachuca\/index.php\/wp-json\/wp\/v2\/product_cat?post=36468"},{"taxonomy":"product_tag","embeddable":true,"href":"https:\/\/soydeaqui.ddns.net\/pachuca\/index.php\/wp-json\/wp\/v2\/product_tag?post=36468"}],"curies":[{"name":"wp","href":"https:\/\/api.w.org\/{rel}","templated":true}]}}